{"id":200,"date":"2020-03-09T11:36:18","date_gmt":"2020-03-09T10:36:18","guid":{"rendered":"http:\/\/semmelweis.hu\/otthonilelegeztetes\/?page_id=200"},"modified":"2025-11-19T20:50:57","modified_gmt":"2025-11-19T19:50:57","slug":"veszhelyzetek-ellatasa","status":"publish","type":"page","link":"https:\/\/semmelweis.hu\/otthonilelegeztetes\/olp-oktatasi-anyag\/level-i-ii\/veszhelyzetek-ellatasa\/","title":{"rendered":"V\u00e9szhelyzetek ell\u00e1t\u00e1sa"},"content":{"rendered":"<p style=\"text-align: justify\">Az otthoni l\u00e9legeztet\u00e9s sor\u00e1n sz\u00e1mos v\u00e9szhelyzet ad\u00f3dhat, melyekn\u00e9l kulcsfontoss\u00e1g\u00fa, hogy az els\u0151 \u00e9szlel\u0151 megfelel\u0151en felm\u00e9rje a helyzetet \u00e9s hat\u00e9kony seg\u00edts\u00e9get ny\u00fajtson. Emiatt a k\u00f6vetkez\u0151 ismereteket a csal\u00e1d minden tagj\u00e1nak ismernie kell.<\/p>\n<p>&nbsp;<\/p>\n<ul>\n<li>A beteg \u00e1llapot\u00e1nak felm\u00e9r\u00e9se\n<ul>\n<li>A v\u00e9szhelyzetek ad\u00f3dhatnak <strong>technikai probl\u00e9m\u00e1k<\/strong>b\u00f3l fakad\u00f3an (g\u00e9p meghib\u00e1sod\u00e1s, oxig\u00e9n palack ki\u00fcr\u00fcl\u00e9s, stb.) vagy a <strong>beteg \u00e1llapot<\/strong>\u00e1b\u00f3l fakad\u00f3an (l\u00e9g\u00fati v\u00e1lad\u00e9k megn\u00f6vekedett mennyis\u00e9ge, sz\u00edvritmuszavar, stb.).<\/li>\n<li>V\u00e9szhelyzet eset\u00e9n el\u0151sz\u00f6r minden esetben m\u00e9rj\u00fck fel a beteg \u00e1llapot\u00e1t.\n<ul>\n<li><strong>Tudati \u00e1llapot<\/strong>: \u00e9breszthet\u0151-e hangingerre, vagy enyhe stimulusra?\u00a0 (\u00f3vatosan r\u00e1zza meg a v\u00e1ll\u00e1t, sz\u00f3l\u00edtsa fel hangosan, reag\u00e1l-e?)<\/li>\n<li>Eszm\u00e9letlen beteg eset\u00e9n <strong>\u00e1tj\u00e1rhat\u00f3-e a l\u00e9g\u00fat<\/strong>: bejut-e a leveg\u0151: hanyatt fekv\u0151 helyzetben a fej h\u00e1trahajt\u00e1s\u00e1val \u00e9s az \u00e1ll el\u0151emel\u00e9s\u00e9vel a l\u00e9g\u00fat eszm\u00e9letlens\u00e9g eset\u00e9n felszabad\u00edthat\u00f3?<\/li>\n<li><strong>L\u00e9gz\u00e9s<\/strong>: van-e l\u00e9gz\u0151mozg\u00e1s illetve a g\u00e9p ad-e leveg\u0151t, mellkasa ritmusosan emelkedik-e, a l\u00e9legeztet\u0151g\u00e9p m\u0171k\u00f6dik-e rendesen, ad-e riaszt\u00e1st?<\/li>\n<li><strong>Kering\u00e9s<\/strong>: van-e tapinthat\u00f3 pulzus illetve a beteg spont\u00e1n mozog-e?<\/li>\n<li>Minden m\u00e1s: van-e k\u00fcls\u00e9relmi nyom, l\u00e1that\u00f3 elv\u00e1ltoz\u00e1s, l\u00e1z?<\/li>\n<\/ul>\n<\/li>\n<\/ul>\n<\/li>\n<\/ul>\n<p>&nbsp;<\/p>\n<ul>\n<li>Seg\u00edts\u00e9g, ment\u0151 h\u00edv\u00e1sa\n<ul>\n<li>A gyors \u00e1llapotfelm\u00e9r\u00e9s alapj\u00e1n el kell d\u00f6nten\u00fcnk, hogy val\u00f3s v\u00e9szhelyzet \u00e1ll-e fenn. Amennyiben igen, akkor azonnal ki\u00e1ltsunk <strong>seg\u00edts\u00e9g<\/strong>\u00e9rt, illetve h\u00edvjunk <strong>ment\u0151t<\/strong>.<\/li>\n<li>A ment\u0151 h\u00edv\u00e1sakor (112) bemondand\u00f3 adatok:\n<ul>\n<li><strong>Ki telefon\u00e1l<\/strong>, honnan (n\u00e9v, pontos c\u00edm megad\u00e1sa)<\/li>\n<li>Fontos hogy jelezz\u00fck, hogy <strong>otthon l\u00e9legeztetett<\/strong> betegr\u0151l van sz\u00f3!<\/li>\n<li>Mi a <strong>probl\u00e9ma<\/strong>?<\/li>\n<\/ul>\n<\/li>\n<\/ul>\n<\/li>\n<\/ul>\n<p>&nbsp;<\/p>\n<ul>\n<li>Ha vizsg\u00e1latunk alapj\u00e1n a beteg \u00e1llapota nem s\u00falyos, de nyugtalan\u00edt\u00f3, \u00e9rtes\u00edts\u00fck a kezel\u0151orvost:\n<ul>\n<li>H\u00e1ziorvos<\/li>\n<li>Tart\u00f3s L\u00e9legeztet\u00e9si Oszt\u00e1ly szakorvosa\u00a0<\/li>\n<li>Semmelweis Egyetem Tart\u00f3s L\u00e9legeztet\u00e9si Oszt\u00e1ly: 06 20 670 155<\/li>\n<\/ul>\n<\/li>\n<\/ul>\n<p>&nbsp;<\/p>\n<ul>\n<li>Amennyiben a beteg \u00e1llapot\u00e1t nem eg\u00e9szs\u00e9g\u00fcgyi probl\u00e9ma okozza, a vizsg\u00e1latunk alapj\u00e1n \u00e1llapota megfelel\u0151, de technikai probl\u00e9ma fenn\u00e1ll, keresse a l\u00e9legeztet\u0151g\u00e9p szolg\u00e1ltat\u00f3it:\n<ul>\n<li>Alv\u00e1ster\u00e1pia Kft.: 06 20 770 66 50<\/li>\n<\/ul>\n<\/li>\n<\/ul>\n<p>&nbsp;<\/p>\n<p>A honlapon szerepl\u0151 oktat\u00e1si anyag az otthoni l\u00e9legeztet\u00e9si program betegeinek, hozz\u00e1tartoz\u00f3inak \u00e9s gondvisel\u0151inek t\u00e1j\u00e9koztat\u00e1s\u00e1t szolg\u00e1lja. Terjeszt\u00e9se, egy\u00e9b c\u00e9l\u00fa felhaszn\u00e1l\u00e1sa tilos. Minden jog fenntartva.<\/p>\n","protected":false},"excerpt":{"rendered":"<p>Az otthoni l\u00e9legeztet\u00e9s sor\u00e1n sz\u00e1mos v\u00e9szhelyzet ad\u00f3dhat, melyekn\u00e9l kulcsfontoss\u00e1g\u00fa, hogy az els\u0151 \u00e9szlel\u0151 megfelel\u0151en felm\u00e9rje a helyzetet \u00e9s hat\u00e9kony seg\u00edts\u00e9get ny\u00fajtson. Emiatt a k\u00f6vetkez\u0151 ismereteket a csal\u00e1d minden tagj\u00e1nak ismernie kell. &nbsp; A beteg \u00e1llapot\u00e1nak felm\u00e9r\u00e9se A v\u00e9szhelyzetek ad\u00f3dhatnak technikai probl\u00e9m\u00e1kb\u00f3l fakad\u00f3an (g\u00e9p meghib\u00e1sod\u00e1s, oxig\u00e9n palack ki\u00fcr\u00fcl\u00e9s, stb.) vagy a beteg \u00e1llapot\u00e1b\u00f3l fakad\u00f3an (l\u00e9g\u00fati v\u00e1lad\u00e9k &hellip;<\/p>\n","protected":false},"author":101484,"featured_media":0,"parent":178,"menu_order":6,"comment_status":"closed","ping_status":"closed","template":"","meta":{"_acf_changed":false,"footnotes":""},"categories":[],"tags":[],"class_list":["post-200","page","type-page","status-publish","hentry"],"acf":[],"_links":{"self":[{"href":"https:\/\/semmelweis.hu\/otthonilelegeztetes\/wp-json\/wp\/v2\/pages\/200","targetHints":{"allow":["GET"]}}],"collection":[{"href":"https:\/\/semmelweis.hu\/otthonilelegeztetes\/wp-json\/wp\/v2\/pages"}],"about":[{"href":"https:\/\/semmelweis.hu\/otthonilelegeztetes\/wp-json\/wp\/v2\/types\/page"}],"author":[{"embeddable":true,"href":"https:\/\/semmelweis.hu\/otthonilelegeztetes\/wp-json\/wp\/v2\/users\/101484"}],"replies":[{"embeddable":true,"href":"https:\/\/semmelweis.hu\/otthonilelegeztetes\/wp-json\/wp\/v2\/comments?post=200"}],"version-history":[{"count":2,"href":"https:\/\/semmelweis.hu\/otthonilelegeztetes\/wp-json\/wp\/v2\/pages\/200\/revisions"}],"predecessor-version":[{"id":327,"href":"https:\/\/semmelweis.hu\/otthonilelegeztetes\/wp-json\/wp\/v2\/pages\/200\/revisions\/327"}],"up":[{"embeddable":true,"href":"https:\/\/semmelweis.hu\/otthonilelegeztetes\/wp-json\/wp\/v2\/pages\/178"}],"wp:attachment":[{"href":"https:\/\/semmelweis.hu\/otthonilelegeztetes\/wp-json\/wp\/v2\/media?parent=200"}],"wp:term":[{"taxonomy":"category","embeddable":true,"href":"https:\/\/semmelweis.hu\/otthonilelegeztetes\/wp-json\/wp\/v2\/categories?post=200"},{"taxonomy":"post_tag","embeddable":true,"href":"https:\/\/semmelweis.hu\/otthonilelegeztetes\/wp-json\/wp\/v2\/tags?post=200"}],"curies":[{"name":"wp","href":"https:\/\/api.w.org\/{rel}","templated":true}]}}