{"id":198,"date":"2020-03-09T11:31:01","date_gmt":"2020-03-09T10:31:01","guid":{"rendered":"http:\/\/semmelweis.hu\/otthonilelegeztetes\/?page_id=198"},"modified":"2025-11-19T20:50:48","modified_gmt":"2025-11-19T19:50:48","slug":"rendszeres-teendok","status":"publish","type":"page","link":"https:\/\/semmelweis.hu\/otthonilelegeztetes\/olp-oktatasi-anyag\/level-i-ii\/rendszeres-teendok\/","title":{"rendered":"Rendszeres teend\u0151k"},"content":{"rendered":"<p><strong>Rendszeres teend\u0151k otthon l\u00e9legeztetett p\u00e1ciens gondoz\u00e1sa sor\u00e1n<\/strong><\/p>\n<p>Naponta v\u00e9gzend\u0151 feladatok:<\/p>\n<ul>\n<li>K\u00eds\u00e9rje figyelemmel a beteg \u00e1llapot\u00e1t!<\/li>\n<li>Minden esetben \u00fcgyeljen a l\u00e9legeztet\u0151g\u00e9p megfelel\u0151 \u00e1ram ell\u00e1t\u00e1s\u00e1ra!<\/li>\n<li>A l\u00e9legeztet\u00e9s megkezd\u00e9se el\u0151tt ellen\u0151rizze, hogy a p\u00e1r\u00e1s\u00edt\u00f3ban kell\u0151 mennyis\u00e9g\u0171 desztill\u00e1lt v\u00edz van-e, \u00e9s ha sz\u00fcks\u00e9ges p\u00f3tolja!<\/li>\n<li>Ha haszn\u00e1l k\u00f6h\u00f6gtet\u0151 g\u00e9pet, v\u00e9gezzen naponta 5 alkalommal k\u00f6h\u00f6gtet\u00e9si ciklusokat, alkalmank\u00e9nt 4-5 ciklussal!<\/li>\n<li>Naponta egy alkalommal t\u00f6r\u00f6lje \u00e1t a l\u00e9legeztet\u0151 maszkot egy nedves ruh\u00e1val, majd sz\u00e1r\u00edtsa meg!<\/li>\n<\/ul>\n<p>Hetente v\u00e9gzend\u0151 feladatok:<\/p>\n<ul>\n<li>Ellen\u0151rizze a leveg\u0151 be\u00f6ml\u0151 ny\u00edl\u00e1s el\u0151tt tal\u00e1lhat\u00f3 porsz\u0171r\u0151t. Amennyiben porosnak tal\u00e1lja, tiszt\u00edtsa meg, sz\u00fcks\u00e9g eset\u00e9n cser\u00e9lje!<\/li>\n<li>T\u00f6r\u00f6lje le a l\u00e9legeztet\u0151g\u00e9pet egy enyh\u00e9n nedves ruh\u00e1val, vagy fert\u0151tlen\u00edt\u0151 t\u00f6rl\u0151kend\u0151vel!<\/li>\n<li>K\u00e9t hetente cser\u00e9lje ki a pollensz\u0171r\u0151t!<\/li>\n<\/ul>\n<p>Havonta v\u00e9gzend\u0151 feladatok:<\/p>\n<ul>\n<li>Cser\u00e9lje ki a teljes l\u00e9gz\u0151k\u00f6rt!<\/li>\n<li>Cser\u00e9lje ki a l\u00e9gbe\u00f6ml\u0151 ny\u00edl\u00e1s el\u0151tti porsz\u0171r\u0151t!<\/li>\n<li>Cser\u00e9lje ki a\u00a0 bakt\u00e9riumsz\u0171r\u0151t!\u00a0<\/li>\n<\/ul>\n<p>&nbsp;<\/p>\n<p>A honlapon szerepl\u0151 oktat\u00e1si anyag az otthoni l\u00e9legeztet\u00e9si program betegeinek, hozz\u00e1tartoz\u00f3inak \u00e9s gondvisel\u0151inek t\u00e1j\u00e9koztat\u00e1s\u00e1t szolg\u00e1lja. Terjeszt\u00e9se, egy\u00e9b c\u00e9l\u00fa felhaszn\u00e1l\u00e1sa tilos. Minden jog fenntartva.<\/p>\n","protected":false},"excerpt":{"rendered":"<p>Rendszeres teend\u0151k otthon l\u00e9legeztetett p\u00e1ciens gondoz\u00e1sa sor\u00e1n Naponta v\u00e9gzend\u0151 feladatok: K\u00eds\u00e9rje figyelemmel a beteg \u00e1llapot\u00e1t! Minden esetben \u00fcgyeljen a l\u00e9legeztet\u0151g\u00e9p megfelel\u0151 \u00e1ram ell\u00e1t\u00e1s\u00e1ra! A l\u00e9legeztet\u00e9s megkezd\u00e9se el\u0151tt ellen\u0151rizze, hogy a p\u00e1r\u00e1s\u00edt\u00f3ban kell\u0151 mennyis\u00e9g\u0171 desztill\u00e1lt v\u00edz van-e, \u00e9s ha sz\u00fcks\u00e9ges p\u00f3tolja! Ha haszn\u00e1l k\u00f6h\u00f6gtet\u0151 g\u00e9pet, v\u00e9gezzen naponta 5 alkalommal k\u00f6h\u00f6gtet\u00e9si ciklusokat, alkalmank\u00e9nt 4-5 ciklussal! Naponta egy &hellip;<\/p>\n","protected":false},"author":101484,"featured_media":0,"parent":178,"menu_order":5,"comment_status":"closed","ping_status":"closed","template":"","meta":{"_acf_changed":false,"footnotes":""},"categories":[],"tags":[],"class_list":["post-198","page","type-page","status-publish","hentry"],"acf":[],"_links":{"self":[{"href":"https:\/\/semmelweis.hu\/otthonilelegeztetes\/wp-json\/wp\/v2\/pages\/198","targetHints":{"allow":["GET"]}}],"collection":[{"href":"https:\/\/semmelweis.hu\/otthonilelegeztetes\/wp-json\/wp\/v2\/pages"}],"about":[{"href":"https:\/\/semmelweis.hu\/otthonilelegeztetes\/wp-json\/wp\/v2\/types\/page"}],"author":[{"embeddable":true,"href":"https:\/\/semmelweis.hu\/otthonilelegeztetes\/wp-json\/wp\/v2\/users\/101484"}],"replies":[{"embeddable":true,"href":"https:\/\/semmelweis.hu\/otthonilelegeztetes\/wp-json\/wp\/v2\/comments?post=198"}],"version-history":[{"count":2,"href":"https:\/\/semmelweis.hu\/otthonilelegeztetes\/wp-json\/wp\/v2\/pages\/198\/revisions"}],"predecessor-version":[{"id":326,"href":"https:\/\/semmelweis.hu\/otthonilelegeztetes\/wp-json\/wp\/v2\/pages\/198\/revisions\/326"}],"up":[{"embeddable":true,"href":"https:\/\/semmelweis.hu\/otthonilelegeztetes\/wp-json\/wp\/v2\/pages\/178"}],"wp:attachment":[{"href":"https:\/\/semmelweis.hu\/otthonilelegeztetes\/wp-json\/wp\/v2\/media?parent=198"}],"wp:term":[{"taxonomy":"category","embeddable":true,"href":"https:\/\/semmelweis.hu\/otthonilelegeztetes\/wp-json\/wp\/v2\/categories?post=198"},{"taxonomy":"post_tag","embeddable":true,"href":"https:\/\/semmelweis.hu\/otthonilelegeztetes\/wp-json\/wp\/v2\/tags?post=198"}],"curies":[{"name":"wp","href":"https:\/\/api.w.org\/{rel}","templated":true}]}}