{"id":194,"date":"2020-03-09T11:29:18","date_gmt":"2020-03-09T10:29:18","guid":{"rendered":"http:\/\/semmelweis.hu\/otthonilelegeztetes\/?page_id=194"},"modified":"2025-11-19T20:50:36","modified_gmt":"2025-11-19T19:50:36","slug":"a-kohogteto-gep","status":"publish","type":"page","link":"https:\/\/semmelweis.hu\/otthonilelegeztetes\/olp-oktatasi-anyag\/level-i-ii\/a-kohogteto-gep\/","title":{"rendered":"A k\u00f6h\u00f6gtet\u0151 g\u00e9p"},"content":{"rendered":"<p><strong>A k\u00f6h\u00f6g\u00e9st seg\u00edt\u0151 eszk\u00f6z (Cough Assist)<\/strong><\/p>\n<p>A l\u00e9g\u00fati v\u00e1lad\u00e9k elt\u00e1vol\u00edt\u00e1sa<\/p>\n<p style=\"text-align: justify\">A l\u00e9gutakban folyamatosan k\u00e9pz\u0151d\u0151 v\u00e1lad\u00e9kot a szervezet rendszeres k\u00f6h\u00f6g\u00e9s seg\u00edts\u00e9g\u00e9vel t\u00e1vol\u00edtja el. Amennyiben az izomer\u0151 gyeng\u00fclt illetve a g\u00e9ge z\u00e1r\u00f3d\u00e1sa nem t\u00f6k\u00e9letes, a m\u00e9ly s\u00f3hajt\u00e1s, valamint a k\u00f6h\u00f6g\u00e9s folyamata s\u00e9r\u00fcl. Ha a v\u00e1lad\u00e9k elt\u00e1vol\u00edt\u00e1sa nem megoldott, az t\u00fcd\u0151gyullad\u00e1s kialakul\u00e1s\u00e1hoz vezethet. Ilyen esetekben a k\u00f6h\u00f6g\u00e9st \u00e9s a m\u00e9ly s\u00f3hajt\u00e1st egy speci\u00e1lis eszk\u00f6z (Cough Assist) seg\u00edts\u00e9g\u00e9vel serkenthetj\u00fck vagy helyettes\u00edthetj\u00fck. Nem minden l\u00e9gz\u00e9st\u00e1mogat\u00e1st ig\u00e9nyl\u0151 p\u00e1ciensnek van sz\u00fcks\u00e9ge k\u00f6h\u00f6g\u00e9st seg\u00edt\u0151 eszk\u00f6zre. Amennyiben \u00d6nn\u00e9l, vagy hozz\u00e1tartoz\u00f3j\u00e1n\u00e1l indokolt a Cough Assist haszn\u00e1lata, arr\u00f3l kezel\u0151orvosa t\u00e1j\u00e9koztat\u00e1st fog adni.<\/p>\n<p>A Cough Assist g\u00e9p r\u00e9szei<\/p>\n<p style=\"text-align: justify\">Az Otthoni L\u00e9legeztet\u00e9si Programban haszn\u00e1lt k\u00f6h\u00f6gtet\u0151 g\u00e9p h\u00e1l\u00f3zati \u00e1ramforr\u00e1sr\u00f3l m\u0171k\u00f6dik, saj\u00e1t akkumul\u00e1tora nincs, de sz\u00fcks\u00e9g eset\u00e9n azzal felszerelhet\u0151ek.<\/p>\n<p style=\"text-align: justify\">A k\u00f6h\u00f6gtet\u0151 g\u00e9pek a k\u00f6rnyezet leveg\u0151j\u00e9t haszn\u00e1lj\u00e1k, bel\u00e9gz\u00e9s alatt a g\u00e9pek h\u00e1ts\u00f3 ny\u00edl\u00e1s\u00e1n kereszt\u00fcl be\u00f6ml\u0151 leveg\u0151t magas nyom\u00e1ssal \u00e9s nagy \u00e1raml\u00e1ssal tov\u00e1bb\u00edtj\u00e1k a beteg fel\u00e9, kil\u00e9gz\u00e9s alatt pedig ford\u00edtva. A be\u00f6ml\u0151 ny\u00edl\u00e1s el\u0151tt egy <strong>porsz\u0171r\u0151<\/strong> tal\u00e1lhat\u00f3. A porsz\u0171r\u0151 a k\u00f6rnyez\u0151 leveg\u0151 szennyezetts\u00e9g\u00e9t\u0151l f\u00fcgg\u0151en norm\u00e1l haszn\u00e1lat mellett porosodik, ez\u00e9rt ezt hetente ellen\u0151rizni kell. Ilyenkor port a sz\u0171r\u0151r\u0151l k\u00f6nnyen elt\u00e1vol\u00edtjuk, vagy sz\u00fcks\u00e9g eset\u00e9n a sz\u0171r\u0151t cser\u00e9lj\u00fck.<\/p>\n<p style=\"text-align: justify\">A beteg fel\u00e9 tov\u00e1bb\u00edtott leveg\u0151 el\u0151sz\u00f6r egy <strong>bakt\u00e9rium sz\u0171r\u0151n<\/strong> halad kereszt\u00fcl. A feh\u00e9r sz\u0171r\u0151 rendszeres haszn\u00e1lat mellett fokozatosan s\u00f6t\u00e9tedik, sz\u00fcrk\u00e9sen elsz\u00ednez\u0151dik. A sz\u0171r\u0151t havonta cser\u00e9lni kell.<\/p>\n<p style=\"text-align: justify\">A g\u00e9p egy m\u00e9ly bel\u00e9gz\u00e9s ut\u00e1n akt\u00edv sz\u00edv\u00f3er\u0151t kifejtve imit\u00e1lja a k\u00f6h\u00f6g\u00e9s \u00e9lettani folyamat\u00e1t, ezzel seg\u00edtve a l\u00e9g\u00fati v\u00e1lad\u00e9k elt\u00e1vol\u00edt\u00e1s\u00e1t. A k\u00f6h\u00f6g\u00e9si ciklusba vibr\u00e1ci\u00f3 is kapcsolhat\u00f3, mely a v\u00e1lad\u00e9k felszakad\u00e1s\u00e1t tov\u00e1bb seg\u00edti.<\/p>\n<p style=\"text-align: justify\">A k\u00f6h\u00f6g\u00e9st seg\u00edt\u0151 eszk\u00f6z a g\u00e9pb\u0151l illetve a hozz\u00e1 sz\u0171r\u0151n kereszt\u00fcl csatlakoz\u00f3, harmonikacs\u0151b\u0151l \u00e1ll. A harmonikacs\u00f6vet spont\u00e1n l\u00e9gz\u0151 beteg eset\u00e9n maszk seg\u00edts\u00e9g\u00e9vel illesztj\u00fck a beteg orra \u00e9s sz\u00e1ja k\u00f6r\u00e9. A g\u00e9p megfelel\u0151 m\u0171k\u00f6d\u00e9s\u00e9hez sz\u00fcks\u00e9ges, hogy a maszk j\u00f3l illeszkedjen, l\u00e9gelereszt\u00e9s ne l\u00e9pjen fel. Ennek \u00e9rdek\u00e9ben a maszkot az archoz szorosan kell tartani \u00e9s m\u00e1sik kez\u00fcnkkel a beteg nyak\u00e1t h\u00e1tulr\u00f3l meg kell t\u00e1masztani.<\/p>\n<p style=\"text-align: justify\">A g\u00e9p bekapcsol\u00e1s\u00e1t k\u00f6vet\u0151en a Be\u00e1ll\u00edt\u00e1sok men\u00fcben (bal oldali funkci\u00f3gomb) kiv\u00e1laszthatjuk a kezel\u00e9s \u00fczemm\u00f3dj\u00e1t.<\/p>\n<p style=\"text-align: justify\">Az Auto m\u00f3dban a beteg maga ir\u00e1ny\u00edtja a g\u00e9p m\u0171k\u00f6d\u00e9s\u00e9t, a maszkot a beteg arc\u00e1ra illesztve bel\u00e9gz\u00e9ssel ind\u00edtja a k\u00f6h\u00f6g\u00e9si ciklust.<\/p>\n<p>A Cough Assist g\u00e9p haszn\u00e1lata<\/p>\n<p>A g\u00e9p haszn\u00e1lat\u00e1nak menete<\/p>\n<ul>\n<li>Alaposan mossunk kezet.<\/li>\n<li>Kapcsoljuk be a g\u00e9pet.<\/li>\n<li>A maszkot illessz\u00fck a p\u00e1ciens arc\u00e1ra (keskeny r\u00e9sz az orrnyeregre, sz\u00e9les r\u00e9sz az \u00e1ll fel\u00e9).<\/li>\n<li>Automata m\u00f3d eset\u00e9n a beteg saj\u00e1t maga ind\u00edtja a bel\u00e9gz\u00e9st, rezg\u0151 f\u00e1zist \u00e9s a kil\u00e9gz\u00e9st.<\/li>\n<li>Amennyiben a gyakorlat sor\u00e1n v\u00e1lad\u00e9kot k\u00f6h\u00f6g\u00f6tt fel a beteg, azt a harmonika cs\u0151b\u0151l\u00a0 \u00f6bl\u00edts\u00fck ki, majd sz\u00e1r\u00edtsuk ki azt.<\/li>\n<li>A m\u0171veletet egy alkalommal 4-5 k\u00f6h\u00f6g\u00e9si ciklust alkalmazzunk, vagy sz\u00fcks\u00e9g eset\u00e9n t\u00f6bbsz\u00f6r ism\u00e9telj\u00fck meg, am\u00edg a l\u00e9g\u00fati v\u00e1lad\u00e9k nem t\u00e1vozik a l\u00e9gutakb\u00f3l.<\/li>\n<\/ul>\n<p style=\"text-align: justify\">A gyakorlatot naponta \u00f6t alkalommal rutinszer\u0171en el kell v\u00e9gezni, de amennyiben a v\u00e1lad\u00e9k mennyis\u00e9ge megn\u00f6vekedett, t\u00f6bbsz\u00f6r, sz\u00fcks\u00e9g szerint is lehet alkalmazni.<\/p>\n<p style=\"text-align: justify\">A k\u00f6h\u00f6gtet\u0151 g\u00e9p h\u00e1rom a be\u00e1ll\u00edt\u00e1st tud elt\u00e1rolni. A be\u00e1ll\u00edt\u00e1sok k\u00f6z\u00f6tt a \u2019Be\u00e1ll\u00edt\u00e1sok\u2019 men\u00fcpontban l\u00e9pkedhet\u00fcnk. \u00c1ltal\u00e1ban a k\u00f6vetkez\u0151 be\u00e1ll\u00edt\u00e1si s\u00e9m\u00e1t haszn\u00e1ljuk (ett\u0151l val\u00f3 elt\u00e9r\u00e9s a beteg \u00e1llapot\u00e1t\u00f3l \u00e9s ig\u00e9nyeit\u0151l f\u00fcgg\u0151en el\u0151fordulhat)<\/p>\n<ol>\n<li>magas bel\u00e9gz\u00e9si \u00e9s magas kil\u00e9gz\u00e9si nyom\u00e1s, rezg\u00e9ssel: ezt szoktunk rutinszer\u0171en haszn\u00e1lni k\u00f6h\u00f6g\u00e9sekhez<\/li>\n<li>magas bel\u00e9gz\u00e9si \u00e9s magas kil\u00e9gz\u00e9si nyom\u00e1s, rezg\u00e9s n\u00e9lk\u00fcl: ez a haszn\u00e1lat s\u00f3hajt\u00e1st helyettes\u00edti.<\/li>\n<li>manu\u00e1lis m\u00f3d: a kezel\u0151 saj\u00e1t maga v\u00e1lt a magas bel\u00e9gz\u00e9si nyom\u00e1s \u00e9s a magas kil\u00e9gz\u00e9si nyom\u00e1s k\u00f6z\u00f6tt: ezt a be\u00e1ll\u00edt\u00e1st javasoljuk nehezen felk\u00f6h\u00f6ghet\u0151 v\u00e1lad\u00e9keset\u00e9n, vagy ha idegen test jut a l\u00e9gutakba<\/li>\n<\/ol>\n<p>A Cough Assist g\u00e9p tiszt\u00e1n tart\u00e1sa<\/p>\n<p style=\"text-align: justify\">A Cough Assist g\u00e9p \u00e9s a l\u00e9gz\u0151k\u00f6r k\u00f6z\u00e9 bakt\u00e9rium sz\u0171r\u0151t kell helyezni, melyet rendszeresen (l\u00e1that\u00f3 szennyez\u0151d\u00e9s eset\u00e9n azonnal, egy\u00e9bk\u00e9nt havi rendszeress\u00e9ggel) cser\u00e9lni kell.<\/p>\n<p style=\"text-align: justify\">A l\u00e9gz\u0151k\u00f6rt minden haszn\u00e1lat ut\u00e1n el kell mosni \u00e9s fert\u0151tlen\u00edteni kell, majd a k\u00f6vetkez\u0151 haszn\u00e1lat el\u0151tt ki kell sz\u00e1r\u00edtani. Havonta egyszer teljes k\u00f6rcsere javasolt.<\/p>\n<p style=\"text-align: justify\"><em>Fontos:<\/em> A g\u00e9p csak <strong>teljesen sz\u00e1raz<\/strong> l\u00e9gz\u0151k\u00f6rrel haszn\u00e1lhat\u00f3!!! A l\u00e9gz\u0151k\u00f6rben maradt legkisebb mennyis\u00e9g\u0171 v\u00edz is a g\u00e9p s\u00falyos k\u00e1rosod\u00e1st id\u00e9zheti el\u0151!\u00a0<\/p>\n<p><img loading=\"lazy\" decoding=\"async\" class=\"alignnone size-full wp-image-195\" src=\"https:\/\/semmelweis.hu\/otthonilelegeztetes\/files\/2020\/03\/01kohogteto.png\" alt=\"\" width=\"249\" height=\"249\" srcset=\"https:\/\/semmelweis.hu\/otthonilelegeztetes\/files\/2020\/03\/01kohogteto.png 249w, https:\/\/semmelweis.hu\/otthonilelegeztetes\/files\/2020\/03\/01kohogteto-150x150.png 150w\" sizes=\"auto, (max-width: 249px) 100vw, 249px\" \/> <img loading=\"lazy\" decoding=\"async\" class=\"alignnone size-full wp-image-196\" src=\"https:\/\/semmelweis.hu\/otthonilelegeztetes\/files\/2020\/03\/02kohogteto.png\" alt=\"\" width=\"296\" height=\"133\" \/><\/p>\n<p>A honlapon szerepl\u0151 oktat\u00e1si anyag az otthoni l\u00e9legeztet\u00e9si program betegeinek, hozz\u00e1tartoz\u00f3inak \u00e9s gondvisel\u0151inek t\u00e1j\u00e9koztat\u00e1s\u00e1t szolg\u00e1lja. Terjeszt\u00e9se, egy\u00e9b c\u00e9l\u00fa felhaszn\u00e1l\u00e1sa tilos. Minden jog fenntartva.<\/p>\n","protected":false},"excerpt":{"rendered":"<p>A k\u00f6h\u00f6g\u00e9st seg\u00edt\u0151 eszk\u00f6z (Cough Assist) A l\u00e9g\u00fati v\u00e1lad\u00e9k elt\u00e1vol\u00edt\u00e1sa A l\u00e9gutakban folyamatosan k\u00e9pz\u0151d\u0151 v\u00e1lad\u00e9kot a szervezet rendszeres k\u00f6h\u00f6g\u00e9s seg\u00edts\u00e9g\u00e9vel t\u00e1vol\u00edtja el. Amennyiben az izomer\u0151 gyeng\u00fclt illetve a g\u00e9ge z\u00e1r\u00f3d\u00e1sa nem t\u00f6k\u00e9letes, a m\u00e9ly s\u00f3hajt\u00e1s, valamint a k\u00f6h\u00f6g\u00e9s folyamata s\u00e9r\u00fcl. Ha a v\u00e1lad\u00e9k elt\u00e1vol\u00edt\u00e1sa nem megoldott, az t\u00fcd\u0151gyullad\u00e1s kialakul\u00e1s\u00e1hoz vezethet. Ilyen esetekben a k\u00f6h\u00f6g\u00e9st \u00e9s &hellip;<\/p>\n","protected":false},"author":101484,"featured_media":0,"parent":178,"menu_order":4,"comment_status":"closed","ping_status":"closed","template":"","meta":{"_acf_changed":false,"footnotes":""},"categories":[],"tags":[],"class_list":["post-194","page","type-page","status-publish","hentry"],"acf":[],"_links":{"self":[{"href":"https:\/\/semmelweis.hu\/otthonilelegeztetes\/wp-json\/wp\/v2\/pages\/194","targetHints":{"allow":["GET"]}}],"collection":[{"href":"https:\/\/semmelweis.hu\/otthonilelegeztetes\/wp-json\/wp\/v2\/pages"}],"about":[{"href":"https:\/\/semmelweis.hu\/otthonilelegeztetes\/wp-json\/wp\/v2\/types\/page"}],"author":[{"embeddable":true,"href":"https:\/\/semmelweis.hu\/otthonilelegeztetes\/wp-json\/wp\/v2\/users\/101484"}],"replies":[{"embeddable":true,"href":"https:\/\/semmelweis.hu\/otthonilelegeztetes\/wp-json\/wp\/v2\/comments?post=194"}],"version-history":[{"count":3,"href":"https:\/\/semmelweis.hu\/otthonilelegeztetes\/wp-json\/wp\/v2\/pages\/194\/revisions"}],"predecessor-version":[{"id":325,"href":"https:\/\/semmelweis.hu\/otthonilelegeztetes\/wp-json\/wp\/v2\/pages\/194\/revisions\/325"}],"up":[{"embeddable":true,"href":"https:\/\/semmelweis.hu\/otthonilelegeztetes\/wp-json\/wp\/v2\/pages\/178"}],"wp:attachment":[{"href":"https:\/\/semmelweis.hu\/otthonilelegeztetes\/wp-json\/wp\/v2\/media?parent=194"}],"wp:term":[{"taxonomy":"category","embeddable":true,"href":"https:\/\/semmelweis.hu\/otthonilelegeztetes\/wp-json\/wp\/v2\/categories?post=194"},{"taxonomy":"post_tag","embeddable":true,"href":"https:\/\/semmelweis.hu\/otthonilelegeztetes\/wp-json\/wp\/v2\/tags?post=194"}],"curies":[{"name":"wp","href":"https:\/\/api.w.org\/{rel}","templated":true}]}}