{"id":192,"date":"2020-03-09T11:24:26","date_gmt":"2020-03-09T10:24:26","guid":{"rendered":"http:\/\/semmelweis.hu\/otthonilelegeztetes\/?page_id=192"},"modified":"2025-11-19T20:50:29","modified_gmt":"2025-11-19T19:50:29","slug":"a-parasito","status":"publish","type":"page","link":"https:\/\/semmelweis.hu\/otthonilelegeztetes\/olp-oktatasi-anyag\/level-i-ii\/a-parasito\/","title":{"rendered":"A p\u00e1r\u00e1s\u00edt\u00f3"},"content":{"rendered":"<p style=\"text-align: justify\">G\u00e9pi l\u00e9legeztet\u00e9s sor\u00e1n a bel\u00e9legzett leveg\u0151t minden esetben meleg\u00edteni \u00e9s p\u00e1r\u00e1s\u00edtani kell! A l\u00e9gz\u0151k\u00f6rbe \u00e9p\u00edtett p\u00e1r\u00e1s\u00edt\u00f3k felel\u0151sek a bel\u00e9legzett leveg\u0151 megfelel\u0151 h\u0151m\u00e9rs\u00e9klet\u00e9nek \u00e9s p\u00e1ratartalm\u00e1nak biztos\u00edt\u00e1s\u00e1\u00e9rt. A kell\u0151en p\u00e1r\u00e1s\u00edtott leveg\u0151 seg\u00edt a l\u00e9g\u00fati v\u00e1lad\u00e9kot h\u00edgan tartani, hogy az k\u00f6nnyen felk\u00f6h\u00f6ghet\u0151, felk\u00f6h\u00f6gtethet\u0151 \u00e9s lesz\u00edvhat\u00f3 legyen.<\/p>\n<p>Akt\u00edv p\u00e1r\u00e1s\u00edt\u00f3<\/p>\n<p style=\"text-align: justify\">Akt\u00edv p\u00e1r\u00e1s\u00edt\u00f3 seg\u00edts\u00e9g\u00e9vel a beteg fel\u00e9 \u00e1raml\u00f3 leveg\u0151t meleg\u00edtett desztill\u00e1lt v\u00edz felett \u00e1ramoltatjuk \u00e1t, majd egy cs\u00f6v\u00f6n kereszt\u00fcl tov\u00e1bb\u00edtjuk a p\u00e1ciens fel\u00e9.<\/p>\n<p style=\"text-align: justify\">Az akt\u00edv p\u00e1r\u00e1s\u00edt\u00f3knak t\u00f6bb t\u00edpusa l\u00e9tezik, de mindegyik azonos elven m\u0171k\u00f6dik. Minden p\u00e1r\u00e1s\u00edt\u00f3 tartalmaz:<\/p>\n<ul>\n<li>Meleg\u00edt\u0151 t\u00e1ny\u00e9rt, felette tart\u00e1lyt, melybe a benne desztill\u00e1lt vizet t\u00f6ltj\u00fck<\/li>\n<li>K\u00fcl\u00f6n\u00e1ll\u00f3 p\u00e1r\u00e1s\u00edt\u00f3 eset\u00e9n a h\u00e1l\u00f3zati \u00e1ramforr\u00e1s el\u00e9r\u00e9s\u00e9hez k\u00e1belt<\/li>\n<\/ul>\n<p style=\"text-align: justify\">Az Otthoni L\u00e9legeztet\u00e9si Programban \u00e1ltal haszn\u00e1lt p\u00e1r\u00e1s\u00edt\u00f3k tart\u00e1lyban a desztill\u00e1lt v\u00edz szintj\u00e9t rendszeresen, minden haszn\u00e1lat el\u0151tt ellen\u0151rizni kell.\u00a0<\/p>\n<p style=\"text-align: justify\"><em>Fontos:<\/em> a p\u00e1r\u00e1s\u00edt\u00f3 tart\u00e1lyban l\u00e9v\u0151 v\u00edz haszn\u00e1lat k\u00f6zben p\u00e1rolog, ut\u00e1nt\u00f6lteni pedig csak <em>steril desztill\u00e1lt<\/em> v\u00edzzel szabad!\u00a0<\/p>\n<p style=\"text-align: justify\"><em>Fontos:<\/em> A p\u00e1r\u00e1s\u00edt\u00f3 csak akkor k\u00e9pes megfelel\u0151en m\u0171k\u00f6dni, ha a k\u00fcls\u0151 k\u00f6rnyezet +10\u00b0C \u00e9s +35\u00b0C k\u00f6z\u00f6tti van!<\/p>\n<p style=\"text-align: justify\">P\u00e1r\u00e1s\u00edt\u00e1s eset\u00e9n a k\u00f6rnyezeti h\u0151m\u00e9rs\u00e9klett\u0151l f\u00fcgg\u0151en a l\u00e9gz\u0151k\u00f6rben norm\u00e1lisan p\u00e1ra csap\u00f3dhat le (kondenz\u00e1ci\u00f3). Ezt a folyad\u00e9kot <em>soha<\/em> nem szabad a p\u00e1r\u00e1s\u00edt\u00f3 tart\u00e1lyba vissza engedni, azt ki kell engedni a l\u00e9gz\u0151k\u00f6rb\u0151l! Amennyiben a k\u00f6rnyezet h\u0151m\u00e9rs\u00e9klete cs\u00f6kken, a kondenz\u00e1ci\u00f3s v\u00edz mennyis\u00e9ge megn\u0151.<\/p>\n<p style=\"text-align: justify\">Ha a p\u00e1r\u00e1s\u00edt\u00f3val kapcsolatos riaszt\u00e1st kap, ellen\u0151rizze a v\u00edz mennyis\u00e9g\u00e9t! Amennyiben a probl\u00e9ma tov\u00e1bbra is fenn\u00e1ll l\u00e9pjen kapcsolatba a forgalmaz\u00f3 c\u00e9g k\u00e9pvisel\u0151j\u00e9vel,\u00a0 \u00e9s\/vagy a kezel\u0151orvos\u00e1val.<\/p>\n<p>&nbsp;<\/p>\n<p>A honlapon szerepl\u0151 oktat\u00e1si anyag az otthoni l\u00e9legeztet\u00e9si program betegeinek, hozz\u00e1tartoz\u00f3inak \u00e9s gondvisel\u0151inek t\u00e1j\u00e9koztat\u00e1s\u00e1t szolg\u00e1lja. Terjeszt\u00e9se, egy\u00e9b c\u00e9l\u00fa felhaszn\u00e1l\u00e1sa tilos. Minden jog fenntartva.<\/p>\n","protected":false},"excerpt":{"rendered":"<p>G\u00e9pi l\u00e9legeztet\u00e9s sor\u00e1n a bel\u00e9legzett leveg\u0151t minden esetben meleg\u00edteni \u00e9s p\u00e1r\u00e1s\u00edtani kell! A l\u00e9gz\u0151k\u00f6rbe \u00e9p\u00edtett p\u00e1r\u00e1s\u00edt\u00f3k felel\u0151sek a bel\u00e9legzett leveg\u0151 megfelel\u0151 h\u0151m\u00e9rs\u00e9klet\u00e9nek \u00e9s p\u00e1ratartalm\u00e1nak biztos\u00edt\u00e1s\u00e1\u00e9rt. A kell\u0151en p\u00e1r\u00e1s\u00edtott leveg\u0151 seg\u00edt a l\u00e9g\u00fati v\u00e1lad\u00e9kot h\u00edgan tartani, hogy az k\u00f6nnyen felk\u00f6h\u00f6ghet\u0151, felk\u00f6h\u00f6gtethet\u0151 \u00e9s lesz\u00edvhat\u00f3 legyen. Akt\u00edv p\u00e1r\u00e1s\u00edt\u00f3 Akt\u00edv p\u00e1r\u00e1s\u00edt\u00f3 seg\u00edts\u00e9g\u00e9vel a beteg fel\u00e9 \u00e1raml\u00f3 leveg\u0151t meleg\u00edtett desztill\u00e1lt &hellip;<\/p>\n","protected":false},"author":101484,"featured_media":0,"parent":178,"menu_order":3,"comment_status":"closed","ping_status":"closed","template":"","meta":{"_acf_changed":false,"footnotes":""},"categories":[],"tags":[],"class_list":["post-192","page","type-page","status-publish","hentry"],"acf":[],"_links":{"self":[{"href":"https:\/\/semmelweis.hu\/otthonilelegeztetes\/wp-json\/wp\/v2\/pages\/192","targetHints":{"allow":["GET"]}}],"collection":[{"href":"https:\/\/semmelweis.hu\/otthonilelegeztetes\/wp-json\/wp\/v2\/pages"}],"about":[{"href":"https:\/\/semmelweis.hu\/otthonilelegeztetes\/wp-json\/wp\/v2\/types\/page"}],"author":[{"embeddable":true,"href":"https:\/\/semmelweis.hu\/otthonilelegeztetes\/wp-json\/wp\/v2\/users\/101484"}],"replies":[{"embeddable":true,"href":"https:\/\/semmelweis.hu\/otthonilelegeztetes\/wp-json\/wp\/v2\/comments?post=192"}],"version-history":[{"count":2,"href":"https:\/\/semmelweis.hu\/otthonilelegeztetes\/wp-json\/wp\/v2\/pages\/192\/revisions"}],"predecessor-version":[{"id":339,"href":"https:\/\/semmelweis.hu\/otthonilelegeztetes\/wp-json\/wp\/v2\/pages\/192\/revisions\/339"}],"up":[{"embeddable":true,"href":"https:\/\/semmelweis.hu\/otthonilelegeztetes\/wp-json\/wp\/v2\/pages\/178"}],"wp:attachment":[{"href":"https:\/\/semmelweis.hu\/otthonilelegeztetes\/wp-json\/wp\/v2\/media?parent=192"}],"wp:term":[{"taxonomy":"category","embeddable":true,"href":"https:\/\/semmelweis.hu\/otthonilelegeztetes\/wp-json\/wp\/v2\/categories?post=192"},{"taxonomy":"post_tag","embeddable":true,"href":"https:\/\/semmelweis.hu\/otthonilelegeztetes\/wp-json\/wp\/v2\/tags?post=192"}],"curies":[{"name":"wp","href":"https:\/\/api.w.org\/{rel}","templated":true}]}}