{"id":178,"date":"2020-03-09T11:05:10","date_gmt":"2020-03-09T10:05:10","guid":{"rendered":"http:\/\/semmelweis.hu\/otthonilelegeztetes\/?page_id=178"},"modified":"2025-11-19T20:49:32","modified_gmt":"2025-11-19T19:49:32","slug":"level-i-ii","status":"publish","type":"page","link":"https:\/\/semmelweis.hu\/otthonilelegeztetes\/olp-oktatasi-anyag\/level-i-ii\/","title":{"rendered":"Level I-II"},"content":{"rendered":"<p>A honlapon szerepl\u0151 oktat\u00e1si anyag az otthoni l\u00e9legeztet\u00e9si program betegeinek, hozz\u00e1tartoz\u00f3inak \u00e9s gondvisel\u0151inek t\u00e1j\u00e9koztat\u00e1s\u00e1t szolg\u00e1lja. Terjeszt\u00e9se, egy\u00e9b c\u00e9l\u00fa felhaszn\u00e1l\u00e1sa tilos. Minden jog fenntartva.<\/p>\n","protected":false},"excerpt":{"rendered":"<p>A honlapon szerepl\u0151 oktat\u00e1si anyag az otthoni l\u00e9legeztet\u00e9si program betegeinek, hozz\u00e1tartoz\u00f3inak \u00e9s gondvisel\u0151inek t\u00e1j\u00e9koztat\u00e1s\u00e1t szolg\u00e1lja. Terjeszt\u00e9se, egy\u00e9b c\u00e9l\u00fa felhaszn\u00e1l\u00e1sa tilos. Minden jog fenntartva.<\/p>\n","protected":false},"author":101676,"featured_media":0,"parent":111,"menu_order":1,"comment_status":"closed","ping_status":"closed","template":"","meta":{"_acf_changed":false,"footnotes":""},"categories":[],"tags":[],"class_list":["post-178","page","type-page","status-publish","hentry"],"acf":[],"_links":{"self":[{"href":"https:\/\/semmelweis.hu\/otthonilelegeztetes\/wp-json\/wp\/v2\/pages\/178","targetHints":{"allow":["GET"]}}],"collection":[{"href":"https:\/\/semmelweis.hu\/otthonilelegeztetes\/wp-json\/wp\/v2\/pages"}],"about":[{"href":"https:\/\/semmelweis.hu\/otthonilelegeztetes\/wp-json\/wp\/v2\/types\/page"}],"author":[{"embeddable":true,"href":"https:\/\/semmelweis.hu\/otthonilelegeztetes\/wp-json\/wp\/v2\/users\/101676"}],"replies":[{"embeddable":true,"href":"https:\/\/semmelweis.hu\/otthonilelegeztetes\/wp-json\/wp\/v2\/comments?post=178"}],"version-history":[{"count":2,"href":"https:\/\/semmelweis.hu\/otthonilelegeztetes\/wp-json\/wp\/v2\/pages\/178\/revisions"}],"predecessor-version":[{"id":323,"href":"https:\/\/semmelweis.hu\/otthonilelegeztetes\/wp-json\/wp\/v2\/pages\/178\/revisions\/323"}],"up":[{"embeddable":true,"href":"https:\/\/semmelweis.hu\/otthonilelegeztetes\/wp-json\/wp\/v2\/pages\/111"}],"wp:attachment":[{"href":"https:\/\/semmelweis.hu\/otthonilelegeztetes\/wp-json\/wp\/v2\/media?parent=178"}],"wp:term":[{"taxonomy":"category","embeddable":true,"href":"https:\/\/semmelweis.hu\/otthonilelegeztetes\/wp-json\/wp\/v2\/categories?post=178"},{"taxonomy":"post_tag","embeddable":true,"href":"https:\/\/semmelweis.hu\/otthonilelegeztetes\/wp-json\/wp\/v2\/tags?post=178"}],"curies":[{"name":"wp","href":"https:\/\/api.w.org\/{rel}","templated":true}]}}