{"id":118,"date":"2020-02-18T02:26:48","date_gmt":"2020-02-18T01:26:48","guid":{"rendered":"http:\/\/semmelweis.hu\/otthonilelegeztetes\/?page_id=118"},"modified":"2020-02-18T02:28:22","modified_gmt":"2020-02-18T01:28:22","slug":"sajtomegjelenesek","status":"publish","type":"page","link":"https:\/\/semmelweis.hu\/otthonilelegeztetes\/megjelenesek\/sajtomegjelenesek\/","title":{"rendered":"Sajt\u00f3megjelen\u00e9sek"},"content":{"rendered":"<ul class=\"display-posts-listing\"><li class=\"listing-item\"><a class=\"title\" href=\"https:\/\/semmelweis.hu\/otthonilelegeztetes\/2020\/02\/18\/otthoni-lelegeztetesi-program-a-semmelweis-egyetemen\/\">Otthoni L\u00e9legeztet\u00e9si Program a Semmelweis Egyetemen<\/a> <span class=\"excerpt-dash\">-<\/span> <span class=\"excerpt\"><\/span><\/li><li class=\"listing-item\"><a class=\"image\" href=\"https:\/\/semmelweis.hu\/otthonilelegeztetes\/2020\/02\/18\/aitk-otthonlelegeztetesi-program-az-m5-novum-cimu-musoranak-2019-06-23-i-adasa\/\"><img loading=\"lazy\" decoding=\"async\" width=\"150\" height=\"150\" src=\"https:\/\/semmelweis.hu\/otthonilelegeztetes\/files\/2020\/02\/OLP_Novum-150x150-1-150x150.jpg\" class=\"attachment-thumbnail size-thumbnail wp-post-image\" alt=\"\" \/><\/a> <a class=\"title\" href=\"https:\/\/semmelweis.hu\/otthonilelegeztetes\/2020\/02\/18\/aitk-otthonlelegeztetesi-program-az-m5-novum-cimu-musoranak-2019-06-23-i-adasa\/\">AITK Otthonl\u00e9legeztet\u00e9si Program: az M5 \u201cNovum\u201d c\u00edm\u0171 m\u0171sor\u00e1nak 2019.06.23-i ad\u00e1sa<\/a> <span class=\"excerpt-dash\">-<\/span> <span class=\"excerpt\">\u201eHa valaki \u00e9letben tart\u00f3 l\u00e9legeztet\u00e9sen van, vagyis napjai nagy r\u00e9sz\u00e9t vagy teljes eg\u00e9sz\u00e9t l\u00e9legeztet\u0151 g\u00e9phez k\u00f6tve t\u00f6lti, arr\u00f3l els\u0151re nem az jut esz\u00fcnkbe, hogy biztos szeret karat\u00e9zni \u00e9s kir\u00e1ndulni a csal\u00e1dj\u00e1val. Pedig \u00edgy is lehet: otthon, csal\u00e1di k\u00f6rben \u00e9lni, ak\u00e1r dolgozni is, l\u00e9legeztet\u0151 g\u00e9ppel. ...\u201d \r\nA kisfilm a Semmelweis Egyetem Aneszteziol\u00f3giai \u00e9s Intenz\u00edv Ter\u00e1pi\u00e1s Klinik\u00e1j\u00e1nak Otthonl\u00e9legeztet\u00e9si Programj\u00e1t mutatja be.\r\nforr\u00e1s: Novum, www.novumtv.hu, Szatory Tibor<\/span><\/li><\/ul>\n","protected":false},"excerpt":{"rendered":"<p><a href=\"https:\/\/youtu.be\/S8TMd9DZbao\">AITK Otthonl\u00e9legeztet\u00e9si Program: az M5 \u201cNovum\u201d c\u00edm\u0171 m\u0171sor\u00e1nak 2019.06.23-i ad\u00e1sa<\/a><br \/>\n&nbsp;<\/p>\n","protected":false},"author":101484,"featured_media":0,"parent":10,"menu_order":2,"comment_status":"closed","ping_status":"closed","template":"","meta":{"_acf_changed":false,"footnotes":""},"categories":[],"tags":[],"class_list":["post-118","page","type-page","status-publish","hentry"],"acf":[],"_links":{"self":[{"href":"https:\/\/semmelweis.hu\/otthonilelegeztetes\/wp-json\/wp\/v2\/pages\/118","targetHints":{"allow":["GET"]}}],"collection":[{"href":"https:\/\/semmelweis.hu\/otthonilelegeztetes\/wp-json\/wp\/v2\/pages"}],"about":[{"href":"https:\/\/semmelweis.hu\/otthonilelegeztetes\/wp-json\/wp\/v2\/types\/page"}],"author":[{"embeddable":true,"href":"https:\/\/semmelweis.hu\/otthonilelegeztetes\/wp-json\/wp\/v2\/users\/101484"}],"replies":[{"embeddable":true,"href":"https:\/\/semmelweis.hu\/otthonilelegeztetes\/wp-json\/wp\/v2\/comments?post=118"}],"version-history":[{"count":3,"href":"https:\/\/semmelweis.hu\/otthonilelegeztetes\/wp-json\/wp\/v2\/pages\/118\/revisions"}],"predecessor-version":[{"id":394,"href":"https:\/\/semmelweis.hu\/otthonilelegeztetes\/wp-json\/wp\/v2\/pages\/118\/revisions\/394"}],"up":[{"embeddable":true,"href":"https:\/\/semmelweis.hu\/otthonilelegeztetes\/wp-json\/wp\/v2\/pages\/10"}],"wp:attachment":[{"href":"https:\/\/semmelweis.hu\/otthonilelegeztetes\/wp-json\/wp\/v2\/media?parent=118"}],"wp:term":[{"taxonomy":"category","embeddable":true,"href":"https:\/\/semmelweis.hu\/otthonilelegeztetes\/wp-json\/wp\/v2\/categories?post=118"},{"taxonomy":"post_tag","embeddable":true,"href":"https:\/\/semmelweis.hu\/otthonilelegeztetes\/wp-json\/wp\/v2\/tags?post=118"}],"curies":[{"name":"wp","href":"https:\/\/api.w.org\/{rel}","templated":true}]}}