{"id":103,"date":"2020-02-18T02:12:33","date_gmt":"2020-02-18T01:12:33","guid":{"rendered":"http:\/\/semmelweis.hu\/otthonilelegeztetes\/?page_id=103"},"modified":"2020-02-18T02:12:33","modified_gmt":"2020-02-18T01:12:33","slug":"restriktiv-mellkasfali-betegsegek","status":"publish","type":"page","link":"https:\/\/semmelweis.hu\/otthonilelegeztetes\/betegek-szamara\/restriktiv-mellkasfali-betegsegek\/","title":{"rendered":"Restrikt\u00edv mellkasfali betegs\u00e9gek"},"content":{"rendered":"<p style=\"text-align: justify\">A s\u00falyos mellkasfali deformit\u00e1sok, gerincferd\u00fcl\u00e9sek rontj\u00e1k a mellkas t\u00e1gul\u00e9konys\u00e1g\u00e1t, ez\u00e1ltal a t\u00fcd\u0151 sem k\u00e9pes a l\u00e9gz\u00e9s sor\u00e1n kell\u0151 m\u00e9rt\u00e9kben t\u00e1gulni. Ez az \u00e1llapot enyh\u00e9bb esetekben a betegek terhelhet\u0151s\u00e9g\u00e9t ronthatja, s\u00falyos esetben pedig nyugalmi neh\u00e9zl\u00e9gz\u00e9st, alusz\u00e9konys\u00e1got, kimer\u00fclts\u00e9get id\u00e9z el\u0151.\u00a0 Ezek a betegek l\u00e9g\u00fati fert\u0151z\u00e9sek szempontj\u00e1b\u00f3l kiszolg\u00e1ltatottabbak lehetnek, v\u00e1lad\u00e9kukat nehezen k\u00f6h\u00f6gik fel. A betegs\u00e9g kezel\u00e9s n\u00e9lk\u00fcl id\u0151vel kering\u00e9si el\u00e9gtelens\u00e9get id\u00e9z el\u0151.<\/p>\n<p style=\"text-align: justify\">Neminvaz\u00edv pozit\u00edv nyom\u00e1s\u00fa l\u00e9legeztet\u00e9s \u00e9s rendszeres l\u00e9gz\u0151torna mellett a betegek l\u00e9gz\u00e9ssel \u00f6sszef\u00fcgg\u0151 panaszai jelent\u0151sen cs\u00f6kkenthet\u0151ek. Tapasztalatunk alapj\u00e1n a betegek terhelhet\u0151s\u00e9ge, valamint \u00e9letmin\u0151s\u00e9ge m\u00e1r n\u00e9h\u00e1ny h\u00f3nap eltelt\u00e9vel kedvez\u0151en alakul.<\/p>\n","protected":false},"excerpt":{"rendered":"<p>A s\u00falyos mellkasfali deformit\u00e1sok, gerincferd\u00fcl\u00e9sek rontj\u00e1k a mellkas t\u00e1gul\u00e9konys\u00e1g\u00e1t, ez\u00e1ltal a t\u00fcd\u0151 sem k\u00e9pes a l\u00e9gz\u00e9s sor\u00e1n kell\u0151 m\u00e9rt\u00e9kben t\u00e1gulni. Ez az \u00e1llapot enyh\u00e9bb esetekben a betegek terhelhet\u0151s\u00e9g\u00e9t ronthatja, s\u00falyos esetben pedig nyugalmi neh\u00e9zl\u00e9gz\u00e9st, alusz\u00e9konys\u00e1got, kimer\u00fclts\u00e9get id\u00e9z el\u0151.\u00a0 Ezek a betegek l\u00e9g\u00fati fert\u0151z\u00e9sek szempontj\u00e1b\u00f3l kiszolg\u00e1ltatottabbak lehetnek, v\u00e1lad\u00e9kukat nehezen k\u00f6h\u00f6gik fel. A betegs\u00e9g kezel\u00e9s n\u00e9lk\u00fcl id\u0151vel &hellip;<\/p>\n","protected":false},"author":101484,"featured_media":0,"parent":81,"menu_order":3,"comment_status":"closed","ping_status":"closed","template":"","meta":{"_acf_changed":false,"footnotes":""},"categories":[],"tags":[],"class_list":["post-103","page","type-page","status-publish","hentry"],"acf":[],"_links":{"self":[{"href":"https:\/\/semmelweis.hu\/otthonilelegeztetes\/wp-json\/wp\/v2\/pages\/103","targetHints":{"allow":["GET"]}}],"collection":[{"href":"https:\/\/semmelweis.hu\/otthonilelegeztetes\/wp-json\/wp\/v2\/pages"}],"about":[{"href":"https:\/\/semmelweis.hu\/otthonilelegeztetes\/wp-json\/wp\/v2\/types\/page"}],"author":[{"embeddable":true,"href":"https:\/\/semmelweis.hu\/otthonilelegeztetes\/wp-json\/wp\/v2\/users\/101484"}],"replies":[{"embeddable":true,"href":"https:\/\/semmelweis.hu\/otthonilelegeztetes\/wp-json\/wp\/v2\/comments?post=103"}],"version-history":[{"count":1,"href":"https:\/\/semmelweis.hu\/otthonilelegeztetes\/wp-json\/wp\/v2\/pages\/103\/revisions"}],"predecessor-version":[{"id":104,"href":"https:\/\/semmelweis.hu\/otthonilelegeztetes\/wp-json\/wp\/v2\/pages\/103\/revisions\/104"}],"up":[{"embeddable":true,"href":"https:\/\/semmelweis.hu\/otthonilelegeztetes\/wp-json\/wp\/v2\/pages\/81"}],"wp:attachment":[{"href":"https:\/\/semmelweis.hu\/otthonilelegeztetes\/wp-json\/wp\/v2\/media?parent=103"}],"wp:term":[{"taxonomy":"category","embeddable":true,"href":"https:\/\/semmelweis.hu\/otthonilelegeztetes\/wp-json\/wp\/v2\/categories?post=103"},{"taxonomy":"post_tag","embeddable":true,"href":"https:\/\/semmelweis.hu\/otthonilelegeztetes\/wp-json\/wp\/v2\/tags?post=103"}],"curies":[{"name":"wp","href":"https:\/\/api.w.org\/{rel}","templated":true}]}}