{"id":101,"date":"2020-02-18T02:11:25","date_gmt":"2020-02-18T01:11:25","guid":{"rendered":"http:\/\/semmelweis.hu\/otthonilelegeztetes\/?page_id=101"},"modified":"2024-05-23T18:04:45","modified_gmt":"2024-05-23T16:04:45","slug":"obezitas-hipoventilacios-szindroma-ohs","status":"publish","type":"page","link":"https:\/\/semmelweis.hu\/otthonilelegeztetes\/betegek-szamara\/obezitas-hipoventilacios-szindroma-ohs\/","title":{"rendered":"Obesit\u00e1s-hipoventil\u00e1ci\u00f3 szindr\u00f3ma &#8211; OHS"},"content":{"rendered":"<p style=\"text-align: justify\">Az OHS a t\u00fals\u00falyhoz t\u00e1rsul\u00f3 legs\u00falyosabb l\u00e9gz\u00e9si sz\u00f6v\u0151dm\u00e9ny. A betegs\u00e9g l\u00e9nyege, hogy arra hajlamos betegekn\u00e9l a t\u00fals\u00faly k\u00f6vetkezt\u00e9ben alv\u00e1s alatt fel\u00fcletess\u00e9 v\u00e1lik a l\u00e9gz\u00e9s, az oxig\u00e9n felv\u00e9tel \u00e9s a sz\u00e9n-dioxid lead\u00e1s hat\u00e1sfoka romlik. Az esetek t\u00falnyom\u00f3 t\u00f6bbs\u00e9g\u00e9ben ehhez l\u00e9g\u00fati elz\u00e1r\u00f3d\u00e1s, \u00e9s \u00e1tmeneti l\u00e9gz\u00e9skimarad\u00e1s is t\u00e1rsul (obstrukt\u00edv alv\u00e1si apnoe &#8211; OSA). A betegek alv\u00e1sa szakaszoss\u00e1 v\u00e1lik, nem lesz pihentet\u0151, \u00e9s a nappali akt\u00edv id\u0151szakban figyelemzavar, majd alusz\u00e9konys\u00e1g, esetleg szem\u00e9lyis\u00e9g v\u00e1ltoz\u00e1s k\u00f6vetkezik be. Jellemz\u0151, hogy a beteg megfelel\u0151 di\u00e9ta ellen\u00e9re sem k\u00e9pesek a t\u00fals\u00falyt\u00f3l megszabadulni, a terhelhet\u0151s\u00e9g\u00fck cs\u00f6kken, f\u00e1rad\u00e9konny\u00e1 v\u00e1lnak. A betegs\u00e9g tart\u00f3s fenn\u00e1ll\u00e1sa eset\u00e9n sz\u00edvel\u00e9gtelens\u00e9g jelentkezhet, a l\u00e9gz\u00e9si panaszok fokoz\u00f3d\u00e1sa pedig l\u00e9gz\u00e9si el\u00e9gtelens\u00e9ghez vezethet.<\/p>\n<p style=\"text-align: justify\">Az obezit\u00e1s-hipoventil\u00e1ci\u00f3s szindr\u00f3ma nem azonos az obstrukt\u00edv alv\u00e1si apnoeval (OSA), de azzal r\u00e9szben \u00e1tfed\u00e9st mutat. OSA k\u00f6vetkezt\u00e9ben alv\u00e1s alatt a l\u00e9gutak elz\u00e1r\u00f3dnak, ami t\u00f6redezett\u00e9 teszi az alv\u00e1sszerkezetet, de ez az \u00e1llapot folyamatos magas nyom\u00e1s\u00fa CPAP kezel\u00e9ssel uralhat\u00f3. OHS eset\u00e9ben alv\u00e1s alatt l\u00e9g\u00fati elz\u00e1r\u00f3d\u00e1ssal, vagy an\u00e9lk\u00fcl fel\u00fcletes l\u00e9gz\u00e9s alakul ki, aminek k\u00f6vetkezt\u00e9ben a v\u00e9r CO<sub>2<\/sub> szintje jelent\u0151sen megemelkedhet. Ez az \u00e1llapot alv\u00e1s alatti l\u00e9legeztet\u00e9st tesz sz\u00fcks\u00e9gess\u00e9.<\/p>\n<p style=\"text-align: justify\">Az OHS korai st\u00e1diumban t\u00f6rt\u00e9nt\u0151 felismer\u00e9s\u00e9vel \u00e9s l\u00e9gz\u00e9st\u00e1mogat\u00e1ssal t\u00f6rt\u00e9nt\u0151 kezel\u00e9s\u00e9vel a hossz\u00fat\u00e1v\u00fa sz\u00f6v\u0151dm\u00e9nyek megel\u0151zhet\u0151k. A betegek jelent\u0151s r\u00e9sze azonban m\u00e1r l\u00e9gz\u00e9si el\u00e9gtelens\u00e9g st\u00e1dium\u00e1ban ker\u00fcl felismer\u00e9sre. A tart\u00f3s l\u00e9legeztet\u00e9s be\u00e1ll\u00edt\u00e1s\u00e1val a p\u00e1ciensek \u00e9letmin\u0151s\u00e9ge \u00e9s \u00e9letkil\u00e1t\u00e1sa ebben a st\u00e1diumban is jelent\u0151sen jav\u00edthat\u00f3.<\/p>\n<p>Magas az obesit\u00e1s-hipoventil\u00e1ci\u00f3 szindr\u00f3ma rizik\u00f3ja abban az esetben, ha a k\u00f6vetkez\u0151 t\u00fcnetek fenn\u00e1lnak:<\/p>\n<ul>\n<li>extr\u00e9m t\u00fals\u00faly (BMI &gt;40 kg\/m<sup>2<\/sup>)<\/li>\n<li>neh\u00e9zl\u00e9gz\u00e9s<\/li>\n<li>\u00e9jszakai fokozott vizelet\u00fcr\u00edt\u00e9s<\/li>\n<li>als\u00f3 v\u00e9gtagokon tapinthat\u00f3 vizesed\u00e9s, \u00f6d\u00e9ma<\/li>\n<li>s\u00falyos nappali \u00e1lmoss\u00e1g (<a href=\"https:\/\/semmelweis.hu\/otthonilelegeztetes\/files\/2020\/03\/Epworth.pdf\" target=\"_blank\" rel=\"noopener noreferrer\"><u>Epworth \u00e1lmoss\u00e1gi sk\u00e1l\u00e1n<\/u><\/a> el\u00e9rt 10, vagy ann\u00e1l magasabb pont\u00e9rt\u00e9k)<\/li>\n<li>kimer\u00fclts\u00e9g<\/li>\n<li>nappali alacsony oxig\u00e9nszint (Oxig\u00e9n szatur\u00e1ci\u00f3 92-98%)<\/li>\n<li>hangos \u00e9jszakai horkol\u00e1s<\/li>\n<li>m\u00e1s \u00e1ltal \u00e9szlelt alv\u00e1s alatti l\u00e9gz\u00e9skimarad\u00e1s<\/li>\n<\/ul>\n<p>Amennyiben a fenti t\u00fcnetek k\u00f6z\u00fcl t\u00f6bb is fenn\u00e1ll, alv\u00e1svizsg\u00e1lat elv\u00e9gz\u00e9se javasolt.<\/p>\n","protected":false},"excerpt":{"rendered":"<p>Az OHS a t\u00fals\u00falyhoz t\u00e1rsul\u00f3 legs\u00falyosabb l\u00e9gz\u00e9si sz\u00f6v\u0151dm\u00e9ny. A betegs\u00e9g l\u00e9nyege, hogy arra hajlamos betegekn\u00e9l a t\u00fals\u00faly k\u00f6vetkezt\u00e9ben alv\u00e1s alatt fel\u00fcletess\u00e9 v\u00e1lik a l\u00e9gz\u00e9s, az oxig\u00e9n felv\u00e9tel \u00e9s a sz\u00e9n-dioxid lead\u00e1s hat\u00e1sfoka romlik. Az esetek t\u00falnyom\u00f3 t\u00f6bbs\u00e9g\u00e9ben ehhez l\u00e9g\u00fati elz\u00e1r\u00f3d\u00e1s, \u00e9s \u00e1tmeneti l\u00e9gz\u00e9skimarad\u00e1s is t\u00e1rsul (obstrukt\u00edv alv\u00e1si apnoe &#8211; OSA). A betegek alv\u00e1sa szakaszoss\u00e1 v\u00e1lik, &hellip;<\/p>\n","protected":false},"author":101484,"featured_media":0,"parent":81,"menu_order":2,"comment_status":"closed","ping_status":"closed","template":"","meta":{"_acf_changed":false,"footnotes":""},"categories":[],"tags":[],"class_list":["post-101","page","type-page","status-publish","hentry"],"acf":[],"_links":{"self":[{"href":"https:\/\/semmelweis.hu\/otthonilelegeztetes\/wp-json\/wp\/v2\/pages\/101","targetHints":{"allow":["GET"]}}],"collection":[{"href":"https:\/\/semmelweis.hu\/otthonilelegeztetes\/wp-json\/wp\/v2\/pages"}],"about":[{"href":"https:\/\/semmelweis.hu\/otthonilelegeztetes\/wp-json\/wp\/v2\/types\/page"}],"author":[{"embeddable":true,"href":"https:\/\/semmelweis.hu\/otthonilelegeztetes\/wp-json\/wp\/v2\/users\/101484"}],"replies":[{"embeddable":true,"href":"https:\/\/semmelweis.hu\/otthonilelegeztetes\/wp-json\/wp\/v2\/comments?post=101"}],"version-history":[{"count":5,"href":"https:\/\/semmelweis.hu\/otthonilelegeztetes\/wp-json\/wp\/v2\/pages\/101\/revisions"}],"predecessor-version":[{"id":386,"href":"https:\/\/semmelweis.hu\/otthonilelegeztetes\/wp-json\/wp\/v2\/pages\/101\/revisions\/386"}],"up":[{"embeddable":true,"href":"https:\/\/semmelweis.hu\/otthonilelegeztetes\/wp-json\/wp\/v2\/pages\/81"}],"wp:attachment":[{"href":"https:\/\/semmelweis.hu\/otthonilelegeztetes\/wp-json\/wp\/v2\/media?parent=101"}],"wp:term":[{"taxonomy":"category","embeddable":true,"href":"https:\/\/semmelweis.hu\/otthonilelegeztetes\/wp-json\/wp\/v2\/categories?post=101"},{"taxonomy":"post_tag","embeddable":true,"href":"https:\/\/semmelweis.hu\/otthonilelegeztetes\/wp-json\/wp\/v2\/tags?post=101"}],"curies":[{"name":"wp","href":"https:\/\/api.w.org\/{rel}","templated":true}]}}