{"id":91,"date":"2015-05-11T14:05:25","date_gmt":"2015-05-11T14:05:25","guid":{"rendered":"http:\/\/semmelweis.hu\/efmi\/?page_id=91"},"modified":"2024-09-03T12:17:43","modified_gmt":"2024-09-03T12:17:43","slug":"kozponti-varolista-kezelo-osztaly","status":"publish","type":"page","link":"https:\/\/semmelweis.hu\/orvosigazgatas\/kozponti-varolista-kezelo-osztaly\/","title":{"rendered":"K\u00f6zponti V\u00e1r\u00f3lista Kezel\u0151 Oszt\u00e1ly (KVKO)"},"content":{"rendered":"<p><strong>C\u00edm: 1085 Budapest, \u00dcll\u0151i \u00fat 22. II. emelet<\/strong><\/p>\n<h4><strong>Munkat\u00e1rsak:<\/strong><\/h4>\n<p><a href=\"https:\/\/semmelweis.hu\/orvosigazgatas\/files\/2015\/05\/KVKO_Meyer_Zsuzsa.png\"><img loading=\"lazy\" decoding=\"async\" class=\"wp-image-116 alignright\" src=\"https:\/\/semmelweis.hu\/orvosigazgatas\/files\/2015\/05\/KVKO_Meyer_Zsuzsa-278x300.png\" alt=\"KVKO_Meyer_Zsuzsa\" width=\"180\" height=\"195\" srcset=\"https:\/\/semmelweis.hu\/orvosigazgatas\/files\/2015\/05\/KVKO_Meyer_Zsuzsa-278x300.png 278w, https:\/\/semmelweis.hu\/orvosigazgatas\/files\/2015\/05\/KVKO_Meyer_Zsuzsa-950x1024.png 950w, https:\/\/semmelweis.hu\/orvosigazgatas\/files\/2015\/05\/KVKO_Meyer_Zsuzsa.png 1774w\" sizes=\"auto, (max-width: 180px) 100vw, 180px\" \/><\/a>Meyer Zsuzsanna, mb. oszt\u00e1lyvezet\u0151<br \/>\nTel.: +36 20\u00a0825 8400<br \/>\ne-mail: meyer.zsuzsanna@semmelweis.hu<\/p>\n<hr \/>\n<p><a href=\"https:\/\/semmelweis.hu\/orvosigazgatas\/files\/2015\/05\/KVKO_Tomor_Kata.png\"><img loading=\"lazy\" decoding=\"async\" class=\"wp-image-115 alignright\" src=\"https:\/\/semmelweis.hu\/orvosigazgatas\/files\/2015\/05\/KVKO_Tomor_Kata-253x300.png\" alt=\"KVKO_Tomor_Kata\" width=\"180\" height=\"213\" srcset=\"https:\/\/semmelweis.hu\/orvosigazgatas\/files\/2015\/05\/KVKO_Tomor_Kata-253x300.png 253w, https:\/\/semmelweis.hu\/orvosigazgatas\/files\/2015\/05\/KVKO_Tomor_Kata-863x1024.png 863w, https:\/\/semmelweis.hu\/orvosigazgatas\/files\/2015\/05\/KVKO_Tomor_Kata.png 1730w\" sizes=\"auto, (max-width: 180px) 100vw, 180px\" \/><\/a>Tomorn\u00e9 Moln\u00e1r Katalin,\u00a0statisztikus<br \/>\nTel.: + 36 20\u00a0666 3696<br \/>\ne-mail: tomorne.katalin@semmelweis.hu<\/p>\n<hr \/>\n<p>Az Egyetem a 287\/2006. (XII. 23.) Korm. rendelet 5. sz. mell\u00e9klet\u00e9ben t\u00e9telesen felsorolt \u00e9s a klinik\u00e1k ig\u00e9nye alapj\u00e1n megnyittatott kapacit\u00e1shi\u00e1ny miatt vezetett v\u00e1r\u00f3list\u00e1khoz tartoz\u00f3 beavatkoz\u00e1sok tekintet\u00e9ben a MedSoluion medikai rendszer v\u00e1r\u00f3lista modulj\u00e1n kereszt\u00fcl on-line nyilv\u00e1ntart\u00e1st vezet, melynek koordin\u00e1l\u00e1si feladatait az oszt\u00e1ly l\u00e1tja el.<\/p>\n<ul>\n<li>A MedSolution rendszeren kereszt\u00fcl nem kezelhet\u0151 jelent\u00e9sek, jav\u00edt\u00e1sok elk\u00e9sz\u00edt\u00e9s\u00e9t a klinik\u00e1k k\u00e9r\u00e9se alapj\u00e1n v\u00e9gezi az OEP \u00e1ltal fejlesztett \u00e9s \u00fczemeltetett WEB-es Sor-Rend rendszeren kereszt\u00fc<\/li>\n<li>Az adatok validit\u00e1s\u00e1t \u00e9s real-time volt\u00e1t szolg\u00e1l\u00f3 lev\u00e1logat\u00e1sokat k\u00e9sz\u00edt az adattiszt\u00edt\u00e1s szolg\u00e1lat\u00e1ra.<\/li>\n<li>Az OEP napi hibalist\u00e1it a klinik\u00e1k \u00e9s a MedSol Support sz\u00e1m\u00e1ra tov\u00e1bb\u00edtja.<\/li>\n<li>Az KVKO figyeli, hogy a klinik\u00e1k rendezik-e a hibalist\u00e1n szerepl\u0151 eseteket, sz\u00fcks\u00e9g szerint \u00fatmutat\u00e1st ad a jav\u00edt\u00e1shoz, vagy tev\u0151legesen elv\u00e9gzi az esetek rendbet\u00e9tel\u00e9<\/li>\n<li>Az OEP-b\u0151l \u00e9rkez\u0151 \u00f6sszefuttat\u00e1si list\u00e1kat elemzi, statisztik\u00e1kat k\u00e9sz\u00edt<\/li>\n<\/ul>\n<p>A rendszer egyes tranzakci\u00f3i az OEP TAJ adatb\u00e1zissal val\u00f3 ellen\u0151rz\u00e9ssel (TAJ passziv\u00e1l\u00e1s), az OEP saj\u00e1t rendszer\u00e9n bel\u00fcli ellen\u0151rz\u00e9ssel, valamint a teljes\u00edtm\u00e9ny-elsz\u00e1mol\u00e1ssal \u00f6sszef\u00fcgg\u00e9sben (v\u00e1r\u00f3lista eset felv\u00e9tel\u00e9hez kapcsol\u00f3d\u00f3 ell\u00e1t\u00e1s ellen\u0151rz\u00e9se, t\u00f6rl\u00e9s j\u00f3v\u00e1hagy\u00e1sa teljes\u00edt\u00e9s miatt) \u201eautomatiz\u00e1ltan\u201d keletkeznek, amelyr\u0151l havonta egy alkalommal \u00d6sszefuttat\u00e1si hibalist\u00e1kat kap az Egyetem. Ezek a hibalist\u00e1k visszamen\u0151legesen tartalmazz\u00e1k a jav\u00edt\u00e1sra szorul\u00f3 t\u00e9teleket, valamint t\u00f6rzssz\u00e1m alapj\u00e1n meghat\u00e1rozz\u00e1k a hib\u00e1k miatti szankci\u00f3kat.<\/p>\n<p>Az \u00f6sszefuttat\u00e1si hibalist\u00e1kban szerepl\u0151 eseteket t\u00f6rzssz\u00e1m alapj\u00e1n tipiz\u00e1lja, klinik\u00e1nk\u00e9nt csoportos\u00edtja, majd klinik\u00e1nk\u00e9nti bont\u00e1sban tov\u00e1bb\u00edtja az \u00e9rintett v\u00e1r\u00f3lista kezel\u0151k \u00e9s a Finansz\u00edroz\u00e1si Oszt\u00e1ly Bev\u00e9telfeloszt\u00f3 csoportja fel\u00e9 a KVKO.<\/p>\n<ul>\n<li>Az OEP rendszer m\u0171k\u00f6d\u00e9se biztos\u00edtja, hogy a beteg ugyanazon ell\u00e1t\u00e1sra t\u00f6bbsz\u00f6r\u00f6sen, t\u00f6bb int\u00e9zm\u00e9ny v\u00e1r\u00f3list\u00e1j\u00e1n ne jelenhessen meg. Az ism\u00e9telt felv\u00e9tel eset\u00e9n a kor\u00e1bbi v\u00e1r\u00f3lista eset t\u00f6rl\u00e9sre ker\u00fcl. A m\u00e1shova jelentkez\u00e9s miatti v\u00e1r\u00f3list\u00e1r\u00f3l val\u00f3 t\u00f6rl\u00e9sr\u0151l a KVKO e-mailben kap \u00e9rtes\u00edt\u00e9st az OEP-t\u0151l, melyet a tervezett ell\u00e1t\u00e1st v\u00e9gz\u0151 klinika fel\u00e9 tov\u00e1bb\u00edt.<\/li>\n<li>V\u00e1r\u00f3lista vezet\u00e9ssel kapcsolatos h\u00e1tt\u00e9ranyagok tekintet\u00e9ben, az OEP honlapj\u00e1n k\u00f6zz\u00e9tett dokument\u00e1ci\u00f3 \u00e9s adatt\u00e1bla v\u00e1ltoz\u00e1sokat figyelemmel k\u00eds\u00e9ri, \u00e9s azokr\u00f3l t\u00e1j\u00e9koztatja a medikai rendszer \u00fczemeltet\u0151j\u00e9t.<\/li>\n<li>Koordin\u00e1lja tov\u00e1bb\u00e1 a Betegfogad\u00e1si list\u00e1k jelent\u00e9s\u00e9t.<\/li>\n<\/ul>\n<p>&nbsp;<\/p>\n","protected":false},"excerpt":{"rendered":"<p>C\u00edm: 1085 Budapest, \u00dcll\u0151i \u00fat 22. II. emelet Munkat\u00e1rsak: <a href=\"https:\/\/semmelweis.hu\/orvosigazgatas\/files\/2015\/05\/KVKO_Meyer_Zsuzsa.png\"><\/a> Meyer Zsuzsanna, mb. oszt\u00e1lyvezet\u0151 Tel.: +36 20\u00a0825 8400 e-mail: meyer.zsuzsanna@semmelweis.hu <a href=\"https:\/\/semmelweis.hu\/orvosigazgatas\/files\/2015\/05\/KVKO_Tomor_Kata.png\"><\/a> Tomorn\u00e9 Moln\u00e1r Katalin,\u00a0statisztikus Tel.: + 36 20\u00a0666 3696 e-mail: tomorne.katalin@semmelweis.hu Az Egyetem a 287\/2006. (XII. 23.) Korm. rendelet 5. sz. mell\u00e9klet\u00e9ben t\u00e9telesen felsorolt \u00e9s a klinik\u00e1k ig\u00e9nye alapj\u00e1n megnyittatott kapacit\u00e1shi\u00e1ny miatt vezetett v\u00e1r\u00f3list\u00e1khoz tartoz\u00f3 beavatkoz\u00e1sok tekintet\u00e9ben &hellip;<\/p>\n","protected":false},"author":12,"featured_media":0,"parent":0,"menu_order":3,"comment_status":"open","ping_status":"closed","template":"","meta":{"_acf_changed":false,"footnotes":""},"categories":[],"tags":[],"class_list":["post-91","page","type-page","status-publish","hentry"],"acf":[],"_links":{"self":[{"href":"https:\/\/semmelweis.hu\/orvosigazgatas\/wp-json\/wp\/v2\/pages\/91","targetHints":{"allow":["GET"]}}],"collection":[{"href":"https:\/\/semmelweis.hu\/orvosigazgatas\/wp-json\/wp\/v2\/pages"}],"about":[{"href":"https:\/\/semmelweis.hu\/orvosigazgatas\/wp-json\/wp\/v2\/types\/page"}],"author":[{"embeddable":true,"href":"https:\/\/semmelweis.hu\/orvosigazgatas\/wp-json\/wp\/v2\/users\/12"}],"replies":[{"embeddable":true,"href":"https:\/\/semmelweis.hu\/orvosigazgatas\/wp-json\/wp\/v2\/comments?post=91"}],"version-history":[{"count":6,"href":"https:\/\/semmelweis.hu\/orvosigazgatas\/wp-json\/wp\/v2\/pages\/91\/revisions"}],"predecessor-version":[{"id":459,"href":"https:\/\/semmelweis.hu\/orvosigazgatas\/wp-json\/wp\/v2\/pages\/91\/revisions\/459"}],"wp:attachment":[{"href":"https:\/\/semmelweis.hu\/orvosigazgatas\/wp-json\/wp\/v2\/media?parent=91"}],"wp:term":[{"taxonomy":"category","embeddable":true,"href":"https:\/\/semmelweis.hu\/orvosigazgatas\/wp-json\/wp\/v2\/categories?post=91"},{"taxonomy":"post_tag","embeddable":true,"href":"https:\/\/semmelweis.hu\/orvosigazgatas\/wp-json\/wp\/v2\/tags?post=91"}],"curies":[{"name":"wp","href":"https:\/\/api.w.org\/{rel}","templated":true}]}}