{"id":89,"date":"2015-05-11T14:05:05","date_gmt":"2015-05-11T14:05:05","guid":{"rendered":"http:\/\/semmelweis.hu\/efmi\/?page_id=89"},"modified":"2024-09-03T11:25:16","modified_gmt":"2024-09-03T11:25:16","slug":"muszernyilvantartas","status":"publish","type":"page","link":"https:\/\/semmelweis.hu\/orvosigazgatas\/muszernyilvantartas\/","title":{"rendered":"M\u0171szernyilv\u00e1ntart\u00e1s \u00e9s Fejleszt\u00e9si Oszt\u00e1ly"},"content":{"rendered":"<p>R\u00e9szt vesz a m\u0171szergazd\u00e1lkod\u00e1si feladatok szab\u00e1lyoz\u00e1s\u00e1ban, ir\u00e1ny\u00edt\u00e1s\u00e1ban, koordin\u00e1l\u00e1s\u00e1ban \u00e9s ellen\u0151rz\u00e9s\u00e9ben<\/p>\n<p>Betegell\u00e1t\u00e1shoz sz\u00fcks\u00e9ges orvostechnikai eszk\u00f6z\u00f6k beszerz\u00e9seit v\u00e9lem\u00e9nyezi.<\/p>\n<p>A m\u0171szerfelel\u0151s\u00f6k adatszolg\u00e1ltat\u00e1sai alapj\u00e1n a g\u00e9p \u00e9s m\u0171szer ig\u00e9nyek, id\u0151szakos fel\u00fclvizsg\u00e1latok, hiteles\u00edt\u00e9sek, karbantart\u00e1sok gazdas\u00e1gi egys\u00e9genk\u00e9nti nyilv\u00e1ntart\u00e1st, ellen\u0151rz\u00e9st v\u00e9gez, valamint orvostechnikai m\u0171szerekkel kapcsolatos adatot szolg\u00e1ltat bels\u0151 \u00e9s k\u00fcls\u0151 szervezeteknek<\/p>\n<p>Az Egyetem valamennyi szervezeti egys\u00e9g\u00e9n\u00e9l a m\u0171szerek selejtez\u00e9si elj\u00e1r\u00e1s\u00e1t lebonyol\u00edtja \u00e9s adminisztr\u00e1lja \u00e9s seg\u00edts\u00e9get ny\u00fajt a feleslegess\u00e9 v\u00e1lt vagyont\u00e1rgyak \u00e9rt\u00e9kes\u00edt\u00e9s\u00e9ben.<\/p>\n<p><strong>Az orvostechnikai eszk\u00f6z\u00f6k beszerz\u00e9sekhez elk\u00e9sz\u00fclt egy seg\u00e9danyag, melyet az al\u00e1bbi linken kereszt\u00fcl \u00e9rhetnek el:<\/strong><\/p>\n<p><a href=\"https:\/\/semmelweis.hu\/orvosigazgatas\/files\/2015\/05\/\u00c1bra-beszerz\u00e9shez.xlsx\">Beszerz\u00e9si seg\u00e9dlet<\/a><\/p>\n<p>&nbsp;<\/p>\n","protected":false},"excerpt":{"rendered":"<p>R\u00e9szt vesz a m\u0171szergazd\u00e1lkod\u00e1si feladatok szab\u00e1lyoz\u00e1s\u00e1ban, ir\u00e1ny\u00edt\u00e1s\u00e1ban, koordin\u00e1l\u00e1s\u00e1ban \u00e9s ellen\u0151rz\u00e9s\u00e9ben Betegell\u00e1t\u00e1shoz sz\u00fcks\u00e9ges orvostechnikai eszk\u00f6z\u00f6k beszerz\u00e9seit v\u00e9lem\u00e9nyezi. A m\u0171szerfelel\u0151s\u00f6k adatszolg\u00e1ltat\u00e1sai alapj\u00e1n a g\u00e9p \u00e9s m\u0171szer ig\u00e9nyek, id\u0151szakos fel\u00fclvizsg\u00e1latok, hiteles\u00edt\u00e9sek, karbantart\u00e1sok gazdas\u00e1gi egys\u00e9genk\u00e9nti nyilv\u00e1ntart\u00e1st, ellen\u0151rz\u00e9st v\u00e9gez, valamint orvostechnikai m\u0171szerekkel kapcsolatos adatot szolg\u00e1ltat bels\u0151 \u00e9s k\u00fcls\u0151 szervezeteknek Az Egyetem valamennyi szervezeti egys\u00e9g\u00e9n\u00e9l a m\u0171szerek selejtez\u00e9si elj\u00e1r\u00e1s\u00e1t lebonyol\u00edtja \u00e9s &hellip;<\/p>\n","protected":false},"author":12,"featured_media":0,"parent":0,"menu_order":5,"comment_status":"open","ping_status":"closed","template":"","meta":{"_acf_changed":false,"footnotes":""},"categories":[],"tags":[],"class_list":["post-89","page","type-page","status-publish","hentry"],"acf":[],"_links":{"self":[{"href":"https:\/\/semmelweis.hu\/orvosigazgatas\/wp-json\/wp\/v2\/pages\/89","targetHints":{"allow":["GET"]}}],"collection":[{"href":"https:\/\/semmelweis.hu\/orvosigazgatas\/wp-json\/wp\/v2\/pages"}],"about":[{"href":"https:\/\/semmelweis.hu\/orvosigazgatas\/wp-json\/wp\/v2\/types\/page"}],"author":[{"embeddable":true,"href":"https:\/\/semmelweis.hu\/orvosigazgatas\/wp-json\/wp\/v2\/users\/12"}],"replies":[{"embeddable":true,"href":"https:\/\/semmelweis.hu\/orvosigazgatas\/wp-json\/wp\/v2\/comments?post=89"}],"version-history":[{"count":5,"href":"https:\/\/semmelweis.hu\/orvosigazgatas\/wp-json\/wp\/v2\/pages\/89\/revisions"}],"predecessor-version":[{"id":451,"href":"https:\/\/semmelweis.hu\/orvosigazgatas\/wp-json\/wp\/v2\/pages\/89\/revisions\/451"}],"wp:attachment":[{"href":"https:\/\/semmelweis.hu\/orvosigazgatas\/wp-json\/wp\/v2\/media?parent=89"}],"wp:term":[{"taxonomy":"category","embeddable":true,"href":"https:\/\/semmelweis.hu\/orvosigazgatas\/wp-json\/wp\/v2\/categories?post=89"},{"taxonomy":"post_tag","embeddable":true,"href":"https:\/\/semmelweis.hu\/orvosigazgatas\/wp-json\/wp\/v2\/tags?post=89"}],"curies":[{"name":"wp","href":"https:\/\/api.w.org\/{rel}","templated":true}]}}