{"id":83,"date":"2015-05-11T13:31:35","date_gmt":"2015-05-11T13:31:35","guid":{"rendered":"http:\/\/semmelweis.hu\/efmi\/?page_id=83"},"modified":"2024-09-03T11:35:00","modified_gmt":"2024-09-03T11:35:00","slug":"finanszirozasi-osztaly","status":"publish","type":"page","link":"https:\/\/semmelweis.hu\/orvosigazgatas\/finanszirozasi-osztaly\/","title":{"rendered":"Finansz\u00edroz\u00e1si Oszt\u00e1ly"},"content":{"rendered":"<p>Orvosszakmai, Finansz\u00edroz\u00e1si \u00e9s Min\u0151s\u00e9gbiztos\u00edt\u00e1si F\u0151igazgat\u00f3s\u00e1g &#8211; Finansz\u00edroz\u00e1si Oszt\u00e1lya\u00a0felel\u0151s az egyetem betegell\u00e1t\u00f3 tev\u00e9kenys\u00e9g\u00e9b\u0151l sz\u00e1rmaz\u00f3 bev\u00e9telek teljesk\u00f6r\u0171 igazgat\u00e1s\u00e1\u00e9rt, feloszt\u00e1s\u00e1\u00e9rt.<\/p>\n<p>Megel\u0151z\u0151en a Klinikum teljes\u00edtm\u00e9ny\u00e9t folyamatosan fel\u00fcgyeli, esetlegesen annak n\u00f6vel\u00e9se \u00e9rdek\u00e9ben javaslatokat, protokollokat dolgoz ki.<\/p>\n<p>Statisztikai adatszolg\u00e1ltat\u00e1sokkal j\u00e1rul hozz\u00e1 az egyetem menedzsmentj\u00e9nek, illetve a klinik\u00e1k d\u00f6nt\u00e9s\u00e9nek el\u0151k\u00e9sz\u00edt\u00e9s\u00e9hez, amelyek alapjait k\u00e9pzik tervez\u00e9seknek, elemz\u00e9seknek. K\u00f6zvet\u00edt\u0151i szerepben vesz r\u00e9szt a k\u00fcls\u0151 eg\u00e9szs\u00e9g\u00fcgyi szolg\u00e1ltat\u00e1sokkal val\u00f3 elsz\u00e1mol\u00e1sok tekintet\u00e9ben.<\/p>\n<p>A finansz\u00edroz\u00e1si jogszab\u00e1lyok \u00e1ltal bek\u00f6vetkezett v\u00e1ltoz\u00e1sok gyakorlati alkalmaz\u00e1s\u00e1t el\u0151seg\u00edti. A finansz\u00edroz\u00f3val, illetve az egy\u00e9b fel\u00fcgyeleti szervekkel napi kapcsolatban \u00e1ll. Egyetemet \u00e9rint\u0151 megkeres\u00e9sek est\u00e9ben, az adatszolg\u00e1ltat\u00e1sok lebonyol\u00edt\u00e1s\u00e1t elv\u00e9gzi. A finansz\u00edroz\u00e1si szerz\u0151d\u00e9sek el\u0151k\u00e9sz\u00edt\u00e9se, a m\u0171k\u00f6d\u00e9si enged\u00e9lyek kiad\u00e1s\u00e1nak t\u00e1mogat\u00e1sa szint\u00e9n az Oszt\u00e1ly tev\u00e9kenys\u00e9gi k\u00f6r\u00e9be tartozik.<\/p>\n<p>\u00d6sszes funkci\u00f3j\u00e1ban a menedzsment, illetve a klinikum sz\u00e1m\u00e1ra ny\u00fajt seg\u00edts\u00e9get, t\u00e1mogat\u00e1st.<\/p>\n<h3>K\u00f3d-koordin\u00e1tori csoport<\/h3>\n<ul>\n<li>Az Egyetem betegell\u00e1t\u00f3 tev\u00e9kenys\u00e9g\u00e9b\u0151l ad\u00f3d\u00f3 teljes\u00edtm\u00e9ny\u00e9nek, ell\u00e1tott \u00e9s lez\u00e1rt eseteinek folyamatos ellen\u0151rz\u00e9se, lez\u00e1ratlan esetek figyel\u00e9se a MEDSOL rendszeren kereszt\u00fcl.<\/li>\n<li>A OEP-GY\u00d3GYINFOK visszaigazol\u00e1s\u00e1nak elemz\u00e9se, fekv\u0151- \u00e9s j\u00e1r\u00f3beteg hibalist\u00e1k feldolgoz\u00e1sa, egyeztet\u00e9se az egys\u00e9gek k\u00f3dol\u00e1s\u00e9rt felel\u0151s dolgoz\u00f3j\u00e1val.<\/li>\n<li>Fekv\u0151-j\u00e1r\u00f3 \u00f6sszef\u00e9rhetetlens\u00e9gi probl\u00e9m\u00e1k tiszt\u00e1z\u00e1sa k\u00fcls\u0151 int\u00e9zm\u00e9nyek \u00e9s SE szervezeti egys\u00e9gek k\u00f6z\u00f6tt, a jav\u00edt\u00e1sok megt\u00f6rt\u00e9nt\u00e9nek jelz\u00e9se k\u00fcls\u0151 int\u00e9zm\u00e9ny fel\u00e9.<\/li>\n<li>Fekv\u0151-j\u00e1r\u00f3 jav\u00edt\u00e1s ut\u00e1n \u00e9rkez\u0151 sz\u00e1ml\u00e1k ellen\u0151rz\u00e9se, klinik\u00e1ra bont\u00e1sa<\/li>\n<li>K\u00fcls\u0151 int\u00e9zetek \u00e1ltal egyetemen fekv\u0151beteg r\u00e9sz\u00e9re v\u00e9gzett vizsg\u00e1latok sz\u00e1ml\u00e1j\u00e1nak ellen\u0151rz\u00e9se, klinikai bont\u00e1sa<\/li>\n<li>Javaslatt\u00e9tel a szakmai egys\u00e9gek fel\u00e9 az optim\u00e1lis k\u00f3dol\u00e1sra, folyamatos konzult\u00e1ci\u00f3 tart\u00e1sa az oszt\u00e1lyok k\u00f3dfelel\u0151s orvosaival.<\/li>\n<li>Az ideiglenes tart\u00f3zkod\u00e1sra jogosult k\u00fclf\u00f6ldi \u00e1llampolg\u00e1rok ell\u00e1t\u00e1s\u00e1ra az OEP Finansz\u00edroz\u00e1si Informatikai F\u0151oszt\u00e1lyt\u00f3l \u00e9rkez\u0151 bev\u00e9telek szervezeti egys\u00e9gekre sz\u00e9toszt\u00e1sa, err\u0151l a P\u00e9nz\u00fcgyi Igazgat\u00f3s\u00e1g t\u00e1j\u00e9koztat\u00e1sa lev\u00e9lben.<\/li>\n<\/ul>\n<h3>Bev\u00e9tel feloszt\u00f3 csoport<\/h3>\n<ul>\n<li>OEP bev\u00e9tel elsz\u00e1mol\u00e1si rendszer \u00fczemeltet\u00e9s\u00e9vel kapcsolatos el\u0151k\u00e9sz\u00edt\u00e9si, ellen\u0151rz\u00e9si adatbeviteli \u00e9s feldolgoz\u00e1si feladatok elv\u00e9gz\u00e9se. T\u00e1bl\u00e1zatok k\u00e9sz\u00edt\u00e9se a bev\u00e9tel feloszt\u00f3 program adatainak ellen\u0151rz\u00e9s\u00e9hez. Adatszolg\u00e1ltat\u00e1s a fels\u0151 vezet\u0151knek \u00e9s a Klinik\u00e1k r\u00e9sz\u00e9re.<\/li>\n<li>OEP leutal\u00e1s kassz\u00e1nk\u00e9nti elk\u00e9sz\u00edt\u00e9se \u00e9s ellen\u0151rz\u00e9se (fels\u0151 vezet\u0151i, ill. saj\u00e1t felhaszn\u00e1l\u00e1sra).<\/li>\n<li>Az OEP \u00e1ltal leutal\u00e1sra ker\u00fcl\u0151 bev\u00e9tel, teljes\u00edtm\u00e9ny ar\u00e1nyos feloszt\u00e1sa Klinikai bont\u00e1sban, havi \u00e9s halmozott elsz\u00e1mol\u00e1sok megk\u00fcld\u00e9se.<\/li>\n<li>Havonta Betegforgalmi adatok szolg\u00e1ltat\u00e1sa a gy\u00f3gyszerfelhaszn\u00e1l\u00e1sr\u00f3l, negyed\u00e9vente Betegforgalmi statisztika k\u00e9sz\u00edt\u00e9se az Ellen\u0151rz\u00e9si Oszt\u00e1ly r\u00e9sz\u00e9re.<\/li>\n<li>Havonta aktualiz\u00e1lt \u00f3rasz\u00e1m bet\u00f6lt\u0151 strukt\u00fara elk\u00e9sz\u00edt\u00e9se \u00e9s megk\u00fcld\u00e9se az Informatikai Oszt\u00e1ly r\u00e9sz\u00e9re<\/li>\n<li>T\u00e9teles elsz\u00e1mol\u00e1s al\u00e1 es\u0151 hat\u00f3anyagok elsz\u00e1mol\u00e1s\u00e1hoz jogosults\u00e1gok biztos\u00edt\u00e1sa, jelent\u00e9s elk\u00e9sz\u00edt\u00e9se, adatszolg\u00e1ltat\u00e1sok, hibalist\u00e1k kezel\u00e9se, szakmai t\u00e1mogat\u00e1s a felmer\u00fclt k\u00e9rd\u00e9sekben \u00e9s probl\u00e9m\u00e1kban. M\u00e9lt\u00e1nyoss\u00e1gi t\u00e9r\u00edt\u00e9sek keret\u00e9ben elsz\u00e1molhat\u00f3 kezel\u00e9sek sz\u00e1ml\u00e1inak, ambul\u00e1ns lapjainak \u00f6sszes\u00edt\u00e9se \u00e9s tov\u00e1bb\u00edt\u00e1sa az OEP r\u00e9sz\u00e9re.<\/li>\n<li>K\u00f6zponti Implant\u00e1tumregiszter haszn\u00e1lat\u00e1hoz jogosults\u00e1gok biztos\u00edt\u00e1sa, kapcsolattart\u00e1s az ellen\u0151rz\u0151 \u00e9s v\u00e9grehajt\u00f3 szervvel, seg\u00edts\u00e9gny\u00fajt\u00e1s a Klinik\u00e1k r\u00e9sz\u00e9re.<\/li>\n<li>Esetfinansz\u00edrozott eszk\u00f6z\u00f6kr\u0151l \u00e9s nagy \u00e9rt\u00e9k\u0171 m\u0171t\u00e9ti elj\u00e1r\u00e1sokr\u00f3l havi jelent\u00e9sek (EFI, DONOR, M\u0170VESE) elk\u00e9sz\u00edt\u00e9se, adatszolg\u00e1ltat\u00e1sok, hibalist\u00e1k kezel\u00e9se, tov\u00e1bb\u00edt\u00e1sa, kapcsolattart\u00e1s a hivatalos szervekkel, seg\u00edts\u00e9gny\u00fajt\u00e1s a felmer\u00fcl\u0151 probl\u00e9m\u00e1k megold\u00e1s\u00e1ban. \u00c9ves finansz\u00edroz\u00e1si szerz\u0151d\u00e9sek, keretek \u00e9s teljes\u00edt\u00e9si adatok figyelemmel k\u00eds\u00e9r\u00e9se, m\u00f3dos\u00edt\u00e1sok kezdem\u00e9nyez\u00e9se. Az OEP \u00e1ltal leutal\u00e1sra ker\u00fcl\u0151 bev\u00e9telek teljes\u00edtm\u00e9nyar\u00e1nyos klinik\u00e1k k\u00f6z\u00f6tti feloszt\u00e1sa \u00e9s r\u00f6gz\u00edt\u00e9se a bev\u00e9tel elsz\u00e1mol\u00e1si rendszerben.<\/li>\n<\/ul>\n<p><em><strong>KVIK \u00dczemeltet\u00e9si Csoport<\/strong> (K\u00f3rh\u00e1zi Vezet\u0151i Informatikai \u00e9s Kontrolling rendszer)<\/em><\/p>\n<ul>\n<li>El\u0151besorolt fekv\u0151 \u00e9s ambul\u00e1ns jelent\u00e9sek valamint az elsz\u00e1mol\u00e1sok, visszajelz\u00e9sek (fekv\u0151, j\u00e1r\u00f3 REP, j\u00e1r\u00f3 elsz\u00e1mol\u00e1s) bet\u00f6lt\u00e9se a KVIK rendszerbe.<\/li>\n<li>Az egyetemi betegadatb\u00e1zisokb\u00f3l a KVIK programban el\u0151re defini\u00e1lt rendszeres lev\u00e1logat\u00e1sok, gy\u0171jt\u00e9sek \u00e9s lek\u00e9rdez\u00e9sek, grafikonok k\u00e9sz\u00edt\u00e9se \u00e9s a felhaszn\u00e1l\u00f3k sz\u00e1m\u00e1ra el\u00e9rhet\u0151v\u00e9 t\u00e9tele.<\/li>\n<li>Egy\u00fcttm\u0171k\u00f6d\u00e9s a Kontrolling Igazgat\u00f3s\u00e1ggal az egyetemi bels\u0151 elsz\u00e1mol\u00e1s eseti, illet\u0151leg rendszeres tev\u00e9kenys\u00e9geivel, valamint a betegforgalommal kapcsolatos k\u00e9rd\u00e9sekben.<\/li>\n<li>Betegforgalmi jelent\u00e9sek elemz\u00e9se, kontrolling rendszer fel\u00e9 adatszolg\u00e1ltat\u00e1s.<\/li>\n<li>Havi jelent\u00e9sek \u00e9s visszaigazol\u00e1sok \u00f6sszegz\u00e9se, forgalmi t\u00e1bl\u00e1zatok el\u0151\u00e1ll\u00edt\u00e1sa, tov\u00e1bb\u00edt\u00e1sa a menedzsment \u00e9s a klinik\u00e1k fel\u00e9.<\/li>\n<li>KVIK rendszer lehet\u0151s\u00e9geinek kihaszn\u00e1l\u00e1s\u00e1val lek\u00e9rdez\u00e9sek \u00e9s adatlev\u00e1logat\u00e1sok k\u00e9sz\u00edt\u00e9se a management \u00e9s a klinikai felhaszn\u00e1l\u00f3k egyedi ig\u00e9nyeinek kiel\u00e9g\u00edt\u00e9s\u00e9re.<\/li>\n<\/ul>\n","protected":false},"excerpt":{"rendered":"<p>Orvosszakmai, Finansz\u00edroz\u00e1si \u00e9s Min\u0151s\u00e9gbiztos\u00edt\u00e1si F\u0151igazgat\u00f3s\u00e1g &#8211; Finansz\u00edroz\u00e1si Oszt\u00e1lya\u00a0felel\u0151s az egyetem betegell\u00e1t\u00f3 tev\u00e9kenys\u00e9g\u00e9b\u0151l sz\u00e1rmaz\u00f3 bev\u00e9telek teljesk\u00f6r\u0171 igazgat\u00e1s\u00e1\u00e9rt, feloszt\u00e1s\u00e1\u00e9rt. Megel\u0151z\u0151en a Klinikum teljes\u00edtm\u00e9ny\u00e9t folyamatosan fel\u00fcgyeli, esetlegesen annak n\u00f6vel\u00e9se \u00e9rdek\u00e9ben javaslatokat, protokollokat dolgoz ki. Statisztikai adatszolg\u00e1ltat\u00e1sokkal j\u00e1rul hozz\u00e1 az egyetem menedzsmentj\u00e9nek, illetve a klinik\u00e1k d\u00f6nt\u00e9s\u00e9nek el\u0151k\u00e9sz\u00edt\u00e9s\u00e9hez, amelyek alapjait k\u00e9pzik tervez\u00e9seknek, elemz\u00e9seknek. K\u00f6zvet\u00edt\u0151i szerepben vesz r\u00e9szt a k\u00fcls\u0151 eg\u00e9szs\u00e9g\u00fcgyi &hellip;<\/p>\n","protected":false},"author":12,"featured_media":0,"parent":0,"menu_order":1,"comment_status":"closed","ping_status":"closed","template":"","meta":{"_acf_changed":false,"footnotes":""},"categories":[],"tags":[],"class_list":["post-83","page","type-page","status-publish","hentry"],"acf":[],"_links":{"self":[{"href":"https:\/\/semmelweis.hu\/orvosigazgatas\/wp-json\/wp\/v2\/pages\/83","targetHints":{"allow":["GET"]}}],"collection":[{"href":"https:\/\/semmelweis.hu\/orvosigazgatas\/wp-json\/wp\/v2\/pages"}],"about":[{"href":"https:\/\/semmelweis.hu\/orvosigazgatas\/wp-json\/wp\/v2\/types\/page"}],"author":[{"embeddable":true,"href":"https:\/\/semmelweis.hu\/orvosigazgatas\/wp-json\/wp\/v2\/users\/12"}],"replies":[{"embeddable":true,"href":"https:\/\/semmelweis.hu\/orvosigazgatas\/wp-json\/wp\/v2\/comments?post=83"}],"version-history":[{"count":6,"href":"https:\/\/semmelweis.hu\/orvosigazgatas\/wp-json\/wp\/v2\/pages\/83\/revisions"}],"predecessor-version":[{"id":457,"href":"https:\/\/semmelweis.hu\/orvosigazgatas\/wp-json\/wp\/v2\/pages\/83\/revisions\/457"}],"wp:attachment":[{"href":"https:\/\/semmelweis.hu\/orvosigazgatas\/wp-json\/wp\/v2\/media?parent=83"}],"wp:term":[{"taxonomy":"category","embeddable":true,"href":"https:\/\/semmelweis.hu\/orvosigazgatas\/wp-json\/wp\/v2\/categories?post=83"},{"taxonomy":"post_tag","embeddable":true,"href":"https:\/\/semmelweis.hu\/orvosigazgatas\/wp-json\/wp\/v2\/tags?post=83"}],"curies":[{"name":"wp","href":"https:\/\/api.w.org\/{rel}","templated":true}]}}