{"id":67,"date":"2015-05-08T11:35:20","date_gmt":"2015-05-08T11:35:20","guid":{"rendered":"http:\/\/semmelweis.hu\/efmi\/?page_id=67"},"modified":"2024-09-03T11:24:00","modified_gmt":"2024-09-03T11:24:00","slug":"magunkrol","status":"publish","type":"page","link":"https:\/\/semmelweis.hu\/orvosigazgatas\/","title":{"rendered":"Az igazgat\u00f3s\u00e1gr\u00f3l"},"content":{"rendered":"<p>Igazgat\u00f3:\u00a0 \u00a0 <strong>Prof.\u00a0Dr. Szathm\u00e1ri Mikl\u00f3s<\/strong>, egyetemi tan\u00e1r\u00a0<br \/>\nE-mail: \u00a0 \u00a0 \u00a0 <a href=\"mailto:ofmi@semmelweis.hu\">ofmi@semmelweis.hu<\/a> <br \/>\nTelefon: \u00a0 \u00a0 +36-1-459-1500\/55460<\/p>\n<p><a href=\"https:\/\/semmelweis.hu\/orvosigazgatas\/files\/2018\/08\/RS13044_KA-20120911-IMG_1085-scr.jpg\"><img loading=\"lazy\" decoding=\"async\" class=\"alignright size-medium wp-image-347\" src=\"https:\/\/semmelweis.hu\/orvosigazgatas\/files\/2018\/08\/RS13044_KA-20120911-IMG_1085-scr-200x300.jpg\" alt=\"\" width=\"200\" height=\"300\" srcset=\"https:\/\/semmelweis.hu\/orvosigazgatas\/files\/2018\/08\/RS13044_KA-20120911-IMG_1085-scr-200x300.jpg 200w, https:\/\/semmelweis.hu\/orvosigazgatas\/files\/2018\/08\/RS13044_KA-20120911-IMG_1085-scr.jpg 500w\" sizes=\"auto, (max-width: 200px) 100vw, 200px\" \/><\/a>Az Eg\u00e9szs\u00e9g\u00fcgyi Ir\u00e1ny\u00edt\u00e1si Igazgat\u00f3s\u00e1g orvosszakmai terveivel, szak\u00e9rt\u0151i anyagaival seg\u00edti az Egyetem gy\u00f3gy\u00edt\u00f3 tev\u00e9kenys\u00e9g\u00e9hez sz\u00fcks\u00e9ges egys\u00e9ges szakmai sz\u00ednvonal kialak\u00edt\u00e1s\u00e1t. Kivitelezi a sz\u00fcks\u00e9ges centraliz\u00e1ci\u00f3s folyamatokat, k\u00f6zrem\u0171k\u00f6dik a tev\u00e9kenys\u00e9gek racionaliz\u00e1l\u00e1s\u00e1ban, vizsg\u00e1lja \u00e9s elemzi a beruh\u00e1z\u00e1sok, fejleszt\u00e9sek szakmai indokolts\u00e1g\u00e1t. Figyelemmel k\u00eds\u00e9ri a klinik\u00e1k NEAK (<a href=\"http:\/\/oep.hu\" target=\"_blank\" rel=\"noopener noreferrer\">Nemzeti Eg\u00e9szs\u00e9gbiztos\u00edt\u00e1si Alapkezel\u0151<\/a>) elsz\u00e1mol\u00e1s\u00e1t. Munk\u00e1j\u00e1val seg\u00edti az egyetem mindenkori k\u00f6lts\u00e9gvet\u00e9s\u00e9nek betart\u00e1s\u00e1t a klinik\u00e1k sz\u00e1m\u00e1ra ny\u00fajtott szolg\u00e1ltat\u00e1saival, szaktan\u00e1csaival. Figyelemmel k\u00eds\u00e9ri az egyetemi gy\u00f3gyszerfelhaszn\u00e1l\u00e1st, javaslatot dolgoz ki a felhaszn\u00e1l\u00e1s racion\u00e1lis keretek k\u00f6z\u00f6tt tart\u00e1s\u00e1nak, \u00e9s finansz\u00edrozhat\u00f3s\u00e1g\u00e1nak \u00e9rdek\u00e9ben. Felel\u0151s a szerz\u0151d\u00e9sk\u00f6t\u00e9sek\u00e9rt \u00e9s enged\u00e9lyeztet\u00e9sek\u00e9rt. E t\u00e9mak\u00f6rben centraliz\u00e1lt \u00fcgyint\u00e9z\u00e9st val\u00f3s\u00edt meg, seg\u00edts\u00e9get ny\u00fajtva a klinik\u00e1k r\u00e9sz\u00e9re az adminisztrat\u00edv \u00fcgyint\u00e9z\u00e9sben. Folyamatos kapcsolatot tart fenn a finansz\u00edroz\u00f3val, a Nemzeti Eg\u00e9szs\u00e9gbiztos\u00edt\u00e1si Alapkezel\u0151vel, valamint a Nemzeti N\u00e9peg\u00e9szs\u00e9g\u00fcgyi K\u00f6zponttal (NNK).\u00a0<\/p>\n<ul>\n<li><a href=\"https:\/\/semmelweis.hu\/orvosigazgatas\/szervezeti-egysegek\/finanszirozasi-osztaly\/\">Finansz\u00edroz\u00e1si Oszt\u00e1ly<\/a><\/li>\n<li><a href=\"https:\/\/semmelweis.hu\/orvosigazgatas\/magunkrol\/egeszsegugyiengedelyezesiosztaly\/\">Eg\u00e9szs\u00e9g\u00fcgyi Enged\u00e9lyez\u00e9si Oszt\u00e1ly<\/a><\/li>\n<li><a href=\"https:\/\/semmelweis.hu\/orvosigazgatas\/szervezeti-egysegek\/muszergazdalkodasi-csoport\/\">M\u0171szernyilv\u00e1ntart\u00e1s \u00e9s Fejleszt\u00e9si Oszt\u00e1ly<\/a><\/li>\n<li><a href=\"https:\/\/semmelweis.hu\/klinikai-vizsgalatok\/\">Klinikai Kutat\u00e1sok K\u00f6zponti Koordin\u00e1ci\u00f3s Iroda<\/a><\/li>\n<li>Eg\u00e9szs\u00e9g\u00fcgyi Ell\u00e1t\u00e1sfejleszt\u00e9si Oszt\u00e1ly<\/li>\n<\/ul>\n<p style=\"text-align: center;\">\u00a0<\/p>\n","protected":false},"excerpt":{"rendered":"<p>Igazgat\u00f3:\u00a0 \u00a0 Prof.\u00a0Dr. Szathm\u00e1ri Mikl\u00f3s, egyetemi tan\u00e1r\u00a0 E-mail: \u00a0 \u00a0 \u00a0 <a href=\"mailto:ofmi@semmelweis.hu\">ofmi@semmelweis.hu<\/a> Telefon: \u00a0 \u00a0 +36-1-459-1500\/55460 <a href=\"https:\/\/semmelweis.hu\/orvosigazgatas\/files\/2018\/08\/RS13044_KA-20120911-IMG_1085-scr.jpg\"><\/a> Az Eg\u00e9szs\u00e9g\u00fcgyi Ir\u00e1ny\u00edt\u00e1si Igazgat\u00f3s\u00e1g orvosszakmai terveivel, szak\u00e9rt\u0151i anyagaival seg\u00edti az Egyetem gy\u00f3gy\u00edt\u00f3 tev\u00e9kenys\u00e9g\u00e9hez sz\u00fcks\u00e9ges egys\u00e9ges szakmai sz\u00ednvonal kialak\u00edt\u00e1s\u00e1t. Kivitelezi a sz\u00fcks\u00e9ges centraliz\u00e1ci\u00f3s folyamatokat, k\u00f6zrem\u0171k\u00f6dik a tev\u00e9kenys\u00e9gek racionaliz\u00e1l\u00e1s\u00e1ban, vizsg\u00e1lja \u00e9s elemzi a beruh\u00e1z\u00e1sok, fejleszt\u00e9sek szakmai indokolts\u00e1g\u00e1t. Figyelemmel k\u00eds\u00e9ri a klinik\u00e1k NEAK &hellip;<\/p>\n","protected":false},"author":359,"featured_media":0,"parent":0,"menu_order":0,"comment_status":"closed","ping_status":"closed","template":"","meta":{"_acf_changed":false,"footnotes":""},"categories":[],"tags":[],"class_list":["post-67","page","type-page","status-publish","hentry"],"acf":[],"_links":{"self":[{"href":"https:\/\/semmelweis.hu\/orvosigazgatas\/wp-json\/wp\/v2\/pages\/67","targetHints":{"allow":["GET"]}}],"collection":[{"href":"https:\/\/semmelweis.hu\/orvosigazgatas\/wp-json\/wp\/v2\/pages"}],"about":[{"href":"https:\/\/semmelweis.hu\/orvosigazgatas\/wp-json\/wp\/v2\/types\/page"}],"author":[{"embeddable":true,"href":"https:\/\/semmelweis.hu\/orvosigazgatas\/wp-json\/wp\/v2\/users\/359"}],"replies":[{"embeddable":true,"href":"https:\/\/semmelweis.hu\/orvosigazgatas\/wp-json\/wp\/v2\/comments?post=67"}],"version-history":[{"count":11,"href":"https:\/\/semmelweis.hu\/orvosigazgatas\/wp-json\/wp\/v2\/pages\/67\/revisions"}],"predecessor-version":[{"id":450,"href":"https:\/\/semmelweis.hu\/orvosigazgatas\/wp-json\/wp\/v2\/pages\/67\/revisions\/450"}],"wp:attachment":[{"href":"https:\/\/semmelweis.hu\/orvosigazgatas\/wp-json\/wp\/v2\/media?parent=67"}],"wp:term":[{"taxonomy":"category","embeddable":true,"href":"https:\/\/semmelweis.hu\/orvosigazgatas\/wp-json\/wp\/v2\/categories?post=67"},{"taxonomy":"post_tag","embeddable":true,"href":"https:\/\/semmelweis.hu\/orvosigazgatas\/wp-json\/wp\/v2\/tags?post=67"}],"curies":[{"name":"wp","href":"https:\/\/api.w.org\/{rel}","templated":true}]}}