{"id":393,"date":"2019-06-19T13:04:54","date_gmt":"2019-06-19T13:04:54","guid":{"rendered":"http:\/\/semmelweis.hu\/orvosigazgatas\/?page_id=393"},"modified":"2021-08-16T06:33:04","modified_gmt":"2021-08-16T06:33:04","slug":"egeszsegugyiengedelyezesiosztaly","status":"publish","type":"page","link":"https:\/\/semmelweis.hu\/orvosigazgatas\/magunkrol\/egeszsegugyiengedelyezesiosztaly\/","title":{"rendered":"Eg\u00e9szs\u00e9g\u00fcgyi Enged\u00e9lyez\u00e9si Oszt\u00e1ly"},"content":{"rendered":"<p>Marton Andrea<\/p>\n<p>Eg\u00e9szs\u00e9g\u00fcgyi Enged\u00e9lyez\u00e9si Oszt\u00e1ly, oszt\u00e1lyvezet\u0151<\/p>\n<p>Tel.: +36 20 825 8420; +36\/1-459-1500\/55361 mell\u00e9k<\/p>\n<p>A Semmelweis Egyetem Orvosszakmai F\u0151igazgat\u00f3s\u00e1g, Eg\u00e9szs\u00e9g\u00fcgyi Ir\u00e1ny\u00edt\u00e1si Igazgat\u00f3s\u00e1g, Eg\u00e9szs\u00e9g\u00fcgyi Enged\u00e9lyez\u00e9si Oszt\u00e1lya els\u0151sorban a gy\u00f3gy\u00edt\u00f3, betegell\u00e1t\u00f3 tev\u00e9kenys\u00e9ghez sz\u00fcks\u00e9ges szakhat\u00f3s\u00e1gi enged\u00e9lyek \u00fcgyint\u00e9z\u00e9s\u00e9t, \u00e9s ehhez a tev\u00e9kenys\u00e9ghez szorosan kapcsol\u00f3d\u00f3 finansz\u00edroz\u00e1si szerz\u0151d\u00e9sek aktualiz\u00e1l\u00e1s\u00e1t v\u00e9gzi. Szoros kapcsolatot tart a m\u0171k\u00f6d\u00e9si enged\u00e9lyt kiad\u00f3 Nemzeti N\u00e9peg\u00e9szs\u00e9g\u00fcgyi K\u00f6zponttal, a helysz\u00edni hat\u00f3s\u00e1gi ellen\u0151rz\u00e9seken k\u00e9pviseli az Orvosszakmai F\u0151igazgat\u00f3s\u00e1got.<\/p>\n<p>Illet\u00e9kes minden kapacit\u00e1s-v\u00e1ltoz\u00e1st \u00e9rint\u0151 Rektori, Klinikai K\u00f6zponti, vagy klinikaigazgat\u00f3i szintr\u0151l \u00e9rkez\u0151 kezdem\u00e9nyez\u00e9s (\u00e1gysz\u00e1m-, \u00f3rasz\u00e1mv\u00e1ltoz\u00e1s, kapacit\u00e1s \u00e1tcsoportos\u00edt\u00e1s, mag\u00e1n szolg\u00e1ltat\u00e1s) jogszab\u00e1lyi k\u00f6rnyezetnek megfelel\u0151 gyakorlati kivitelez\u00e9s\u00e9ben. Feladata az akt\u00edv,- rehabilit\u00e1ci\u00f3s fekv\u0151beteg ell\u00e1t\u00e1s \u00e9s j\u00e1r\u00f3beteg szakell\u00e1t\u00e1sra vonatkoz\u00f3 aktu\u00e1lis NEAK szerz\u0151d\u00e9s szerinti \u00e1gysz\u00e1mok illetve szakrendel\u00e9si id\u0151 nyilv\u00e1ntart\u00e1sa,\u00a0 m\u00f3dos\u00edt\u00e1s eset\u00e9n az illet\u00e9kesek \u00e9rtes\u00edt\u00e9se, adatb\u00e1zis naprak\u00e9sz vezet\u00e9se.<\/p>\n<p>Akad\u00e1lyoztatott szolg\u00e1ltat\u00f3 helyettes\u00edt\u00e9s\u00e9re t\u00f6rt\u00e9n\u0151 hat\u00f3s\u00e1gi kijel\u00f6l\u00e9se eset\u00e9n ell\u00e1tja az Egyetemet \u00e9rint\u0151 bels\u0151 \u00fcgyint\u00e9z\u00e9st, t\u00e1j\u00e9koztat\u00e1st, \u00e9s tart\u00f3s fenn\u00e1ll\u00e1sa eset\u00e9n TVK\/ s\u00falysz\u00e1m ig\u00e9nyl\u00e9s\u00e9t a finansz\u00edroz\u00f3t\u00f3l.<\/p>\n<p>A Fenntart\u00f3t (a vesz\u00e9lyhelyzet ideje alatt az Orsz\u00e1gos K\u00f3rh\u00e1zi F\u0151igazgat\u00f3s\u00e1got) \u00e9rint\u0151 szakmai k\u00e9rd\u00e9sek, k\u00e9r\u00e9sek, valamint a Nemzeti Eg\u00e9szs\u00e9gbiztos\u00edt\u00e1si Alapkezel\u0151 T\u00f6bbletkapacit\u00e1s- befogad\u00e1si bizotts\u00e1g fel\u00e9 t\u00f6rt\u00e9n\u0151 k\u00e9relmek teljesk\u00f6r\u0171 \u00f6ssze\u00e1ll\u00edt\u00e1s\u00e1ban vesz r\u00e9szt.<\/p>\n<p>Egy\u00fcttm\u0171k\u00f6dik a Semmelweis Kft. m\u0171k\u00f6d\u00e9si enged\u00e9ly\u00e9vel kapcsolatos hat\u00f3s\u00e1gi \u00fcgyekben, \u00e9s ellen\u0151rz\u00e9seken.<\/p>\n<p>Feladata tov\u00e1bb\u00e1 a Eg\u00e9szs\u00e9g\u00fcgyi Ir\u00e1ny\u00edt\u00e1si Igazgat\u00f3s\u00e1g tev\u00e9kenys\u00e9g\u00e9nek k\u00f6zigazgat\u00e1si szempont\u00fa t\u00e1mogat\u00e1sa, javaslatok, jelent\u00e9sek, vezet\u0151i \u00f6sszefoglal\u00f3k, v\u00e1laszlevelek elk\u00e9sz\u00edt\u00e9se, az Igazgat\u00f3s\u00e1g munk\u00e1j\u00e1r\u00f3l sz\u00f3l\u00f3 havi kancell\u00e1ri besz\u00e1mol\u00f3 \u00f6ssze\u00e1ll\u00edt\u00e1sa.<\/p>\n<p>&nbsp;<\/p>\n","protected":false},"excerpt":{"rendered":"<p>Marton Andrea Eg\u00e9szs\u00e9g\u00fcgyi Enged\u00e9lyez\u00e9si Oszt\u00e1ly, oszt\u00e1lyvezet\u0151 Tel.: +36 20 825 8420; +36\/1-459-1500\/55361 mell\u00e9k A Semmelweis Egyetem Orvosszakmai F\u0151igazgat\u00f3s\u00e1g, Eg\u00e9szs\u00e9g\u00fcgyi Ir\u00e1ny\u00edt\u00e1si Igazgat\u00f3s\u00e1g, Eg\u00e9szs\u00e9g\u00fcgyi Enged\u00e9lyez\u00e9si Oszt\u00e1lya els\u0151sorban a gy\u00f3gy\u00edt\u00f3, betegell\u00e1t\u00f3 tev\u00e9kenys\u00e9ghez sz\u00fcks\u00e9ges szakhat\u00f3s\u00e1gi enged\u00e9lyek \u00fcgyint\u00e9z\u00e9s\u00e9t, \u00e9s ehhez a tev\u00e9kenys\u00e9ghez szorosan kapcsol\u00f3d\u00f3 finansz\u00edroz\u00e1si szerz\u0151d\u00e9sek aktualiz\u00e1l\u00e1s\u00e1t v\u00e9gzi. Szoros kapcsolatot tart a m\u0171k\u00f6d\u00e9si enged\u00e9lyt kiad\u00f3 Nemzeti N\u00e9peg\u00e9szs\u00e9g\u00fcgyi K\u00f6zponttal, a helysz\u00edni &hellip;<\/p>\n","protected":false},"author":359,"featured_media":0,"parent":67,"menu_order":0,"comment_status":"closed","ping_status":"closed","template":"","meta":{"_acf_changed":false,"footnotes":""},"categories":[],"tags":[],"class_list":["post-393","page","type-page","status-publish","hentry"],"acf":[],"_links":{"self":[{"href":"https:\/\/semmelweis.hu\/orvosigazgatas\/wp-json\/wp\/v2\/pages\/393","targetHints":{"allow":["GET"]}}],"collection":[{"href":"https:\/\/semmelweis.hu\/orvosigazgatas\/wp-json\/wp\/v2\/pages"}],"about":[{"href":"https:\/\/semmelweis.hu\/orvosigazgatas\/wp-json\/wp\/v2\/types\/page"}],"author":[{"embeddable":true,"href":"https:\/\/semmelweis.hu\/orvosigazgatas\/wp-json\/wp\/v2\/users\/359"}],"replies":[{"embeddable":true,"href":"https:\/\/semmelweis.hu\/orvosigazgatas\/wp-json\/wp\/v2\/comments?post=393"}],"version-history":[{"count":8,"href":"https:\/\/semmelweis.hu\/orvosigazgatas\/wp-json\/wp\/v2\/pages\/393\/revisions"}],"predecessor-version":[{"id":424,"href":"https:\/\/semmelweis.hu\/orvosigazgatas\/wp-json\/wp\/v2\/pages\/393\/revisions\/424"}],"up":[{"embeddable":true,"href":"https:\/\/semmelweis.hu\/orvosigazgatas\/wp-json\/wp\/v2\/pages\/67"}],"wp:attachment":[{"href":"https:\/\/semmelweis.hu\/orvosigazgatas\/wp-json\/wp\/v2\/media?parent=393"}],"wp:term":[{"taxonomy":"category","embeddable":true,"href":"https:\/\/semmelweis.hu\/orvosigazgatas\/wp-json\/wp\/v2\/categories?post=393"},{"taxonomy":"post_tag","embeddable":true,"href":"https:\/\/semmelweis.hu\/orvosigazgatas\/wp-json\/wp\/v2\/tags?post=393"}],"curies":[{"name":"wp","href":"https:\/\/api.w.org\/{rel}","templated":true}]}}