{"id":876,"date":"2016-03-25T11:23:09","date_gmt":"2016-03-25T10:23:09","guid":{"rendered":"http:\/\/semmelweis.hu\/ortopedklinika\/?page_id=876"},"modified":"2022-03-30T22:55:00","modified_gmt":"2022-03-30T20:55:00","slug":"szakkepzes-szabalyzata","status":"publish","type":"page","link":"https:\/\/semmelweis.hu\/ortopedklinika\/oktatas\/szakorvosok-szamara\/szakkepzes-szabalyzata\/","title":{"rendered":"Szakk\u00e9pz\u00e9s szab\u00e1lyzata"},"content":{"rendered":"<p style=\"text-align: justify\">Az ortop\u00e9diai \u00e9s ortop\u00e9diai-traumatol\u00f3giai k\u00f6z\u00f6s szakk\u00e9pz\u00e9sben r\u00e9sztvev\u0151 koll\u00e9g\u00e1k rendszerint minimum 10 h\u00f3napos gyakorlatot t\u00f6ltenek el Klinik\u00e1nkon. A c\u00e9lunk az, hogy a gyakorlat sor\u00e1n mind elm\u00e9leti, mind gyakorlati szempontb\u00f3l hasznos, naprak\u00e9sz ismereteket adhassunk \u00e1t. Ennek \u00e9rdek\u00e9ben a szakorvos jel\u00f6lteket teljes m\u00e9rt\u00e9kben bevonjuk a Klinika munk\u00e1j\u00e1ba, sz\u00e1mukra folyamatos gyakorlati \u00e9s elm\u00e9leti k\u00e9pz\u00e9st biztos\u00edtunk. A n\u00e1lunk t\u00f6lt\u00f6tt id\u0151 alatt a jel\u00f6ltek forg\u00f3 rendszerben 3-3 h\u00f3napot t\u00f6ltenek el egy oszt\u00e1lyon, \u00edgy az ortop\u00e9dia t\u00f6bb r\u00e9szter\u00fclet\u00e9vel is megismerkedhetnek.<br \/>\nAz elm\u00e9leti ismeretek elm\u00e9ly\u00edt\u00e9se \u00e9rdek\u00e9ben hetente egyszer tov\u00e1bbk\u00e9pz\u00e9st tartunk, melynek sor\u00e1n egy t\u00e9m\u00e1t a klinika adott ter\u00fclet\u00e9rt felel\u0151s oktat\u00f3ja seg\u00edts\u00e9g\u00e9vel a szakk\u00e9pz\u00e9sben r\u00e9sztvev\u0151 koll\u00e9ga dolgoz fel. Emellett a szakk\u00e9pz\u00e9sben r\u00e9sztvev\u0151 koll\u00e9g\u00e1k akt\u00edv jelenl\u00e9te fontos a Klinika szerda d\u00e9lut\u00e1nonk\u00e9nt tartott tudom\u00e1nyos \u00fcl\u00e9sein is.<br \/>\nA gyakorlati ismeretek megszerz\u00e9se c\u00e9lj\u00e1b\u00f3l a klinik\u00e1n elt\u00f6lt\u00f6tt id\u0151 sor\u00e1n megfelel\u0151 sz\u00e1m\u00fa, a k\u00e9pz\u00e9s id\u0151artam\u00e1val ar\u00e1nyos mennyis\u00e9g\u0171 m\u0171t\u00e9ti \u00e9s nem m\u0171t\u00e9ti beavatkoz\u00e1st biztos\u00edtunk a k\u00e9pz\u00e9sben r\u00e9sztvev\u0151k sz\u00e1m\u00e1ra. A megfelel\u0151 min\u0151s\u00e9g\u0171 oktat\u00f3 munka v\u00e9gz\u00e9s\u00e9hez elengedhetetlen a szakorvos jel\u00f6ltek folymatos jelenl\u00e9te a klinik\u00e1n.<\/p>\n<p style=\"text-align: justify\">Amennyiben \u00d6n szakk\u00e9pz\u00e9sben szeretne r\u00e9szt venni Klinik\u00e1nkon, k\u00e9rj\u00fck jelentkezzen dr. Skaliczki G\u00e1born\u00e1l!<\/p>\n<p style=\"text-align: justify\">A szakk\u00e9pz\u00e9s r\u00e9szletes szab\u00e1lyoz\u00e1s\u00e1t al\u00e1bb olvashatj\u00e1k:<\/p>\n<p style=\"text-align: justify\">A SEMMELWEIS EGYETEM ORTOP\u00c9DIAI KLINIKA SZAB\u00c1LYZATA A SZAKK\u00c9PZ\u00c9SBEN R\u00c9SZTVEV\u0150K SZ\u00c1M\u00c1RA<\/p>\n<p style=\"text-align: justify\">1. A szakk\u00e9pz\u00e9s id\u0151tartam\u00e1t \u00e9s hely\u00e9t az Egyetem d\u00e9k\u00e1nja, ill. a Szakk\u00e9pz\u00e9si Gr\u00e9mium eln\u00f6ke hat\u00e1rozza meg.<\/p>\n<p style=\"text-align: justify\">2. A szakk\u00e9pz\u00e9s megkezd\u00e9sekor a rezidensk\u00e9pz\u00e9s\u00e9rt felel\u0151s oktat\u00f3 beosztja a r\u00e9sztvev\u0151ket a Klinika illetve esetenk\u00e9nt k\u00fcls\u0151 akkredit\u00e1lt k\u00e9pz\u0151helyek oszt\u00e1lyaira rot\u00e1ci\u00f3s rendszerben.<\/p>\n<p style=\"text-align: justify\">3. A k\u00e9pz\u00e9s\u00e9rt felel\u0151s oktat\u00f3 k\u00f6teles a szakk\u00e9pz\u00e9sben r\u00e9sztvev\u0151 koll\u00e9ga \u00e9rkez\u00e9sekor a klinika szakk\u00e9pz\u00e9si leckek\u00f6nyv\u00e9t \u00e1tadni. Ez tartalmazza a szakk\u00e9pz\u00e9s szab\u00e1lyzat\u00e1t, valamint a k\u00e9pz\u00e9s teljes id\u0151tartam\u00e1ra vonatkoz\u00f3 r\u00e9szletes munkatervet. A k\u00e9pz\u00e9s eszerint a munkaterv szerint fog haladni. V\u00e1ltoztat\u00e1st csak kifejezetten indokolt esetben, \u00edr\u00e1sban lehet k\u00e9rni.<\/p>\n<p style=\"text-align: justify\">4. A szakk\u00e9pz\u00e9s id\u0151tartama alatt a koll\u00e9ga k\u00f6teles teljes munkaid\u0151ben bekapcsol\u00f3dni az Int\u00e9zet munk\u00e1j\u00e1ba. Ez vonatkozik a reggeli \u00e9s d\u00e9lut\u00e1ni oszt\u00e1lyos vizitekre, a j\u00e1r\u00f3beteg ambulanci\u00e1n v\u00e9gzett munk\u00e1ra, a m\u0171t\u00e9ti tev\u00e9kenys\u00e9gre, a betegekkel kapcsolatos dokument\u00e1ci\u00f3s munka v\u00e9gz\u00e9s\u00e9re, a reggeli professzori vizitekre, a szerdai tudom\u00e1nyos- \u00e9s a cs\u00fct\u00f6rt\u00f6ki rezidensk\u00e9pz\u00e9si \u00e9rtekezleteken val\u00f3 r\u00e9szv\u00e9telre is.<\/p>\n<p style=\"text-align: justify\">5. A Klinika r\u00e9szlegein a szakk\u00e9pz\u00e9sben r\u00e9sztvev\u0151 koll\u00e9g\u00e1k saj\u00e1t k\u00f3rtermet kapnak, ami\u00e9rt felel\u0151sek. A k\u00f3rteremben lev\u0151 betegek refer\u00e1l\u00e1sa a reggeli professzori viziteken a koll\u00e9g\u00e1k feladata.<\/p>\n<p style=\"text-align: justify\">6. A szakk\u00e9pz\u00e9s ideje alatt a koll\u00e9ga akt\u00edvan r\u00e9szt vesz annak az oszt\u00e1lynak a medikus oktat\u00f3 munk\u00e1j\u00e1ban, ahol \u00e9ppen gyakorlat\u00e1t t\u00f6lti.<\/p>\n<p style=\"text-align: justify\">7. A szakk\u00e9pz\u00e9s min\u0151s\u00e9g\u00e9nek megfelel\u0151 szintje miatt elengedhetetlen a folyamatos munka, \u00edgy heti egy szakmai nap miatti t\u00e1voll\u00e9t enged\u00e9lyezett. Amennyiben enn\u00e9l t\u00f6bb a hi\u00e1nyz\u00e1s, \u00fagy a k\u00e9pz\u00e9s ar\u00e1nyosan meghosszabbodik, ill. a leckek\u00f6nyv nem ker\u00fcl al\u00e1\u00edr\u00e1sra. A teljes k\u00e9pz\u00e9s \u00e9s az al\u00e1\u00edrt leckek\u00f6nyv a szakvizsg\u00e1ra bocs\u00e1that\u00f3s\u00e1g f\u0151 felt\u00e9tele.<\/p>\n<p style=\"text-align: justify\">8. A szakk\u00e9pz\u00e9sben l\u00e9v\u0151 koll\u00e9ga teljes\u00edtm\u00e9ny-igazol\u00e1sa szakk\u00e9pz\u00e9si leckek\u00f6nyvben t\u00f6rt\u00e9nik folyamatosan. A teljes gyakorlat v\u00e9gezt\u00e9vel a szakk\u00e9pz\u00e9si leckek\u00f6nyvet be kell mutatni a Klinika igazgat\u00f3j\u00e1nak, aki a gyakorlatot al\u00e1\u00edr\u00e1s\u00e1val ekkor hitelesti. A hiteles\u00edt\u00e9s felt\u00e9tele, hogy a kil\u00e9p\u00e9ssel kapcsolatos \u00fcgyek is el legyenek int\u00e9zve (szakk\u00f6nyv, \u00f6lt\u00f6z\u0151szekr\u00e9nykulcs, munkaruh\u00e1zat lead\u00e1sa). Ut\u00f3lagos al\u00e1\u00edr\u00e1s nincs.<br \/>\n9. A k\u00e9pz\u00e9s sor\u00e1n a Klinika r\u00e9szlegein dolgoz\u00f3 szakorvosok a szakk\u00e9pz\u00e9sben r\u00e9sztvev\u0151knek naprak\u00e9sz elm\u00e9leti \u00e9s gyakorlati tud\u00e1stanyagot adnak. A gyakorlati ismeretek elm\u00e9ly\u00edt\u00e9se \u00e9rdek\u00e9ben minden r\u00e9szleg k\u00f6teles megfelel\u0151 sz\u00e1m\u00fa konzervat\u00edv beavatkoz\u00e1st (r\u00f6gz\u00edt\u0151 k\u00f6t\u00e9sek felhelyez\u00e9se, gipszel\u00e9s, sz\u0171r\u0151vizsg\u00e1latok, injecti\u00f3k bead\u00e1sa, stb.) \u00e9s m\u0171t\u00e9tet biztos\u00edtani.<\/p>\n<p style=\"text-align: justify\">K\u00e9rem a fentiek tudom\u00e1sulv\u00e9tel\u00e9t.<\/p>\n<p style=\"text-align: justify\">Prof. Dr. Szendr\u0151i Mikl\u00f3s<br \/>\nSzakk\u00e9pz\u00e9si gr\u00e9mium eln\u00f6ke<\/p>\n<p style=\"text-align: justify\">Dr. Skaliczki G\u00e1bor<br \/>\nk\u00e9pz\u00e9s\u00e9rt felel\u0151s oktat\u00f3<\/p>\n","protected":false},"excerpt":{"rendered":"<p>Az ortop\u00e9diai \u00e9s ortop\u00e9diai-traumatol\u00f3giai k\u00f6z\u00f6s szakk\u00e9pz\u00e9sben r\u00e9sztvev\u0151 koll\u00e9g\u00e1k rendszerint minimum 10 h\u00f3napos gyakorlatot t\u00f6ltenek el Klinik\u00e1nkon. A c\u00e9lunk az, hogy a gyakorlat sor\u00e1n mind elm\u00e9leti, mind gyakorlati szempontb\u00f3l hasznos, naprak\u00e9sz ismereteket adhassunk \u00e1t. Ennek \u00e9rdek\u00e9ben a szakorvos jel\u00f6lteket teljes m\u00e9rt\u00e9kben bevonjuk a Klinika munk\u00e1j\u00e1ba, sz\u00e1mukra folyamatos gyakorlati \u00e9s elm\u00e9leti k\u00e9pz\u00e9st biztos\u00edtunk. A n\u00e1lunk t\u00f6lt\u00f6tt id\u0151 &hellip;<\/p>\n","protected":false},"author":363,"featured_media":0,"parent":248,"menu_order":1,"comment_status":"closed","ping_status":"closed","template":"","meta":{"_acf_changed":false,"footnotes":""},"categories":[],"tags":[],"class_list":["post-876","page","type-page","status-publish","hentry"],"acf":[],"_links":{"self":[{"href":"https:\/\/semmelweis.hu\/ortopedklinika\/wp-json\/wp\/v2\/pages\/876","targetHints":{"allow":["GET"]}}],"collection":[{"href":"https:\/\/semmelweis.hu\/ortopedklinika\/wp-json\/wp\/v2\/pages"}],"about":[{"href":"https:\/\/semmelweis.hu\/ortopedklinika\/wp-json\/wp\/v2\/types\/page"}],"author":[{"embeddable":true,"href":"https:\/\/semmelweis.hu\/ortopedklinika\/wp-json\/wp\/v2\/users\/363"}],"replies":[{"embeddable":true,"href":"https:\/\/semmelweis.hu\/ortopedklinika\/wp-json\/wp\/v2\/comments?post=876"}],"version-history":[{"count":2,"href":"https:\/\/semmelweis.hu\/ortopedklinika\/wp-json\/wp\/v2\/pages\/876\/revisions"}],"predecessor-version":[{"id":2404,"href":"https:\/\/semmelweis.hu\/ortopedklinika\/wp-json\/wp\/v2\/pages\/876\/revisions\/2404"}],"up":[{"embeddable":true,"href":"https:\/\/semmelweis.hu\/ortopedklinika\/wp-json\/wp\/v2\/pages\/248"}],"wp:attachment":[{"href":"https:\/\/semmelweis.hu\/ortopedklinika\/wp-json\/wp\/v2\/media?parent=876"}],"wp:term":[{"taxonomy":"category","embeddable":true,"href":"https:\/\/semmelweis.hu\/ortopedklinika\/wp-json\/wp\/v2\/categories?post=876"},{"taxonomy":"post_tag","embeddable":true,"href":"https:\/\/semmelweis.hu\/ortopedklinika\/wp-json\/wp\/v2\/tags?post=876"}],"curies":[{"name":"wp","href":"https:\/\/api.w.org\/{rel}","templated":true}]}}