{"id":844,"date":"2016-03-21T08:46:56","date_gmt":"2016-03-21T07:46:56","guid":{"rendered":"http:\/\/semmelweis.hu\/ortopedklinika\/?page_id=844"},"modified":"2024-09-05T21:27:45","modified_gmt":"2024-09-05T19:27:45","slug":"tetelsor","status":"publish","type":"page","link":"https:\/\/semmelweis.hu\/ortopedklinika\/oktatas\/hallgatoink-figyelmebe\/tetelsor\/","title":{"rendered":"T\u00e9telsor (2024\/2025-\u00f6s tan\u00e9v)"},"content":{"rendered":"<div class=\"projektTXT\">\n<div id=\"tab_2_data\" class=\"tab_content\">\n<p style=\"text-align: justify\">Ez\u00faton h\u00edvjuk fel a figyelmet arra, hogy a t\u00e9telsor tanul\u00e1si seg\u00e9dlet, ir\u00e1nymutat\u00e1s az <strong>ORTOP\u00c9DIA<\/strong> tant\u00e1rgy vizsg\u00e1j\u00e1hoz, az<strong> \u00edr\u00e1sbeli tesztvizsga<\/strong> sor\u00e1n az <strong>el\u0151ad\u00e1sok, a gyakorlatok \u00e9s az ORTOP\u00c9DIA tank\u00f6nyv<\/strong> teljes anyag\u00e1b\u00f3l lehetnek k\u00e9rd\u00e9sek.<\/p>\n<p>&nbsp;<\/p>\n<p style=\"text-align: justify\">1.1. Gyakoribb ortop\u00e9diai m\u0171t\u00e9tek (l\u00e1gyr\u00e9sz-, csontm\u0171t\u00e9tek, \u00edz\u00fcletek m\u0171t\u00e9tei, arthroplastic\u00e1k, -desisek).<br \/>\n1.2. Osteomyelitisek (nem specifikus, akut, kr\u00f3nikus).<br \/>\n1.3. Arthritisek (arthritis serosa, serofibrinosa, purulenta: ok, kezel\u00e9s).<br \/>\n1.4. Osteomyelitis tuberculosa, arthritis tubercolosa.<br \/>\n1.5. J\u00f3indulat\u00fa csonttumorok<br \/>\n1.6. Tumorszer\u0171 csontelv\u00e1ltoz\u00e1sok<br \/>\n1.7. \u00d3ri\u00e1ssejtes csonttumor<br \/>\n1.8. Malignus osteogeneticus csontdaganatok<br \/>\n1.9. Chondrosarcom\u00e1k<br \/>\n1.10. Ewing sarcoma<br \/>\n1.11. Csont metastasisok diagnosztik\u00e1ja, kezel\u00e9si elvei<\/p>\n<p>&nbsp;<\/p>\n<p style=\"font-weight: 400\">2.1. Torticollis, mellkasdeformit\u00e1sok<br \/>\n2.2. Nyak \u00e9s v\u00e1ll\u00f6v fejl\u0151d\u00e9si rendelleness\u00e9gei (Klippel-Feil sy., Sprengel-f\u00e9le deformit\u00e1s, nyaki borda)<br \/>\n2.3. Sz\u00fclet\u00e9si fels\u0151v\u00e9gtag-b\u00e9nul\u00e1s (paralysis obstetricalis)<br \/>\n2.4. Scoliosis<br \/>\n2.5. Scheuermann betegs\u00e9g (kyphosis dorsalis adolescentium)<br \/>\n2.6. Perthes betegs\u00e9g (osteochondritis deformans juvenilis coxae)<br \/>\n2.7. Velesz\u00fcletett cs\u00edp\u0151ficam \u00e9s dysplasia<br \/>\n2.8. Epiphyseolysis capitis femoris juvenilis<br \/>\n2.9. A l\u00e1b velesz\u00fcletett deformit\u00e1sai \u00a0 \u00a0 \u00a0 \u00a0 \u00a0 \u00a0 \u00a0 \u00a0 \u00a0 \u00a0 \u00a0 \u00a0 \u00a0 \u00a0 \u00a0 \u00a0 \u00a0 \u00a0 \u00a0 \u00a0 \u00a0 \u00a0 \u00a0 \u00a0 \u00a0 \u00a0 \u00a0 \u00a0 \u00a0 \u00a0 \u00a0 \u00a0 \u00a0 \u00a0 \u00a0 \u00a0 \u00a0 \u00a0 \u00a0 \u00a0 \u00a0 2.10. Meningocele, meningomyelocele, myelodysplasia<br \/>\n2.11. Infantilis cerebralis paresis<br \/>\n2.12. Izomdystropathi\u00e1k (Dystrophia musculorum progressiva, neurogen izomarthrophia, arthrogryposis)<br \/>\n2.13. Gyakoribb csontdysplasi\u00e1k \u00a0 \u00a0 \u00a0 \u00a0 \u00a0 \u00a0 \u00a0 \u00a0 \u00a0 \u00a0 \u00a0 \u00a0 \u00a0 \u00a0 \u00a0 \u00a0 \u00a0 \u00a0 \u00a0 \u00a0 \u00a0 \u00a0 \u00a0 \u00a0 \u00a0 \u00a0 \u00a0 \u00a0 \u00a0 \u00a0 \u00a0 \u00a0 \u00a0 \u00a0 \u00a0 \u00a0 \u00a0 \u00a0 \u00a0 \u00a0 \u00a0 \u00a0 \u00a0 \u00a0 2.14. Gyermekkori asepticus csontnecrosisok (juvenilis osteochondrosisok) \u00a0 \u00a0 \u00a0 \u00a0 \u00a0 <span style=\"font-weight: 400\">2.15. Epiphyseodesisek, v\u00e9gtaghosszabb\u00edt\u00e1s<\/span><\/p>\n<p>&nbsp;<\/p>\n<p style=\"text-align: justify\">3.1. A gerinc degenerat\u00edv betegs\u00e9gei<br \/>\n3.2. Subacromialis impingement, rot\u00e1tork\u00f6peny s\u00e9r\u00fcl\u00e9s<br \/>\n3.3. V\u00e1ll\u00edz\u00fcleti instabilit\u00e1s, v\u00e1llficam<br \/>\n3.4. K\u00f6ny\u00f6k \u00e9s alkar ortop\u00e9d betegs\u00e9gei (epicondylitis humeri, arthritis def. cubiti, radioulnaris synostosis, az alkar \u00e9s a k\u00e9z Volkmann f\u00e9le ischaemi\u00e1s contrctur\u00e1ja)<br \/>\n3.5. Csukl\u00f3 arthrosis, pattan\u00f3 ujj, Dupuytren-contractura<br \/>\n3.6. Coxarthrosis (okai, r\u00f6ntgen, konzervat\u00edv \u00e9s m\u0171t\u00e9ti kezel\u00e9sek)<br \/>\n3.7. Patellaficam form\u00e1i, kezel\u00e9s<br \/>\n3.8. T\u00e9rd arthrosis (okai, r\u00f6ntgen, konzervat\u00edv \u00e9s m\u0171t\u00e9ti kezel\u00e9sek)<br \/>\n3.9. Meniscus s\u00e9r\u00fcl\u00e9sek (diagnosztika, kezel\u00e9s, arthroscopia)<br \/>\n3.10. Osteochondritis dissecans, M. Schlatter-Osgood<br \/>\n3.11. T\u00e9rd\u00edz\u00fcleti folyad\u00e9kgy\u00fclem<br \/>\n3.12. Pes planus, planovalgus, metatarsalgia<br \/>\n3.13. Hallux valgus, hallux rigidus, digitus malleus<br \/>\n3.14. Sudeck dystrophia (ok, pathomechanizmus, kezel\u00e9s)<br \/>\n3.15. Bechterew-k\u00f3r (spondylarthritis ankylopoetica)<\/p>\n<\/div>\n<p style=\"text-align: justify\">\u00a0<\/p>\n<\/div>\n<div style=\"clear: both\">\n<div style=\"clear: both;text-align: justify\">\u00a0<\/div>\n<\/div>\n","protected":false},"excerpt":{"rendered":"<p>Ez\u00faton h\u00edvjuk fel a figyelmet arra, hogy a t\u00e9telsor tanul\u00e1si seg\u00e9dlet, ir\u00e1nymutat\u00e1s az ORTOP\u00c9DIA tant\u00e1rgy vizsg\u00e1j\u00e1hoz, az \u00edr\u00e1sbeli tesztvizsga sor\u00e1n az el\u0151ad\u00e1sok, a gyakorlatok \u00e9s az ORTOP\u00c9DIA tank\u00f6nyv teljes anyag\u00e1b\u00f3l lehetnek k\u00e9rd\u00e9sek. &nbsp; 1.1. Gyakoribb ortop\u00e9diai m\u0171t\u00e9tek (l\u00e1gyr\u00e9sz-, csontm\u0171t\u00e9tek, \u00edz\u00fcletek m\u0171t\u00e9tei, arthroplastic\u00e1k, -desisek). 1.2. Osteomyelitisek (nem specifikus, akut, kr\u00f3nikus). 1.3. Arthritisek (arthritis serosa, serofibrinosa, purulenta: &hellip;<\/p>\n","protected":false},"author":363,"featured_media":0,"parent":1677,"menu_order":1,"comment_status":"closed","ping_status":"closed","template":"","meta":{"_acf_changed":false,"footnotes":""},"categories":[],"tags":[],"class_list":["post-844","page","type-page","status-publish","hentry"],"acf":[],"_links":{"self":[{"href":"https:\/\/semmelweis.hu\/ortopedklinika\/wp-json\/wp\/v2\/pages\/844","targetHints":{"allow":["GET"]}}],"collection":[{"href":"https:\/\/semmelweis.hu\/ortopedklinika\/wp-json\/wp\/v2\/pages"}],"about":[{"href":"https:\/\/semmelweis.hu\/ortopedklinika\/wp-json\/wp\/v2\/types\/page"}],"author":[{"embeddable":true,"href":"https:\/\/semmelweis.hu\/ortopedklinika\/wp-json\/wp\/v2\/users\/363"}],"replies":[{"embeddable":true,"href":"https:\/\/semmelweis.hu\/ortopedklinika\/wp-json\/wp\/v2\/comments?post=844"}],"version-history":[{"count":10,"href":"https:\/\/semmelweis.hu\/ortopedklinika\/wp-json\/wp\/v2\/pages\/844\/revisions"}],"predecessor-version":[{"id":3473,"href":"https:\/\/semmelweis.hu\/ortopedklinika\/wp-json\/wp\/v2\/pages\/844\/revisions\/3473"}],"up":[{"embeddable":true,"href":"https:\/\/semmelweis.hu\/ortopedklinika\/wp-json\/wp\/v2\/pages\/1677"}],"wp:attachment":[{"href":"https:\/\/semmelweis.hu\/ortopedklinika\/wp-json\/wp\/v2\/media?parent=844"}],"wp:term":[{"taxonomy":"category","embeddable":true,"href":"https:\/\/semmelweis.hu\/ortopedklinika\/wp-json\/wp\/v2\/categories?post=844"},{"taxonomy":"post_tag","embeddable":true,"href":"https:\/\/semmelweis.hu\/ortopedklinika\/wp-json\/wp\/v2\/tags?post=844"}],"curies":[{"name":"wp","href":"https:\/\/api.w.org\/{rel}","templated":true}]}}