{"id":700,"date":"2016-04-01T14:26:18","date_gmt":"2016-04-01T12:26:18","guid":{"rendered":"http:\/\/semmelweis.hu\/ortopedklinika\/?p=700"},"modified":"2025-06-14T01:07:48","modified_gmt":"2025-06-13T23:07:48","slug":"betegelojegyzes","status":"publish","type":"page","link":"https:\/\/semmelweis.hu\/ortopedklinika\/betegeknek\/betegelojegyzes\/","title":{"rendered":"Ambul\u00e1ns betegel\u0151jegyz\u00e9s"},"content":{"rendered":"<p>&nbsp;<\/p>\n<div class=\"keretes w-100\">\n<p style=\"font-weight: 400\"><strong>Ambul\u00e1ns vizsg\u00e1lataink<\/strong> kiz\u00e1r\u00f3lag <strong>el\u0151zetes bejelentkez\u00e9s alapj\u00e1n<\/strong> vehet\u0151k ig\u00e9nybe, amelyet az al\u00e1bbi el\u00e9rhet\u0151s\u00e9gek egyik\u00e9n tehet meg:<\/p>\n<p style=\"padding-left: 40px\">Telefonsz\u00e1m: +36-1-209-3355<\/p>\n<p style=\"padding-left: 40px\">E-mail:\u00a0<b><a href=\"mailto:ortopedia.elojegyzes@semmelweis.hu\">ortopedia.elojegyzes@semmelweis.hu<\/a><\/b><\/p>\n<p><b>Szem\u00e9lyes id\u0151pontk\u00e9r\u00e9s:<\/b><\/p>\n<ul>\n<li><b>H\u00e9tf\u0151n, szerd\u00e1n \u00e9s p\u00e9nteken 9-12 \u00f3ra k\u00f6z\u00f6tt a Mer\u00e9nyi K\u00f3rh\u00e1z telephelyen<\/b><\/li>\n<li><b>Vizsg\u00e1laton r\u00e9sztvev\u0151, kontroll id\u0151pontot k\u00e9r\u0151 betegeink aznap a helysz\u00ednen tudnak id\u0151pontot k\u00e9rni.<\/b><\/li>\n<\/ul>\n<p><b>Tumorseb\u00e9szeti rendel\u00e9s\u00fcnkre h\u00e9tf\u0151t\u0151l p\u00e9ntekig 10-12 \u00f3ra k\u00f6z\u00f6tt a 06-20-333-8647-es telefonsz\u00e1mon, illetve az <a href=\"mailto:ortopedia.elojegyzes@semmelweis.hu\">ortopedia.elojegyzes@semmelweis.hu<\/a><a href=\"mailto:idopontambulancia@gmail.com\">\u00a0<\/a>email c\u00edmen tudnak id\u0151pontot k\u00e9rni. <\/b><\/p>\n<p><b><span data-sheets-root=\"1\">K\u00e9rj\u00fck, hogy level\u00e9hez sz\u00edveskedjenek csatolni a beutal\u00f3t, valamint a rendelkez\u00e9sre \u00e1ll\u00f3 kor\u00e1bbi orvosi leleteket!<\/span><\/b><\/p>\n<\/div>\n<p style=\"font-weight: 400\"><strong>A vizsg\u00e1latra \u00e9rkez\u0151 betegeinket<\/strong> k\u00e9rj\u00fck, hogy \u00e9rkez\u00e9skor el\u0151sz\u00f6r a <strong>betegir\u00e1ny\u00edt\u00f3 pultn\u00e1l<\/strong> sz\u00edveskedjenek jelentkezni, ahol munkat\u00e1rsaink a megfelel\u0151 ambulanci\u00e1ra ir\u00e1ny\u00edtj\u00e1k \u00d6n\u00f6ket.<\/p>\n<p style=\"font-weight: 400\">Felh\u00edvjuk sz\u00edves figyelm\u00fcket, hogy klinik\u00e1nkon az ell\u00e1t\u00e1s <strong>nem \u00e9rkez\u00e9si sorrendben<\/strong>, hanem <strong>szakmai s\u00fcrg\u0151ss\u00e9gi \u00e9s el\u0151jegyz\u00e9si szempontok szerint<\/strong> t\u00f6rt\u00e9nik. Meg\u00e9rt\u00e9s\u00fcket \u00e9s t\u00fcrelm\u00fcket ez\u00faton is k\u00f6sz\u00f6nj\u00fck.<\/p>\n<p style=\"font-weight: 400\"><strong>A bejelentkez\u00e9shez az al\u00e1bbi eredeti dokumentumokat k\u00e9rj\u00fck bemutatni<\/strong> (f\u00e9nym\u00e1solat \u00e9s digit\u00e1lis fot\u00f3 nem elfogadhat\u00f3):<\/p>\n<ul style=\"font-weight: 400\">\n<li>Szem\u00e9lyi igazolv\u00e1ny<\/li>\n<li>TAJ-k\u00e1rtya<\/li>\n<li>Lakc\u00edmk\u00e1rtya<\/li>\n<li><strong>Beutal\u00f3<\/strong> (h\u00e1ziorvosi vagy szakorvosi):<\/li>\n<li><strong>Beutal\u00f3 kontrollvizsg\u00e1latra \u00e9rkez\u0151 betegeink<\/strong> eset\u00e9ben is sz\u00fcks\u00e9ges, <strong>ha az utols\u00f3 megjelen\u00e9s \u00f3ta t\u00f6bb, mint egy \u00e9v telt el<\/strong>.<\/li>\n<\/ul>\n<h4>Tov\u00e1bbi telefonsz\u00e1mok:<\/h4>\n<ul style=\"list-style-type: square\">\n<li style=\"text-align: justify\"><strong>Professzori Titk\u00e1rs\u00e1g: \u00a0<\/strong>+36 1 459-1500\/61929 \/ 61930<\/li>\n<li style=\"text-align: justify\"><strong>Felv\u00e9teli iroda <\/strong>+36 20 666 3658 (kiz\u00e1r\u00f3lag beutal\u00f3 p\u00f3tl\u00e1s c\u00e9lj\u00e1b\u00f3l h\u00edvhat\u00f3)<\/li>\n<li style=\"text-align: justify\"><strong>I. Oszt\u00e1ly: <\/strong>+36 1 459-1500<\/li>\n<li style=\"text-align: justify\"><strong>II. Oszt\u00e1ly:\u00a0<\/strong>+36 1 459-1500<\/li>\n<li style=\"text-align: justify\"><strong>Gyermekoszt\u00e1ly:\u00a0<\/strong>+36 1 459-1500<\/li>\n<li style=\"text-align: justify\"><strong>Gy\u00f3gytorna <\/strong>+36 1 459-1500\/61923<\/li>\n<\/ul>\n","protected":false},"excerpt":{"rendered":"<p>&nbsp; Ambul\u00e1ns vizsg\u00e1lataink kiz\u00e1r\u00f3lag el\u0151zetes bejelentkez\u00e9s alapj\u00e1n vehet\u0151k ig\u00e9nybe, amelyet az al\u00e1bbi el\u00e9rhet\u0151s\u00e9gek egyik\u00e9n tehet meg: Telefonsz\u00e1m: +36-1-209-3355 E-mail:\u00a0 <a href=\"mailto:ortopedia.elojegyzes@semmelweis.hu\">ortopedia.elojegyzes@semmelweis.hu<\/a> Szem\u00e9lyes id\u0151pontk\u00e9r\u00e9s: H\u00e9tf\u0151n, szerd\u00e1n \u00e9s p\u00e9nteken 9-12 \u00f3ra k\u00f6z\u00f6tt a Mer\u00e9nyi K\u00f3rh\u00e1z telephelyen Vizsg\u00e1laton r\u00e9sztvev\u0151, kontroll id\u0151pontot k\u00e9r\u0151 betegeink aznap a helysz\u00ednen tudnak id\u0151pontot k\u00e9rni. Tumorseb\u00e9szeti rendel\u00e9s\u00fcnkre h\u00e9tf\u0151t\u0151l p\u00e9ntekig 10-12 \u00f3ra k\u00f6z\u00f6tt a 06-20-333-8647-es telefonsz\u00e1mon, illetve &hellip;<\/p>\n","protected":false},"author":363,"featured_media":0,"parent":421,"menu_order":1,"comment_status":"closed","ping_status":"closed","template":"","meta":{"_acf_changed":false,"footnotes":""},"categories":[1],"tags":[],"class_list":["post-700","page","type-page","status-publish","hentry","category-hirek"],"acf":[],"_links":{"self":[{"href":"https:\/\/semmelweis.hu\/ortopedklinika\/wp-json\/wp\/v2\/pages\/700","targetHints":{"allow":["GET"]}}],"collection":[{"href":"https:\/\/semmelweis.hu\/ortopedklinika\/wp-json\/wp\/v2\/pages"}],"about":[{"href":"https:\/\/semmelweis.hu\/ortopedklinika\/wp-json\/wp\/v2\/types\/page"}],"author":[{"embeddable":true,"href":"https:\/\/semmelweis.hu\/ortopedklinika\/wp-json\/wp\/v2\/users\/363"}],"replies":[{"embeddable":true,"href":"https:\/\/semmelweis.hu\/ortopedklinika\/wp-json\/wp\/v2\/comments?post=700"}],"version-history":[{"count":12,"href":"https:\/\/semmelweis.hu\/ortopedklinika\/wp-json\/wp\/v2\/pages\/700\/revisions"}],"predecessor-version":[{"id":3528,"href":"https:\/\/semmelweis.hu\/ortopedklinika\/wp-json\/wp\/v2\/pages\/700\/revisions\/3528"}],"up":[{"embeddable":true,"href":"https:\/\/semmelweis.hu\/ortopedklinika\/wp-json\/wp\/v2\/pages\/421"}],"wp:attachment":[{"href":"https:\/\/semmelweis.hu\/ortopedklinika\/wp-json\/wp\/v2\/media?parent=700"}],"wp:term":[{"taxonomy":"category","embeddable":true,"href":"https:\/\/semmelweis.hu\/ortopedklinika\/wp-json\/wp\/v2\/categories?post=700"},{"taxonomy":"post_tag","embeddable":true,"href":"https:\/\/semmelweis.hu\/ortopedklinika\/wp-json\/wp\/v2\/tags?post=700"}],"curies":[{"name":"wp","href":"https:\/\/api.w.org\/{rel}","templated":true}]}}