{"id":3281,"date":"2023-02-19T11:50:36","date_gmt":"2023-02-19T10:50:36","guid":{"rendered":"https:\/\/semmelweis.hu\/ortopedklinika\/?page_id=3281"},"modified":"2025-12-10T02:46:05","modified_gmt":"2025-12-10T01:46:05","slug":"erasmus-nyari-gyakorlat","status":"publish","type":"page","link":"https:\/\/semmelweis.hu\/ortopedklinika\/erasmus-nyari-gyakorlat\/","title":{"rendered":"ERASMUS ny\u00e1ri gyakorlat"},"content":{"rendered":"<p>ERASMUS p\u00e1ly\u00e1zatot nyert k\u00fclf\u00f6ldi hallgat\u00f3k r\u00e9sz\u00e9re lehet\u0151s\u00e9get biztos\u00edtunk, hogy ny\u00e1ri gyakorlatukat Klinik\u00e1nkon t\u00f6lts\u00e9k (5 f\u0151). K\u00e9rj\u00fck a hallgat\u00f3kat, hogy a jelentkez\u00e9shez a Klinik\u00e1n elt\u00f6lteni k\u00edv\u00e1nt id\u0151szak megjel\u00f6l\u00e9se mellett magyar nyelv\u0171 \u00f6n\u00e9letrajzukat \u00e9s egy motiv\u00e1ci\u00f3s levelet elk\u00fcldeni sz\u00edveskedjenek a Klinika Titk\u00e1rs\u00e1g\u00e1ra:<\/p>\n<p>titkarsag.ortopedia@semmelweis.hu<\/p>\n<p>&nbsp;<\/p>\n<p>&nbsp;<\/p>\n","protected":false},"excerpt":{"rendered":"<p>ERASMUS p\u00e1ly\u00e1zatot nyert k\u00fclf\u00f6ldi hallgat\u00f3k r\u00e9sz\u00e9re lehet\u0151s\u00e9get biztos\u00edtunk, hogy ny\u00e1ri gyakorlatukat Klinik\u00e1nkon t\u00f6lts\u00e9k (5 f\u0151). K\u00e9rj\u00fck a hallgat\u00f3kat, hogy a jelentkez\u00e9shez a Klinik\u00e1n elt\u00f6lteni k\u00edv\u00e1nt id\u0151szak megjel\u00f6l\u00e9se mellett magyar nyelv\u0171 \u00f6n\u00e9letrajzukat \u00e9s egy motiv\u00e1ci\u00f3s levelet elk\u00fcldeni sz\u00edveskedjenek a Klinika Titk\u00e1rs\u00e1g\u00e1ra:<br \/>\ntitkarsag.ortopedia@semmelweis.hu<br \/>\n&nbsp;<br \/>\n&nbsp;<\/p>\n","protected":false},"author":101896,"featured_media":0,"parent":0,"menu_order":0,"comment_status":"closed","ping_status":"closed","template":"","meta":{"_acf_changed":false,"footnotes":""},"categories":[],"tags":[],"class_list":["post-3281","page","type-page","status-publish","hentry"],"acf":[],"_links":{"self":[{"href":"https:\/\/semmelweis.hu\/ortopedklinika\/wp-json\/wp\/v2\/pages\/3281","targetHints":{"allow":["GET"]}}],"collection":[{"href":"https:\/\/semmelweis.hu\/ortopedklinika\/wp-json\/wp\/v2\/pages"}],"about":[{"href":"https:\/\/semmelweis.hu\/ortopedklinika\/wp-json\/wp\/v2\/types\/page"}],"author":[{"embeddable":true,"href":"https:\/\/semmelweis.hu\/ortopedklinika\/wp-json\/wp\/v2\/users\/101896"}],"replies":[{"embeddable":true,"href":"https:\/\/semmelweis.hu\/ortopedklinika\/wp-json\/wp\/v2\/comments?post=3281"}],"version-history":[{"count":6,"href":"https:\/\/semmelweis.hu\/ortopedklinika\/wp-json\/wp\/v2\/pages\/3281\/revisions"}],"predecessor-version":[{"id":3545,"href":"https:\/\/semmelweis.hu\/ortopedklinika\/wp-json\/wp\/v2\/pages\/3281\/revisions\/3545"}],"wp:attachment":[{"href":"https:\/\/semmelweis.hu\/ortopedklinika\/wp-json\/wp\/v2\/media?parent=3281"}],"wp:term":[{"taxonomy":"category","embeddable":true,"href":"https:\/\/semmelweis.hu\/ortopedklinika\/wp-json\/wp\/v2\/categories?post=3281"},{"taxonomy":"post_tag","embeddable":true,"href":"https:\/\/semmelweis.hu\/ortopedklinika\/wp-json\/wp\/v2\/tags?post=3281"}],"curies":[{"name":"wp","href":"https:\/\/api.w.org\/{rel}","templated":true}]}}