{"id":3197,"date":"2022-10-07T13:50:14","date_gmt":"2022-10-07T11:50:14","guid":{"rendered":"https:\/\/semmelweis.hu\/ortopedklinika\/?page_id=3197"},"modified":"2022-10-08T15:05:50","modified_gmt":"2022-10-08T13:05:50","slug":"dongalab-kezeles-ponseti-kozpont","status":"publish","type":"page","link":"https:\/\/semmelweis.hu\/ortopedklinika\/profiljaink-lista\/gyermekortopediai-profil\/dongalab-kezeles-ponseti-kozpont\/","title":{"rendered":"Dongal\u00e1b kezel\u00e9s &#8211; Ponseti K\u00f6zpont"},"content":{"rendered":"<p style=\"text-align: justify\">Szeretn\u00e9nk inform\u00e1ci\u00f3t ny\u00fajtani a kezel\u00e9sben r\u00e9szt vev\u0151 betegek, sz\u00fcleik \u00e9s az \u0151ket kezel\u0151 eg\u00e9szs\u00e9g\u00fcgyi szem\u00e9lyzet sz\u00e1m\u00e1ra a dongal\u00e1b Ponseti szerinti kezel\u00e9s\u00e9nek r\u00e9szleteir\u0151l!<\/p>\n<p style=\"text-align: justify\"><div class=\"responsive-tabs\">\n<h2 class=\"tabtitle\">Betegek, sz\u00fcl\u0151k r\u00e9sz\u00e9re<\/h2>\n<div class=\"tabcontent\">\n<\/p>\n<h2 style=\"text-align: justify\">A Ponseti technik\u00e1r\u00f3l \u00e1ltal\u00e1ban<\/h2>\n<p style=\"text-align: justify\">Klinik\u00e1nk \u00e9vtizedek \u00f3ta meghat\u00e1roz\u00f3 szerepet t\u00f6lt be a velesz\u00fcletett dongal\u00e1b kezel\u00e9s\u00e9ben (30-35 beteg\/ \u00e9v) .<br \/>\nA dongal\u00e1b kezel\u00e9se \u00fajsz\u00fcl\u00f6tt korban kezd\u0151dik. Sorozatgipsz kezel\u00e9seket alkalmazunk \u00e9s 2005 \u00f3ta Ponseti vil\u00e1gszerte elterjedt elj\u00e1r\u00e1s\u00e1nak megfelel\u0151en korai (5-12 hetes korban) 2-3 mm-es bemetsz\u00e9ssel Achilles \u00edn hosszabb\u00edt\u00e1st, majd 3 hetes ism\u00e9telt gipszr\u00f6gz\u00edt\u00e9st v\u00e9gz\u00fcnk. A m\u00f3dszerrel a csecsem\u0151k 3 h\u00f3napos kor\u00e1ra a deformit\u00e1s csaknem teljes korrekci\u00f3ja \u00e9rhet\u0151 el az esetek igen nagy sz\u00e1zal\u00e9k\u00e1ban. A tov\u00e1bbiakban az el\u00e9rt eredm\u00e9ny fenntart\u00e1sa c\u00e9lj\u00e1b\u00f3l \u00e9jszakai s\u00ednez\u00e9st haszn\u00e1lunk.<\/p>\n<p style=\"text-align: justify\">A dongal\u00e1b betegs\u00e9g saj\u00e1toss\u00e1ga a viszonylag magas ki\u00fajul\u00e1si hajlam (recid\u00edva). A 2005 \u00f3ta alkalmazott technik\u00e1val a klinik\u00e1nkon kezelt velesz\u00fcletett dongal\u00e1b recid\u00edv\u00e1it k\u00f6z\u00e9pt\u00e1v\u00fa ut\u00e1nk\u00f6vet\u00e9s mellett 20% al\u00e1 siker\u00fclt szor\u00edtanunk.<br \/>\nKi\u00faj\u00falt elv\u00e1ltoz\u00e1s eset\u00e9n a gipszkezel\u00e9s mellett elv\u00e9gezz\u00fck a sz\u00fcks\u00e9ges m\u0171t\u00e9ti beavatkoz\u00e1sokat is, ami a deformit\u00e1snak megfelel\u0151en lehet ism\u00e9telt Achilles \u00edn hosszab\u00edt\u00e1s, az el\u00fcls\u0151 s\u00edpcsonti izom in\u00e1nak \u00e1thelyez\u00e9se, az ugr\u00f3\u00edz\u00fcletek h\u00e1ts\u00f3 \u00e9s bels\u0151 szalagrendszer\u00e9nek felszabad\u00edt\u00e1sa, illetve k\u00e9s\u0151i makacs esetben az als\u00f3 ugr\u00f3\u00edz\u00fclet korrig\u00e1lt helyzet\u0171 elmerev\u00edt\u00e9se.<\/p>\n<p style=\"text-align: justify\">A dongal\u00e1b kezel\u00e9s\u00e9re kiv\u00e1l\u00f3 egy\u00fcttm\u0171k\u00f6d\u00e9st alak\u00edtottunk ki ortop\u00e9d seg\u00e9deszk\u00f6z gy\u00e1rakkal (m\u0171anyag sinezetek, ortop\u00e9d cip\u0151k), hogy betegeink sz\u00e1m\u00e1ra a legkorszer\u0171bb, a deformit\u00e1snak legink\u00e1bb megfelel\u0151 seg\u00e9deszk\u00f6z\u00f6ket viselhess\u00e9k. Jelenleg azon dolgozunk, hogy a seg\u00e9deszk\u00f6z list\u00e1n jelenleg nem szerepl\u0151, de a kezel\u00e9shez l\u00e9nyegileg hozz\u00e1tartoz\u00f3 abdukci\u00f3s s\u00ednezetet betegeink sz\u00e1m\u00e1ra t\u00e1rsadalombiztos\u00edt\u00e1ssal t\u00e1mogatott m\u00f3don is el\u00e9rhet\u0151v\u00e9 tegy\u00fck.<\/p>\n<h2>Let\u00f6lthet\u0151 dokumentumok<\/h2>\n<p><img loading=\"lazy\" decoding=\"async\" class=\"alignnone wp-image-3209 size-full\" src=\"https:\/\/semmelweis.hu\/ortopedklinika\/files\/2022\/10\/g1-scaled.jpg\" alt=\"\" width=\"2560\" height=\"1825\" srcset=\"https:\/\/semmelweis.hu\/ortopedklinika\/files\/2022\/10\/g1-scaled.jpg 2560w, https:\/\/semmelweis.hu\/ortopedklinika\/files\/2022\/10\/g1-400x285.jpg 400w, https:\/\/semmelweis.hu\/ortopedklinika\/files\/2022\/10\/g1-1024x730.jpg 1024w, https:\/\/semmelweis.hu\/ortopedklinika\/files\/2022\/10\/g1-768x547.jpg 768w, https:\/\/semmelweis.hu\/ortopedklinika\/files\/2022\/10\/g1-1536x1095.jpg 1536w, https:\/\/semmelweis.hu\/ortopedklinika\/files\/2022\/10\/g1-2048x1460.jpg 2048w, https:\/\/semmelweis.hu\/ortopedklinika\/files\/2022\/10\/g1-753x537.jpg 753w\" sizes=\"auto, (max-width: 2560px) 100vw, 2560px\" \/><\/p>\n<p><img loading=\"lazy\" decoding=\"async\" class=\"alignnone wp-image-3210 size-full\" src=\"https:\/\/semmelweis.hu\/ortopedklinika\/files\/2022\/10\/g2-scaled.jpg\" alt=\"\" width=\"2560\" height=\"1825\" srcset=\"https:\/\/semmelweis.hu\/ortopedklinika\/files\/2022\/10\/g2-scaled.jpg 2560w, https:\/\/semmelweis.hu\/ortopedklinika\/files\/2022\/10\/g2-400x285.jpg 400w, https:\/\/semmelweis.hu\/ortopedklinika\/files\/2022\/10\/g2-1024x730.jpg 1024w, https:\/\/semmelweis.hu\/ortopedklinika\/files\/2022\/10\/g2-768x547.jpg 768w, https:\/\/semmelweis.hu\/ortopedklinika\/files\/2022\/10\/g2-1536x1095.jpg 1536w, https:\/\/semmelweis.hu\/ortopedklinika\/files\/2022\/10\/g2-2048x1460.jpg 2048w, https:\/\/semmelweis.hu\/ortopedklinika\/files\/2022\/10\/g2-753x537.jpg 753w\" sizes=\"auto, (max-width: 2560px) 100vw, 2560px\" \/><\/p>\n<p><img loading=\"lazy\" decoding=\"async\" class=\"alignnone wp-image-3211 size-full\" src=\"https:\/\/semmelweis.hu\/ortopedklinika\/files\/2022\/10\/s1-scaled.jpg\" alt=\"\" width=\"2560\" height=\"1825\" srcset=\"https:\/\/semmelweis.hu\/ortopedklinika\/files\/2022\/10\/s1-scaled.jpg 2560w, https:\/\/semmelweis.hu\/ortopedklinika\/files\/2022\/10\/s1-400x285.jpg 400w, https:\/\/semmelweis.hu\/ortopedklinika\/files\/2022\/10\/s1-1024x730.jpg 1024w, https:\/\/semmelweis.hu\/ortopedklinika\/files\/2022\/10\/s1-768x547.jpg 768w, https:\/\/semmelweis.hu\/ortopedklinika\/files\/2022\/10\/s1-1536x1095.jpg 1536w, https:\/\/semmelweis.hu\/ortopedklinika\/files\/2022\/10\/s1-2048x1460.jpg 2048w, https:\/\/semmelweis.hu\/ortopedklinika\/files\/2022\/10\/s1-753x537.jpg 753w\" sizes=\"auto, (max-width: 2560px) 100vw, 2560px\" \/><\/p>\n<p><img loading=\"lazy\" decoding=\"async\" class=\"alignnone wp-image-3212 size-full\" src=\"https:\/\/semmelweis.hu\/ortopedklinika\/files\/2022\/10\/s2-scaled.jpg\" alt=\"\" width=\"2560\" height=\"1825\" srcset=\"https:\/\/semmelweis.hu\/ortopedklinika\/files\/2022\/10\/s2-scaled.jpg 2560w, https:\/\/semmelweis.hu\/ortopedklinika\/files\/2022\/10\/s2-400x285.jpg 400w, https:\/\/semmelweis.hu\/ortopedklinika\/files\/2022\/10\/s2-1024x730.jpg 1024w, https:\/\/semmelweis.hu\/ortopedklinika\/files\/2022\/10\/s2-768x547.jpg 768w, https:\/\/semmelweis.hu\/ortopedklinika\/files\/2022\/10\/s2-1536x1095.jpg 1536w, https:\/\/semmelweis.hu\/ortopedklinika\/files\/2022\/10\/s2-2048x1460.jpg 2048w, https:\/\/semmelweis.hu\/ortopedklinika\/files\/2022\/10\/s2-753x537.jpg 753w\" sizes=\"auto, (max-width: 2560px) 100vw, 2560px\" \/><\/p>\n<p style=\"text-align: justify\">\n<\/div><h2 class=\"tabtitle\">Orvosok, terapeut\u00e1k r\u00e9sz\u00e9re<\/h2>\n<div class=\"tabcontent\">\n<\/p>\n<div class=\"fontos_div\" style=\"text-align: justify\">Ha a dongal\u00e1bas gyermek kezel\u00e9s\u00e9vel kapcsolatban b\u00e1rmilyen szempontb\u00f3l k\u00e9rd\u00e9s\/k\u00e9tely mer\u00fcl fel, lehet\u0151s\u00e9get k\u00edv\u00e1nunk biztos\u00edtani szem\u00e9lyes konzult\u00e1ci\u00f3ra, telefonos vagy internetes kapcsolatfelv\u00e9telt k\u00f6vet\u0151en.\u00a0Amennyiben \u00e9rdekl\u0151dik a technika r\u00e9szletei ir\u00e1nt, tudunk seg\u00edteni abban, hogy megfigyel\u0151k\u00e9nt\/l\u00e1togat\u00f3k\u00e9nt bekapcsol\u00f3djon betegink kezel\u00e9s\u00e9be, legyen sz\u00f3 ak\u00e1r a gipsztechnik\u00e1r\u00f3l, ak\u00e1r m\u0171t\u00e9ti kezel\u00e9sr\u0151l.<\/div>\n<p style=\"text-align: left\"><\/div><\/div><\/p>\n","protected":false},"excerpt":{"rendered":"<p>Szeretn\u00e9nk inform\u00e1ci\u00f3t ny\u00fajtani a kezel\u00e9sben r\u00e9szt vev\u0151 betegek, sz\u00fcleik \u00e9s az \u0151ket kezel\u0151 eg\u00e9szs\u00e9g\u00fcgyi szem\u00e9lyzet sz\u00e1m\u00e1ra a dongal\u00e1b Ponseti szerinti kezel\u00e9s\u00e9nek r\u00e9szleteir\u0151l! A Ponseti technik\u00e1r\u00f3l \u00e1ltal\u00e1ban Klinik\u00e1nk \u00e9vtizedek \u00f3ta meghat\u00e1roz\u00f3 szerepet t\u00f6lt be a velesz\u00fcletett dongal\u00e1b kezel\u00e9s\u00e9ben (30-35 beteg\/ \u00e9v) . A dongal\u00e1b kezel\u00e9se \u00fajsz\u00fcl\u00f6tt korban kezd\u0151dik. Sorozatgipsz kezel\u00e9seket alkalmazunk \u00e9s 2005 \u00f3ta Ponseti vil\u00e1gszerte &hellip;<\/p>\n","protected":false},"author":101831,"featured_media":0,"parent":309,"menu_order":0,"comment_status":"closed","ping_status":"closed","template":"","meta":{"_acf_changed":false,"footnotes":""},"categories":[],"tags":[],"class_list":["post-3197","page","type-page","status-publish","hentry"],"acf":[],"_links":{"self":[{"href":"https:\/\/semmelweis.hu\/ortopedklinika\/wp-json\/wp\/v2\/pages\/3197","targetHints":{"allow":["GET"]}}],"collection":[{"href":"https:\/\/semmelweis.hu\/ortopedklinika\/wp-json\/wp\/v2\/pages"}],"about":[{"href":"https:\/\/semmelweis.hu\/ortopedklinika\/wp-json\/wp\/v2\/types\/page"}],"author":[{"embeddable":true,"href":"https:\/\/semmelweis.hu\/ortopedklinika\/wp-json\/wp\/v2\/users\/101831"}],"replies":[{"embeddable":true,"href":"https:\/\/semmelweis.hu\/ortopedklinika\/wp-json\/wp\/v2\/comments?post=3197"}],"version-history":[{"count":10,"href":"https:\/\/semmelweis.hu\/ortopedklinika\/wp-json\/wp\/v2\/pages\/3197\/revisions"}],"predecessor-version":[{"id":3218,"href":"https:\/\/semmelweis.hu\/ortopedklinika\/wp-json\/wp\/v2\/pages\/3197\/revisions\/3218"}],"up":[{"embeddable":true,"href":"https:\/\/semmelweis.hu\/ortopedklinika\/wp-json\/wp\/v2\/pages\/309"}],"wp:attachment":[{"href":"https:\/\/semmelweis.hu\/ortopedklinika\/wp-json\/wp\/v2\/media?parent=3197"}],"wp:term":[{"taxonomy":"category","embeddable":true,"href":"https:\/\/semmelweis.hu\/ortopedklinika\/wp-json\/wp\/v2\/categories?post=3197"},{"taxonomy":"post_tag","embeddable":true,"href":"https:\/\/semmelweis.hu\/ortopedklinika\/wp-json\/wp\/v2\/tags?post=3197"}],"curies":[{"name":"wp","href":"https:\/\/api.w.org\/{rel}","templated":true}]}}