{"id":3191,"date":"2022-10-06T14:32:10","date_gmt":"2022-10-06T12:32:10","guid":{"rendered":"https:\/\/semmelweis.hu\/ortopedklinika\/?page_id=3191"},"modified":"2025-12-10T03:03:40","modified_gmt":"2025-12-10T02:03:40","slug":"mozgasszervi-rehabilitacios-reszleg","status":"publish","type":"page","link":"https:\/\/semmelweis.hu\/ortopedklinika\/profiljaink-lista\/mozgasszervi-rehabilitacios-reszleg\/","title":{"rendered":"Mozg\u00e1sszervi rehabilit\u00e1ci\u00f3s r\u00e9szleg"},"content":{"rendered":"<p style=\"font-weight: 400\"><strong>Helysz\u00edn:\u00a0<\/strong><strong>Mer\u00e9nyi Klinikai T\u00f6mb Mozg\u00e1sszervi Rehabilit\u00e1ci\u00f3s Oszt\u00e1ly<\/strong><\/p>\n<p style=\"font-weight: 400\"><strong>1097, Budapest, Gy\u00e1li \u00fat 17-19\/ 26-os \u00e9p\u00fclet<\/strong><\/p>\n<p style=\"font-weight: 400\">\n<strong><u>F\u00f6ldszint: <\/u><\/strong><\/p>\n<table style=\"font-weight: 400\">\n<tbody>\n<tr>\n<td width=\"307\">\n<p>Betegfelv\u00e9teli pult:<\/p>\n<\/td>\n<td width=\"307\">\n<p>06-20-666-10-60<\/p>\n<\/td>\n<\/tr>\n<tr>\n<td width=\"307\">\n<p>Tornaterem:<\/p>\n<\/td>\n<td width=\"307\">\n<p>06-20-666-10-49<\/p>\n<\/td>\n<\/tr>\n<tr>\n<td width=\"307\">\n<p>Oszt\u00e1lyos Iroda:<\/p>\n<\/td>\n<td width=\"307\">\n<p>06-20-666-10-48<\/p>\n<\/td>\n<\/tr>\n<tr>\n<td width=\"307\">\n<p>Ambulancia:<\/p>\n<\/td>\n<td width=\"307\">\n<p>06-20-666-10-47<\/p>\n<\/td>\n<\/tr>\n<\/tbody>\n<\/table>\n<ol>\n<li><strong><u>Emelet<\/u><\/strong><\/li>\n<\/ol>\n<table style=\"font-weight: 400\">\n<tbody>\n<tr>\n<td width=\"307\">\n<p>N\u0151v\u00e9rpult:<\/p>\n<\/td>\n<td width=\"307\">\n<p>06-20-666-10-53<\/p>\n<\/td>\n<\/tr>\n<tr>\n<td width=\"307\">\n<p>Vizsg\u00e1l\u00f3:<\/p>\n<\/td>\n<td width=\"307\">\n<p>06-20-666-10-54<\/p>\n<\/td>\n<\/tr>\n<\/tbody>\n<\/table>\n<ol>\n<li><strong><u>Emelet:<\/u><\/strong><\/li>\n<\/ol>\n<table style=\"font-weight: 400\">\n<tbody>\n<tr>\n<td width=\"307\">\n<p>N\u0151v\u00e9rpult:<\/p>\n<\/td>\n<td width=\"307\">\n<p>06-20-666-1057<\/p>\n<\/td>\n<\/tr>\n<tr>\n<td width=\"307\">\n<p>Vizsg\u00e1l\u00f3:<\/p>\n<\/td>\n<td width=\"307\">\n<p>06-20-666-1058<\/p>\n<\/td>\n<\/tr>\n<\/tbody>\n<\/table>\n<p style=\"font-weight: 400\"><strong><u>\u00a0<\/u><\/strong><\/p>\n<p style=\"font-weight: 400\"><strong>TEV\u00c9KENYS\u00c9GI K\u00d6R:<\/strong><\/p>\n<p style=\"font-weight: 400;text-align: justify\">Nagyiz\u00fcleti endoprotetik\u00e1t k\u00f6vet\u0151 rehabilit\u00e1ci\u00f3 (cs\u00edp\u0151, t\u00e9rd, boka, v\u00e1ll prot\u00e9zis), illetve az int\u00e9zet\u00fcnkben oper\u00e1lt csonttumoros betegek rehabilit\u00e1ci\u00f3ja (pl. tumorprot\u00e9zis be\u00fcltet\u00e9se ut\u00e1n).<\/p>\n<ul style=\"font-weight: 400;text-align: justify\">\n<li>osteoporosis \u00e9s annak talaj\u00e1n bek\u00f6vetkezett csukl\u00f3t\u00e1ji, cs\u00edp\u0151t\u00e1ji, felkar \u00e9s csigolyatest t\u00f6r\u00e9sek rehabilit\u00e1ci\u00f3j\u00e1t<\/li>\n<li>STROKE-n kor\u00e1bban \u00e1tesett j\u00e1r\u00f3k\u00e9pes betegek rehabilit\u00e1ci\u00f3j\u00e1t<\/li>\n<li>bizonyos kr\u00f3nikus f\u00e1jdalommal \u00e9l\u0151 neurologiai k\u00f3rk\u00e9pek ell\u00e1t\u00e1s\u00e1t, egyes polyneuropathi\u00e1s betegek rehabilit\u00e1ci\u00f3j\u00e1t<\/li>\n<\/ul>\n<p style=\"font-weight: 400;text-align: justify\"><strong>Felv\u00e9tel kiz\u00e1r\u00f3lag el\u0151jegyz\u00e9s alapj\u00e1n t\u00f6rt\u00e9nik szakorvosi beutal\u00f3 bemutat\u00e1sa mellett.<\/strong>\u00a0<strong>Az oszt\u00e1lyra val\u00f3 felv\u00e9telt szakorvosi vizsg\u00e1lat el\u0151zi meg, amelyek alapj\u00e1n eld\u0151l, hogy a paciens alkalmas-e a rehabilit\u00e1ci\u00f3s kezel\u00e9sre \u00e9s ett\u0151l v\u00e1rhat\u00f3-e eredm\u00e9ny, \u00e1llapot\u00e1ban \u00e9rdemi javul\u00e1s.\u00a0<\/strong>Alkoholos, zavart, elhanyagolt \u00e1llapot eset\u00e9n a felv\u00e9tel megtagadhat\u00f3.<\/p>\n<p style=\"font-weight: 400\"><strong>MUNKAT\u00c1RSAINK:<\/strong><\/p>\n<p style=\"font-weight: 400;text-align: justify\"><span style=\"font-size: 14pt\"><strong>Somogyi P\u00e9ter, oszt\u00e1lyvezet\u0151 f\u0151orvos\u00a0<\/strong><\/span><\/p>\n<p style=\"font-weight: 400;text-align: justify\"><span style=\"font-size: 14pt\">ortop\u00e9dia, mozg\u00e1sszervi rehabilit\u00e1ci\u00f3, fizioter\u00e1pia, sportorvostan<\/span><\/p>\n<p style=\"font-weight: 400;text-align: justify\"><span style=\"font-size: 14pt\"><strong>M\u00e9sz\u00e1ros Tibor, klinikavezet\u0151 \u00e1pol\u00f3, oszt\u00e1lyvezet\u0151 f\u0151\u00e1pol\u00f3 <\/strong><\/span><\/p>\n<p style=\"font-weight: 400;text-align: justify\"><span style=\"font-size: 14pt\">diplom\u00e1s \u00e1pol\u00f3, eg\u00e9szs\u00e9g\u00fcgyi menedzser<\/span><\/p>\n<p style=\"font-weight: 400;text-align: justify\"><span style=\"font-size: 14pt\"><strong>Fontanini Eszter szakorvos\u00a0<\/strong><\/span><\/p>\n<p style=\"text-align: justify\"><span style=\"font-size: 14pt\">mozg\u00e1sszervi rehabilit\u00e1ci\u00f3, neurol\u00f3gia<\/span><\/p>\n<p style=\"text-align: justify\"><span style=\"font-size: 14pt\"><strong>Dudics Vince szakorvos\u00a0<\/strong><\/span><\/p>\n<p style=\"text-align: justify\"><span style=\"font-size: 14pt\">ortop\u00e9d-traumatol\u00f3gia<\/span><\/p>\n<p style=\"text-align: justify\"><span style=\"font-size: 14pt\"><strong> Tolnay R\u00e1chel (t\u00e1vol)<\/strong><\/span><\/p>\n<p style=\"text-align: justify\"><span style=\"font-size: 14pt\">mozg\u00e1sszervi rehabilit\u00e1ci\u00f3 rezidens<\/span><\/p>\n<p style=\"text-align: justify\"><span style=\"font-size: 14pt\"><strong> Acz\u00e9l D\u00f3ra<\/strong><\/span><\/p>\n<p style=\"text-align: justify\"><span style=\"font-size: 14pt\">mozg\u00e1sszervi rehabilit\u00e1ci\u00f3 rezidens<\/span><\/p>\n<p style=\"text-align: justify\"><span style=\"font-size: 14pt\"><strong>Perge Anna <\/strong><\/span><\/p>\n<p style=\"text-align: justify\"><span style=\"font-size: 14pt\">mozg\u00e1sszervi rehabilit\u00e1ci\u00f3 rezidens<\/span><\/p>\n<p style=\"text-align: justify\"><span style=\"font-size: 14pt\"><strong> Dud\u00e1s Emese (t\u00e1vol)<\/strong><\/span><\/p>\n<p style=\"text-align: justify\"><span style=\"font-size: 14pt\">ortop\u00e9d-traumatol\u00f3gia<\/span><\/p>\n<p style=\"text-align: justify\"><span style=\"font-size: 14pt\"><strong> Babi\u00e1k Lilla<\/strong><\/span><\/p>\n<p style=\"font-weight: 400;text-align: justify\"><span style=\"font-size: 14pt\">szakorvosjel\u00f6lt<\/span><\/p>\n<p style=\"font-weight: 400;text-align: justify\">\u00a0<\/p>\n<p style=\"font-weight: 400\">\u00a0<\/p>\n","protected":false},"excerpt":{"rendered":"<p>Helysz\u00edn:\u00a0Mer\u00e9nyi Klinikai T\u00f6mb Mozg\u00e1sszervi Rehabilit\u00e1ci\u00f3s Oszt\u00e1ly 1097, Budapest, Gy\u00e1li \u00fat 17-19\/ 26-os \u00e9p\u00fclet F\u00f6ldszint: Betegfelv\u00e9teli pult: 06-20-666-10-60 Tornaterem: 06-20-666-10-49 Oszt\u00e1lyos Iroda: 06-20-666-10-48 Ambulancia: 06-20-666-10-47 Emelet N\u0151v\u00e9rpult: 06-20-666-10-53 Vizsg\u00e1l\u00f3: 06-20-666-10-54 Emelet: N\u0151v\u00e9rpult: 06-20-666-1057 Vizsg\u00e1l\u00f3: 06-20-666-1058 \u00a0 TEV\u00c9KENYS\u00c9GI K\u00d6R: Nagyiz\u00fcleti endoprotetik\u00e1t k\u00f6vet\u0151 rehabilit\u00e1ci\u00f3 (cs\u00edp\u0151, t\u00e9rd, boka, v\u00e1ll prot\u00e9zis), illetve az int\u00e9zet\u00fcnkben oper\u00e1lt csonttumoros betegek rehabilit\u00e1ci\u00f3ja (pl. tumorprot\u00e9zis &hellip;<\/p>\n","protected":false},"author":101831,"featured_media":0,"parent":255,"menu_order":11,"comment_status":"closed","ping_status":"closed","template":"","meta":{"_acf_changed":false,"footnotes":""},"categories":[],"tags":[],"class_list":["post-3191","page","type-page","status-publish","hentry"],"acf":[],"_links":{"self":[{"href":"https:\/\/semmelweis.hu\/ortopedklinika\/wp-json\/wp\/v2\/pages\/3191","targetHints":{"allow":["GET"]}}],"collection":[{"href":"https:\/\/semmelweis.hu\/ortopedklinika\/wp-json\/wp\/v2\/pages"}],"about":[{"href":"https:\/\/semmelweis.hu\/ortopedklinika\/wp-json\/wp\/v2\/types\/page"}],"author":[{"embeddable":true,"href":"https:\/\/semmelweis.hu\/ortopedklinika\/wp-json\/wp\/v2\/users\/101831"}],"replies":[{"embeddable":true,"href":"https:\/\/semmelweis.hu\/ortopedklinika\/wp-json\/wp\/v2\/comments?post=3191"}],"version-history":[{"count":5,"href":"https:\/\/semmelweis.hu\/ortopedklinika\/wp-json\/wp\/v2\/pages\/3191\/revisions"}],"predecessor-version":[{"id":3548,"href":"https:\/\/semmelweis.hu\/ortopedklinika\/wp-json\/wp\/v2\/pages\/3191\/revisions\/3548"}],"up":[{"embeddable":true,"href":"https:\/\/semmelweis.hu\/ortopedklinika\/wp-json\/wp\/v2\/pages\/255"}],"wp:attachment":[{"href":"https:\/\/semmelweis.hu\/ortopedklinika\/wp-json\/wp\/v2\/media?parent=3191"}],"wp:term":[{"taxonomy":"category","embeddable":true,"href":"https:\/\/semmelweis.hu\/ortopedklinika\/wp-json\/wp\/v2\/categories?post=3191"},{"taxonomy":"post_tag","embeddable":true,"href":"https:\/\/semmelweis.hu\/ortopedklinika\/wp-json\/wp\/v2\/tags?post=3191"}],"curies":[{"name":"wp","href":"https:\/\/api.w.org\/{rel}","templated":true}]}}