{"id":314,"date":"2016-01-26T00:00:00","date_gmt":"2016-01-25T23:00:00","guid":{"rendered":"http:\/\/semmelweis.hu\/ortopedklinika\/01_profil-7\/"},"modified":"2025-02-05T13:38:41","modified_gmt":"2025-02-05T12:38:41","slug":"vall-es-konyoksebeszeti-profil","status":"publish","type":"page","link":"https:\/\/semmelweis.hu\/ortopedklinika\/profiljaink-lista\/vall-es-konyoksebeszeti-profil\/","title":{"rendered":"A v\u00e1ll- \u00e9s k\u00f6ny\u00f6kseb\u00e9szeti profil"},"content":{"rendered":"<p style=\"text-align: justify\"><span style=\"font-weight: 400\">A v\u00e1ll- \u00e9s k\u00f6ny\u00f6kseb\u00e9szeti r\u00e9szlegen t\u00f6bb, nagy tapasztalattal rendelkez\u0151, nemzetk\u00f6zileg is elismert szakorvosunk dolgozik: Dr. Antal Imre, Dr. Skaliczki G\u00e1bor \u00e9s <\/span><span style=\"font-size: 1rem\">Dr. Sallai Imre<\/span><span style=\"font-size: 1rem\">. A v\u00e1llseb\u00e9szeti profil munk\u00e1j\u00e1ban akt\u00edvan r\u00e9szt vesznek Dr. Weninger Viktor, Dr. Tulassay Eszter \u00e9s Dr. B\u00e1r\u00e1ny Tam\u00e1s rezidensek, valamint Kov\u00e1cs Be\u00e1ta \u00e9s V\u00e1rnagy Anna gy\u00f3gytorn\u00e1szok. A v\u00e1ll- \u00e9s k\u00f6ny\u00f6kseb\u00e9szeti r\u00e9szleg az \u00dcll\u0151i \u00fat 78\/b alatt, az \u00e9p\u00fclet m\u00e1sodik emelet\u00e9n tal\u00e1lhat\u00f3, metr\u00f3val megk\u00f6zel\u00edtve a Semmelweis Egyetem Klinik\u00e1k \u00e1llom\u00e1st\u00f3l \u00e9rhet\u0151 el.<\/span><\/p>\n<p style=\"text-align: justify\"><span style=\"font-weight: 400\">Klinik\u00e1nkon mindig is volt hagyom\u00e1nya a v\u00e1ll- \u00e9s k\u00f6ny\u00f6kseb\u00e9szetnek. Az adott kor felt\u00e9teleinek \u00e9s ismereteinek megfelel\u0151 tev\u00e9kenys\u00e9get folytatott Dr. Sill\u00e1r P\u00e1l, Dr. K\u00e9ry Lajos, Dr. Cser Imre \u00e9s m\u00e9g m\u00e1sok. A v\u00e1llt\u00e1ji tumorok seb\u00e9szet\u00e9ben \u00e1tt\u00f6r\u00e9st jelentett Dr. Szendr\u0151i Mikl\u00f3s tev\u00e9kenys\u00e9g\u00e9hez kapcsol\u00f3d\u00f3an a Klinika tumorseb\u00e9szeti profilj\u00e1nak b\u0151v\u00edt\u00e9se, ez\u00e1ltal a modern, v\u00e9gtagmegtart\u00f3 m\u0171t\u00e9tek bevezet\u00e9se v\u00e1ll- \u00e9s k\u00f6ny\u00f6kt\u00e1ji tumorok eseteiben is.\u00a0<\/span><\/p>\n<p style=\"text-align: justify\"><span style=\"font-weight: 400\">A nyolcvanas \u00e9vekt\u0151l kezdve a v\u00e1ll- \u00e9s k\u00f6ny\u00f6kseb\u00e9szet egyre ink\u00e1bb \u00f6n\u00e1ll\u00f3 \u00e1gk\u00e9nt jelent meg, \u00edgy Klinik\u00e1nkon is megalakult a v\u00e1ll- \u00e9s k\u00f6ny\u00f6kseb\u00e9szeti r\u00e9szleg. El\u0151sz\u00f6r Dr. Kiss Jen\u0151 t\u00f6bb \u00e9ves angliai seb\u00e9szeti \u00e9s tudom\u00e1nyos tapasztalatait felhaszn\u00e1lva indult az oszt\u00e1ly m\u0171k\u00f6d\u00e9se, k\u00e9s\u0151bb \u2013 szint\u00e9n angliai tapasztalatszerz\u00e9s ut\u00e1n \u2013 kapcsol\u00f3dott a munk\u00e1ba Dr. Mersich Istv\u00e1n. Ezeken az alapokon szervez\u0151d\u00f6tt \u00fajj\u00e1 a r\u00e9szleg 2008-ban, ekkor m\u00e1r Dr. Antal Imre n\u00e9metorsz\u00e1gi \u00e9s Dr. Skaliczki G\u00e1bor olaszorsz\u00e1gi \u00e9s Dr. Kocsis Gy\u00f6rgy angliai tanulm\u00e1nyainak felhaszn\u00e1l\u00e1s\u00e1val.<\/span><\/p>\n<p style=\"text-align: justify\"><span style=\"font-weight: 400\">A r\u00e9szleg munk\u00e1ja dinamikusan fejl\u0151dik, minden \u00e9vben k\u00f6r\u00fclbel\u00fcl 15-20 %-al n\u0151 a beavatkoz\u00e1sok sz\u00e1ma az el\u0151z\u0151 \u00e9vihez k\u00e9pest, jelenleg \u00e9vente kb. 150-200 m\u0171t\u00e9t t\u00f6rt\u00e9nik. A m\u0171t\u00e9teket k\u00f6vet\u0151en a betegek szakk\u00e9pzett gy\u00f3gytorn\u00e1szok \u00e1ltal vezetett rehabilit\u00e1ci\u00f3n vesznek r\u00e9szt. A nem tumoros jelleg\u0171 betegs\u00e9gek kezel\u00e9s\u00e9ben a m\u0171t\u00e9ti tev\u00e9kenys\u00e9g a nemzetk\u00f6zi gyakorlatnak megfelel\u0151en er\u0151teljesen az arthroscoppal (\u00edz\u00fcleti t\u00fckr\u00f6z\u00e9ses m\u00f3dszer) v\u00e9gzett, minim\u00e1l invaz\u00edv, fedett beavatkoz\u00e1sok ir\u00e1ny\u00e1ba tol\u00f3dott el. \u00cdgy a visszat\u00e9r\u0151 v\u00e1llficam eset\u00e9n v\u00e9gzett Bankart m\u0171t\u00e9tek, biceps tenot\u00f3mi\u00e1k \u00e9s tenod\u00e9zisek, az \u00fct\u0151d\u00e9ses szindr\u00f3m\u00e1n\u00e1l gyakori subacromi\u00e1lis dekompresszi\u00f3k, a befagyott v\u00e1ll miatti m\u0171t\u00e9tek, illetve a rot\u00e1tork\u00f6peny meszesed\u00e9s\u00e9vel j\u00e1r\u00f3 tendinitis calcificans miatt v\u00e9gzett beavatkoz\u00e1sok \u00e9s a rot\u00e1tork\u00f6peny-szakad\u00e1sok rekonstrukci\u00f3i szinte kiz\u00e1r\u00f3lag arthroscopos technik\u00e1val t\u00f6rt\u00e9nnek.<\/span><\/p>\n<p style=\"text-align: justify\"><span style=\"font-weight: 400\"><a href=\"https:\/\/semmelweis.hu\/ortopedklinika\/files\/2022\/03\/vallprofil.jpg\"><img loading=\"lazy\" decoding=\"async\" class=\"alignright wp-image-2616 size-full\" src=\"https:\/\/semmelweis.hu\/ortopedklinika\/files\/2022\/03\/vallprofil.jpg\" alt=\"\" width=\"175\" height=\"165\" \/><\/a>Emellett t\u00f6bb \u00faj arthroscopos m\u00f3dszer is bevezet\u00e9sre ker\u00fclt, \u00edgy t\u00f6bbek k\u00f6z\u00f6tt a fedett<\/span><span style=\"font-weight: 400\">\u00a0kulcscsontv\u00e9g elt\u00e1vol\u00edt\u00e1s, vagy h\u00e1ts\u00f3 v\u00e1ll\u00edz\u00fcleti instabilit\u00e1s eset\u00e9n a h\u00e1ts\u00f3 stabiliz\u00e1l\u00e1s. Szint\u00e9n\u00a0gyakran v\u00e9gzett elj\u00e1r\u00e1s a Klinik\u00e1n az el\u00fcls\u0151 instabilit\u00e1sok eset\u00e9n v\u00e9gzett Latarjet m\u0171t\u00e9t, vagy a massz\u00edv, 5 cm-n\u00e9l nagyobb rot\u00e1tork\u00f6peny szakad\u00e1sok ell\u00e1t\u00e1s\u00e1ra alkalmazott izom\u00e1t\u00fcltet\u00e9sek, melyekkel m\u00e9g ezekben a s\u00falyos \u00e1llapotokban is siker\u00fcl funkcion\u00e1lis javul\u00e1st el\u00e9rn\u00fcnk. Ez ut\u00f3bbi m\u0171t\u00e9tt\u00edpusok nyitott felt\u00e1r\u00e1sban t\u00f6rt\u00e9nnek. Az arthroscopos beavatkoz\u00e1sok eset\u00e9n a k\u00f3rh\u00e1zi benntart\u00f3zkod\u00e1s ideje minim\u00e1lis, a beteg a m\u0171t\u00e9tet k\u00f6vet\u0151 napon, a gy\u00f3gytorna ut\u00e1n hazamehet, m\u00edg a nyitott felt\u00e1r\u00e1sban v\u00e9gzett m\u0171t\u00e9tek ut\u00e1n 3-4 napig marad a Klinik\u00e1n. A kart a legt\u00f6bb esetben a beteg \u00e1ltal el\u0151re beszerzett kartart\u00f3ban r\u00f6gz\u00edtj\u00fck.\u00a0<\/span><\/p>\n<p style=\"text-align: justify\"><span style=\"font-weight: 400\">Az endoprotetikai tev\u00e9kenys\u00e9g is jelent\u0151sen fejl\u0151d\u00f6tt, gyakorlatt\u00e1 v\u00e1lt a reverz prot\u00e9zisek be\u00fcltet\u00e9se, tov\u00e1bb\u00e1 \u00faj t\u00edpus\u00fa cement n\u00e9lk\u00fcli prot\u00e9zisek implant\u00e1ci\u00f3ja, rev\u00edzi\u00f3k v\u00e9gz\u00e9se. A betegek az endoprot\u00e9zisek be\u00fcltet\u00e9s\u00e9nek \u00e9s az azt k\u00f6vet\u0151 intenz\u00edv gy\u00f3gytorn\u00e1nak k\u00f6sz\u00f6nhet\u0151en jelent\u0151s funkci\u00f3javul\u00e1st \u00e9s f\u00e1jdalomcs\u00f6kken\u00e9st tapasztalhatnak. A k\u00f3rh\u00e1zi benntart\u00f3zkod\u00e1s ideje ez esetben \u00e1ltal\u00e1ban 3-7 nap. Ezalatt az id\u0151 alatt a beteg minden nap v\u00e9gez torn\u00e1t gy\u00f3gytorn\u00e1sz ir\u00e1ny\u00edt\u00e1s\u00e1val akt\u00edvan, illetve passz\u00edvan, v\u00e1llmozgat\u00f3 g\u00e9p seg\u00edts\u00e9g\u00e9vel. A v\u00e1ll- \u00e9s k\u00f6ny\u00f6kseb\u00e9szeti m\u0171t\u00e9teket k\u00f6vet\u0151en a rehabilit\u00e1ci\u00f3 \u00e1ltal\u00e1ban f\u00e9l-egy \u00e9vig tart, a beavatkoz\u00e1s s\u00falyoss\u00e1g\u00e1t\u00f3l f\u00fcgg\u0151en.<\/span><\/p>\n<p style=\"text-align: justify\"><span style=\"font-weight: 400\">Betegeinket r\u00e9szleg\u00fcnkre el\u0151zetes el\u0151jegyz\u00e9s ut\u00e1n tudjuk fogadni. Az el\u0151jegyz\u0151 orvos r\u00e9szletes felvil\u00e1gos\u00edt\u00e1st ad a befekv\u00e9shez sz\u00fcks\u00e9ges vizsg\u00e1latokr\u00f3l, azok menet\u00e9r\u0151l, a befekv\u00e9s id\u0151pontj\u00e1r\u00f3l, hely\u00e9r\u0151l. A l\u00e1togat\u00e1st a Klinika \u00e1ltal\u00e1nos l\u00e1togat\u00e1si rendje szerint lehet megtenni.<\/span><\/p>\n<p style=\"text-align: justify\"><span style=\"font-weight: 400\">Az eredm\u00e9nyek tudom\u00e1nyos ig\u00e9ny\u0171 feldolgoz\u00e1sa \u00e9rdek\u00e9ben megindult egy adatb\u00e1zis l\u00e9trehoz\u00e1sa, melybe minden, a Klinik\u00e1ra v\u00e1llbetegs\u00e9ggel ker\u00fcl\u0151 beteg adata beker\u00fcl, lehet\u0151v\u00e9 t\u00e9ve ez\u00e1ltal a prospekt\u00edv klinikai vizsg\u00e1latokat. R\u00e9szleg\u00fcnk munkat\u00e1rsai rendszeres r\u00e9sztvev\u0151i a hazai \u00e9s nemzetk\u00f6zi v\u00e1ll- \u00e9s k\u00f6ny\u00f6kseb\u00e9szeti kongresszusoknak, a hazai \u00e9s nemzetk\u00f6zi t\u00e1rsas\u00e1gok tagjai, illetve tiszts\u00e9gvisel\u0151i. V\u00e1llseb\u00e9szeti t\u00e9m\u00e1ban k\u00e9t PhD iskol\u00e1t is vezetnek, melyben t\u00f6bbek k\u00f6z\u00f6tt a v\u00e1llbetegs\u00e9gek mozg\u00e1sanal\u00edzis\u00e9vel, \u00faj t\u00edpus\u00fa v\u00e1ll- \u00e9s k\u00f6ny\u00f6kprot\u00e9zisek tervez\u00e9s\u00e9vel foglalkoznak. Tudom\u00e1nyos munk\u00e1jukat sz\u00e1mos hazai, illetve nemzetk\u00f6zi kongresszuson elhangzott el\u0151ad\u00e1s mellett t\u00f6bb k\u00f6zlem\u00e9ny \u00e9s k\u00f6nyvfejezet is f\u00e9mjelzi. A gradu\u00e1lis k\u00e9pz\u00e9sben, valamint az ortop\u00e9d-traumatol\u00f3gus szakk\u00e9pz\u00e9sben \u00e9s szakorvosi k\u00e9pz\u00e9sben r\u00e9szleg\u00fcnk felel\u0151s a v\u00e1ll- \u00e9s k\u00f6ny\u00f6kseb\u00e9szet oktat\u00e1s\u00e1\u00e9rt, emellett munkat\u00e1rsaink rendszeresen szerveznek tov\u00e1bbk\u00e9pz\u0151 kurzusokat is.\u00a0<\/span><\/p>\n","protected":false},"excerpt":{"rendered":"<p>A v\u00e1ll- \u00e9s k\u00f6ny\u00f6kseb\u00e9szeti r\u00e9szlegen t\u00f6bb, nagy tapasztalattal rendelkez\u0151, nemzetk\u00f6zileg is elismert szakorvosunk dolgozik: Dr. Antal Imre, Dr. Skaliczki G\u00e1bor \u00e9s Dr. Sallai Imre. A v\u00e1llseb\u00e9szeti profil munk\u00e1j\u00e1ban akt\u00edvan r\u00e9szt vesznek Dr. Weninger Viktor, Dr. Tulassay Eszter \u00e9s Dr. B\u00e1r\u00e1ny Tam\u00e1s rezidensek, valamint Kov\u00e1cs Be\u00e1ta \u00e9s V\u00e1rnagy Anna gy\u00f3gytorn\u00e1szok. A v\u00e1ll- \u00e9s k\u00f6ny\u00f6kseb\u00e9szeti r\u00e9szleg az &hellip;<\/p>\n","protected":false},"author":1,"featured_media":0,"parent":255,"menu_order":1,"comment_status":"closed","ping_status":"closed","template":"","meta":{"_acf_changed":false,"footnotes":""},"categories":[],"tags":[],"class_list":["post-314","page","type-page","status-publish","hentry"],"acf":[],"_links":{"self":[{"href":"https:\/\/semmelweis.hu\/ortopedklinika\/wp-json\/wp\/v2\/pages\/314","targetHints":{"allow":["GET"]}}],"collection":[{"href":"https:\/\/semmelweis.hu\/ortopedklinika\/wp-json\/wp\/v2\/pages"}],"about":[{"href":"https:\/\/semmelweis.hu\/ortopedklinika\/wp-json\/wp\/v2\/types\/page"}],"author":[{"embeddable":true,"href":"https:\/\/semmelweis.hu\/ortopedklinika\/wp-json\/wp\/v2\/users\/1"}],"replies":[{"embeddable":true,"href":"https:\/\/semmelweis.hu\/ortopedklinika\/wp-json\/wp\/v2\/comments?post=314"}],"version-history":[{"count":7,"href":"https:\/\/semmelweis.hu\/ortopedklinika\/wp-json\/wp\/v2\/pages\/314\/revisions"}],"predecessor-version":[{"id":3487,"href":"https:\/\/semmelweis.hu\/ortopedklinika\/wp-json\/wp\/v2\/pages\/314\/revisions\/3487"}],"up":[{"embeddable":true,"href":"https:\/\/semmelweis.hu\/ortopedklinika\/wp-json\/wp\/v2\/pages\/255"}],"wp:attachment":[{"href":"https:\/\/semmelweis.hu\/ortopedklinika\/wp-json\/wp\/v2\/media?parent=314"}],"wp:term":[{"taxonomy":"category","embeddable":true,"href":"https:\/\/semmelweis.hu\/ortopedklinika\/wp-json\/wp\/v2\/categories?post=314"},{"taxonomy":"post_tag","embeddable":true,"href":"https:\/\/semmelweis.hu\/ortopedklinika\/wp-json\/wp\/v2\/tags?post=314"}],"curies":[{"name":"wp","href":"https:\/\/api.w.org\/{rel}","templated":true}]}}