{"id":310,"date":"2016-01-26T00:00:00","date_gmt":"2016-01-25T23:00:00","guid":{"rendered":"http:\/\/semmelweis.hu\/ortopedklinika\/01_profil-4\/"},"modified":"2024-03-21T22:51:10","modified_gmt":"2024-03-21T21:51:10","slug":"kezsebeszeti-profil","status":"publish","type":"page","link":"https:\/\/semmelweis.hu\/ortopedklinika\/profiljaink-lista\/kezsebeszeti-profil\/","title":{"rendered":"K\u00e9zszeb\u00e9szeti profil"},"content":{"rendered":"<p class=\"s3\"><strong><span class=\"s2\">K\u00c9ZSZEB\u00c9SZETI<\/span> <span class=\"s2\">PROFIL<\/span><\/strong><\/p>\n<p class=\"s5\"><span class=\"s4\">Klinik\u00e1nkon<\/span> <span class=\"s4\">1965<\/span> <span class=\"s4\">\u00f3ta<\/span> <span class=\"s4\">m\u0171k\u00f6dik<\/span> <span class=\"s4\">szervezett<\/span> <span class=\"s4\">k\u00e9zseb\u00e9szeti<\/span> <span class=\"s4\">ell\u00e1t\u00e1s.<\/span> <span class=\"s4\">Gy\u00f3gy\u00edt\u00f3<\/span><span class=\"s4\">tev\u00e9kenys\u00e9g\u00fcnk<\/span> <span class=\"s4\">sokr\u00e9t\u0171:<\/span><\/p>\n<div class=\"s7\"><span class=\"s6\">\u25aa <\/span><span class=\"s4\">az<\/span> <span class=\"s4\">ujjak<\/span> <span class=\"s4\">zsibbad\u00e1s\u00e1val,<\/span> <span class=\"s4\">a<\/span> <span class=\"s4\">k\u00e9z<\/span> <span class=\"s4\">kisizmok<\/span> <span class=\"s4\">sorvad\u00e1s\u00e1val<\/span> <span class=\"s4\">j\u00e1r\u00f3<\/span> <span class=\"s4\">csukl\u00f3t\u00e1ji<\/span> <span class=\"s4\">\u00fan.<\/span> <span class=\"s4\">carpalis<\/span><span class=\"s4\">alag\u00fat<\/span> <span class=\"s4\">szindr\u00f3ma<\/span> <span class=\"s4\">illetve<\/span> <span class=\"s4\">k\u00f6ny\u00f6kt\u00e1ji<\/span> <span class=\"s4\">\u00fan.<\/span> <span class=\"s4\">cubit\u00e1lis<\/span> <span class=\"s4\">alag\u00fat<\/span> <span class=\"s4\">szindr\u00f3ma<\/span><\/div>\n<div class=\"s7\"><span class=\"s6\">\u25aa <\/span><span class=\"s4\">k\u00fcl\u00f6nf\u00e9le<\/span> <span class=\"s4\">okb\u00f3l<\/span> <span class=\"s4\">kialakult<\/span> <span class=\"s4\">\u00ednh\u00fcvelygyullad\u00e1sok,<\/span> <span class=\"s4\">pattan\u00f3<\/span> <span class=\"s4\">ujj<\/span> <span class=\"s4\">betegs\u00e9g,<\/span><span class=\"s4\">DeQuervain<\/span> <span class=\"s4\">Syndroma<\/span><\/div>\n<div class=\"s7\"><span class=\"s6\">\u25aa <\/span><span class=\"s4\">a<\/span> <span class=\"s4\">csukl\u00f3<\/span> <span class=\"s4\">\u00e9s<\/span> <span class=\"s4\">a<\/span> <span class=\"s4\">k\u00e9z<\/span> <span class=\"s4\">kis\u00edz\u00fcleteinek<\/span> <span class=\"s4\">f\u00e1jdalmass\u00e1ga,<\/span> <span class=\"s4\">gyullad\u00e1sa,<\/span> <span class=\"s4\">kop\u00e1sa,<\/span><span class=\"s4\">nyereg\u00edz\u00fcleti<\/span> <span class=\"s4\">porckop\u00e1s<\/span> <span class=\"s4\">(artr\u00f3zis)<\/span><\/div>\n<div class=\"s7\"><span class=\"s6\">\u25aa <\/span><span class=\"s4\">a<\/span> <span class=\"s4\">teny\u00e9rben<\/span> <span class=\"s4\">l\u00e9v\u0151<\/span> <span class=\"s4\">b\u0151r<\/span> <span class=\"s4\">alatti<\/span> <span class=\"s4\">k\u00f6t\u0151sz\u00f6vet<\/span> <span class=\"s4\">zsugorod\u00e1s\u00e1b\u00f3l<\/span> <span class=\"s4\">ad\u00f3d\u00f3,<\/span> <span class=\"s4\">az<\/span> <span class=\"s4\">ujjak<\/span><span class=\"s4\">mozg\u00e1skorl\u00e1tozotts\u00e1g\u00e1t<\/span> <span class=\"s4\">okoz\u00f3<\/span> <span class=\"s4\">Dupuytren-betegs\u00e9g<\/span><\/div>\n<div class=\"s7\"><span class=\"s6\">\u25aa <\/span><span class=\"s4\">a<\/span> <span class=\"s4\">k\u00e9zen<\/span> <span class=\"s4\">\u00e9s<\/span> <span class=\"s4\">a<\/span> <span class=\"s4\">csukl\u00f3<\/span> <span class=\"s4\">k\u00f6r\u00fcl<\/span> <span class=\"s4\">el\u0151fordul\u00f3<\/span> <span class=\"s4\">ganglionok<\/span><\/div>\n<div class=\"s7\"><span class=\"s6\">\u25aa <\/span><span class=\"s4\">daganatszer\u0171<\/span> <span class=\"s4\">elv\u00e1ltoz\u00e1sok<\/span> <span class=\"s4\">\u00e9s<\/span> <span class=\"s4\">val\u00f3di<\/span> <span class=\"s4\">daganatok<\/span><\/div>\n<div class=\"s7\"><span class=\"s6\">\u25aa <\/span><span class=\"s4\">s\u00e9r\u00fcl\u00e9s<\/span> <span class=\"s4\">ut\u00e1n<\/span> <span class=\"s4\">kialakult<\/span> <span class=\"s4\">csuk\u00f3iz\u00fcleti<\/span> <span class=\"s4\">f\u00e1jdalom<\/span><\/div>\n<div class=\"s7\"><span class=\"s6\">\u25aa <\/span><span class=\"s4\">sajkacsontt\u00f6r\u00e9s,<\/span> <span class=\"s4\">sajkacsont<\/span> <span class=\"s4\">\u00e1l\u00edz\u00fclet<\/span><\/div>\n<div class=\"s7\"><span class=\"s6\">\u25aa <\/span><span class=\"s4\">a<\/span> <span class=\"s4\">csukl\u00f3<\/span> <span class=\"s4\">szalagos<\/span> <span class=\"s4\">s\u00e9r\u00fcl\u00e9sei,<\/span> <span class=\"s4\">porckop\u00e1sai<\/span><\/div>\n<div class=\"s7\"><span class=\"s6\">\u25aa <\/span><span class=\"s4\">rossz<\/span> <span class=\"s4\">helyzetben<\/span> <span class=\"s4\">gy\u00f3gyult<\/span> <span class=\"s4\">t\u00f6r\u00e9sek<\/span> <span class=\"s4\">korrekci\u00f3ja<\/span> <span class=\"s4\">a<\/span> <span class=\"s4\">k\u00e9zen<\/span> <span class=\"s4\">\u00e9s<\/span> <span class=\"s4\">a<\/span> <span class=\"s4\">csukl\u00f3<\/span> <span class=\"s4\">t\u00e1j\u00e9kon<\/span><\/div>\n<div class=\"s7\"><span class=\"s6\">\u25aa <\/span><span class=\"s4\">a<\/span> <span class=\"s4\">k\u00e9z<\/span> <span class=\"s4\">haszn\u00e1lat\u00e1t<\/span> <span class=\"s4\">korl\u00e1toz\u00f3<\/span> <span class=\"s4\">deformit\u00e1sok<\/span><\/div>\n<p class=\"s5\"><span class=\"s4\">Jelenleg<\/span> <span class=\"s8\">p\u00e9ntek<\/span> <span class=\"s8\">d\u00e9lel\u0151tt<\/span><span class=\"s4\">\u00f6nk\u00e9nt<\/span> <span class=\"s8\">9<\/span> <span class=\"s8\">\u00e9s<\/span> <span class=\"s8\">13<\/span> <span class=\"s8\">\u00f3ra<\/span> <span class=\"s8\">k\u00f6z\u00f6tt<\/span> <span class=\"s4\">m\u0171k\u00f6dik<\/span> <span class=\"s4\">k\u00e9zseb\u00e9szeti<\/span><span class=\"s4\">ambulanci\u00e1nk.<\/span> <span class=\"s4\">A<\/span> <span class=\"s4\">rendel\u00e9st<\/span> <span class=\"s8\">dr.<\/span> <span class=\"s8\">Kaszap<\/span> <span class=\"s8\">Bal\u00e1zs<\/span> <span class=\"s4\">\u00e9s<\/span> <span class=\"s8\">dr.<\/span> <span class=\"s8\">Herg\u00e1r<\/span> <span class=\"s8\">Luca<\/span> <span class=\"s4\">v\u00e9gzik.<\/span><\/p>\n<p class=\"s5\"><span class=\"s4\">Ambulanci\u00e1nkra<\/span> <span class=\"s4\">friss<\/span> <span class=\"s8\">h\u00e1ziorvosi<\/span> <span class=\"s8\">beutal\u00f3,<\/span> <span class=\"s4\">el\u0151zetes<\/span> <span class=\"s8\">telefonos<\/span> <span class=\"s8\">bejelentkez\u00e9s<\/span><span class=\"s4\">sz\u00fcks\u00e9ges<\/span><span class=\"s8\">.<\/span><span class=\"s8\"><br \/>\n<\/span><span class=\"s8\">Tel<\/span><span class=\"s8\">efonsz\u00e1m<\/span><span class=\"s8\">:<\/span> <span class=\"s8\">06-1-209-3355<\/span><span class=\"s8\"><br \/>\n<\/span><span class=\"s8\">E-mail: <\/span><span class=\"s8\">kezsebeszet.ortopedia@semmelweis.hu<\/span><\/p>\n<p class=\"s5\"><span class=\"s4\">K\u00e9rj\u00fck,<\/span> <span class=\"s4\">hogy<\/span> <span class=\"s4\">az<\/span> <span class=\"s4\">ambulanci\u00e1nkra<\/span> <span class=\"s4\">minden<\/span> <span class=\"s4\">alkalommal<\/span> <span class=\"s4\">hozzon<\/span> <span class=\"s4\">mag\u00e1val<\/span> <span class=\"s4\">minden<\/span> <span class=\"s4\">olyan <\/span><span class=\"s8\">ambul\u00e1ns<\/span> <span class=\"s8\">lapot,<\/span> <span class=\"s8\">z\u00e1r\u00f3jelent\u00e9st<\/span> <span class=\"s4\">\u00e9s<\/span> <span class=\"s8\">leletet<\/span><span class=\"s4\">,<\/span> <span class=\"s4\">ami<\/span> <span class=\"s4\">a<\/span> <span class=\"s4\">k\u00e9zprobl\u00e9m\u00e1j\u00e1val<\/span> <span class=\"s4\">kapcsolatban <\/span><span class=\"s4\">hasznos<\/span> <span class=\"s4\">inform\u00e1ci\u00f3val<\/span> <span class=\"s4\">szolg\u00e1l<\/span><span class=\"s4\">hat<\/span><span class=\"s4\">.<\/span> <span class=\"s4\">K\u00e9rj\u00fck,<\/span> <span class=\"s4\">hogy<\/span> <span class=\"s4\">hozz<\/span><span class=\"s4\">a<\/span> <span class=\"s4\">el<\/span> <span class=\"s4\">a<\/span> <span class=\"s4\">kor\u00e1bbi<\/span> <span class=\"s8\">R\u00f6ntgen,<\/span> <span class=\"s8\">CT <\/span><span class=\"s4\">vagy<\/span> <span class=\"s8\">MRI<\/span> <span class=\"s8\">felv\u00e9tel<\/span><span class=\"s4\">ei<\/span><span class=\"s4\">t<\/span> <span class=\"s4\">is,<\/span> <span class=\"s4\">melyeket<\/span> <span class=\"s4\">vagy<\/span> <span class=\"s4\">CD-re<\/span> <span class=\"s4\">\u00edrva<\/span> <span class=\"s4\">adnak<\/span> <span class=\"s4\">ki<\/span> <span class=\"s4\">a<\/span> <span class=\"s4\">betegeknek<\/span> <span class=\"s4\">a<\/span> <span class=\"s4\">felv\u00e9telt <\/span><span class=\"s4\">k\u00e9sz\u00edt\u0151<\/span> <span class=\"s4\">radiol\u00f3gi\u00e1n<\/span><span class=\"s4\">,<\/span> <span class=\"s4\">vagy<\/span> <span class=\"s4\">pedig<\/span> <span class=\"s4\">kulcssz\u00f3val<\/span> <span class=\"s4\">v\u00e9dett<\/span> <span class=\"s4\">online<\/span> <span class=\"s4\">hozz\u00e1f\u00e9r\u00e9st<\/span> <span class=\"s4\">biztos\u00edtanak.<\/span><\/p>\n<p class=\"s5\"><span class=\"s4\">A<\/span> <span class=\"s4\">hozz\u00e1nk<\/span> <span class=\"s4\">fordul\u00f3<\/span> <span class=\"s4\">betegeknek<\/span> <span class=\"s4\">igyeksz\u00fcnk<\/span> <span class=\"s4\">\u00e1ltal\u00e1ban<\/span> <span class=\"s4\">el\u0151sz\u00f6r<\/span> <span class=\"s4\">m\u0171t\u00e9t<\/span> <span class=\"s4\">n\u00e9lk\u00fcli <\/span><span class=\"s8\">konzervat\u00edv<\/span> <span class=\"s8\">ter\u00e1pi\u00e1t<\/span> <span class=\"s4\">javasolni<\/span> <span class=\"s4\">(pl.<\/span> <span class=\"s4\">s<\/span><span class=\"s4\">\u00ed<\/span><span class=\"s4\">nez\u00e9s<\/span><span class=\"s4\">,<\/span> <span class=\"s4\">ort\u00e9zisek<\/span> <span class=\"s4\">alkalmaz\u00e1sa,<\/span> <span class=\"s4\">gy\u00f3gytorna<\/span><span class=\"s8\">, <\/span><span class=\"s4\">gy\u00f3gyszeres<\/span> <span class=\"s4\">ter\u00e1pia,<\/span> <span class=\"s4\">injekci\u00f3z\u00e1s,<\/span> <span class=\"s4\">l\u00e9zerter\u00e1pia<\/span><span class=\"s4\">,<\/span> <span class=\"s4\">stb.<\/span><span class=\"s4\">)<\/span><span class=\"s4\">,<\/span> <span class=\"s4\">ha<\/span> <span class=\"s4\">ett\u0151l<\/span> <span class=\"s4\">j\u00f3<\/span> <span class=\"s4\">es\u00e9llyel<\/span> <span class=\"s4\">v\u00e1rhatunk <\/span><span class=\"s4\">gy\u00f3gyul\u00e1st<\/span> <span class=\"s4\">vagy<\/span> a <span class=\"s4\">panaszok cs\u00f6kken\u00e9st.<\/span> <span class=\"s4\">Amennyiben<\/span> <span class=\"s4\">az<\/span> <span class=\"s4\">\u00d6n<\/span> <span class=\"s4\">betegs\u00e9ge<\/span> <span class=\"s4\">m\u00e9gis<\/span> <span class=\"s8\">m\u0171t\u00e9ti <\/span><span class=\"s8\">ell\u00e1t\u00e1st<\/span> <span class=\"s4\">ig\u00e9nyel,<\/span> <span class=\"s4\">el\u0151jegyz\u00e9sbe<\/span> <span class=\"s4\">vessz\u00fck.<\/span> <span class=\"s4\">A<\/span> <span class=\"s4\">m\u0171t\u00e9tr\u0151l,<\/span> <span class=\"s4\">annak<\/span> <span class=\"s4\">v\u00e1rhat\u00f3<\/span> <span class=\"s4\">\u00e9s<\/span> <span class=\"s4\">lehets\u00e9ges <\/span><span class=\"s4\">k\u00f6vetkezm\u00e9nyeir\u0151l<\/span> <span class=\"s4\">az<\/span> <span class=\"s4\">ambul\u00e1ns<\/span> <span class=\"s4\">vizsg\u00e1lat<\/span> <span class=\"s4\">sor\u00e1n<\/span><span class=\"s4\">,<\/span> <span class=\"s4\">illetve<\/span> <span class=\"s4\">a<\/span> <span class=\"s4\">m\u0171t\u00e9t<\/span> <span class=\"s4\">el\u0151tt<\/span> <span class=\"s4\">r\u00e9szletesen <\/span><span class=\"s4\">t\u00e1j\u00e9koztatjuk.<\/span> <span class=\"s4\">A<\/span> <span class=\"s4\">m\u0171t\u00e9tek<\/span> <span class=\"s4\">t\u00f6bbs\u00e9ge<\/span> <span class=\"s8\">ny\u00edlt<\/span> <span class=\"s8\">felt\u00e1r\u00e1s<\/span><span class=\"s4\">t<\/span> <span class=\"s4\">ig\u00e9nyel,<\/span> <span class=\"s4\">de<\/span> <span class=\"s4\">k<\/span><span class=\"s4\">\u00e9zseb\u00e9szet\u00fcnk <\/span><span class=\"s8\">csukl\u00f3artro<\/span><span class=\"s8\">szk\u00f3<\/span><span class=\"s8\">p<\/span><span class=\"s8\">ia<\/span> <span class=\"s4\">profillal<\/span> <span class=\"s4\">is<\/span> <span class=\"s4\">rendelkezik,<\/span> <span class=\"s4\">\u00edgy<\/span> <span class=\"s4\">a<\/span> <span class=\"s4\">fent<\/span> <span class=\"s4\">felsoroltakon<\/span> <span class=\"s4\">k\u00edv\u00fcl<\/span> <span class=\"s4\">k\u00e9zs\u00e9ggel <\/span><span class=\"s4\">fogadunk<\/span> <span class=\"s4\">csukl\u00f3t\u00fckr\u00f6z\u00e9ses<\/span> <span class=\"s4\">m\u0171t\u00e9re<\/span> <span class=\"s4\">szorul\u00f3<\/span> <span class=\"s4\">betegeket<\/span> <span class=\"s4\">is<\/span><span class=\"s4\">.<\/span><\/p>\n<p class=\"s5\"><span class=\"s4\">A<\/span> <span class=\"s4\">m\u0171t\u00e9teket<\/span> <span class=\"s4\">leggyakrabban<\/span> <span class=\"s4\">nem<\/span> <span class=\"s4\">altat\u00e1sban,<\/span> <span class=\"s4\">hanem<\/span> <span class=\"s8\">helyi-<\/span> <span class=\"s4\">vagy<\/span> <span class=\"s4\">\u00fan.<\/span> <span class=\"s8\">vezet\u00e9se s<\/span><span class=\"s8\">\u00e9rz\u00e9stelen\u00edt\u00e9s<\/span><span class=\"s4\">ben<\/span> <span class=\"s4\">v\u00e9gezz\u00fck.<\/span> <span class=\"s4\">(<\/span><span class=\"s4\">Ez<\/span> <span class=\"s4\">ut\u00f3bbi<\/span> <span class=\"s4\">azt<\/span> <span class=\"s4\">jelenti,<\/span> <span class=\"s4\">hogy<\/span> <span class=\"s4\">a<\/span> <span class=\"s4\">beteg<\/span> <span class=\"s4\">a<\/span> <span class=\"s4\">felkarba<\/span> <span class=\"s4\">vagy<\/span> <span class=\"s4\">a <\/span><span class=\"s4\">kulcscsont<\/span> <span class=\"s4\">feletti<\/span> <span class=\"s4\">ter\u00fcletre<\/span> <span class=\"s4\">\u2013<\/span> <span class=\"s4\">a<\/span> <span class=\"s4\">kart<\/span> <span class=\"s4\">ell\u00e1t\u00f3<\/span> <span class=\"s4\">idegfonat<\/span> <span class=\"s4\">k\u00f6r\u00e9<\/span> <span class=\"s4\">\u2013<\/span> <span class=\"s4\">kap<\/span> <span class=\"s4\">\u00e9rz\u00e9stelen\u00edt\u0151 <\/span><span class=\"s4\">injekci\u00f3t<\/span> <span class=\"s4\">az<\/span> <span class=\"s4\">aneszteziol\u00f3gus<\/span> <span class=\"s4\">orvost\u00f3l.<\/span><span class=\"s4\">)<\/span> <span class=\"s4\">A<\/span> <span class=\"s4\">m\u0171t\u00e9tet<\/span> <span class=\"s4\">k\u00f6vet\u0151en<\/span> <span class=\"s4\">az<\/span> <span class=\"s4\">ell\u00e1t\u00e1s<\/span> <span class=\"s4\">t\u00edpus\u00e1t\u00f3l <\/span><span class=\"s4\">f\u00fcgg\u0151en<\/span> <span class=\"s4\">sz\u00fcks\u00e9g<\/span> <span class=\"s4\">eset\u00e9n<\/span> <span class=\"s4\">gipszs\u00ednt<\/span> <span class=\"s4\">is<\/span> <span class=\"s4\">felhelyez\u00fcnk<\/span> <span class=\"s4\">az<\/span> <span class=\"s4\">oper\u00e1lt<\/span> <span class=\"s4\">v\u00e9gtagra<\/span><span class=\"s4\">.<\/span><\/p>\n<p class=\"s5\"><span class=\"s4\">A<\/span> <span class=\"s4\">m\u0171t\u00e9t<\/span> <span class=\"s4\">ut\u00e1n<\/span> <span class=\"s4\">utas\u00edt\u00e1sokkal<\/span> <span class=\"s4\">\u00e9s<\/span> <span class=\"s4\">z\u00e1r\u00f3jelent\u00e9ssel<\/span> <span class=\"s4\">ell\u00e1tva<\/span> <span class=\"s4\">bocs\u00e1tjuk<\/span> <span class=\"s4\">betegeinket <\/span><span class=\"s4\">otthon<\/span><span class=\"s4\">uk<\/span><span class=\"s4\">ba.<\/span> <span class=\"s4\">A<\/span> <span class=\"s8\">sebk\u00f6t\u00f6z\u00e9s<\/span><span class=\"s4\">eket<\/span> <span class=\"s4\">\u00e9s<\/span> <span class=\"s4\">a<\/span> <span class=\"s8\">v<\/span><span class=\"s8\">arratszed\u00e9s<\/span><span class=\"s4\">t<\/span> <span class=\"s4\">az<\/span> <span class=\"s4\">el\u0151re<\/span> <span class=\"s4\">megbesz\u00e9lt<\/span> <span class=\"s4\">napokon<\/span> <span class=\"s4\">a <\/span><span class=\"s4\">reggeli<\/span> <span class=\"s4\">\u00f3r\u00e1kban<\/span> <span class=\"s4\">v\u00e9gezz\u00fck<\/span><span class=\"s4\">.<\/span><\/p>\n<p class=\"s5\"><span class=\"s4\">P\u00e1cienseink <\/span><span class=\"s8\">b<\/span><span class=\"s8\">eteg\u00e1llom\u00e1nyba<\/span> <span class=\"s8\">v\u00e9tel<\/span><span class=\"s4\">\u00e9t<\/span> <span class=\"s4\">a<\/span> <span class=\"s8\">h\u00e1ziorvos<\/span> <span class=\"s4\">int\u00e9zi<\/span> <span class=\"s4\">a<\/span> <span class=\"s4\">m\u0171t\u00e9tet<\/span> <span class=\"s4\">k\u00f6vet\u0151 <\/span><span class=\"s4\">napokban<\/span><span class=\"s4\">, ehhez<\/span> <span class=\"s4\">a<\/span> <span class=\"s4\">z\u00e1r\u00f3jelent\u00e9s<\/span><span class=\"s4\">s<\/span><span class=\"s4\">el<\/span> <span class=\"s4\">egy\u00fctt<\/span> <span class=\"s4\">fel<\/span> <span class=\"s4\">kell<\/span> <span class=\"s4\">keresni<\/span> <span class=\"s4\">\u0151t.<\/span><\/p>\n","protected":false},"excerpt":{"rendered":"<p>K\u00c9ZSZEB\u00c9SZETI PROFIL Klinik\u00e1nkon 1965 \u00f3ta m\u0171k\u00f6dik szervezett k\u00e9zseb\u00e9szeti ell\u00e1t\u00e1s. Gy\u00f3gy\u00edt\u00f3tev\u00e9kenys\u00e9g\u00fcnk sokr\u00e9t\u0171: \u25aa az ujjak zsibbad\u00e1s\u00e1val, a k\u00e9z kisizmok sorvad\u00e1s\u00e1val j\u00e1r\u00f3 csukl\u00f3t\u00e1ji \u00fan. carpalisalag\u00fat szindr\u00f3ma illetve k\u00f6ny\u00f6kt\u00e1ji \u00fan. cubit\u00e1lis alag\u00fat szindr\u00f3ma \u25aa k\u00fcl\u00f6nf\u00e9le okb\u00f3l kialakult \u00ednh\u00fcvelygyullad\u00e1sok, pattan\u00f3 ujj betegs\u00e9g,DeQuervain Syndroma \u25aa a csukl\u00f3 \u00e9s a k\u00e9z kis\u00edz\u00fcleteinek f\u00e1jdalmass\u00e1ga, gyullad\u00e1sa, kop\u00e1sa,nyereg\u00edz\u00fcleti porckop\u00e1s (artr\u00f3zis) \u25aa a teny\u00e9rben l\u00e9v\u0151 &hellip;<\/p>\n","protected":false},"author":158,"featured_media":0,"parent":255,"menu_order":8,"comment_status":"closed","ping_status":"closed","template":"","meta":{"_acf_changed":false,"footnotes":""},"categories":[],"tags":[],"class_list":["post-310","page","type-page","status-publish","hentry"],"acf":[],"_links":{"self":[{"href":"https:\/\/semmelweis.hu\/ortopedklinika\/wp-json\/wp\/v2\/pages\/310","targetHints":{"allow":["GET"]}}],"collection":[{"href":"https:\/\/semmelweis.hu\/ortopedklinika\/wp-json\/wp\/v2\/pages"}],"about":[{"href":"https:\/\/semmelweis.hu\/ortopedklinika\/wp-json\/wp\/v2\/types\/page"}],"author":[{"embeddable":true,"href":"https:\/\/semmelweis.hu\/ortopedklinika\/wp-json\/wp\/v2\/users\/158"}],"replies":[{"embeddable":true,"href":"https:\/\/semmelweis.hu\/ortopedklinika\/wp-json\/wp\/v2\/comments?post=310"}],"version-history":[{"count":8,"href":"https:\/\/semmelweis.hu\/ortopedklinika\/wp-json\/wp\/v2\/pages\/310\/revisions"}],"predecessor-version":[{"id":3449,"href":"https:\/\/semmelweis.hu\/ortopedklinika\/wp-json\/wp\/v2\/pages\/310\/revisions\/3449"}],"up":[{"embeddable":true,"href":"https:\/\/semmelweis.hu\/ortopedklinika\/wp-json\/wp\/v2\/pages\/255"}],"wp:attachment":[{"href":"https:\/\/semmelweis.hu\/ortopedklinika\/wp-json\/wp\/v2\/media?parent=310"}],"wp:term":[{"taxonomy":"category","embeddable":true,"href":"https:\/\/semmelweis.hu\/ortopedklinika\/wp-json\/wp\/v2\/categories?post=310"},{"taxonomy":"post_tag","embeddable":true,"href":"https:\/\/semmelweis.hu\/ortopedklinika\/wp-json\/wp\/v2\/tags?post=310"}],"curies":[{"name":"wp","href":"https:\/\/api.w.org\/{rel}","templated":true}]}}