{"id":307,"date":"2016-01-26T00:00:00","date_gmt":"2016-01-25T23:00:00","guid":{"rendered":"http:\/\/semmelweis.hu\/ortopedklinika\/01_profil-2\/"},"modified":"2022-05-06T11:26:41","modified_gmt":"2022-05-06T09:26:41","slug":"also-vegtagi-nagyizuleti-profil","status":"publish","type":"page","link":"https:\/\/semmelweis.hu\/ortopedklinika\/profiljaink-lista\/also-vegtagi-nagyizuleti-profil\/","title":{"rendered":"Als\u00f3 v\u00e9gtagi nagy\u00edz\u00fcleti endoprotetikai profil"},"content":{"rendered":"<p>&nbsp;<\/p>\n<p style=\"text-align: justify;\">Feln\u0151tt ortop\u00e9dia ell\u00e1t\u00e1si ter\u00fclet\u00e9nek nagy r\u00e9sz\u00e9t az \u00edz\u00fcleti kop\u00e1sos betegs\u00e9gek kezel\u00e9se teszi ki. Amennyiben az elv\u00e1ltoz\u00e1s komoly m\u00e9rt\u00e9ket \u00e9r el, konzervat\u00edv kezel\u00e9sek hat\u00e1stalann\u00e1 v\u00e1llnak, illetve egy\u00e9b seb\u00e9szeti kezel\u00e9s nem j\u00f6n sz\u00f3ba, cs\u00edp\u0151- \u00e9s t\u00e9rdelv\u00e1ltoz\u00e1s eset\u00e9n kiv\u00e1l\u00f3 eredm\u00e9nyt biztos\u00edt az artroplasztika, az \u00edz\u00fcleti prot\u00e9zis be\u00fcltet\u00e9s.<\/p>\n<p><a href=\"https:\/\/semmelweis.hu\/ortopedklinika\/files\/2016\/01\/csipo01-1.jpg\"><img loading=\"lazy\" decoding=\"async\" class=\"aligncenter wp-image-483 size-full\" src=\"https:\/\/semmelweis.hu\/ortopedklinika\/files\/2016\/01\/csipo01-1.jpg\" alt=\"csipo01\" width=\"490\" height=\"245\" srcset=\"https:\/\/semmelweis.hu\/ortopedklinika\/files\/2016\/01\/csipo01-1.jpg 490w, https:\/\/semmelweis.hu\/ortopedklinika\/files\/2016\/01\/csipo01-1-300x150.jpg 300w\" sizes=\"auto, (max-width: 490px) 100vw, 490px\" \/><\/a><\/p>\n<p style=\"text-align: justify;\">Annak ellen\u00e9re, hogy a szervezetet megterhel\u0151, gondos el\u0151k\u00e9sz\u00edt\u00e9st ig\u00e9nyl\u0151 beavatkoz\u00e1sr\u00f3l van sz\u00f3, m\u00e9gis, mivel Int\u00e9zet\u00fcnkben a kezdetekt\u0151l nagy sz\u00e1mban v\u00e9gezz\u00fck ezen beavatkoz\u00e1sokat, m\u00e1ra m\u00e1r rutin m\u0171t\u00e9tnek sz\u00e1m\u00edtanak a cs\u00edp\u0151 \u00e9s t\u00e9rd prot\u00e9zism\u0171t\u00e9tei.<\/p>\n<p style=\"text-align: justify;\">Az elm\u00falt \u00e9vek sor\u00e1n sokat fejl\u0151d\u00f6tt a seb\u00e9szi technika, mely miatt lehet\u0151v\u00e9 v\u00e1lt olyan, nagyobb deformit\u00e1sok korrig\u00e1l\u00e1sa is, mely kor\u00e1bban elk\u00e9pzelhetetlen volt. Maguk a prot\u00e9zisek is nagy min\u0151s\u00e9gi fejl\u0151d\u00e9sen estek \u00e1t, a v\u00e1rhat\u00f3 kihord\u00e1si idej\u00fck egyre hosszabb, \u00edgy fiatalabb a fiatal kor sem jelent egy\u00e9rtelm\u0171 kontraindik\u00e1ci\u00f3t. A Int\u00e9zet\u00fcnkbenlehet\u0151s\u00e9g\u00fcnk van szakmai ig\u00e9nyeket magas szinten kiel\u00e9g\u00edt\u0151, j\u00f3 min\u0151s\u00e9g\u0171 endoprot\u00e9zisek sz\u00e9les v\u00e1laszt\u00e9k\u00e1nak be\u00fcltet\u00e9s\u00e9re. 5 k\u00fcl\u00f6nb\u00f6z\u0151 t\u00edpus\u00fa cementes \u00e9s cement n\u00e9lk\u00fcli prot\u00e9zist haszn\u00e1lunk. Ez lehet\u0151v\u00e9 teszi sz\u00e1munkra, a beteg kor\u00e1nak, csontmin\u0151s\u00e9g\u00e9nek, alkat\u00e1nak legink\u00e1bb megfelel\u0151 implant\u00e1tum kiv\u00e1laszt\u00e1s\u00e1t, mely a szakmai tapasztalattal \u00f6tv\u00f6zve k\u00e9pezheti z\u00e1log\u00e1t a hosszan tart\u00f3 panaszmentess\u00e9g el\u00e9r\u00e9s\u00e9nek. A m\u0171t\u00e9ti technika tekintet\u00e9ben az \u00fagynevezett minimaliz\u00e1lt invaz\u00edv technik\u00e1kat \u00e9s a hagyom\u00e1nyos felt\u00e1r\u00e1sokat egyar\u00e1nt alkalmazzuk.<\/p>\n<p style=\"text-align: justify;\"><img loading=\"lazy\" decoding=\"async\" class=\"size-full wp-image-353 alignleft\" src=\"https:\/\/semmelweis.hu\/ortopedklinika\/files\/2016\/01\/csipo03.jpg\" alt=\"csipo03\" width=\"180\" height=\"286\" \/>Egyre nagyobb sz\u00e1mban v\u00e9gz\u00fcnk m\u0171t\u00e9tet kor\u00e1bban be\u00fcltetett prot\u00e9zisek kilazul\u00e1sa, szeptikus sz\u00f6v\u0151dm\u00e9nye, prot\u00e9zis k\u00f6r\u00fcli csont t\u00f6r\u00e9s eset\u00e9ben. Ezen beavatkoz\u00e1sok nagy felk\u00e9sz\u00fclts\u00e9get, tapasztalatot \u00e9s technikai felszerelts\u00e9get ig\u00e9nyelek. E ter\u00fcleten orsz\u00e1gos feladatot l\u00e1tunk el, sz\u00e1mos vid\u00e9ki k\u00f3rh\u00e1zb\u00f3l vesz\u00fcnk \u00e1t beteget.<\/p>\n<p style=\"text-align: justify;\">Orsz\u00e1gosan is csak k\u00e9s\u0151bb, a kilencvenes \u00e9vek elej\u00e9t\u0151l, kezdetben csak sporadikusan t\u00f6rt\u00e9nt teljes felsz\u00ednp\u00f3tl\u00f3 t\u00e9rdprot\u00e9zis be\u00fcltet\u00e9s (bicondyler t\u00e9rdprot\u00e9zis). Jelenleg m\u00e1r \u00e9vi kb. 130-at \u00fcltet\u00fcnk be, ami az \u00f6sszes prot\u00e9zis m\u0171t\u00e9tek kb. 18 sz\u00e1zal\u00e9k\u00e1t jelenti. Ezen beavatkoz\u00e1saink sz\u00e1m\u00e1ra is k\u00fcl\u00f6nf\u00e9le t\u00edpus\u00fa, kiv\u00e1l\u00f3 min\u0151s\u00e9g\u0171, j\u00f3 funkci\u00f3t biztos\u00edt\u00f3 implant\u00e1tumok \u00e1llnak rendelkez\u00e9s\u00fcnkre. T\u00e9rdprot\u00e9zis be\u00fcltet\u00e9ssel kapcsolatban nagy tapasztalatunk van a minim\u00e1l invaz\u00edv felt\u00e1r\u00e1sos technik\u00e1kkal, mely kevesebb m\u0171t\u00e9t ut\u00e1ni f\u00e1jdalmat \u00e9s gyorsabb fel\u00e9p\u00fcl\u00e9st \u00edg\u00e9r. Ezen k\u00edv\u00fcl lehet\u0151s\u00e9g\u00fcnk van sz\u00e1m\u00edt\u00f3g\u00e9pes navig\u00e1ci\u00f3s rendszer haszn\u00e1lat\u00e1ra az implant\u00e1tum pontos be\u00fcltet\u00e9s\u00e9nek el\u0151seg\u00edt\u00e9se c\u00e9lj\u00e1b\u00f3l. Orsz\u00e1gosan jelenleg egyed\u00fcl\u00e1ll\u00f3nak mondhat\u00f3 a k\u00e9t eml\u00edtett technika kombin\u00e1l\u00e1sa. Az \u00e9vek sor\u00e1n szerzett tapasztalatunknak \u00e9s implant\u00e1tumaink sz\u00e9les v\u00e1laszt\u00e9k\u00e1nak k\u00f6sz\u00f6nhet\u0151en nagyobb deformit\u00e1s, neh\u00e9z anat\u00f3miai viszonyok sem jelentenek probl\u00e9m\u00e1t. Term\u00e9szetesen, amennyiben a t\u00e9rd\u00edz\u00fcletnek csak az egyik, k\u00fcls\u0151, vagy bels\u0151 oldala k\u00e1rosodott, akkor annak p\u00f3tl\u00e1s\u00e1t uncondylaris, \u00fagynevezett sz\u00e1nk\u00f3 prot\u00e9zissel p\u00f3toljuk, hogy az \u00e9pp felsz\u00ednt meg\u0151rizhess\u00fck.<\/p>\n<p style=\"text-align: justify;\"><img loading=\"lazy\" decoding=\"async\" class=\"size-full wp-image-378 alignleft\" src=\"https:\/\/semmelweis.hu\/ortopedklinika\/files\/2016\/01\/nagyizuleti_terd.jpg\" alt=\"nagyizuleti_terd\" width=\"180\" height=\"170\" \/>Szint\u00e9n nagy sz\u00e1mban v\u00e9gz\u00fcnk prot\u00e9zisek kilazul\u00e1sa, szeptikus sz\u00f6v\u0151dm\u00e9nye, prot\u00e9zis k\u00f6r\u00fcli csont t\u00f6r\u00e9s miatt m\u0171t\u00e9teket. Ezen beavatkoz\u00e1sok speci\u00e1lis prot\u00e9zis sz\u00fcks\u00e9glet\u00e9vel \u00e9s szakmai felk\u00e9sz\u00fclts\u00e9ggel rendelkez\u00fcnk, ez\u00e9rt szint\u00e9n orsz\u00e1gos feladatot l\u00e1tunk el, sz\u00e1mos vid\u00e9ki k\u00f3rh\u00e1zb\u00f3l vesz\u00fcnk \u00e1t beteget.<\/p>\n<p style=\"text-align: justify;\">M\u00e1sodik emeleten kialak\u00edtottunk 1998-ban egy szeptikus r\u00e9szleget, mely a szeptikus esetek elk\u00fcl\u00f6n\u00edt\u00e9s\u00e9re szolg\u00e1l. Ehhez kapcsol\u00f3d\u00f3an fel\u00faj\u00edtottuk a m\u00e1sodik emeleti szeptikus m\u0171t\u0151nket. Elismert infektol\u00f3gus rendszeres konz\u00edliumaival seg\u00edti gy\u00f3gy\u00edt\u00f3 munk\u00e1nkat.<\/p>\n<p style=\"text-align: justify;\">A prot\u00e9zis be\u00fcltet\u00e9sek siker\u00e9hez elengedhetetlen a m\u0171t\u00e9t ut\u00e1ni rehabilit\u00e1ci\u00f3 is. Int\u00e9zet\u00fcnkben kiv\u00e1l\u00f3 k\u00e9pzetts\u00e9g\u0171 gy\u00f3gytorn\u00e1szok seg\u00edtik a m\u0171t\u00e9t ut\u00e1ni id\u0151szakban a betegek gy\u00f3gyul\u00e1s\u00e1t. Egy\u00e9nre szabott gyakorlatok v\u00e9gz\u00e9s\u00e9vel, otthoni \u00f6nell\u00e1t\u00e1st el\u0151seg\u00edt\u0151 tan\u00e1csokkal l\u00e1tj\u00e1k el l\u00e1badoz\u00f3 betegeinket. Amennyiben sz\u00fcks\u00e9ges tov\u00e1bbi rehabilit\u00e1ci\u00f3 megszervez\u00e9s\u00e9ben is seg\u00edts\u00e9get ny\u00fajtunk. Ennek alapj\u00e1t k\u00e9pzi, hogy j\u00f3 munkakapcsolatot alak\u00edtottunk ki rehabilit\u00e1ci\u00f3s oszt\u00e1lyokkal, \u00edgy a posztoperativ id\u0151szakban ig\u00e9ny eset\u00e9n betegeinket rehabilit\u00e1ci\u00f3s oszt\u00e1lyra helyezhetj\u00fck \u00e1t.<\/p>\n<p style=\"text-align: justify;\">\u00d6sszess\u00e9g\u00e9ben elmondhat\u00f3, hogy int\u00e9zet\u00fcnk nagy tapasztalattal v\u00e9gez nagy sz\u00e1mban prot\u00e9zis implant\u00e1ci\u00f3s m\u0171t\u00e9teket. Ennek sor\u00e1n modern, megb\u00edzhat\u00f3 implant\u00e1tumok ker\u00fclnek be\u00fcltet\u00e9sre j\u00f3l megv\u00e1lasztott m\u0171t\u00e9tin technik\u00e1val. Ezt nagy emp\u00e1ti\u00e1val \u00e9s szaktud\u00e1ssal rendelkez\u0151 gy\u00f3gytorn\u00e1szaink \u00e9s n\u0151v\u00e9reink odaad\u00f3 seg\u00edt\u0151 munk\u00e1ja k\u00f6veti betegeink megel\u00e9ged\u00e9se \u00e9s gyors gy\u00f3gyul\u00e1sa \u00e9rdek\u00e9ben.<\/p>\n","protected":false},"excerpt":{"rendered":"<p>&nbsp; Feln\u0151tt ortop\u00e9dia ell\u00e1t\u00e1si ter\u00fclet\u00e9nek nagy r\u00e9sz\u00e9t az \u00edz\u00fcleti kop\u00e1sos betegs\u00e9gek kezel\u00e9se teszi ki. Amennyiben az elv\u00e1ltoz\u00e1s komoly m\u00e9rt\u00e9ket \u00e9r el, konzervat\u00edv kezel\u00e9sek hat\u00e1stalann\u00e1 v\u00e1llnak, illetve egy\u00e9b seb\u00e9szeti kezel\u00e9s nem j\u00f6n sz\u00f3ba, cs\u00edp\u0151- \u00e9s t\u00e9rdelv\u00e1ltoz\u00e1s eset\u00e9n kiv\u00e1l\u00f3 eredm\u00e9nyt biztos\u00edt az artroplasztika, az \u00edz\u00fcleti prot\u00e9zis be\u00fcltet\u00e9s. <a href=\"https:\/\/semmelweis.hu\/ortopedklinika\/files\/2016\/01\/csipo01-1.jpg\"><\/a> Annak ellen\u00e9re, hogy a szervezetet megterhel\u0151, gondos el\u0151k\u00e9sz\u00edt\u00e9st ig\u00e9nyl\u0151 beavatkoz\u00e1sr\u00f3l &hellip;<\/p>\n","protected":false},"author":1,"featured_media":0,"parent":255,"menu_order":2,"comment_status":"closed","ping_status":"closed","template":"","meta":{"_acf_changed":false,"footnotes":""},"categories":[],"tags":[],"class_list":["post-307","page","type-page","status-publish","hentry"],"acf":[],"_links":{"self":[{"href":"https:\/\/semmelweis.hu\/ortopedklinika\/wp-json\/wp\/v2\/pages\/307","targetHints":{"allow":["GET"]}}],"collection":[{"href":"https:\/\/semmelweis.hu\/ortopedklinika\/wp-json\/wp\/v2\/pages"}],"about":[{"href":"https:\/\/semmelweis.hu\/ortopedklinika\/wp-json\/wp\/v2\/types\/page"}],"author":[{"embeddable":true,"href":"https:\/\/semmelweis.hu\/ortopedklinika\/wp-json\/wp\/v2\/users\/1"}],"replies":[{"embeddable":true,"href":"https:\/\/semmelweis.hu\/ortopedklinika\/wp-json\/wp\/v2\/comments?post=307"}],"version-history":[{"count":5,"href":"https:\/\/semmelweis.hu\/ortopedklinika\/wp-json\/wp\/v2\/pages\/307\/revisions"}],"predecessor-version":[{"id":2854,"href":"https:\/\/semmelweis.hu\/ortopedklinika\/wp-json\/wp\/v2\/pages\/307\/revisions\/2854"}],"up":[{"embeddable":true,"href":"https:\/\/semmelweis.hu\/ortopedklinika\/wp-json\/wp\/v2\/pages\/255"}],"wp:attachment":[{"href":"https:\/\/semmelweis.hu\/ortopedklinika\/wp-json\/wp\/v2\/media?parent=307"}],"wp:term":[{"taxonomy":"category","embeddable":true,"href":"https:\/\/semmelweis.hu\/ortopedklinika\/wp-json\/wp\/v2\/categories?post=307"},{"taxonomy":"post_tag","embeddable":true,"href":"https:\/\/semmelweis.hu\/ortopedklinika\/wp-json\/wp\/v2\/tags?post=307"}],"curies":[{"name":"wp","href":"https:\/\/api.w.org\/{rel}","templated":true}]}}