{"id":3066,"date":"2022-06-02T14:29:58","date_gmt":"2022-06-02T12:29:58","guid":{"rendered":"https:\/\/semmelweis.hu\/ortopedklinika\/?page_id=3066"},"modified":"2022-06-14T13:08:20","modified_gmt":"2022-06-14T11:08:20","slug":"gyogytornaszaink","status":"publish","type":"page","link":"https:\/\/semmelweis.hu\/ortopedklinika\/betegeknek\/gyogytornaszaink\/","title":{"rendered":"Gy\u00f3gytorn\u00e1szaink"},"content":{"rendered":"<table style=\"border-collapse: collapse;width: 100%\">\n<tbody>\n<tr>\n<td style=\"width: 33.3333%;text-align: center\"><a href=\"https:\/\/semmelweis.hu\/ortopedklinika\/files\/2022\/06\/Kov\u2020cs-Be\u2020ta-scaled.jpg\"><img loading=\"lazy\" decoding=\"async\" class=\"alignnone wp-image-3071\" src=\"https:\/\/semmelweis.hu\/ortopedklinika\/files\/2022\/06\/Kov\u2020cs-Be\u2020ta-300x400.jpg\" alt=\"\" width=\"100\" height=\"133\" srcset=\"https:\/\/semmelweis.hu\/ortopedklinika\/files\/2022\/06\/Kov\u2020cs-Be\u2020ta-300x400.jpg 300w, https:\/\/semmelweis.hu\/ortopedklinika\/files\/2022\/06\/Kov\u2020cs-Be\u2020ta-768x1025.jpg 768w, https:\/\/semmelweis.hu\/ortopedklinika\/files\/2022\/06\/Kov\u2020cs-Be\u2020ta-1151x1536.jpg 1151w, https:\/\/semmelweis.hu\/ortopedklinika\/files\/2022\/06\/Kov\u2020cs-Be\u2020ta-1535x2048.jpg 1535w, https:\/\/semmelweis.hu\/ortopedklinika\/files\/2022\/06\/Kov\u2020cs-Be\u2020ta-753x1005.jpg 753w, https:\/\/semmelweis.hu\/ortopedklinika\/files\/2022\/06\/Kov\u2020cs-Be\u2020ta-scaled.jpg 1919w\" sizes=\"auto, (max-width: 100px) 100vw, 100px\" \/><\/a><\/td>\n<td style=\"width: 33.3333%;text-align: center\"><a href=\"https:\/\/semmelweis.hu\/ortopedklinika\/files\/2022\/06\/starosta_1626860586.png\"><img loading=\"lazy\" decoding=\"async\" class=\"alignnone wp-image-3077\" src=\"https:\/\/semmelweis.hu\/ortopedklinika\/files\/2022\/06\/starosta_1626860586.png\" alt=\"\" width=\"100\" height=\"132\" \/><\/a><\/td>\n<td style=\"width: 33.3333%;text-align: center\"><a href=\"https:\/\/semmelweis.hu\/ortopedklinika\/files\/2022\/06\/Kiss-Kriszti\u2020n-scaled.jpg\"><img loading=\"lazy\" decoding=\"async\" class=\"alignnone wp-image-3070\" src=\"https:\/\/semmelweis.hu\/ortopedklinika\/files\/2022\/06\/Kiss-Kriszti\u2020n-300x400.jpg\" alt=\"\" width=\"100\" height=\"133\" srcset=\"https:\/\/semmelweis.hu\/ortopedklinika\/files\/2022\/06\/Kiss-Kriszti\u2020n-300x400.jpg 300w, https:\/\/semmelweis.hu\/ortopedklinika\/files\/2022\/06\/Kiss-Kriszti\u2020n-768x1024.jpg 768w, https:\/\/semmelweis.hu\/ortopedklinika\/files\/2022\/06\/Kiss-Kriszti\u2020n-1152x1536.jpg 1152w, https:\/\/semmelweis.hu\/ortopedklinika\/files\/2022\/06\/Kiss-Kriszti\u2020n-1536x2048.jpg 1536w, https:\/\/semmelweis.hu\/ortopedklinika\/files\/2022\/06\/Kiss-Kriszti\u2020n-753x1004.jpg 753w, https:\/\/semmelweis.hu\/ortopedklinika\/files\/2022\/06\/Kiss-Kriszti\u2020n-scaled.jpg 1920w\" sizes=\"auto, (max-width: 100px) 100vw, 100px\" \/><\/a><\/td>\n<\/tr>\n<tr>\n<td style=\"width: 33.3333%;text-align: center\"><strong>Kov\u00e1cs Be\u00e1ta Zsuzsa<\/strong><br \/>\nVezet\u0151 gy\u00f3gytorn\u00e1sz<\/td>\n<td style=\"width: 33.3333%;text-align: center\"><strong>Dobi Zs\u00f3fia<\/strong><br \/>\nGy\u00f3gytorn\u00e1sz<\/td>\n<td style=\"width: 33.3333%;text-align: center\"><strong>Kiss Kriszti\u00e1n<\/strong><br \/>\nGy\u00f3gytorn\u00e1sz<\/td>\n<\/tr>\n<tr>\n<td style=\"width: 33.3333%;text-align: center\"><a href=\"https:\/\/semmelweis.hu\/ortopedklinika\/files\/2022\/06\/starosta_1626860586.png\"><img loading=\"lazy\" decoding=\"async\" class=\"alignnone wp-image-3077\" src=\"https:\/\/semmelweis.hu\/ortopedklinika\/files\/2022\/06\/starosta_1626860586.png\" alt=\"\" width=\"100\" height=\"132\" \/><\/a><\/td>\n<td style=\"width: 33.3333%;text-align: center\"><a href=\"https:\/\/semmelweis.hu\/ortopedklinika\/files\/2022\/06\/starosta_1626860586.png\"><img loading=\"lazy\" decoding=\"async\" class=\"alignnone wp-image-3077\" src=\"https:\/\/semmelweis.hu\/ortopedklinika\/files\/2022\/06\/starosta_1626860586.png\" alt=\"\" width=\"100\" height=\"132\" \/><\/a><\/td>\n<td style=\"width: 33.3333%;text-align: center\"><a href=\"https:\/\/semmelweis.hu\/ortopedklinika\/files\/2022\/06\/Szedlacsek-M\u2020rti-scaled.jpg\"><img loading=\"lazy\" decoding=\"async\" class=\"alignnone wp-image-3074\" src=\"https:\/\/semmelweis.hu\/ortopedklinika\/files\/2022\/06\/Szedlacsek-M\u2020rti-300x400.jpg\" alt=\"\" width=\"100\" height=\"133\" srcset=\"https:\/\/semmelweis.hu\/ortopedklinika\/files\/2022\/06\/Szedlacsek-M\u2020rti-300x400.jpg 300w, https:\/\/semmelweis.hu\/ortopedklinika\/files\/2022\/06\/Szedlacsek-M\u2020rti-768x1024.jpg 768w, https:\/\/semmelweis.hu\/ortopedklinika\/files\/2022\/06\/Szedlacsek-M\u2020rti-1152x1536.jpg 1152w, https:\/\/semmelweis.hu\/ortopedklinika\/files\/2022\/06\/Szedlacsek-M\u2020rti-1536x2048.jpg 1536w, https:\/\/semmelweis.hu\/ortopedklinika\/files\/2022\/06\/Szedlacsek-M\u2020rti-753x1004.jpg 753w, https:\/\/semmelweis.hu\/ortopedklinika\/files\/2022\/06\/Szedlacsek-M\u2020rti-scaled.jpg 1920w\" sizes=\"auto, (max-width: 100px) 100vw, 100px\" \/><\/a><\/td>\n<\/tr>\n<tr>\n<td style=\"width: 33.3333%;text-align: center\"><strong>S\u00e1rk\u00e1ny-Kysely P\u00e9ter<\/strong><br \/>\nGy\u00f3gytorn\u00e1sz<\/td>\n<td style=\"width: 33.3333%;text-align: center\"><strong>St\u00e1gel-Major Borb\u00e1la<\/strong><br \/>\nGy\u00f3gytorn\u00e1sz<\/td>\n<td style=\"width: 33.3333%;text-align: center\"><strong>Szedlacsek M\u00e1rta<\/strong><br \/>\nGy\u00f3gytorn\u00e1sz<\/td>\n<\/tr>\n<tr>\n<td style=\"width: 33.3333%;text-align: center\"><a href=\"https:\/\/semmelweis.hu\/ortopedklinika\/files\/2022\/06\/Sz\u00b0vE\u0328s-ME\u0328nika-scaled.jpg\"><img loading=\"lazy\" decoding=\"async\" class=\"alignnone wp-image-3073\" src=\"https:\/\/semmelweis.hu\/ortopedklinika\/files\/2022\/06\/Sz\u00b0vE\u0328s-ME\u0328nika-300x400.jpg\" alt=\"\" width=\"100\" height=\"133\" srcset=\"https:\/\/semmelweis.hu\/ortopedklinika\/files\/2022\/06\/Sz\u00b0vE\u0328s-ME\u0328nika-300x400.jpg 300w, https:\/\/semmelweis.hu\/ortopedklinika\/files\/2022\/06\/Sz\u00b0vE\u0328s-ME\u0328nika-768x1024.jpg 768w, https:\/\/semmelweis.hu\/ortopedklinika\/files\/2022\/06\/Sz\u00b0vE\u0328s-ME\u0328nika-1152x1536.jpg 1152w, https:\/\/semmelweis.hu\/ortopedklinika\/files\/2022\/06\/Sz\u00b0vE\u0328s-ME\u0328nika-1536x2048.jpg 1536w, https:\/\/semmelweis.hu\/ortopedklinika\/files\/2022\/06\/Sz\u00b0vE\u0328s-ME\u0328nika-753x1004.jpg 753w, https:\/\/semmelweis.hu\/ortopedklinika\/files\/2022\/06\/Sz\u00b0vE\u0328s-ME\u0328nika-scaled.jpg 1920w\" sizes=\"auto, (max-width: 100px) 100vw, 100px\" \/><\/a><\/td>\n<td style=\"width: 33.3333%;text-align: center\"><a href=\"https:\/\/semmelweis.hu\/ortopedklinika\/files\/2022\/06\/TE\u0328thna\u0304-Szentpa\u0304teri-T\u00b0mea-scaled.jpg\"><img loading=\"lazy\" decoding=\"async\" class=\"alignnone wp-image-3075\" src=\"https:\/\/semmelweis.hu\/ortopedklinika\/files\/2022\/06\/TE\u0328thna\u0304-Szentpa\u0304teri-T\u00b0mea-300x400.jpg\" alt=\"\" width=\"100\" height=\"133\" srcset=\"https:\/\/semmelweis.hu\/ortopedklinika\/files\/2022\/06\/TE\u0328thna\u0304-Szentpa\u0304teri-T\u00b0mea-300x400.jpg 300w, https:\/\/semmelweis.hu\/ortopedklinika\/files\/2022\/06\/TE\u0328thna\u0304-Szentpa\u0304teri-T\u00b0mea-768x1025.jpg 768w, https:\/\/semmelweis.hu\/ortopedklinika\/files\/2022\/06\/TE\u0328thna\u0304-Szentpa\u0304teri-T\u00b0mea-1151x1536.jpg 1151w, https:\/\/semmelweis.hu\/ortopedklinika\/files\/2022\/06\/TE\u0328thna\u0304-Szentpa\u0304teri-T\u00b0mea-1535x2048.jpg 1535w, https:\/\/semmelweis.hu\/ortopedklinika\/files\/2022\/06\/TE\u0328thna\u0304-Szentpa\u0304teri-T\u00b0mea-753x1005.jpg 753w, https:\/\/semmelweis.hu\/ortopedklinika\/files\/2022\/06\/TE\u0328thna\u0304-Szentpa\u0304teri-T\u00b0mea-scaled.jpg 1919w\" sizes=\"auto, (max-width: 100px) 100vw, 100px\" \/><\/a><\/td>\n<td style=\"width: 33.3333%;text-align: center\"><a href=\"https:\/\/semmelweis.hu\/ortopedklinika\/files\/2022\/06\/Schmidtka-V\u2020rnagy-Anna-scaled.jpg\"><img loading=\"lazy\" decoding=\"async\" class=\"alignnone wp-image-3072\" src=\"https:\/\/semmelweis.hu\/ortopedklinika\/files\/2022\/06\/Schmidtka-V\u2020rnagy-Anna-300x400.jpg\" alt=\"\" width=\"100\" height=\"133\" srcset=\"https:\/\/semmelweis.hu\/ortopedklinika\/files\/2022\/06\/Schmidtka-V\u2020rnagy-Anna-300x400.jpg 300w, https:\/\/semmelweis.hu\/ortopedklinika\/files\/2022\/06\/Schmidtka-V\u2020rnagy-Anna-768x1024.jpg 768w, https:\/\/semmelweis.hu\/ortopedklinika\/files\/2022\/06\/Schmidtka-V\u2020rnagy-Anna-1152x1536.jpg 1152w, https:\/\/semmelweis.hu\/ortopedklinika\/files\/2022\/06\/Schmidtka-V\u2020rnagy-Anna-1536x2048.jpg 1536w, https:\/\/semmelweis.hu\/ortopedklinika\/files\/2022\/06\/Schmidtka-V\u2020rnagy-Anna-753x1004.jpg 753w, https:\/\/semmelweis.hu\/ortopedklinika\/files\/2022\/06\/Schmidtka-V\u2020rnagy-Anna-scaled.jpg 1920w\" sizes=\"auto, (max-width: 100px) 100vw, 100px\" \/><\/a><\/td>\n<\/tr>\n<tr>\n<td style=\"width: 33.3333%;text-align: center\"><strong>Sz\u00edv\u00f3s M\u00f3nika<\/strong><br \/>\nGy\u00f3gytorn\u00e1sz<\/td>\n<td style=\"width: 33.3333%;text-align: center\"><strong>T\u00f3thn\u00e9 Szentp\u00e9tery T\u00edmea<\/strong><br \/>\nGy\u00f3gytorn\u00e1sz<\/td>\n<td style=\"width: 33.3333%;text-align: center\"><strong>V\u00e1rnagy Anna<\/strong><br \/>\nGy\u00f3gytorn\u00e1sz<\/td>\n<\/tr>\n<tr>\n<td style=\"width: 33.3333%;text-align: center\"><a href=\"https:\/\/semmelweis.hu\/ortopedklinika\/files\/2022\/06\/W\u2020gner-Csilla-scaled.jpg\"><img loading=\"lazy\" decoding=\"async\" class=\"alignnone wp-image-3076\" src=\"https:\/\/semmelweis.hu\/ortopedklinika\/files\/2022\/06\/W\u2020gner-Csilla-300x400.jpg\" alt=\"\" width=\"100\" height=\"133\" srcset=\"https:\/\/semmelweis.hu\/ortopedklinika\/files\/2022\/06\/W\u2020gner-Csilla-300x400.jpg 300w, https:\/\/semmelweis.hu\/ortopedklinika\/files\/2022\/06\/W\u2020gner-Csilla-768x1025.jpg 768w, https:\/\/semmelweis.hu\/ortopedklinika\/files\/2022\/06\/W\u2020gner-Csilla-1151x1536.jpg 1151w, https:\/\/semmelweis.hu\/ortopedklinika\/files\/2022\/06\/W\u2020gner-Csilla-1535x2048.jpg 1535w, https:\/\/semmelweis.hu\/ortopedklinika\/files\/2022\/06\/W\u2020gner-Csilla-753x1004.jpg 753w, https:\/\/semmelweis.hu\/ortopedklinika\/files\/2022\/06\/W\u2020gner-Csilla-scaled.jpg 1919w\" sizes=\"auto, (max-width: 100px) 100vw, 100px\" \/><\/a><\/td>\n<td style=\"width: 33.3333%;text-align: center\">\u00a0<\/td>\n<td style=\"width: 33.3333%;text-align: center\">\u00a0<\/td>\n<\/tr>\n<tr>\n<td style=\"width: 33.3333%;text-align: center\"><strong>W\u00e1gner Csilla<\/strong><br \/>\nGy\u00f3gytorn\u00e1sz<\/td>\n<td style=\"width: 33.3333%;text-align: center\">\u00a0<\/td>\n<td style=\"width: 33.3333%;text-align: center\">\u00a0<\/td>\n<\/tr>\n<\/tbody>\n<\/table>\n<p>&nbsp;<\/p>\n<p>&nbsp;<\/p>\n","protected":false},"excerpt":{"rendered":"<p><a href=\"https:\/\/semmelweis.hu\/ortopedklinika\/files\/2022\/06\/Kov\u2020cs-Be\u2020ta-scaled.jpg\"><\/a><br \/>\n<a href=\"https:\/\/semmelweis.hu\/ortopedklinika\/files\/2022\/06\/starosta_1626860586.png\"><\/a><br \/>\n<a href=\"https:\/\/semmelweis.hu\/ortopedklinika\/files\/2022\/06\/Kiss-Kriszti\u2020n-scaled.jpg\"><\/a><\/p>\n<p>Kov\u00e1cs Be\u00e1ta Zsuzsa<br \/>\nVezet\u0151 gy\u00f3gytorn\u00e1sz<br \/>\nDobi Zs\u00f3fia<br \/>\nGy\u00f3gytorn\u00e1sz<br \/>\nKiss Kriszti\u00e1n<br \/>\nGy\u00f3gytorn\u00e1sz<\/p>\n<p><a href=\"https:\/\/semmelweis.hu\/ortopedklinika\/files\/2022\/06\/starosta_1626860586.png\"><\/a><br \/>\n<a href=\"https:\/\/semmelweis.hu\/ortopedklinika\/files\/2022\/06\/starosta_1626860586.png\"><\/a><br \/>\n<a href=\"https:\/\/semmelweis.hu\/ortopedklinika\/files\/2022\/06\/Szedlacsek-M\u2020rti-scaled.jpg\"><\/a><\/p>\n<p>S\u00e1rk\u00e1ny-Kysely P\u00e9ter<br \/>\nGy\u00f3gytorn\u00e1sz<br \/>\nSt\u00e1gel-Major Borb\u00e1la<br \/>\nGy\u00f3gytorn\u00e1sz<br \/>\nSzedlacsek M\u00e1rta<br \/>\nGy\u00f3gytorn\u00e1sz<\/p>\n<p><a href=\"https:\/\/semmelweis.hu\/ortopedklinika\/files\/2022\/06\/Sz\u00b0vE\u0328s-ME\u0328nika-scaled.jpg\"><\/a><br \/>\n<a href=\"https:\/\/semmelweis.hu\/ortopedklinika\/files\/2022\/06\/TE\u0328thna\u0304-Szentpa\u0304teri-T\u00b0mea-scaled.jpg\"><\/a><br \/>\n<a href=\"https:\/\/semmelweis.hu\/ortopedklinika\/files\/2022\/06\/Schmidtka-V\u2020rnagy-Anna-scaled.jpg\"><\/a><\/p>\n<p>Sz\u00edv\u00f3s M\u00f3nika<br \/>\nGy\u00f3gytorn\u00e1sz<br \/>\nT\u00f3thn\u00e9 Szentp\u00e9tery T\u00edmea<br \/>\nGy\u00f3gytorn\u00e1sz<br \/>\nV\u00e1rnagy Anna<br \/>\nGy\u00f3gytorn\u00e1sz<\/p>\n<p><a href=\"https:\/\/semmelweis.hu\/ortopedklinika\/files\/2022\/06\/W\u2020gner-Csilla-scaled.jpg\"><\/a><br \/>\n\u00a0<br \/>\n\u00a0<\/p>\n<p>W\u00e1gner Csilla<br \/>\nGy\u00f3gytorn\u00e1sz<br \/>\n\u00a0<br \/>\n\u00a0<\/p>\n<p>&nbsp;<br \/>\n&nbsp;<\/p>\n","protected":false},"author":101831,"featured_media":0,"parent":421,"menu_order":5,"comment_status":"closed","ping_status":"closed","template":"","meta":{"_acf_changed":false,"footnotes":""},"categories":[],"tags":[],"class_list":["post-3066","page","type-page","status-publish","hentry"],"acf":[],"_links":{"self":[{"href":"https:\/\/semmelweis.hu\/ortopedklinika\/wp-json\/wp\/v2\/pages\/3066","targetHints":{"allow":["GET"]}}],"collection":[{"href":"https:\/\/semmelweis.hu\/ortopedklinika\/wp-json\/wp\/v2\/pages"}],"about":[{"href":"https:\/\/semmelweis.hu\/ortopedklinika\/wp-json\/wp\/v2\/types\/page"}],"author":[{"embeddable":true,"href":"https:\/\/semmelweis.hu\/ortopedklinika\/wp-json\/wp\/v2\/users\/101831"}],"replies":[{"embeddable":true,"href":"https:\/\/semmelweis.hu\/ortopedklinika\/wp-json\/wp\/v2\/comments?post=3066"}],"version-history":[{"count":5,"href":"https:\/\/semmelweis.hu\/ortopedklinika\/wp-json\/wp\/v2\/pages\/3066\/revisions"}],"predecessor-version":[{"id":3142,"href":"https:\/\/semmelweis.hu\/ortopedklinika\/wp-json\/wp\/v2\/pages\/3066\/revisions\/3142"}],"up":[{"embeddable":true,"href":"https:\/\/semmelweis.hu\/ortopedklinika\/wp-json\/wp\/v2\/pages\/421"}],"wp:attachment":[{"href":"https:\/\/semmelweis.hu\/ortopedklinika\/wp-json\/wp\/v2\/media?parent=3066"}],"wp:term":[{"taxonomy":"category","embeddable":true,"href":"https:\/\/semmelweis.hu\/ortopedklinika\/wp-json\/wp\/v2\/categories?post=3066"},{"taxonomy":"post_tag","embeddable":true,"href":"https:\/\/semmelweis.hu\/ortopedklinika\/wp-json\/wp\/v2\/tags?post=3066"}],"curies":[{"name":"wp","href":"https:\/\/api.w.org\/{rel}","templated":true}]}}