{"id":306,"date":"2016-01-26T00:00:00","date_gmt":"2016-01-25T23:00:00","guid":{"rendered":"http:\/\/semmelweis.hu\/ortopedklinika\/01_profil\/"},"modified":"2022-05-06T11:28:38","modified_gmt":"2022-05-06T09:28:38","slug":"arthroscopos-profil","status":"publish","type":"page","link":"https:\/\/semmelweis.hu\/ortopedklinika\/profiljaink-lista\/arthroscopos-profil\/","title":{"rendered":"Arthroscopos profil"},"content":{"rendered":"<h2 style=\"text-align: justify;\">Arthroscopia az Ortop\u00e9diai Klinik\u00e1n<\/h2>\n<p style=\"text-align: justify;\"><a href=\"https:\/\/semmelweis.hu\/ortopedklinika\/files\/2016\/01\/artoskopos01-1.jpg\"><img loading=\"lazy\" decoding=\"async\" class=\"alignright wp-image-480 \" src=\"https:\/\/semmelweis.hu\/ortopedklinika\/files\/2016\/01\/artoskopos01-1.jpg\" alt=\"artoskopos01\" width=\"400\" height=\"200\" srcset=\"https:\/\/semmelweis.hu\/ortopedklinika\/files\/2016\/01\/artoskopos01-1.jpg 490w, https:\/\/semmelweis.hu\/ortopedklinika\/files\/2016\/01\/artoskopos01-1-300x150.jpg 300w\" sizes=\"auto, (max-width: 400px) 100vw, 400px\" \/><\/a>Az Ortop\u00e9d Klinik\u00e1n az els\u0151 t\u00e9rd\u00edz\u00fcleti arthroscopi\u00e1t 1982 m\u00e1rcius\u00e1ban Dr. Kalabay L\u00e1szl\u00f3 v\u00e9gezte, akinek m\u00falhatatlan \u00e9rdeme van a m\u00f3dszer hazai terjeszt\u00e9s\u00e9ben. Az\u00f3ta t\u00f6bb mint 7500 t\u00e9rd\u00edz\u00fcleti artroszk\u00f3pia \u00e9s t\u00f6bb sz\u00e1z v\u00e1ll\u00edz\u00fcleti artroszk\u00f3pos beavatkoz\u00e1s t\u00f6rt\u00e9nt.<\/p>\n<p style=\"text-align: justify;\">A kezdeti diagnosztikus t\u00e9rdartroszk\u00f3pi\u00e1kat m\u00e1r m\u0171t\u00e9ti beavatkoz\u00e1sok k\u00f6vett\u00e9k \u00e9s napjainkra csaknem minden t\u00e9rd\u00edz\u00fcleti artroszk\u00f3ppal elv\u00e9gezhet\u0151 technik\u00e1t uralnak munkat\u00e1rsaink. Fiatal orvosaink m\u0171t\u00e9ti palett\u00e1j\u00e1n kiemelt helyen \u00e1ll a m\u00f3dszer, \u00edgy a technikai lehet\u0151s\u00e9gek fokozatos javul\u00e1s\u00e1val lehet\u0151s\u00e9g\u00fcnk ny\u00edlik olyan korszer\u0171 technik\u00e1k elsaj\u00e1t\u00edt\u00e1s\u00e1ra, mint a porcdefektusok gy\u00f3gy\u00edt\u00e1s\u00e1t c\u00e9lz\u00f3 autol\u00f3g oszteokondr\u00e1lis mozaikplasztika, valamint a fedett n\u00e9gyk\u00f6teges el\u00fcls\u0151 keresztszalagp\u00f3tl\u00e1s.<\/p>\n<p style=\"text-align: justify;\"><a href=\"https:\/\/semmelweis.hu\/ortopedklinika\/files\/2016\/01\/artoskopos02.jpg\"><img loading=\"lazy\" decoding=\"async\" class=\"alignleft wp-image-351 size-full\" src=\"https:\/\/semmelweis.hu\/ortopedklinika\/files\/2016\/01\/artoskopos02.jpg\" alt=\"artoskopos02\" width=\"180\" height=\"170\" \/><\/a>A r\u00e9szleg f\u0151 profilj\u00e1v\u00e1 a t\u00e9rd\u00edz\u00fcleti degenerat\u00edv megbeteged\u00e9sek v\u00e1ltak, de nagy sz\u00e1mban l\u00e1tunk el sports\u00e9r\u00fcl\u00e9sek k\u00f6vetkezt\u00e9ben l\u00e9trej\u00f6tt gy\u0171r\u0171porcs\u00e9r\u00fcl\u00e9seket, szalags\u00e9r\u00fcl\u00e9seket \u00e9s fok\u00e1lis \u00fcvegporck\u00e1rosod\u00e1sokat is. Gyakori, hogy autoimmun, vagy rheumatologiai betegs\u00e9gek k\u00f6vetkezt\u00e9ben l\u00e9trej\u00f6tt t\u00e9rdbetegs\u00e9geket diagnosztiz\u00e1lunk \u00e9s l\u00e1tunk el korszer\u0171 fedett ell\u00e1t\u00e1st lehet\u0151v\u00e9 t\u00e9v\u0151 endoszk\u00f3pos berendez\u00e9seinkkel. Ezeknek a betegeinknek a tov\u00e1bbi kezel\u00e9s\u00e9t Int\u00e9zet\u00fcnk rheumatol\u00f3gus\u00e1val \u00f6sszhangban folytatjuk.<\/p>\n<p style=\"text-align: justify;\">\u00c9vtizedes gyakorlatunknak \u00e9s speci\u00e1lis m\u0171szereinknek k\u00f6sz\u00f6nhet\u0151en nem h\u00e1tr\u00e1lunk meg a ritk\u00e1bban el\u0151fordul\u00f3 gyermekkorban panaszokat okoz\u00f3 t\u00e9rd\u00edz\u00fcleti fejl\u0151d\u00e9si rendelleness\u00e9gek m\u0171t\u00e9ti ell\u00e1t\u00e1s\u00e1t\u00f3l sem. K\u00e9szs\u00e9ggel fogadunk ritk\u00e1bb t\u00e9rdbetegs\u00e9gekben szenved\u0151 t\u00e9rdm\u0171t\u00e9re szorul\u00f3 betegeket az orsz\u00e1g minden r\u00e9sz\u00e9r\u0151l. V\u00e1llaljuk a kr\u00f3nikus t\u00e9rd\u00edz\u00fcleti duzzanatok miatt, a f\u00e1jdalmas t\u00e9rd\u00edz\u00fcleti mozg\u00e1skorl\u00e1tozotts\u00e1gt\u00f3l \u00e9s bizonyos tumorszer\u0171 elv\u00e1ltoz\u00e1sokban szenved\u0151 t\u00e9rdbetegek kivizsg\u00e1l\u00e1s\u00e1t \u00e9s m\u0171t\u00e9ti ell\u00e1t\u00e1s\u00e1t is. Tev\u00e9kenys\u00e9g\u00fcnkkel lehet\u0151v\u00e9 tessz\u00fck t\u00e9rdbetegeinknek, hogy r\u00f6vid v\u00e1rakoz\u00e1si id\u0151n ut\u00e1n ker\u00fclhessenek m\u0171t\u00e9tre \u00e9s r\u00f6vid k\u00f3rh\u00e1zi tart\u00f3zkod\u00e1st k\u00f6vet\u0151en gy\u00f3gyultan t\u00e9rhessenek otthonukba int\u00e9zet\u00fcnkb\u0151l.<\/p>\n","protected":false},"excerpt":{"rendered":"<p>Arthroscopia az Ortop\u00e9diai Klinik\u00e1n <a href=\"https:\/\/semmelweis.hu\/ortopedklinika\/files\/2016\/01\/artoskopos01-1.jpg\"><\/a> Az Ortop\u00e9d Klinik\u00e1n az els\u0151 t\u00e9rd\u00edz\u00fcleti arthroscopi\u00e1t 1982 m\u00e1rcius\u00e1ban Dr. Kalabay L\u00e1szl\u00f3 v\u00e9gezte, akinek m\u00falhatatlan \u00e9rdeme van a m\u00f3dszer hazai terjeszt\u00e9s\u00e9ben. Az\u00f3ta t\u00f6bb mint 7500 t\u00e9rd\u00edz\u00fcleti artroszk\u00f3pia \u00e9s t\u00f6bb sz\u00e1z v\u00e1ll\u00edz\u00fcleti artroszk\u00f3pos beavatkoz\u00e1s t\u00f6rt\u00e9nt. A kezdeti diagnosztikus t\u00e9rdartroszk\u00f3pi\u00e1kat m\u00e1r m\u0171t\u00e9ti beavatkoz\u00e1sok k\u00f6vett\u00e9k \u00e9s napjainkra csaknem minden t\u00e9rd\u00edz\u00fcleti artroszk\u00f3ppal elv\u00e9gezhet\u0151 technik\u00e1t uralnak &hellip;<\/p>\n","protected":false},"author":158,"featured_media":0,"parent":255,"menu_order":3,"comment_status":"closed","ping_status":"closed","template":"","meta":{"_acf_changed":false,"footnotes":""},"categories":[],"tags":[],"class_list":["post-306","page","type-page","status-publish","hentry"],"acf":[],"_links":{"self":[{"href":"https:\/\/semmelweis.hu\/ortopedklinika\/wp-json\/wp\/v2\/pages\/306","targetHints":{"allow":["GET"]}}],"collection":[{"href":"https:\/\/semmelweis.hu\/ortopedklinika\/wp-json\/wp\/v2\/pages"}],"about":[{"href":"https:\/\/semmelweis.hu\/ortopedklinika\/wp-json\/wp\/v2\/types\/page"}],"author":[{"embeddable":true,"href":"https:\/\/semmelweis.hu\/ortopedklinika\/wp-json\/wp\/v2\/users\/158"}],"replies":[{"embeddable":true,"href":"https:\/\/semmelweis.hu\/ortopedklinika\/wp-json\/wp\/v2\/comments?post=306"}],"version-history":[{"count":7,"href":"https:\/\/semmelweis.hu\/ortopedklinika\/wp-json\/wp\/v2\/pages\/306\/revisions"}],"predecessor-version":[{"id":2857,"href":"https:\/\/semmelweis.hu\/ortopedklinika\/wp-json\/wp\/v2\/pages\/306\/revisions\/2857"}],"up":[{"embeddable":true,"href":"https:\/\/semmelweis.hu\/ortopedklinika\/wp-json\/wp\/v2\/pages\/255"}],"wp:attachment":[{"href":"https:\/\/semmelweis.hu\/ortopedklinika\/wp-json\/wp\/v2\/media?parent=306"}],"wp:term":[{"taxonomy":"category","embeddable":true,"href":"https:\/\/semmelweis.hu\/ortopedklinika\/wp-json\/wp\/v2\/categories?post=306"},{"taxonomy":"post_tag","embeddable":true,"href":"https:\/\/semmelweis.hu\/ortopedklinika\/wp-json\/wp\/v2\/tags?post=306"}],"curies":[{"name":"wp","href":"https:\/\/api.w.org\/{rel}","templated":true}]}}