{"id":303,"date":"2016-01-26T00:00:00","date_gmt":"2016-01-25T23:00:00","guid":{"rendered":"http:\/\/semmelweis.hu\/ortopedklinika\/04_kutatas-4\/"},"modified":"2022-05-06T11:20:28","modified_gmt":"2022-05-06T09:20:28","slug":"csontbank","status":"publish","type":"page","link":"https:\/\/semmelweis.hu\/ortopedklinika\/kutatas\/csontbank\/","title":{"rendered":"Csontbank"},"content":{"rendered":"<h4 style=\"text-align: justify;\"><strong id=\"tab_1\" class=\"tabs_on\" style=\"width: 80px;\">Mi\u00e9rt van sz\u00fcks\u00e9g csontp\u00f3tl\u00e1sra?<\/strong><\/h4>\n<p style=\"text-align: justify;\">Az ortop\u00e9diai m\u0171t\u00e9tekn\u00e9l irodalmi adatok szerint a beavatkoz\u00e1soknak k\u00f6zel 10%-\u00e1ban alkalmaznak csonttranszplant\u00e1ci\u00f3t. Klinik\u00e1nkon ez \u00e9ves szinten sz\u00e1zas nagys\u00e1grend\u0171 \u00e9rt\u00e9ket k\u00e9pvisel. A felhaszn\u00e1lt csont lehet autol\u00f3g, azaz saj\u00e1t szervezetb\u00f4l nyert transzplant\u00e1tum, azonban az ut\u00f3bbi \u00e9vekben a vil\u00e1gon mind t\u00f6bb helyen j\u00f6ttek l\u00e9tre \u2013 a fokoz\u00f3d\u00f3 ig\u00e9nyek kiel\u00e9g\u00edt\u00e9s\u00e9re &#8211; a homol\u00f3g csonttranszplant\u00e1tumokat biztos\u00edt\u00f3, standard feldolgoz\u00e1si elj\u00e1r\u00e1sokkal dolgoz\u00f3 csontbankok.<\/p>\n<h4 style=\"text-align: justify;\"><strong>A csontbank m\u0171k\u00f6d\u00e9se klinik\u00e1nkon<\/strong><\/h4>\n<p style=\"text-align: justify;\">Klinik\u00e1nkon miniszt\u00e9riumi egyet\u00e9rt\u00e9ssel \u00e9s anyagi t\u00e1mogat\u00e1ssal 1993-ban l\u00e9tes\u00edtett\u00fcnk csontbank alk\u00f6zpontot. Saj\u00e1t graftjainkat els\u0151sorban a cs\u00edp\u0151prot\u00e9zis be\u00fcltet\u00e9s kapcs\u00e1n elt\u00e1vol\u00edtott combcsont-fejek \u00fajrafelhaszn\u00e1l\u00e1s\u00e1val nyerj\u00fck. Prepar\u00e1tumainkat sterilezett \u00e1llapotban t\u00e1roljuk r\u00e9szben norm\u00e1l h\u0171t\u0151szekr\u00e9nyben (0-4 oC, szivacsos csont prepar\u00e1tumok r\u00f6vid id\u0151tartamban), r\u00e9szben -190 oC-on, foly\u00e9kony nitrog\u00e9nben m\u00e9lyfagyasztva. \u00c1lland\u00f3 szakmai partner\u00fcnk a gy\u0151ri Nyugat-Magyarorsz\u00e1gi Regionalis Csontbank, ahonnan a szem\u00e9lyre szabott strukt\u00far\u00e1lis, illetve a liofiliz\u00e1lva tart\u00f3s\u00edtott prepar\u00e1tumok sz\u00e1rmaznak. Tudom\u00e1nyos egy\u00fcttm\u0171k\u00f6d\u00e9s keret\u00e9ben \u00faj t\u00edpus\u00fa, az \u0151ssejtek megtapad\u00e1s\u00e1t el\u0151seg\u00edt\u0151 illetve antibakteri\u00e1lis csontgraftokat is fejleszt\u00fcnk (tov\u00e1bbi info link).<\/p>\n<h4 style=\"text-align: justify;\"><strong>Milyen beavatkoz\u00e1sokban haszn\u00e1lunk csontgrafot?<\/strong><\/h4>\n<p style=\"text-align: justify;\">Az esetenk\u00e9nt iz\u00fcleti porcfelsz\u00ednnel is rendelkez\u0151 massz\u00edv csonttranszplant\u00e1tumokat (\u00fan. osteochondralis allograftok), ill. nagyobb, liofilezett csontgraftokat els\u0151sorban a csonttumorok ell\u00e1t\u00e1s\u00e1ban, v\u00e9gtagmegtart\u00f3 m\u0171t\u00e9tekn\u00e9l haszn\u00e1ljuk, m\u00edg a kisebb allograftokat gyermekortop\u00e9diai beavatkoz\u00e1sokn\u00e1l (pl. velesz\u00fcletett cs\u00edp\u0151ficam korrekci\u00f3), ill. benignus csonttumorok, csontcyst\u00e1k excochleati\u00f3j\u00e1t k\u00f6vet\u0151 csont\u00fcreg-kit\u00f6lt\u00e9sekre alkalmazzuk. A saj\u00e1t k\u00e9sz\u00edt\u00e9s\u0171 combfej prepar\u00e1tumokat f\u0151k\u00e9nt csont\u00fcregek kit\u00f6lt\u00e9s\u00e9ben, ill. az ut\u00f3bbi id\u0151ben mind gyakoribb\u00e1 v\u00e1l\u00f3 cs\u00edp\u0151iz\u00fcleti rev\u00edzi\u00f3s prot\u00e9zis be\u00fcltet\u00e9s kapcs\u00e1n alkalmazzuk.<\/p>\n<h4 style=\"text-align: justify;\"><strong>Eredm\u00e9nyeink<\/strong><\/h4>\n<p style=\"text-align: justify;\">A csontbankban 7 \u00e9v alatt 18 massz\u00edv osteochondralis allograftot, 24 liofilezett csontgraftot, 161 adag liofilezett spongios\u00e1t, ill. BMG-prepar\u00e1tumot, valamint k\u00f6zel 700 db saj\u00e1t k\u00e9sz\u00edt\u00e9s\u0171 femurfej-prepar\u00e1tumot haszn\u00e1ltunk fel.<\/p>\n<h4 style=\"text-align: justify;\"><strong>Munkat\u00e1rsak<\/strong><\/h4>\n<ul>\n<li style=\"text-align: justify;\"><a href=\"https:\/\/semmelweis.hu\/ortopedklinika\/altalanos\/orvosaink\/dr-kiss-janos\/\">Kiss J\u00e1nos<\/a> &#8211;<\/li>\n<li style=\"text-align: justify;\"><a href=\"https:\/\/semmelweis.hu\/ortopedklinika\/altalanos\/orvosaink\/perlaky-tamas\/\">Perlaky Tam\u00e1s<\/a> &#8211;<\/li>\n<\/ul>\n","protected":false},"excerpt":{"rendered":"<p>Mi\u00e9rt van sz\u00fcks\u00e9g csontp\u00f3tl\u00e1sra? Az ortop\u00e9diai m\u0171t\u00e9tekn\u00e9l irodalmi adatok szerint a beavatkoz\u00e1soknak k\u00f6zel 10%-\u00e1ban alkalmaznak csonttranszplant\u00e1ci\u00f3t. Klinik\u00e1nkon ez \u00e9ves szinten sz\u00e1zas nagys\u00e1grend\u0171 \u00e9rt\u00e9ket k\u00e9pvisel. A felhaszn\u00e1lt csont lehet autol\u00f3g, azaz saj\u00e1t szervezetb\u00f4l nyert transzplant\u00e1tum, azonban az ut\u00f3bbi \u00e9vekben a vil\u00e1gon mind t\u00f6bb helyen j\u00f6ttek l\u00e9tre \u2013 a fokoz\u00f3d\u00f3 ig\u00e9nyek kiel\u00e9g\u00edt\u00e9s\u00e9re &#8211; a homol\u00f3g csonttranszplant\u00e1tumokat biztos\u00edt\u00f3, &hellip;<\/p>\n","protected":false},"author":158,"featured_media":0,"parent":252,"menu_order":3,"comment_status":"closed","ping_status":"closed","template":"","meta":{"_acf_changed":false,"footnotes":""},"categories":[],"tags":[],"class_list":["post-303","page","type-page","status-publish","hentry"],"acf":[],"_links":{"self":[{"href":"https:\/\/semmelweis.hu\/ortopedklinika\/wp-json\/wp\/v2\/pages\/303","targetHints":{"allow":["GET"]}}],"collection":[{"href":"https:\/\/semmelweis.hu\/ortopedklinika\/wp-json\/wp\/v2\/pages"}],"about":[{"href":"https:\/\/semmelweis.hu\/ortopedklinika\/wp-json\/wp\/v2\/types\/page"}],"author":[{"embeddable":true,"href":"https:\/\/semmelweis.hu\/ortopedklinika\/wp-json\/wp\/v2\/users\/158"}],"replies":[{"embeddable":true,"href":"https:\/\/semmelweis.hu\/ortopedklinika\/wp-json\/wp\/v2\/comments?post=303"}],"version-history":[{"count":6,"href":"https:\/\/semmelweis.hu\/ortopedklinika\/wp-json\/wp\/v2\/pages\/303\/revisions"}],"predecessor-version":[{"id":2851,"href":"https:\/\/semmelweis.hu\/ortopedklinika\/wp-json\/wp\/v2\/pages\/303\/revisions\/2851"}],"up":[{"embeddable":true,"href":"https:\/\/semmelweis.hu\/ortopedklinika\/wp-json\/wp\/v2\/pages\/252"}],"wp:attachment":[{"href":"https:\/\/semmelweis.hu\/ortopedklinika\/wp-json\/wp\/v2\/media?parent=303"}],"wp:term":[{"taxonomy":"category","embeddable":true,"href":"https:\/\/semmelweis.hu\/ortopedklinika\/wp-json\/wp\/v2\/categories?post=303"},{"taxonomy":"post_tag","embeddable":true,"href":"https:\/\/semmelweis.hu\/ortopedklinika\/wp-json\/wp\/v2\/tags?post=303"}],"curies":[{"name":"wp","href":"https:\/\/api.w.org\/{rel}","templated":true}]}}