{"id":301,"date":"2016-01-26T00:00:00","date_gmt":"2016-01-25T23:00:00","guid":{"rendered":"http:\/\/semmelweis.hu\/ortopedklinika\/04_kutatas-2\/"},"modified":"2022-05-06T11:19:48","modified_gmt":"2022-05-06T09:19:48","slug":"klinikai-vizsgalatok","status":"publish","type":"page","link":"https:\/\/semmelweis.hu\/ortopedklinika\/kutatas\/klinikai-vizsgalatok\/","title":{"rendered":"Klinikai vizsg\u00e1latok"},"content":{"rendered":"<h4><strong>Mozg\u00e1sszervi onkol\u00f3giai t\u00e9m\u00e1j\u00fa kutat\u00e1sok<\/strong><\/h4>\n<ul>\n<li style=\"text-align: justify;\">\n<p><strong>Biszfoszfon\u00e1t kezel\u00e9s hat\u00e1sa a csontok fibrosus dysplasi\u00e1j\u00e1ra<\/strong> &#8211; PhD keret\u00e9ben v\u00e9gzett klinikai kutat\u00e1s<br \/>\nVizsg\u00e1latvezet\u0151: Dr. Kiss J\u00e1nos<\/p>\n<\/li>\n<li style=\"text-align: justify;\">\n<p><strong>Osteoid osteom\u00e1k kezel\u00e9se CT vez\u00e9relt fedett felf\u00far\u00e1ssal \u00e9s radiofrekvenci\u00e1s thermocoagulatioval\u00a0<br \/>\n<\/strong>Vizsg\u00e1latvezet\u0151k: Dr. Kiss J\u00e1nos (SE Ortop\u00e9diai Klinika), Dr. Magyar P\u00e9ter, Dr. Kov\u00e1cs Bal\u00e1zs (SE Radiol\u00f3giai Klinika)<\/p>\n<\/li>\n<li style=\"text-align: justify;\">\n<p><strong>Medencet\u00e1ji primer csonttumorok seb\u00e9szete<br \/>\n<\/strong>Vizsg\u00e1latvezet\u0151: Dr. Kiss J\u00e1nos<\/p>\n<\/li>\n<li style=\"text-align: justify;\">\n<p><strong>L\u00e1gyr\u00e9sztumorok (sarcom\u00e1k) klinikai ut\u00e1nvizsg\u00e1lata<br \/>\n<\/strong>Vizsg\u00e1latvezet\u0151: Dr. Perlaky Tam\u00e1s, Dr. Kiss J\u00e1nos<\/p>\n<\/li>\n<li style=\"text-align: justify;\">\n<p><strong>L\u00e1gyr\u00e9sztumor regiszter<br \/>\n<\/strong>Vizsg\u00e1latvezet\u0151: Dr. Perlaky Tam\u00e1s, Prof. Szendr\u0151i Mikl\u00f3s<\/p>\n<\/li>\n<li style=\"text-align: justify;\">\n<p><strong>Biol\u00f3giai rekonstrukci\u00f3s lehet\u0151s\u00e9gek csonttumor resectiot k\u00f6vet\u0151en<br \/>\n<\/strong>Vizsg\u00e1latvezet\u0151: Dr. Perlaky Tam\u00e1s, Dr. Szalay Kriszti\u00e1n, Prof. Szendr\u0151i Mikl\u00f3s<\/p>\n<\/li>\n<li style=\"text-align: justify;\">\n<p><strong>\u00d3ri\u00e1ssejtes csonttumor kezel\u00e9se Denosumabbal<br \/>\n<\/strong>Vizsg\u00e1latvezet\u0151: Dr. Perlaky Tam\u00e1s, Prof. Szendr\u0151i Mikl\u00f3s<\/p>\n<\/li>\n<\/ul>\n<h4 style=\"text-align: justify;\"><strong>Nagy\u00edz\u00fcleti protetik\u00e1val kapcsolatos klinikai vizsg\u00e1latok<\/strong><\/h4>\n<ul>\n<li style=\"text-align: justify;\">\n<p><strong>Unicondyler t\u00e9rdprot\u00e9zis rev\u00edzi\u00f3k ut\u00e1nk\u00f6vet\u00e9se<\/strong><br \/>\nVizsg\u00e1latvezet\u0151: Dr. Perlaky Tam\u00e1s, Dr. Bejek Zolt\u00e1n<\/p>\n<\/li>\n<li style=\"text-align: justify;\">\n<p><strong>Als\u00f3 v\u00e9gtagi propriocepci\u00f3 vizsg\u00e1lata k\u00fcl\u00f6nb\u00f6z\u0151 cs\u00edp\u0151\u00edz\u00fcleti felt\u00e1r\u00e1sok eset\u00e9n<\/strong> (prospekt\u00edv vizsg\u00e1lat)<br \/>\nVizsg\u00e1latvezet\u0151: Dr. Holnapy Gergely, Dr. Kiss Rita<\/p>\n<\/li>\n<li style=\"text-align: justify;\">\n<p><strong>A cs\u00edp\u0151\u00edz\u00fcleti prot\u00e9zis be\u00fcltet\u00e9s felt\u00e1r\u00e1s m\u00f3dj\u00e1nak hat\u00e1sa a dinamikus egyens\u00falyoz\u00f3 k\u00e9pess\u00e9gre<\/strong> (prospekt\u00edv vizsg\u00e1lat)<br \/>\nVizsg\u00e1latvezet\u0151: Dr. Holnapy Gergely, Dr. Kiss Rita<\/p>\n<\/li>\n<\/ul>\n<h4 style=\"text-align: justify;\"><strong>Gyermekortop\u00e9diai klinikai vizsg\u00e1latok<\/strong><\/h4>\n<ul>\n<li style=\"text-align: justify;\">\n<p><strong>Az idiopathias scoliosis biomechanikai vizsg\u00e1lata j\u00e1r\u00e1s sor\u00e1n<\/strong><br \/>\nVizsg\u00e1latvezet\u0151: Dr. Terebessy Tam\u00e1s, Gr\u00f3sz G\u00e1bor<\/p>\n<\/li>\n<li style=\"text-align: justify;\">\n<p><strong>A Scheuermann betegs\u00e9g \u00e9s hanyag testtart\u00e1s 3D mozg\u00e1sanal\u00edzise<\/strong><br \/>\nVizsg\u00e1latvezet\u0151: Dr. Horv\u00e1th Nikoletta<\/p>\n<\/li>\n<li style=\"text-align: justify;\">\n<p><strong>A l\u00fadtalp deformit\u00e1s j\u00e1r\u00e1sanal\u00edtikai vizsg\u00e1lata<\/strong><br \/>\nVizsg\u00e1latvezet\u0151: Dr. V\u00e9gv\u00e1ri D\u00f3ra, Dr. Terebessy Tam\u00e1s<\/p>\n<\/li>\n<li style=\"text-align: justify;\">\n<p><strong>A dongal\u00e1b deformit\u00e1s kezel\u00e9s\u00e9nek hossz\u00fat\u00e1v\u00fa ut\u00e1nk\u00f6vet\u00e9se, klinikai \u00e9s biomechanikai vizsg\u00e1latok<\/strong><br \/>\nVizsg\u00e1latvezet\u0151: Dr. Domos Gyula, Dr. Terebessy Tam\u00e1s<\/p>\n<\/li>\n<li style=\"text-align: justify;\">\n<p><strong>A combfej elcs\u00fasz\u00e1s m\u00e9rt\u00e9ke \u00e9s a cs\u00edp\u0151\u00edz\u00fcleti artr\u00f3zis \u00f6sszef\u00fcgg\u00e9se epiphyseolysis eset\u00e9ben<\/strong> (retrospekt\u00edv vizsg\u00e1lat)<br \/>\nVizsg\u00e1latvezet\u0151: Dr. Holnapy Gergely<\/p>\n<\/li>\n<li style=\"text-align: justify;\">\n<p><strong>Juvenilis scoliosisos gyermekek biomechanikai vizsg\u00e1lata<\/strong><br \/>\nVizsg\u00e1latvezet\u0151: Dr. Holnapy Gergely, Dr. Terebessy Tam\u00e1s<\/p>\n<\/li>\n<li style=\"text-align: justify;\">\n<p><strong>A velesz\u00fcletett dongal\u00e1b deformit\u00e1s Ponseti m\u00f3dszer szerinti kezel\u00e9s\u00e9nek \u00e9rt\u00e9kel\u00e9se a dongal\u00e1b regiszter adatai alapj\u00e1n<\/strong><br \/>\nVizsg\u00e1latvezet\u0151: Dr. Domos Gyula, Dr. Terebessy Tam\u00e1s<\/p>\n<\/li>\n<li style=\"text-align: justify;\">\n<p><strong>Komplex v\u00e9gtagdeformit\u00e1sok korrekci\u00f3ja Taylor Spatial Frame k\u00e9sz\u00fcl\u00e9kkel<\/strong><br \/>\nVizsg\u00e1latvezet\u0151: Dr. Domos Gyula<\/p>\n<\/li>\n<\/ul>\n<h4 style=\"text-align: justify;\"><strong>V\u00e1llseb\u00e9szeti klinikai vizsg\u00e1latok<\/strong><\/h4>\n<ul>\n<li style=\"text-align: justify;\">\n<p><strong>Rot\u00e1tork\u00f6peny szakad\u00e1s ultrahangos ut\u00e1nvizsg\u00e1lata<\/strong><br \/>\nVizsg\u00e1latvezet\u0151: Dr. Skaliczki G\u00e1bor, Dr. Antal Imre<\/p>\n<\/li>\n<li style=\"text-align: justify;\">\n<p><strong>Impingement syndrome seb\u00e9szeti eredm\u00e9nyeinek ultrahangos \u00e9rt\u00e9kel\u00e9se<\/strong><br \/>\nVizsg\u00e1latvezet\u0151: Dr. Skaliczki G\u00e1bor, Dr. Antal Imre<\/p>\n<\/li>\n<li style=\"text-align: justify;\">\n<p><strong>Minim\u00e1l invaz\u00edv megold\u00e1sok massz\u00edv rot\u00e1tork\u00f6peny szakad\u00e1s eset\u00e9n<\/strong><br \/>\nVizsg\u00e1latvezet\u0151: dr. Skaliczki G\u00e1bor, dr. Antal Imre<\/p>\n<\/li>\n<li style=\"text-align: justify;\">\n<p><strong>Konzervat\u00edv \u00e9s seb\u00e9szeti kezel\u00e9s \u00f6sszehasonl\u00edt\u00e1sa rot\u00e1tork\u00f6peny szakad\u00e1s ter\u00e1pi\u00e1j\u00e1ban<\/strong><br \/>\nVizsg\u00e1latvezet\u0151: Dr. Skaliczki G\u00e1bor, Dr. Antal Imre<\/p>\n<\/li>\n<li style=\"text-align: justify;\">\n<p><strong>Postoperat\u00edv f\u00e1jdalomcsillap\u00edt\u00e1s vizsg\u00e1lata arthroscopos v\u00e1llm\u0171t\u00e9tek ut\u00e1n<\/strong> (prospekt\u00edv, multicentrikus vizsg\u00e1lat)<br \/>\nVizsg\u00e1latvezet\u0151: Dr. Bond\u00e1r Attila, Dr. Skaliczki G\u00e1bor, Dr. Antal Imre<\/p>\n<\/li>\n<\/ul>\n<h4 style=\"text-align: justify;\"><strong>Szeptikus mozg\u00e1sszervi seb\u00e9szettel kapcsolatos klinikai vizsg\u00e1latok<\/strong><\/h4>\n<ul>\n<li style=\"text-align: justify;\"><strong>Korai szeptikus cs\u00edp\u0151prot\u00e9zis rev\u00edzi\u00f3k vizsg\u00e1lata<\/strong><br \/>\nVizsg\u00e1latvezet\u0151: Dr. Skaliczki G\u00e1bor<\/li>\n<\/ul>\n<h4 style=\"text-align: justify;\"><strong>Egy\u00e9b klinikai vizsg\u00e1latok<\/strong><\/h4>\n<ul>\n<li style=\"text-align: justify;\"><strong>Als\u00f3 v\u00e9gtagi \u00e9rbetegs\u00e9g okozta dysbasi\u00e1k mozg\u00e1sanal\u00edtikai differenci\u00e1l diagnosztikai vizsg\u00e1lata<\/strong><br \/>\nVizsg\u00e1latvezet\u0151: Dr. Terebessy Tam\u00e1s, Dr. Ol\u00e1h Zolt\u00e1n<\/li>\n<\/ul>\n","protected":false},"excerpt":{"rendered":"<p>Mozg\u00e1sszervi onkol\u00f3giai t\u00e9m\u00e1j\u00fa kutat\u00e1sok Biszfoszfon\u00e1t kezel\u00e9s hat\u00e1sa a csontok fibrosus dysplasi\u00e1j\u00e1ra &#8211; PhD keret\u00e9ben v\u00e9gzett klinikai kutat\u00e1s Vizsg\u00e1latvezet\u0151: Dr. Kiss J\u00e1nos Osteoid osteom\u00e1k kezel\u00e9se CT vez\u00e9relt fedett felf\u00far\u00e1ssal \u00e9s radiofrekvenci\u00e1s thermocoagulatioval\u00a0 Vizsg\u00e1latvezet\u0151k: Dr. Kiss J\u00e1nos (SE Ortop\u00e9diai Klinika), Dr. Magyar P\u00e9ter, Dr. Kov\u00e1cs Bal\u00e1zs (SE Radiol\u00f3giai Klinika) Medencet\u00e1ji primer csonttumorok seb\u00e9szete Vizsg\u00e1latvezet\u0151: Dr. Kiss J\u00e1nos &hellip;<\/p>\n","protected":false},"author":158,"featured_media":0,"parent":252,"menu_order":2,"comment_status":"closed","ping_status":"closed","template":"","meta":{"_acf_changed":false,"footnotes":""},"categories":[],"tags":[],"class_list":["post-301","page","type-page","status-publish","hentry"],"acf":[],"_links":{"self":[{"href":"https:\/\/semmelweis.hu\/ortopedklinika\/wp-json\/wp\/v2\/pages\/301","targetHints":{"allow":["GET"]}}],"collection":[{"href":"https:\/\/semmelweis.hu\/ortopedklinika\/wp-json\/wp\/v2\/pages"}],"about":[{"href":"https:\/\/semmelweis.hu\/ortopedklinika\/wp-json\/wp\/v2\/types\/page"}],"author":[{"embeddable":true,"href":"https:\/\/semmelweis.hu\/ortopedklinika\/wp-json\/wp\/v2\/users\/158"}],"replies":[{"embeddable":true,"href":"https:\/\/semmelweis.hu\/ortopedklinika\/wp-json\/wp\/v2\/comments?post=301"}],"version-history":[{"count":7,"href":"https:\/\/semmelweis.hu\/ortopedklinika\/wp-json\/wp\/v2\/pages\/301\/revisions"}],"predecessor-version":[{"id":2850,"href":"https:\/\/semmelweis.hu\/ortopedklinika\/wp-json\/wp\/v2\/pages\/301\/revisions\/2850"}],"up":[{"embeddable":true,"href":"https:\/\/semmelweis.hu\/ortopedklinika\/wp-json\/wp\/v2\/pages\/252"}],"wp:attachment":[{"href":"https:\/\/semmelweis.hu\/ortopedklinika\/wp-json\/wp\/v2\/media?parent=301"}],"wp:term":[{"taxonomy":"category","embeddable":true,"href":"https:\/\/semmelweis.hu\/ortopedklinika\/wp-json\/wp\/v2\/categories?post=301"},{"taxonomy":"post_tag","embeddable":true,"href":"https:\/\/semmelweis.hu\/ortopedklinika\/wp-json\/wp\/v2\/tags?post=301"}],"curies":[{"name":"wp","href":"https:\/\/api.w.org\/{rel}","templated":true}]}}