{"id":292,"date":"2016-01-26T00:00:00","date_gmt":"2016-01-25T23:00:00","guid":{"rendered":"http:\/\/semmelweis.hu\/ortopedklinika\/?page_id=292"},"modified":"2025-12-10T02:49:04","modified_gmt":"2025-12-10T01:49:04","slug":"betegjogi-tajekoztato","status":"publish","type":"page","link":"https:\/\/semmelweis.hu\/ortopedklinika\/betegeknek\/betegjogi-tajekoztato\/","title":{"rendered":"Betegjogok \u00e9s betegjogi k\u00e9pvisel\u0151"},"content":{"rendered":"<div class=\"responsive-tabs\">\n<h2 class=\"tabtitle\">Joggyakorl\u00e1s<\/h2>\n<div class=\"tabcontent\">\n\n<p style=\"text-align: justify\">Az eg\u00e9szs\u00e9g\u00fcgyr\u0151l sz\u00f3l\u00f3 1997. \u00e9vi CLIV. t\u00f6rv\u00e9ny k\u00fcl\u00f6n fejezetben szab\u00e1lyozza a betegek jogait \u00e9s k\u00f6telezetts\u00e9geit.<\/p>\n<p style=\"text-align: justify\">Ezen betegjogok k\u00f6r\u00e9r\u0151l, annak k\u00f3rh\u00e1zunkban val\u00f3 \u00e9rv\u00e9nyes\u00edt\u00e9si lehet\u0151s\u00e9g\u00e9r\u0151l, illetve az ehhez kapcsol\u00f3d\u00f3 k\u00f3rh\u00e1zi h\u00e1zirendr\u0151l k\u00edv\u00e1njuk t\u00e1j\u00e9koztatni jelen Betegjogi T\u00e1j\u00e9koztat\u00f3nkkal. Rem\u00e9lj\u00fck, hogy t\u00e1j\u00e9koztat\u00f3nkkal eredm\u00e9nyesen seg\u00edtj\u00fck \u00d6nt a betegjogokkal kapcsolatos eligazod\u00e1sban.<\/p>\n<p style=\"text-align: justify\"><strong>Eg\u00e9szs\u00e9g\u00fcgyi ell\u00e1t\u00e1shoz val\u00f3 jog<\/strong><\/p>\n<p style=\"text-align: justify\"><strong>Minden betegnek joga van az eg\u00e9szs\u00e9g\u00fcgyi \u00e1llapota \u00e1ltal indokolt megfelel\u0151, folyamatosan hozz\u00e1f\u00e9rhet\u0151 \u00e9s megk\u00fcl\u00f6nb\u00f6ztet\u00e9s n\u00e9lk\u00fcli eg\u00e9szs\u00e9g\u00fcgyi ell\u00e1t\u00e1shoz, ezen bel\u00fcl a v\u00e1lasztott orvos egyet\u00e9rt\u00e9s\u00e9vel a szabad orvosv\u00e1laszt\u00e1shoz.<\/strong><\/p>\n<p style=\"text-align: justify\">A beteget kezel\u0151 oszt\u00e1ly oszt\u00e1lyvezet\u0151 f\u0151orvosa azonban a beteg eg\u00e9szs\u00e9gi \u00e1llapota \u00e1ltal indokolt megfelel\u0151 szakmai ell\u00e1t\u00e1s \u00e9rdek\u00e9ben fel\u00fclvizsg\u00e1lhatja a beteg orvosv\u00e1laszt\u00e1si jog\u00e1t, \u00e9s m\u00e1s orvost jel\u00f6lhet ki kezel\u0151orvosnak. Az orvosv\u00e1laszt\u00e1si jog fel\u00fclvizsg\u00e1lat\u00e1nak t\u00e9ny\u00e9r\u0151l \u00e9s ok\u00e1r\u00f3l az oszt\u00e1lyvezet\u0151 f\u0151orvos t\u00e1j\u00e9koztatja a beteget.<br \/>\n\u00dcgyeleti szolg\u00e1lat, illetve s\u00fcrg\u0151s sz\u00fcks\u00e9g eset\u00e9n azzal a korl\u00e1toz\u00e1ssal gyakorolhat\u00f3 az orvosv\u00e1laszt\u00e1si jog, hogy \u00e9letvesz\u00e9ly, illetve azonnali beavatkoz\u00e1st ig\u00e9nyl\u0151 ell\u00e1t\u00e1s eset\u00e9n kiz\u00e1rt az orvosv\u00e1laszt\u00e1si jog gyakorl\u00e1sa.<br \/>\nHa a beteg meg\u00e1llap\u00edtott diagn\u00f3zisnak vagy javasolt ter\u00e1pi\u00e1nak m\u00e1s orvos \u00e1ltali fel\u00fclvizsg\u00e1lat\u00e1t szeretn\u00e9, ezt kezel\u0151orvos\u00e1n\u00e1l sz\u00f3ban jelezheti.<br \/>\nTervezett k\u00f3rh\u00e1zi elbocs\u00e1t\u00e1sa, illetve eg\u00e9szs\u00e9g\u00fcgyi int\u00e9zm\u00e9nybe val\u00f3 \u00e1thelyez\u00e9se eset\u00e9n, ennek m\u00e1s orvos \u00e1ltal t\u00f6rt\u00e9n\u0151 fel\u00fclvizsg\u00e1lat\u00e1t az oszt\u00e1lyvezet\u0151 f\u0151orvosn\u00e1l lehet k\u00e9rni.<\/p>\n<p style=\"text-align: justify\"><strong>Emberi m\u00e9lt\u00f3s\u00e1ghoz val\u00f3 jog<\/strong><\/p>\n<p style=\"text-align: justify\"><strong>Kapcsolattart\u00e1s joga <\/strong><\/p>\n<p style=\"text-align: justify\"><strong>L\u00e1togat\u00e1si jog<\/strong><br \/>\nA beteg a k\u00f3rh\u00e1zi h\u00e1zirendben r\u00f6gz\u00edtett l\u00e1togat\u00e1si id\u0151tartam alatt fogadhatja l\u00e1togat\u00f3it. Ett\u0151l elt\u00e9r\u0151 id\u0151pontban csak az \u00e1lland\u00f3 k\u00f3rh\u00e1zi bel\u00e9p\u0151vel rendelkez\u0151 szem\u00e9lyek kereshetik fel beteg\u00fcket az \u00e9rintett oszt\u00e1ly oszt\u00e1lyvezet\u0151 f\u0151orvosa \u00e1ltal megszabott m\u00f3don \u00e9s id\u0151tartamban. Az \u00e1lland\u00f3 bel\u00e9p\u0151 \u2013 indokolt esetben \u2013 a f\u0151igazgat\u00f3 titk\u00e1rs\u00e1g\u00e1n k\u00e9rhet\u0151.<br \/>\nA l\u00e1togat\u00e1si jog a betegt\u00e1rsak jogainak tiszteletben tart\u00e1sa mellett gyakorolhat\u00f3.<\/p>\n<p style=\"text-align: justify\"><strong>Inform\u00e1ci\u00f3tilalom<\/strong><br \/>\nA betegnek joga van megtiltani, hogy a k\u00f3rh\u00e1z b\u00e1rkinek inform\u00e1ci\u00f3t adjon gy\u00f3gykezel\u00e9se t\u00e9ny\u00e9r\u0151l, illetve a gy\u00f3gykezel\u00e9s\u00e9vel kapcsolatos b\u00e1rminem\u0171 k\u00e9rd\u00e9sr\u0151l.<br \/>\nEzt a tilt\u00e1s\u00e1t a betegnek felv\u00e9telekor kell jeleznie, \u00e9s a betegdokument\u00e1ci\u00f3ban megjel\u00f6l\u00e9sre ker\u00fcl (adatlapon inform\u00e1ci\u00f3tilalomra vonatkoz\u00f3 jelz\u00e9s mellett).<br \/>\nEzen tilalom al\u00f3l a k\u00f6zeli hozz\u00e1tartoz\u00f3 gondoz\u00e1s\u00e1t v\u00e9gz\u0151 szem\u00e9ly r\u00e9sz\u00e9re felment\u00e9st adhat az oszt\u00e1lyvezet\u0151 f\u0151orvos, ha a beteg gondoz\u00e1sa ezt indokolja. Ebben az esetben \u2013 az \u201einform\u00e1ci\u00f3tilalom\u201d-ra vonatkoz\u00f3 jelz\u00e9s mellett \u2013 az orvosi dokument\u00e1ci\u00f3ban sz\u00fcks\u00e9ges felt\u00fcntetni, hogy ki kapott a gondoz\u00e1s \u00e9rdek\u00e9ben t\u00e1j\u00e9koztat\u00e1st, \u00e9s milyen terjedelemben.<\/p>\n<p style=\"text-align: justify\"><strong>Beteg melletti tart\u00f3zkod\u00e1s joga<\/strong><br \/>\n<strong>A betegnek joga van arra, hogy az eg\u00e9szs\u00e9g\u00fcgyi t\u00f6rv\u00e9nyben meghat\u00e1rozott esetekben hozz\u00e1tartoz\u00f3ja vagy az \u00e1ltala megjel\u00f6lt szem\u00e9ly k\u00f3rh\u00e1zi benntart\u00f3zkod\u00e1sa sor\u00e1n mellette legyen.<\/strong>.<\/p>\n<p style=\"text-align: justify\"><strong>Vall\u00e1sgyakorl\u00e1si jog<\/strong><br \/>\n<strong>A betegnek joga van a gy\u00f3gy\u00edt\u00f3 int\u00e9zm\u00e9nyben is vall\u00e1s\u00e1t szabadon gyakorolni, \u00e9s neki megfelel\u0151 egyh\u00e1zi szem\u00e9llyel kapcsolatot tartani.<\/strong><\/p>\n<p style=\"text-align: justify\"><strong>A k\u00f3rh\u00e1z elhagy\u00e1s\u00e1nak joga<\/strong><br \/>\n<strong>A beteget lehet\u0151s\u00e9g szerint 24 \u00f3r\u00e1val el\u0151tte t\u00e1j\u00e9koztatni kell k\u00f3rh\u00e1zi elbocs\u00e1t\u00e1s\u00e1nak id\u0151pontj\u00e1r\u00f3l.<\/strong><br \/>\nakad\u00e1lyoztat\u00e1sa eset\u00e9n telefonon vagy t\u00e1virat \u00fatj\u00e1n.<\/p>\n<p style=\"text-align: justify\"><strong>\u00d6nk\u00e9ntes k\u00f3rh\u00e1zelhagy\u00e1s joga<\/strong><br \/>\n<strong>A beteg kezel\u0151orvos\u00e1nak javaslata ellen\u00e9re, saj\u00e1t felel\u0151ss\u00e9ge mellett is d\u00f6nthet \u00fagy, hogy \u00f6nk\u00e9nt elhagyja a k\u00f3rh\u00e1zat.<\/strong><br \/>\nA t\u00e1voz\u00e1si sz\u00e1nd\u00e9kot el\u0151zetesen a kezel\u0151orvosnak kell bejelenteni, aki ezt a t\u00e9nyt \u201e\u00f6nk\u00e9ntes, saj\u00e1t felel\u0151ss\u00e9g melletti t\u00e1voz\u00e1s\u201d megjegyz\u00e9ssel r\u00f6gz\u00edti a betegdokument\u00e1ci\u00f3ban, amely t\u00e9nyt a beteg al\u00e1\u00edr\u00e1s\u00e1val meger\u0151s\u00edti, \u00e9s ekkor a beteg z\u00e1r\u00f3jelent\u00e9st kap a k\u00f3rh\u00e1zi kezel\u00e9sr\u0151l.<br \/>\nHa a beteg \u00fagy d\u00f6nt, hogy el\u0151zetes bejelent\u00e9s n\u00e9lk\u00fcl t\u00e1vozik az eg\u00e9szs\u00e9g\u00fcgyi int\u00e9zm\u00e9nyb\u0151l, akkor ezt a t\u00e9nyt &#8211; \u201eel\u0151zetes bejelent\u00e9s n\u00e9lk\u00fcli t\u00e1voz\u00e1s\u201d megjegyz\u00e9s mellett \u2013 a kezel\u0151orvos a beteg dokument\u00e1ci\u00f3j\u00e1ban felt\u00fcnteti, \u00e9s ha a beteg eg\u00e9szs\u00e9gi \u00e1llapota sz\u00fcks\u00e9gess\u00e9 teszi, az \u00f6nk\u00e9ntes t\u00e1voz\u00e1s t\u00e9ny\u00e9r\u0151l \u00e9rtes\u00edti a t\u00e1voz\u00f3 beteg h\u00e1zorvos\u00e1t \u00e9s\/vagy az illet\u00e9kes hat\u00f3s\u00e1got.<br \/>\nKorl\u00e1tozottan cselekv\u0151k\u00e9pes, illetve cselekv\u0151k\u00e9ptelen beteg eset\u00e9n a bejelent\u00e9s n\u00e9lk\u00fcli t\u00e1voz\u00e1s t\u00e9ny\u00e9r\u0151l \u2013 a beteg biztons\u00e1ga \u00e9rdek\u00e9ben \u2013 a kezel\u0151orvos a t\u00f6rv\u00e9nyes k\u00e9pvisel\u0151t telefonon, illetve t\u00e1virati \u00faton t\u00e1j\u00e9koztatja.<br \/>\nA betegdokument\u00e1ci\u00f3ba ker\u00fcl bejegyz\u00e9sre, hogy bejelent\u00e9s n\u00e9lk\u00fcli t\u00e1voz\u00e1s eset\u00e9n a k\u00f3rh\u00e1z kit \u00e9rtes\u00edt.<\/p>\n<p style=\"text-align: justify\"><strong>T\u00e1j\u00e9koztat\u00e1shoz val\u00f3 jog<\/strong><br \/>\nA betegnek joga van arra, hogy eg\u00e9szs\u00e9g\u00fcgyi ell\u00e1t\u00e1s\u00e1val \u00f6sszef\u00fcgg\u00e9sben, sz\u00e1m\u00e1ra \u00e9rthet\u0151 form\u00e1ban, kezel\u0151orvos\u00e1t\u00f3l r\u00e9szletes t\u00e1j\u00e9koztat\u00e1st kapjon.<\/p>\n<p style=\"text-align: justify\"><strong>T\u00e1j\u00e9koztat\u00e1si jog gyakorl\u00e1sa<\/strong><br \/>\nA betegnek joga van &#8211; kezel\u0151orvosa k\u00f6zrem\u0171k\u00f6d\u00e9se mellett &#8211; a n\u00e1la elv\u00e9gzett vizsg\u00e1latok, beavatkoz\u00e1sok eredm\u00e9ny\u00e9t, esetleges sikertelens\u00e9g\u00e9t, illetve a v\u00e1rtt\u00f3l elt\u00e9r\u0151 eredm\u00e9nyt \u00e9s annak ok\u00e1t megismerni.<\/p>\n<p style=\"text-align: justify\"><strong>T\u00e1j\u00e9koztat\u00e1si jogr\u00f3l val\u00f3 lemond\u00e1s<\/strong><br \/>\nA beteg \u00edr\u00e1sban lemondhat a t\u00e1j\u00e9koztat\u00e1si jog\u00e1r\u00f3l, kiv\u00e9ve, ha maga kezdem\u00e9nyezi a beavatkoz\u00e1st vagy ha a betegs\u00e9ge term\u00e9szet\u00e9t ismernie kell az\u00e9rt, hogy m\u00e1sokat betegs\u00e9ge \u00e1ltal ne vesz\u00e9lyeztessen<strong>.<\/strong><\/p>\n<p style=\"text-align: justify\"><strong>\u00d6nrendelkez\u00e9si jog gyakorl\u00e1sa<\/strong><br \/>\nA beteg \u00f6nrendel\u00e9si jog keret\u00e9ben szabadon d\u00f6ntheti el, hogy az eg\u00e9szs\u00e9g\u00fcgyi ell\u00e1t\u00e1st ig\u00e9nybe k\u00edv\u00e1nja-e venni, illetve az ig\u00e9nybe vett eg\u00e9szs\u00e9g\u00fcgyi ell\u00e1t\u00e1s keret\u00e9ben mely beavatkoz\u00e1sok elv\u00e9gz\u00e9s\u00e9be egyezik bele, illetve mely beavatkoz\u00e1sokat utas\u00edt vissza..<\/p>\n<p style=\"text-align: justify\"><strong>\u00cdr\u00e1sbeli beleegyez\u00e9s<\/strong><br \/>\nM\u0171t\u00e9ti beavatkoz\u00e1sokn\u00e1l, illetve m\u0171t\u00e9ti jelleg\u0171 u.n. \u201einvaz\u00edv\u201d diagnosztikus beavatkoz\u00e1sokn\u00e1l a t\u00e1j\u00e9koztat\u00e1son alapul\u00f3 beleegyez\u00e9s csak \u00edr\u00e1sos form\u00e1ban t\u00f6rt\u00e9nhet, ha a beteg \u00edr\u00e1sk\u00e9ptelen, akkor k\u00e9t tan\u00fa egy\u00fcttes jelenl\u00e9t\u00e9ben sz\u00f3ban adhatja meg a beavatkoz\u00e1shoz a beleegyez\u00e9s\u00e9t.<\/p>\n<p style=\"text-align: justify\"><strong>\u00d6nrendelkez\u00e9si jog \u00e1truh\u00e1z\u00e1sa, illetve az \u00e1truh\u00e1z\u00e1s tilalma<\/strong><br \/>\nA cselekv\u0151k\u00e9pes betegnek t\u00f6rv\u00e9ny \u00e1ltal biztos\u00edtott joga megjel\u00f6lni, hogy ki az a szem\u00e9ly, aki helyette &#8211; az \u00f6nrendelkez\u00e9si jog keret\u00e9ben &#8211; az eg\u00e9szs\u00e9g\u00fcgyi beavatkoz\u00e1shoz val\u00f3 beleegyez\u00e9si, illetve a visszautas\u00edt\u00e1si jogot gyakorolja, illetve mely szem\u00e9ly az, akit kiz\u00e1r ezen \u00f6nrendelkez\u00e9si jog gyakorl\u00e1s\u00e1b\u00f3l .<\/p>\n<p style=\"text-align: justify\"><strong>Visszautas\u00edt\u00e1si jogr\u00f3l val\u00f3, el\u0151zetes rendelkez\u00e9s cselekv\u0151k\u00e9ptelens\u00e9g eset\u00e9n<\/strong><br \/>\nAz eg\u00e9szs\u00e9g\u00fcgyi t\u00f6rv\u00e9ny lehet\u0151s\u00e9get biztos\u00edt arra, hogy cselekv\u0151k\u00e9pes szem\u00e9ly el\u0151zetesen k\u00f6zokiratban rendelkezz\u00e9k esetleges k\u00e9s\u0151bbi cselekv\u0151k\u00e9ptelens\u00e9ge eset\u00e9re az \u00f6nrendelkez\u00e9si jog gyakorl\u00e1s\u00e1r\u00f3l. Azaz el\u0151zetesen, k\u00f6zokiratban r\u00f6gz\u00edtheti, hogy cselekv\u0151k\u00e9ptelens\u00e9ge eset\u00e9n mely eg\u00e9szs\u00e9g\u00fcgyi ell\u00e1t\u00e1sokat vagy mely beavatkoz\u00e1sokat k\u00edv\u00e1n visszautas\u00edtani.<\/p>\n<p style=\"text-align: justify\"><strong>Visszautas\u00edt\u00e1si jog \u00e1truh\u00e1z\u00e1s\u00e1r\u00f3l val\u00f3 rendelkez\u00e9s cselekv\u0151k\u00e9ptelens\u00e9g eset\u00e9n<\/strong><br \/>\nCselekv\u0151k\u00e9pes szem\u00e9ly k\u00f6zokiratban rendelkezhet arr\u00f3l, hogy amennyiben cselekv\u0151k\u00e9ptelenn\u00e9 v\u00e1l\u00e1sa eset\u00e9ben sz\u00fcks\u00e9gess\u00e9 v\u00e1lok eg\u00e9szs\u00e9g\u00fcgyi ell\u00e1t\u00e1s ig\u00e9nybev\u00e9tele vagy eg\u00e9szs\u00e9g\u00fcgyi beavatkoz\u00e1s, akkor az erre vonatkoz\u00f3 beleegyez\u00e9si, illetve visszautas\u00edt\u00e1si jogot helyette mely szem\u00e9ly gyakorolja. A nyilatkozat akkor lesz \u00e9rv\u00e9nyes, ha a pszichi\u00e1ter szakorvos egy h\u00f3napon bel\u00fcl igazolja szakv\u00e9lem\u00e9ny\u00e9ben, hogy a nyilatkozatot tev\u0151 a nyilatkozat\u00e1t annak lehets\u00e9ges k\u00f6vetkezm\u00e9nyei tudat\u00e1ban adta meg. A nyilatkozat k\u00e9t \u00e9vre hat\u00e1lyos, azaz k\u00e9t\u00e9venk\u00e9nt meg kell \u00faj\u00edtani. Ezen nyilatkozatot is alaki k\u00f6t\u00f6tts\u00e9g n\u00e9lk\u00fcl vissza lehet vonni, de ha a beteg \u00edr\u00e1sk\u00e9pes, akkor a nyilatkozat visszavon\u00e1s\u00e1t \u00edr\u00e1sban dokument\u00e1lnia kell a k\u00f3rh\u00e1zi ell\u00e1t\u00e1s sor\u00e1n.<\/p>\n<p style=\"text-align: justify\"><strong>Az eg\u00e9szs\u00e9g\u00fcgyi dokument\u00e1ci\u00f3 megismer\u00e9s\u00e9nek joga<\/strong><br \/>\nA beteg jogosult megismerni a r\u00f3la k\u00e9sz\u00fclt eg\u00e9szs\u00e9g\u00fcgyi dokument\u00e1ci\u00f3ban szerepl\u0151 adatokat, illet\u0151leg ezen eg\u00e9szs\u00e9g\u00fcgyi adatokr\u00f3l t\u00e1j\u00e9koztat\u00e1st is k\u00e9rhet. Az eg\u00e9szs\u00e9g\u00fcgyi dokument\u00e1ci\u00f3 kieg\u00e9sz\u00edt\u00e9s\u00e9t \u00e9s kijav\u00edt\u00e1s\u00e1t is kezdem\u00e9nyezheti, ha az \u00e1ltala megismert adatokat pontatlannak vagy hi\u00e1nyosnak v\u00e9li.<\/p>\n<p style=\"text-align: justify\"><strong>Orvosi titoktart\u00e1shoz val\u00f3 jog<\/strong><br \/>\nA beteg jogosult arra, hogy eg\u00e9szs\u00e9g\u00fcgyi ell\u00e1t\u00e1sa kapcs\u00e1n az ell\u00e1t\u00f3 szem\u00e9lyzet tudom\u00e1s\u00e1ra jutott eg\u00e9szs\u00e9g\u00fcgyi \u00e9s szem\u00e9lyes adatait megfelel\u0151 m\u00f3don bizalmasan kezelj\u00e9k, \u00e9s azt kiz\u00e1r\u00f3lag a t\u00f6rv\u00e9nyben meghat\u00e1rozott jogosultakkal ismertess\u00e9k.<\/p>\n<p style=\"text-align: justify\"><strong>A beteg a felv\u00e9telkor nyilatkozhat \u00edr\u00e1sban arr\u00f3l, hogy kinek adhat\u00f3 betegs\u00e9g\u00e9vel kapcsolatos felvil\u00e1gos\u00edt\u00e1s, illet\u0151leg kiket z\u00e1r ki eg\u00e9szs\u00e9g\u00fcgyi adatai r\u00e9szletes vagy teljes megismer\u00e9s\u00e9b\u0151l.<br \/>\nA betegnek joga van ahhoz is, hogy vizsg\u00e1lata \u00e9s gy\u00f3gykezel\u00e9se sor\u00e1n csak a kezel\u00e9s\u00e9ben, ell\u00e1t\u00e1s\u00e1ban r\u00e9sztvev\u0151 szem\u00e9lyek legyenek jelen, illet\u0151leg azok, akiknek jelenl\u00e9t\u00e9hez a beteg hozz\u00e1j\u00e1rul.<\/strong><\/p>\n<p style=\"text-align: justify\">Tekintettel arra, hogy a k\u00f3rh\u00e1z oktat\u00f3k\u00f3rh\u00e1z, \u00edgy a vizsg\u00e1lat \u00e9s a gy\u00f3gykezel\u00e9s sor\u00e1n &#8211; oktat\u00e1si c\u00e9lb\u00f3l &#8211; hallgat\u00f3k is jelen lehetnek.<\/p>\n<p style=\"text-align: justify\">A beteg felv\u00e9telkor megjel\u00f6lheti azt a szem\u00e9lyt, akit eg\u00e9szs\u00e9gi \u00e1llapot\u00e1nak alakul\u00e1s\u00e1r\u00f3l \u00e9rtes\u00edtenek. Ebben az esetben a k\u00f3rh\u00e1z a beteg \u00e1ltal megjel\u00f6lt szem\u00e9lyt k\u00f6teles \u00e9rtes\u00edteni a beteg \u00e1thelyez\u00e9s\u00e9nek megv\u00e1ltoztat\u00e1s\u00e1r\u00f3l, a beteg elhelyez\u00e9s\u00e9r\u0151l illetve az eg\u00e9szs\u00e9gi \u00e1llapot\u00e1ban bek\u00f6vetkez\u0151, jelent\u0151s m\u00e9rt\u00e9k\u0171 v\u00e1ltoz\u00e1sr\u00f3l.<br \/>\nA betegnek felv\u00e9telkor joga van arra is, hogy \u00e1ltala megjel\u00f6lt szem\u00e9lyeket kiz\u00e1rjon az \u00e9rtes\u00edt\u00e9si k\u00f6rb\u0151l. Ebben az esetben az erre rendszeres\u00edtett formanyomtatv\u00e1nyon kell ilyen ig\u00e9ny\u00e9t megjel\u00f6lnie.<\/p>\n\n<\/div><h2 class=\"tabtitle\">Betegjogi k\u00e9pvisel\u0151<\/h2>\n<div class=\"tabcontent\">\n\n<p style=\"text-align: justify\">Az Integr\u00e1lt Jogv\u00e9delmi Szolg\u00e1lat \u00e1ltal foglalkoztatott betegjogi k\u00e9pvisel\u0151 az eg\u00e9szs\u00e9g\u00fcgyi int\u00e9zm\u00e9nyekt\u0151l f\u00fcggetlen szem\u00e9lyk\u00e9nt a hat\u00e1lyos eg\u00e9szs\u00e9g\u00fcgyi t\u00f6rv\u00e9nyben (1997. \u00e9vi CLIV. t\u00f6rv\u00e9ny) \u00e9s a 381\/2016. (XII.2.) Korm\u00e1nyrendeletben foglaltak alapj\u00e1n j\u00e1rhat el.<\/p>\n<p style=\"text-align: justify\"><strong>A betegjogi k\u00e9pvisel\u0151 tev\u00e9kenys\u00e9ge k\u00fcl\u00f6n\u00f6sen az al\u00e1bbiakat foglalja mag\u00e1ban:<\/strong><\/p>\n<ul style=\"text-align: justify\">\n<li><strong>seg\u00edti a beteget<\/strong>\u00a0az eg\u00e9szs\u00e9g\u00fcgyi dokument\u00e1ci\u00f3hoz val\u00f3 hozz\u00e1jut\u00e1sban, azzal kapcsolatos megjegyz\u00e9sek, k\u00e9rd\u00e9sek felt\u00e9tel\u00e9ben,<\/li>\n<li><strong>seg\u00edt a betegnek<\/strong>\u00a0panasza megfogalmaz\u00e1s\u00e1ban, kezdem\u00e9nyezheti annak kivizsg\u00e1l\u00e1s\u00e1t,<\/li>\n<li><strong>a beteg \u00edr\u00e1sbeli meghatalmaz\u00e1sa alapj\u00e1n<\/strong>\u00a0panaszt tehet az eg\u00e9szs\u00e9g\u00fcgyi szolg\u00e1ltat\u00f3 vezet\u0151j\u00e9n\u00e9l, fenntart\u00f3j\u00e1n\u00e1l, illetve \u2013\u00a0<strong>a beteg gy\u00f3gykezel\u00e9s\u00e9vel \u00f6sszef\u00fcgg\u0151 \u00fcgyekben elj\u00e1r<\/strong>\u00a0az arra hat\u00e1sk\u00f6rrel \u00e9s illet\u00e9kess\u00e9ggel rendelkez\u0151\u00a0<strong>hat\u00f3s\u00e1gn\u00e1l<\/strong>, \u00e9s\u00a0<strong>ennek sor\u00e1n k\u00e9pviseli\u00a0<\/strong>a beteget.<\/li>\n<\/ul>\n<p style=\"text-align: justify\"><strong><a href=\"http:\/\/ijsz.hu\/\" target=\"_blank\" rel=\"noopener noreferrer\">Integr\u00e1lt Jogv\u00e9delmi Szolg\u00e1lat<\/a>:<\/strong><br \/>\nC\u00edm: H-1134 Budapest, T\u00fcz\u00e9r u. 33. II. em.<br \/>\nPostac\u00edm: 1365 Bp., Pf.: 646.<br \/>\nTelefon: +36-1\/8969-000<br \/>\nZ\u00f6ld sz\u00e1m: 06-80-620-055<\/p>\n<p style=\"text-align: justify\">(k\u00fclf\u00f6ldr\u0151l): +36-20-489-96-14<\/p>\n<p><strong>A Semmelweis Egyetem Ortop\u00e9diai Klinika betegjogi k\u00e9pvisel\u0151je:<\/strong><\/p>\n<p><strong>Dr. Mina Andr\u00e1s<\/strong><br \/>\nbetegjogi k\u00e9pvisel\u0151<br \/>\nTelefon: +36 20\/489-9577<br \/>\ne-mail c\u00edm: andras.mina@ijsz.bm.gov.hu<\/p>\n<p><strong>A Semmelweis Egyetem klinik\u00e1in dolgoz\u00f3 betegjogi k\u00e9pvisel\u0151k\u00a0<br \/>\nel\u0151zetes telefonos egyeztet\u00e9s ut\u00e1n fogadj\u00e1k a betegeket.\u00a0<br \/>\n<\/strong><em>Az al\u00e1bbi t\u00e1bl\u00e1zat tartalmazza, hogy melyik betegell\u00e1t\u00f3 egys\u00e9ggel kapcsolatban, melyik betegjogi k\u00e9pvisel\u0151 kereshet\u0151.<\/em><\/p>\n<p style=\"text-align: justify\">On affairs of patients\u2019 rights foreign language patients should contact the following phone number: +36\/20\/4899-614<\/p>\n<p style=\"text-align: justify\">Patienten vom Ausland k\u00f6nnen Informationen \u00fcber Patientenrechte-Fragen an der Telephonnummer +36\/20\/4899-614 erhalten.<\/p>\n<\/div><\/div>\n<p style=\"text-align: justify\">\u00a0<\/p>\n","protected":false},"excerpt":{"rendered":"<p>Az eg\u00e9szs\u00e9g\u00fcgyr\u0151l sz\u00f3l\u00f3 1997. \u00e9vi CLIV. t\u00f6rv\u00e9ny k\u00fcl\u00f6n fejezetben szab\u00e1lyozza a betegek jogait \u00e9s k\u00f6telezetts\u00e9geit. Ezen betegjogok k\u00f6r\u00e9r\u0151l, annak k\u00f3rh\u00e1zunkban val\u00f3 \u00e9rv\u00e9nyes\u00edt\u00e9si lehet\u0151s\u00e9g\u00e9r\u0151l, illetve az ehhez kapcsol\u00f3d\u00f3 k\u00f3rh\u00e1zi h\u00e1zirendr\u0151l k\u00edv\u00e1njuk t\u00e1j\u00e9koztatni jelen Betegjogi T\u00e1j\u00e9koztat\u00f3nkkal. Rem\u00e9lj\u00fck, hogy t\u00e1j\u00e9koztat\u00f3nkkal eredm\u00e9nyesen seg\u00edtj\u00fck \u00d6nt a betegjogokkal kapcsolatos eligazod\u00e1sban. Eg\u00e9szs\u00e9g\u00fcgyi ell\u00e1t\u00e1shoz val\u00f3 jog Minden betegnek joga van az eg\u00e9szs\u00e9g\u00fcgyi \u00e1llapota &hellip;<\/p>\n","protected":false},"author":1,"featured_media":0,"parent":421,"menu_order":7,"comment_status":"closed","ping_status":"closed","template":"","meta":{"_acf_changed":false,"footnotes":""},"categories":[],"tags":[],"class_list":["post-292","page","type-page","status-publish","hentry"],"acf":[],"_links":{"self":[{"href":"https:\/\/semmelweis.hu\/ortopedklinika\/wp-json\/wp\/v2\/pages\/292","targetHints":{"allow":["GET"]}}],"collection":[{"href":"https:\/\/semmelweis.hu\/ortopedklinika\/wp-json\/wp\/v2\/pages"}],"about":[{"href":"https:\/\/semmelweis.hu\/ortopedklinika\/wp-json\/wp\/v2\/types\/page"}],"author":[{"embeddable":true,"href":"https:\/\/semmelweis.hu\/ortopedklinika\/wp-json\/wp\/v2\/users\/1"}],"replies":[{"embeddable":true,"href":"https:\/\/semmelweis.hu\/ortopedklinika\/wp-json\/wp\/v2\/comments?post=292"}],"version-history":[{"count":10,"href":"https:\/\/semmelweis.hu\/ortopedklinika\/wp-json\/wp\/v2\/pages\/292\/revisions"}],"predecessor-version":[{"id":3547,"href":"https:\/\/semmelweis.hu\/ortopedklinika\/wp-json\/wp\/v2\/pages\/292\/revisions\/3547"}],"up":[{"embeddable":true,"href":"https:\/\/semmelweis.hu\/ortopedklinika\/wp-json\/wp\/v2\/pages\/421"}],"wp:attachment":[{"href":"https:\/\/semmelweis.hu\/ortopedklinika\/wp-json\/wp\/v2\/media?parent=292"}],"wp:term":[{"taxonomy":"category","embeddable":true,"href":"https:\/\/semmelweis.hu\/ortopedklinika\/wp-json\/wp\/v2\/categories?post=292"},{"taxonomy":"post_tag","embeddable":true,"href":"https:\/\/semmelweis.hu\/ortopedklinika\/wp-json\/wp\/v2\/tags?post=292"}],"curies":[{"name":"wp","href":"https:\/\/api.w.org\/{rel}","templated":true}]}}