{"id":289,"date":"2016-01-26T00:00:00","date_gmt":"2016-01-25T23:00:00","guid":{"rendered":"http:\/\/semmelweis.hu\/ortopedklinika\/?page_id=289"},"modified":"2025-06-14T01:30:57","modified_gmt":"2025-06-13T23:30:57","slug":"hogy-zajlik-a-betegfelvetel","status":"publish","type":"page","link":"https:\/\/semmelweis.hu\/ortopedklinika\/betegeknek\/hogy-zajlik-a-betegfelvetel\/","title":{"rendered":"Fekv\u0151beteg ell\u00e1t\u00e1ssal kapcsolatos inform\u00e1ci\u00f3k"},"content":{"rendered":"<div class=\"responsive-tabs\">\n<h2 class=\"tabtitle\">Betegfelv\u00e9tel<\/h2>\n<div class=\"tabcontent\">\n\n<div class=\"fontos_div\">\n<p style=\"text-align: justify\"><strong>L\u00e1togat\u00e1si id\u0151: Minden nap 15:00-t\u0151l 17:00-ig l\u00e1togathat\u00f3k oszt\u00e1lyaink. K\u00e9rj\u00fck, hogy egyszerre csak egy hozz\u00e1tartoz\u00f3 tart\u00f3zkodjon a beteg mellett a nyugodt k\u00f6rnyezet \u00e9s betegeink biztons\u00e1ga \u00e9rdek\u00e9ben.<\/strong><\/p>\n<\/div>\n<h4 style=\"text-align: justify\"><strong>BETEGFELV\u00c9TEL:<\/strong> 7:00-t\u0151l<\/h4>\n<p style=\"font-weight: 400\">Oszt\u00e1lyos felv\u00e9tel (m\u0171t\u00e9t, gipszlev\u00e9tel vagy konzervat\u00edv kezel\u00e9s \u2013 pl. gy\u00f3gytorna) eset\u00e9n k\u00e9rj\u00fck, hogy el\u0151sz\u00f6r az els\u0151 emeleti betegfelv\u00e9teli irod\u00e1ban jelentkezzenek, az al\u00e1bbi eredeti szem\u00e9lyes okm\u00e1nyokkal:<\/p>\n<ul>\n<li style=\"font-weight: 400\">TAJ-k\u00e1rtya<\/li>\n<li style=\"font-weight: 400\">Szem\u00e9lyi igazolv\u00e1ny<\/li>\n<li style=\"font-weight: 400\">Lakc\u00edmk\u00e1rtya<\/li>\n<li style=\"font-weight: 400\">Beutal\u00f3<\/li>\n<\/ul>\n<p style=\"font-weight: 400\">Az adminisztr\u00e1ci\u00f3t k\u00f6vet\u0151en a betegfelv\u00e9telt a m\u00e1sodik emeleti oszt\u00e1lyon az oszt\u00e1lyos f\u0151n\u0151v\u00e9r v\u00e9gzi.<\/p>\n<p style=\"font-weight: 400\">M\u0171t\u00e9tre \u00e9rkez\u0151 betegeink a &#8222;M\u0171t\u00e9ti inform\u00e1ci\u00f3k\u201d men\u00fcpont alatt tov\u00e1bbi fontos \u00e9s hasznos inform\u00e1ci\u00f3kat tal\u00e1lnak.<\/p>\n<p style=\"font-weight: 400\">K\u00e9rj\u00fck, hogy az al\u00e1bbiakat felt\u00e9tlen\u00fcl hozz\u00e1k magukkal:<\/p>\n<ul>\n<li>a szedett gy\u00f3gyszerek list\u00e1j\u00e1t, valamint<\/li>\n<li>a kit\u00f6lt\u00f6tt Betegt\u00e1j\u00e9koztat\u00f3t<\/li>\n<\/ul>\n<p>&nbsp;<\/p>\n<p>&nbsp;<\/p>\n\n<\/div><h2 class=\"tabtitle\">Napirend<\/h2>\n<div class=\"tabcontent\">\n\n<p style=\"text-align: justify\">A reggeli \u00e9breszt\u0151 ut\u00e1n az <strong>aznapi m\u0171t\u00e9tes betegek m\u0171t\u00e9ti el\u0151k\u00e9sz\u00edt\u00e9se 5-6 \u00f3ra k\u00f6z\u00f6tt <\/strong>kezd\u0151dik.<\/p>\n<p style=\"text-align: justify\"><strong>Vizit 7:30-8 \u00f3ra k\u00f6z\u00f6tt <\/strong>t\u00f6rt\u00e9nik, melyen minden betegnek a k\u00f3rteremben kell tart\u00f3zkodnia. Vizit idej\u00e9n csendet, figyelmet k\u00e9r\u00fcnk, mindenki elmondhatja panasz\u00e1t az orvosnak. Az orvos megbesz\u00e9li az aznapi teend\u0151ket, kezel\u00e9st. Ezut\u00e1n a p\u00e1ciensek csak vizsg\u00e1lat c\u00e9lj\u00e1b\u00f3l hagyhatj\u00e1k el k\u00f3rtermet. Ennek lebonyol\u00edt\u00e1s\u00e1ban az \u00e1pol\u00f3k seg\u00edtenek. A d\u00e9lel\u0151tt folyam\u00e1n a megoper\u00e1lt betegek gy\u00f3gytorn\u00e1sz seg\u00edts\u00e9g\u00e9vel tanulj\u00e1k meg az oper\u00e1lt testr\u00e9sz helyes mozgat\u00e1s\u00e1t \u00e9s er\u0151s\u00edt\u00e9s\u00e9t.<\/p>\n<p>Adott napi m\u0171t\u00e9tek 9:00-t\u0151l kezd\u0151dnek \u00e9s k\u00f6r\u00fclbel\u00fcl 16:00-ig tartanak.\u00a0<\/p>\n<p><strong>7:30:<\/strong> Vizit<\/p>\n<p style=\"text-align: justify\"><strong>8.30: Reggeli<\/strong><\/p>\n<p style=\"text-align: justify\"><strong>12.30: Eb\u00e9d<\/strong><\/p>\n<p style=\"text-align: justify\"><strong>14:30: <\/strong>Oszt\u00e1lyos munkarendnek megfelel\u0151en ism\u00e9t vizit, k\u00f6t\u00f6z\u00e9s, varratszed\u00e9s.<\/p>\n<p style=\"text-align: justify\"><strong>13:00 &#8211; 15:00: Csendes pihen\u0151.<\/strong> K\u00e9r\u00fcnk mindenkit, hogy legyen tekintettel azon betegt\u00e1rsaira, akik pihenni szeretn\u00e9nek.<\/p>\n<p><strong>15:00 &#8211; 17:00:<\/strong>\u00a0L\u00e1togat\u00e1s. K\u00e9rj\u00fck a l\u00e1togat\u00e1si id\u0151 pontos betart\u00e1s\u00e1t!<\/p>\n<p><strong>17:00:<\/strong> Vacsora<\/p>\n<p style=\"text-align: justify\"><strong>Az esti vizit 19-kor kezd\u0151dik<\/strong>, ahol az \u00fcgyeletes orvossal alkalma ny\u00edlik megbesz\u00e9lni az \u00e9jszakai f\u00e1jdalomcsillap\u00edt\u00f3 elj\u00e1r\u00e1st, valamit nyugodt alv\u00e1s\u00e1nak biztos\u00edt\u00e1sa \u00e9rdek\u00e9ben a megfelel\u0151 altat\u00f3t, ha sz\u00fcks\u00e9ges.<\/p>\n<p style=\"text-align: justify\"><strong>Vizit ut\u00e1n<\/strong>, a seg\u00edts\u00e9get ig\u00e9nyl\u0151 betegek higi\u00e9n\u00e9s sz\u00fcks\u00e9gleteiben \u00e9s a megfelel\u0151 alv\u00e1s, pihen\u00e9s \u00e9rdek\u00e9ben az \u00e1pol\u00f3k seg\u00edtenek.<\/p>\n<p style=\"text-align: justify\"><strong>A k\u00f3rteremben TV-t n\u00e9zni csak akkor lehet,<\/strong> ha a t\u00f6bbi betegt\u00e1rsat nem zavarja, a folyos\u00f3n elhelyezett k\u00e9sz\u00fcl\u00e9ket 22:30-ig, villanyolt\u00e1sig lehet haszn\u00e1lni.<\/p>\n<p style=\"text-align: justify\"><strong>Betegek csak a kijel\u00f6lt helyen doh\u00e1nyozhatnak.<\/strong> Hozz\u00e1tartoz\u00f3knak az eg\u00e9sz klinika ter\u00fclet\u00e9n tilos a doh\u00e1nyz\u00e1s.<\/p>\n<p style=\"text-align: justify\"><strong>A betegek csak az \u00e1pol\u00f3k tudt\u00e1val hagyhatj\u00e1k el az oszt\u00e1lyok ter\u00fclet\u00e9t.<\/strong><\/p>\n<p style=\"text-align: justify\">A behozott \u00e9lelmiszert a k\u00f3rteremben \u00e9s a folyos\u00f3n l\u00e9v\u0151 h\u0171t\u0151szekr\u00e9nyben t\u00e1rolhatj\u00e1k, ez\u00e9rt k\u00e9rj\u00fck \u00edrj\u00e1k r\u00e1 a nevet \u00e9s k\u00f3rterem sz\u00e1m\u00e1t. <strong>\u00c9lelmet a k\u00f3rterem ablakaiban elhelyezni nem szabad.<\/strong><\/p>\n<p style=\"text-align: justify\"><strong>\u00d3vjuk a klinika \u00e9p\u00fclet\u00e9t \u00e9s berendez\u00e9si t\u00e1rgyait, vigy\u00e1zzunk a tisztas\u00e1gra!<\/strong><\/p>\n<p style=\"text-align: justify\"><strong>A betegek \u00e9rt\u00e9kt\u00e1rgyai\u00e9rt csak abban az esetben tudunk felel\u0151ss\u00e9get v\u00e1llalni, ha azokat a Gazdas\u00e1gi Hivatalban nyugta ellen\u00e9ben leadj\u00e1k.<\/strong><\/p>\n<p style=\"text-align: justify\"><strong>Klinik\u00e1nk oktat\u00e1si int\u00e9zm\u00e9ny.<\/strong> K\u00e9rj\u00fck ne vegy\u00e9k zaklat\u00e1snak, ha az orvosk\u00e9pz\u00e9s \u00e9rdek\u00e9ben betegbemutat\u00e1son kell r\u00e9szt venni\u00fck.<\/p>\n\n<\/div><h2 class=\"tabtitle\">Inform\u00e1ci\u00f3k sz\u00fcl\u0151knek<\/h2>\n<div class=\"tabcontent\">\n\n<div class=\"fontos_div\">\n<p style=\"text-align: justify\"><strong>Oszt\u00e1lyaink 15 \u00e9s 17 \u00f3ra k\u00f6z\u00f6tt l\u00e1togathat\u00f3ak. K\u00e9rj\u00fck, hogy egy beteghez egyszerre csak egy hozz\u00e1tartoz\u00f3 \u00e9rkezzen!\u00a0<\/strong><strong>K\u00e9rj\u00fck, ne felejtse elhozni kor\u00e1bbi z\u00e1r\u00f3jelent\u00e9seit, leleteit \u00e9s r\u00f6ntgenfelv\u00e9teleit, MR, CT lemezeit.<br \/>\n<\/strong><\/p>\n<\/div>\n<h4><strong>Mit c\u00e9lszer\u0171 hozni a k\u00f3rh\u00e1zi tart\u00f3zkod\u00e1s idej\u00e9re?<\/strong><\/h4>\n<ul style=\"list-style-type: square\">\n<li style=\"text-align: justify\">Ha lehets\u00e9ges, k\u00e9rj\u00fck gondoskodjanak a gyermek r\u00e9sz\u00e9re m\u0171anyag t\u00e1ny\u00e9rr\u00f3l, poh\u00e1rr\u00f3l, kan\u00e1lr\u00f3l. A gyermekek biztons\u00e1ga \u00e9rdek\u00e9ben, t\u00f6r\u00e9keny t\u00e1rgyat, \u00fcveges \u00fcd\u00edt\u0151t, \u00e9les, sz\u00far\u00f3 eszk\u00f6z\u00f6ket (k\u00e9s, oll\u00f3, villa) nem \u00e1ll m\u00f3dunkban biztos\u00edtani \u00e9s k\u00e9rj\u00fck ezen t\u00e1rgyak behozatal\u00e1nak mell\u0151z\u00e9s\u00e9t is.<\/li>\n<li style=\"text-align: justify\">A gyermeknek csomagoljanak pizsam\u00e1t, h\u00e1l\u00f3ruh\u00e1t, k\u00f6nt\u00f6st, tiszt\u00e1lkod\u00e1si eszk\u00f6z\u00f6ket (szappan, fogkr\u00e9m, fogkefe, f\u00e9s\u0171 stb.) l\u00e1bbelit.<\/li>\n<li style=\"text-align: justify\">Amennyiben a gyermek ig\u00e9nyli, \u00e9rdemes a kedvenc pl\u00fcss\u00e9t eltenni, illetve id\u0151t\u00f6lt\u00e9sre alkalmas j\u00e1t\u00e9kot, k\u00f6nyvet is pakolni. K\u00e9rj\u00fck azonban, vegy\u00e9k figyelembe, hogy a gyermekek egym\u00e1s j\u00e1t\u00e9kait is haszn\u00e1lj\u00e1k, mint az \u00f3vod\u00e1ban vagy az iskol\u00e1ban. <strong>\u00a0<\/strong><\/li>\n<li style=\"text-align: justify\">A higi\u00e9n\u00e9s szab\u00e1lyok betart\u00e1sa \u00e9rdek\u00e9ben k\u00e9rj\u00fck, hogy a gyermekeknek behozott romland\u00f3 \u00e9lelmiszereket, n\u00e9vvel ell\u00e1tva a folyos\u00f3n elhelyezett h\u0171t\u0151szekr\u00e9nyben helyezz\u00e9k el.<\/li>\n<\/ul>\n<p style=\"text-align: justify\">Gyermekoszt\u00e1lyunk berendez\u00e9s\u00e9ben igyeksz\u00fcnk tekintettel lenni a gyermek ig\u00e9nyeire. Nem korl\u00e1tozzuk gyermekeiket szem\u00e9lyes t\u00e1rgyaik behozatal\u00e1ban, azonban <strong>a behozott szem\u00e9lyes t\u00e1rgyak\u00e9rt felel\u0151ss\u00e9get nem tudunk v\u00e1llalni.<\/strong><\/p>\n<h4 style=\"text-align: justify\"><strong>Fontos Inform\u00e1ci\u00f3k Sz\u00fcl\u0151knek:<\/strong><\/h4>\n<p style=\"text-align: justify\">Gyermek\u00fcket klinik\u00e1nk gyermekoszt\u00e1ly\u00e1ra kivizsg\u00e1l\u00e1s\/tornakezel\u00e9s\/m\u0171t\u00e9t c\u00e9lj\u00e1b\u00f3l vessz\u00fck fel. Oszt\u00e1lyunkon lehet\u0151s\u00e9g van arra, hogy ha a gyermek betegs\u00e9ge indokolja, a sz\u00fcl\u0151 vagy nagysz\u00fcl\u0151 a gyermeke mellett maradhasson az \u00e1pol\u00e1s ideje alatt, viszont \u00e1gyat csak akkor tudunk biztos\u00edtani, ha ezt az oszt\u00e1ly betegl\u00e9tsz\u00e1ma lehet\u0151v\u00e9 teszi. A benntart\u00f3zkod\u00e1s alatt ell\u00e1t\u00e1s csak a gyermek r\u00e9sz\u00e9re j\u00e1r.<\/p>\n<p style=\"text-align: justify\">Ha a sz\u00fcl\u0151 nem k\u00edv\u00e1nja az \u00e1lland\u00f3 benntart\u00f3zkod\u00e1st, minden nap 15 \u00e9s 17 \u00f3ra k\u00f6z\u00f6tt, l\u00e1togat\u00e1si id\u0151ben \u00e9rkezhet gyermek\u00e9hez. D\u00e9lel\u0151tt, am\u00edg a m\u0171t\u00e9tek \u00e9s a vizsg\u00e1latok folynak, a gyermekek mellett egyszerre csak egy hozz\u00e1tartoz\u00f3 tart\u00f3zkodhat.\u00a0K\u00e9rj\u00fck a sz\u00fcl\u0151ket, hogy az \u00e1pol\u00e1si munk\u00e1t k\u00f6nny\u00edts\u00e9k meg azzal, hogy l\u00e1togat\u00f3kat csak l\u00e1togat\u00e1si id\u0151 alatt fogadnak. T\u00e1voz\u00e1s napj\u00e1n, lehet\u0151leg 11-\u00f3r\u00e1ig hagyj\u00e1k el az oszt\u00e1lyt!<\/p>\n<div class=\"keretes w-100\">\n<p style=\"text-align: justify\"><span style=\"font-size: 1rem;text-align: left\">Gyermek\u00fck itt tart\u00f3zkod\u00e1sa alatt, az \u00d6n\u00f6kben felmer\u00fcl\u0151 k\u00e9rd\u00e9sekkel, probl\u00e9m\u00e1kkal bizalommal forduljanak a kezel\u0151 orvoshoz, vagy az oszt\u00e1lyos \u00e1pol\u00f3khoz. Amennyiben szem\u00e9lyesen ezt nem \u00e1ll m\u00f3djukba megtenni, telefonon is \u00e9rdekl\u0151dhetnek.<\/span><\/p>\n<p style=\"text-align: justify\" align=\"center\"><strong>K\u00f6zvetlen telefonsz\u00e1munk: +36 20 825 8345<br \/>\nA klinika k\u00f6zponti sz\u00e1ma: +36 1 466 6611<\/strong><\/p>\n<\/div>\n<p style=\"text-align: justify\">\u00a0<\/p>\n\n<\/div><h2 class=\"tabtitle\">M\u0171t\u00e9ti inform\u00e1ci\u00f3k<\/h2>\n<div class=\"tabcontent\">\n\n<p><span data-sheets-root=\"1\">A m\u0171t\u00e9t pontos id\u0151pontj\u00e1r\u00f3l\u00a0<\/span><span style=\"font-size: 1rem\">az Ortop\u00e9diai Klinika <\/span><span style=\"font-size: 1rem\">minden esetben el\u0151zetesen t\u00e1j\u00e9koztat\u00e1st ad.<\/span><\/p>\n<p style=\"text-align: justify\"><strong>M\u0171t\u00e9tes oszt\u00e1lyra \u00e9rkezv\u00e9n k\u00e9rj\u00fck, hogy \u00e9kszereit hagyja otthon,<\/strong><strong> a k\u00f6r\u00f6mlakkot t\u00e1vol\u00edts\u00e1k el. <\/strong><strong>L\u00e1togat\u00e1si id\u0151 15:00-t\u0151l 17:00-ig, de k\u00e9rj\u00fck, hogy az oszt\u00e1ly m\u0171k\u00f6d\u00e9s\u00e9t a l\u00e1togat\u00f3k ne akad\u00e1lyozz\u00e1k. <\/strong><\/p>\n<p style=\"text-align: justify\"><strong>A posztoperat\u00edv \u0151rz\u0151ben<\/strong> (m\u0171t\u00e9t ut\u00e1n 24 \u00f3r\u00e1t itt t\u00f6ltenek a betegek) <strong>egy id\u0151ben egy l\u00e1togat\u00f3t fogadhatnak, \u00e9s k\u00e9rj\u00fck \u00f6n\u00f6ket ill. hozz\u00e1tartoz\u00f3ikat, hogy 15 percn\u00e9l ne legyen hosszabb a l\u00e1togat\u00e1s!<\/strong> K\u00e9rj\u00fck a megfelel\u0151 v\u00e9d\u0151ruha haszn\u00e1lat\u00e1t, valamint, hogy \u00e9lelmiszert ide ne hozzanak a l\u00e1togat\u00f3k.<\/p>\n<p style=\"text-align: justify\"><strong>Cs\u00edp\u0151, t\u00e9rd, v\u00e1ll prot\u00e9zis m\u0171t\u00e9tje el\u0151tt, \u00e9rdemes \u00f6sszepakolni a tiszt\u00e1lkod\u00e1si szereket<\/strong> (foly\u00e9kony szappan, szivacs, vagy mosd\u00f3keszty\u0171, 2 db t\u00f6r\u00fclk\u00f6z\u0151, sz\u00e9nsavmentes v\u00edz, a rendszeresen szedett gy\u00f3gyszerek eredeti dobozukban), mely csomagot az \u00e1pol\u00f3 az \u0151rz\u0151 helyis\u00e9gbe eljuttatja.<\/p>\n<p style=\"text-align: justify\">Ezekhez a beavatkoz\u00e1sokhoz az esetek t\u00f6bbs\u00e9g\u00e9ben sz\u00fcks\u00e9gess\u00e9 v\u00e1lik a transzf\u00fazi\u00f3, ez\u00e9rt az al\u00e1bbiakban felsoroln\u00e1nk, hogy ennek milyen lehet\u0151s\u00e9gei vannak. B\u0151vebb t\u00e1j\u00e9koztat\u00e1s \u00e9rdek\u00e9ben \u00e9rdekl\u0151dj\u00f6n a f\u0151n\u0151v\u00e9rekn\u00e9l!<\/p>\n<h3>V\u00e9rtranszf\u00fazi\u00f3<\/h3>\n<p style=\"text-align: justify\"><strong>1. Autotranszf\u00fazi\u00f3 (saj\u00e1t v\u00e9rad\u00e1s a m\u0171t\u00e9thez): <\/strong>beutal\u00f3t a klinik\u00e1n kap az orvos\u00e1t\u00f3l megbesz\u00e9ltek alapj\u00e1n.<\/p>\n<p style=\"text-align: justify\"><strong>2. Ir\u00e1ny\u00edtott v\u00e9rad\u00e1s: <\/strong>hozz\u00e1tartoz\u00f3, bar\u00e1t, ismer\u0151s ad v\u00e9rt a m\u0171t\u00e9thez.<br \/>\nSz\u00fcks\u00e9g van a k\u00f6vetkez\u0151 adatokra: TAJ k\u00e1rtya, beteg neve (akinek adj\u00e1k a v\u00e9rt), mikor, hov\u00e1 kell a v\u00e9r<br \/>\nAz al\u00e1bb felsorolt helyeken v\u00e1rj\u00e1k a v\u00e9rad\u00f3k jelentkez\u00e9s\u00e9t:<\/p>\n<p style=\"text-align: justify\"><strong>Budai Region\u00e1lis V\u00e9rell\u00e1t\u00f3 K\u00f6zpont <\/strong>(BRVK)<br \/>\n1113 Budapest, Karolina \u00fat 19-21<br \/>\nTel.: +36 80 324-244<br \/>\n<em>Minden munkanapon: 7-19 \u00f3ra k\u00f6z\u00f6tt<\/em><br \/>\n<em>Szombaton: 8-12 \u00f3ra k\u00f6z\u00f6tt<\/em><\/p>\n<p style=\"text-align: justify\"><strong>P\u00e9terffy S\u00e1ndor utcai Ter\u00fcleti V\u00e9rell\u00e1t\u00f3<\/strong><br \/>\n1072 Budapest, P\u00e9terfy s. u. 14.<br \/>\nTel.:+36 1 461 4757<br \/>\n<em>H\u00e9tf\u0151-cs\u00fct\u00f6rt\u00f6k:08-15 \u00f3ra k\u00f6z\u00f6tt<\/em><br \/>\n<em>P\u00e9ntek:8-13 \u00f3ra k\u00f6z\u00f6tt<\/em><\/p>\n<p style=\"text-align: justify\"><strong>D\u00e9l- pesti Ter\u00fcleti V\u00e9rell\u00e1t\u00f3<\/strong><br \/>\n1204 Budapest, K\u00f6ves u. 2-4.<br \/>\nTel.:+36 1 284 7590<br \/>\n<em>Minden munkanapon 8-14 \u00f3ra k\u00f6z\u00f6tt<\/em><\/p>\n<p style=\"text-align: justify\"><strong>Valamint <\/strong><strong>a vid\u00e9ki v\u00e9rell\u00e1t\u00f3k.<\/strong><\/p>\n<h3 style=\"text-align: justify\">Altat\u00f3orvosi vizsg\u00e1lat<\/h3>\n<p style=\"text-align: justify\"><span data-sheets-root=\"1\">Az altat\u00f3orvosi (aneszteziol\u00f3giai) vizsg\u00e1lat id\u0151pontj\u00e1t kiz\u00e1r\u00f3lag az Ortop\u00e9diai Klinika m\u0171t\u00e9ti id\u0151pontr\u00f3l val\u00f3 t\u00e1j\u00e1koztat\u00e1s\u00e1t k\u00f6vet\u0151en sz\u00fcks\u00e9ges egyeztetni. <\/span>Egy h\u00f3nappal a befekv\u00e9s el\u0151tt keresse fel <strong>h\u00e1ziorvos\u00e1t<\/strong> az el\u0151\u00edrt laborvizsg\u00e1latok c\u00e9lj\u00e1b\u00f3l.\u00a0<strong>M\u0171t\u00e9t el\u0151tt 3 h\u00e9ttel<\/strong>, k\u00e9sz leletekkel klinik\u00e1nk aneszteziol\u00f3giai ambulanci\u00e1j\u00e1n kell jelentkezi az elk\u00e9sz\u00fclt eredm\u00e9nyek ellen\u0151rz\u00e9se c\u00e9lj\u00e1b\u00f3l, ahol a javasolt \u00e9s \u00d6nnek legoptim\u00e1lisabb \u00e9rz\u00e9stelen\u00edt\u00e9si elj\u00e1r\u00e1s is megbesz\u00e9l\u00e9sre ker\u00fcl.<\/p>\n<p style=\"text-align: justify\" align=\"center\"><strong>El\u0151zetes id\u0151pont egyeztet\u00e9s sz\u00fcks\u00e9ges!<\/strong><\/p>\n<p style=\"text-align: justify\" align=\"center\"><strong>El\u00e9rhet\u0151s\u00e9g az id\u0151pontegyeztet\u00e9shez: <\/strong><\/p>\n<p style=\"text-align: justify\" align=\"center\"><strong>+36 1 209 3355 vagy ortopedia.elojegyzes@semmelweis.hu<\/strong><\/p>\n<p style=\"text-align: justify\" align=\"center\">Az altat\u00f3orvosi (aneszteziol\u00f3giai) ambulancia helye:<br \/>\n<span data-sheets-root=\"1\">1082 Budapest, \u00dcll\u0151i \u00fat 78\/b I. emelet, 116-os szoba<\/span><\/p>\n<p style=\"text-align: left\" align=\"center\">K\u00e9rj\u00fck, hogy az altat\u00f3orvosi vizsg\u00e1latra az al\u00e1bbi, a kivizsg\u00e1l\u00e1s sor\u00e1n k\u00e9sz\u00fclt friss leleteket hozz\u00e1k magukkal:<\/p>\n<ul>\n<li style=\"text-align: left\">Labor \u00e9s vizelet eredm\u00e9ny<\/li>\n<li style=\"text-align: left\">EKG (szalag form\u00e1ban)<\/li>\n<li style=\"text-align: left\">Mellkasr\u00f6ntgen vagy t\u00fcd\u0151sz\u0171r\u0151 lelet<\/li>\n<li style=\"text-align: left\">Fog\u00e1szati negat\u00edv g\u00f3clelet<\/li>\n<\/ul>\n<p style=\"text-align: left\" align=\"center\">Fontos tudnival\u00f3k gy\u00f3gyszerszed\u00e9s eset\u00e9n: Amennyiben v\u00e9ralvad\u00e1sg\u00e1tl\u00f3 gy\u00f3gyszert szed, k\u00e9rj\u00fck, mindenk\u00e9ppen konzult\u00e1ljon kezel\u0151orvos\u00e1val \u00e9s altat\u00f3orvos\u00e1val! Fogamz\u00e1sg\u00e1tl\u00f3 k\u00e9sz\u00edtm\u00e9nyek szed\u00e9se eset\u00e9n javasolt a kezel\u00e9st n\u0151gy\u00f3gy\u00e1sz\u00e1val el\u0151zetesen egyeztetni. A rendszeresen szedett gy\u00f3gyszereit k\u00e9rj\u00fck, \u00edrja \u00f6ssze, \u00e9s hozza mag\u00e1val a vizsg\u00e1latra!<\/p>\n<p style=\"text-align: justify\">\u00a0<\/p>\n<h3 style=\"text-align: justify\" align=\"center\">Dietetikai szolg\u00e1lat<\/h3>\n<p style=\"text-align: justify\">Szeretn\u00e9nk t\u00e1j\u00e9koztatni, hogy a klinik\u00e1n lehet\u0151s\u00e9ge ny\u00edlik \u00d6nnek megfelel\u0151 di\u00e9ta tart\u00e1s\u00e1ra (pl: diabetes, energiaszeg\u00e9ny, lakt\u00f3zmentes, veget\u00e1ri\u00e1nus, epek\u00edm\u00e9l\u0151, stb). Ha m\u0171t\u00e9tre v\u00e1rakozik, fontos, hogy j\u00f3 kond\u00edci\u00f3ban legyen, mire elj\u00f6n a m\u0171t\u00e9t ideje. Amennyiben j\u00f3 a v\u00e9rcukorszintje, v\u00e9rnyom\u00e1sa, koleszterinszintje, tests\u00falya optim\u00e1lis, akkor gyorsabb a sebgy\u00f3gyul\u00e1s, kisebb a sz\u00f6v\u0151dm\u00e9nyek kialakul\u00e1s\u00e1nak es\u00e9lye.<br \/>\n<strong>Tervezett m\u0171t\u00e9tn\u00e9l haszn\u00e1lja ki a v\u00e1rakoz\u00e1s idej\u00e9t, optimaliz\u00e1lja tests\u00faly\u00e1t!<\/strong><\/p>\n<p style=\"text-align: justify\">Tests\u00faly\u00e1t ellen\u0151rizheti BMI sz\u00e1m\u00edt\u00e1ssal, melynek k\u00e9plete:<br \/>\n<a href=\"https:\/\/semmelweis.hu\/ortopedklinika\/files\/2022\/05\/cats.jpg\"><img loading=\"lazy\" decoding=\"async\" class=\"alignnone size-full wp-image-3012\" src=\"https:\/\/semmelweis.hu\/ortopedklinika\/files\/2022\/05\/cats.jpg\" alt=\"\" width=\"198\" height=\"79\" \/><\/a><\/p>\n<p style=\"text-align: justify\">Ha testt\u00f6meg indexe nem a norm\u00e1l tartom\u00e1nyba esik, akkor felt\u00e9tlen konzult\u00e1ljon dietetikusainkkal!<br \/>\nEl\u00e9rhet\u0151s\u00e9g\u00fck: <strong>+36-20-825-0539<\/strong><\/p>\n<p>Jelenlegi \u00e9lelmez\u00e9si rendszer miatt a beteg \u00e9tkeztet\u00e9s a k\u00f6vetkez\u0151k\u00e9ppen t\u00f6rt\u00e9nik:<\/p>\n<ul>\n<li>A t\u00e1voz\u00f3 betegek reggeli ell\u00e1t\u00e1st kapnak,<\/li>\n<li>Ment\u0151sz\u00e1ll\u00edt\u00e1s eset\u00e9n a sz\u00e1ll\u00edt\u00e1s megkezd\u00e9s\u00e9ig a klinika biztos\u00edtja az ell\u00e1t\u00e1st,<\/li>\n<li>10 \u00f3r\u00e1ig \u00e9rkez\u0151 betegek eb\u00e9d \u00e9s vacsora ell\u00e1t\u00e1s\u00e1ra jogosultak,<\/li>\n<li>10 \u00f3ra ut\u00e1n \u00e9rkez\u0151k sz\u00e1m\u00e1ra a felv\u00e9tel napj\u00e1ra nem tudunk ell\u00e1t\u00e1st biztos\u00edtani.<\/li>\n<\/ul>\n<\/div><\/div>\n","protected":false},"excerpt":{"rendered":"<p>L\u00e1togat\u00e1si id\u0151: Minden nap 15:00-t\u0151l 17:00-ig l\u00e1togathat\u00f3k oszt\u00e1lyaink. K\u00e9rj\u00fck, hogy egyszerre csak egy hozz\u00e1tartoz\u00f3 tart\u00f3zkodjon a beteg mellett a nyugodt k\u00f6rnyezet \u00e9s betegeink biztons\u00e1ga \u00e9rdek\u00e9ben. BETEGFELV\u00c9TEL: 7:00-t\u0151l Oszt\u00e1lyos felv\u00e9tel (m\u0171t\u00e9t, gipszlev\u00e9tel vagy konzervat\u00edv kezel\u00e9s \u2013 pl. gy\u00f3gytorna) eset\u00e9n k\u00e9rj\u00fck, hogy el\u0151sz\u00f6r az els\u0151 emeleti betegfelv\u00e9teli irod\u00e1ban jelentkezzenek, az al\u00e1bbi eredeti szem\u00e9lyes okm\u00e1nyokkal: TAJ-k\u00e1rtya Szem\u00e9lyi igazolv\u00e1ny &hellip;<\/p>\n","protected":false},"author":101111,"featured_media":0,"parent":421,"menu_order":2,"comment_status":"closed","ping_status":"closed","template":"","meta":{"_acf_changed":false,"footnotes":""},"categories":[],"tags":[],"class_list":["post-289","page","type-page","status-publish","hentry"],"acf":[],"_links":{"self":[{"href":"https:\/\/semmelweis.hu\/ortopedklinika\/wp-json\/wp\/v2\/pages\/289","targetHints":{"allow":["GET"]}}],"collection":[{"href":"https:\/\/semmelweis.hu\/ortopedklinika\/wp-json\/wp\/v2\/pages"}],"about":[{"href":"https:\/\/semmelweis.hu\/ortopedklinika\/wp-json\/wp\/v2\/types\/page"}],"author":[{"embeddable":true,"href":"https:\/\/semmelweis.hu\/ortopedklinika\/wp-json\/wp\/v2\/users\/101111"}],"replies":[{"embeddable":true,"href":"https:\/\/semmelweis.hu\/ortopedklinika\/wp-json\/wp\/v2\/comments?post=289"}],"version-history":[{"count":11,"href":"https:\/\/semmelweis.hu\/ortopedklinika\/wp-json\/wp\/v2\/pages\/289\/revisions"}],"predecessor-version":[{"id":3532,"href":"https:\/\/semmelweis.hu\/ortopedklinika\/wp-json\/wp\/v2\/pages\/289\/revisions\/3532"}],"up":[{"embeddable":true,"href":"https:\/\/semmelweis.hu\/ortopedklinika\/wp-json\/wp\/v2\/pages\/421"}],"wp:attachment":[{"href":"https:\/\/semmelweis.hu\/ortopedklinika\/wp-json\/wp\/v2\/media?parent=289"}],"wp:term":[{"taxonomy":"category","embeddable":true,"href":"https:\/\/semmelweis.hu\/ortopedklinika\/wp-json\/wp\/v2\/categories?post=289"},{"taxonomy":"post_tag","embeddable":true,"href":"https:\/\/semmelweis.hu\/ortopedklinika\/wp-json\/wp\/v2\/tags?post=289"}],"curies":[{"name":"wp","href":"https:\/\/api.w.org\/{rel}","templated":true}]}}