{"id":264,"date":"2016-01-26T00:00:00","date_gmt":"2016-01-25T23:00:00","guid":{"rendered":"http:\/\/semmelweis.hu\/ortopedklinika\/01_profiljaink_verzekeny\/"},"modified":"2022-10-07T13:52:04","modified_gmt":"2022-10-07T11:52:04","slug":"profiljaink-verzekeny-betegek","status":"publish","type":"page","link":"https:\/\/semmelweis.hu\/ortopedklinika\/profiljaink-lista\/profiljaink-verzekeny-betegek\/","title":{"rendered":"V\u00e9rz\u00e9keny betegek ell\u00e1t\u00e1sa"},"content":{"rendered":"<p><img loading=\"lazy\" decoding=\"async\" class=\"aligncenter\" src=\"https:\/\/semmelweis.hu\/ortopedklinika\/files\/2016\/01\/verzekeny.jpg\" alt=\"\" width=\"600\" height=\"300\" \/><\/p>\n<p style=\"text-align: justify\"><strong>A v\u00e9rz\u00e9keny betegek ell\u00e1t\u00e1s\u00e1t kiemelt feladatunknak tekintj\u00fck<\/strong><\/p>\n<p style=\"text-align: justify\">A hemof\u00edlia ritka betegs\u00e9g: el\u0151fordul\u00e1si gyakoris\u00e1ga 1 a 10 000-hez, a s\u00falyos fok\u00fa hemof\u00edli\u00e1\u00e9 pedig 1 a 16 000-hez. <strong>Magyarorsz\u00e1gon 2727 v\u00e9rz\u00e9keny beteg \u00e9l, ebb\u0151l 803 A-hemof\u00edli\u00e1s, 198 B-hemof\u00edli\u00e1s, <\/strong>1306 von Willebrand beteg, \u00e9s 420 egy\u00e9b v\u00e9rz\u00e9si rendelleness\u00e9gben szenved\u0151 beteg. A betegs\u00e9g l\u00e9nyege a v\u00e9r alvad\u00e9konys\u00e1g\u00e1nak cs\u00f6kken\u00e9se, melynek k\u00f6vetkezt\u00e9ben a hemof\u00edli\u00e1s betegek s\u00e9r\u00fcl\u00e9sek alkalm\u00e1val <strong>hosszabb ideig v\u00e9reznek<\/strong>, mint az eg\u00e9szs\u00e9gesek. S\u00falyos fok\u00fa hemof\u00edlia eset\u00e9n spont\u00e1n, azaz b\u00e1rmif\u00e9le k\u00fcls\u0151 behat\u00e1s n\u00e9lk\u00fcl is el\u0151fordulnak v\u00e9rz\u00e9sek. <strong>A hemof\u00edlia f\u0151 t\u00fcnete a v\u00e9rz\u00e9s &#8211; <\/strong><em>els\u0151sorban az \u00edz\u00fcleti<strong>&#8211; <\/strong><\/em><em>\u00e9s izomv\u00e9rz\u00e9s<\/em><strong>. <\/strong>A bels\u0151 v\u00e9rz\u00e9sek \u00e1ltal okozott fesz\u00edt\u0151 nyom\u00e1s miatt a hemof\u00edli\u00e1t az egyik legf\u00e1jdalmasabb betegs\u00e9gnek tekinti az orvostudom\u00e1ny. Megel\u0151z\u0151 kezel\u00e9s (\u00fan. profilaxis) hi\u00e1ny\u00e1ban a gyakori bev\u00e9rz\u00e9sek k\u00f6vetkezt\u00e9ben a betegek \u00edz\u00fcletei fokozatosan t\u00f6nkremennek \u00e9s izmaik elsorvadnak. Az id\u0151sebb hemof\u00edli\u00e1sok szinte kiv\u00e9tel n\u00e9lk\u00fcl mozg\u00e1skorl\u00e1tozottakk\u00e1 v\u00e1ltak. Az \u00e9vtizedeken \u00e1t tart\u00f3 ism\u00e9telt \u00edz\u00fcleti bev\u00e9rz\u00e9sek hat\u00e1s\u00e1ra a beteg id\u0151vel s\u00falyos fok\u00fa mozg\u00e1skorl\u00e1tozott\u00e1 v\u00e1lik, lerokkan, bot vagy tol\u00f3kocsi haszn\u00e1lat\u00e1ra k\u00e9nyszer\u00fcl. Ez a<strong>folyamat kiz\u00e1r\u00f3lag a gyerekkorban elkezdett prevent\u00edv kezel\u00e9sk\u00e9nt adott rendszeres faktorp\u00f3tl\u00e1ssal (profilaxissal) el\u0151zhet\u0151 meg.<\/strong><\/p>\n<p style=\"text-align: justify\"><img loading=\"lazy\" decoding=\"async\" style=\"margin-right: 10px\" src=\"https:\/\/semmelweis.hu\/ortopedklinika\/files\/2016\/01\/verzekeny02.jpg\" alt=\"\" width=\"180\" height=\"170\" align=\"left\" vspace=\"5\" \/>A v\u00e9rz\u00e9keny betegek \u00edz\u00fcleti k\u00e1rosod\u00e1sainak feltart\u00f3ztat\u00e1s\u00e1ra szoros egy\u00fcttm\u0171k\u00f6d\u00e9s alakult ki a hemof\u00edli\u00e1s betegek v\u00e9rz\u00e9sei ellen gy\u00f3gyszeresen k\u00fczdelmet folytat\u00f3 hemof\u00edlia gondoz\u00f3 \u00e9s az ortop\u00e9d klinika k\u00f6z\u00f6tt. Ez a szoros egy\u00fcttm\u0171k\u00f6d\u00e9s tette lehet\u0151v\u00e9, hogy haz\u00e1nkban a legt\u00f6bb hemof\u00edli\u00e1sokon v\u00e9gzett ortop\u00e9diai beavatkoz\u00e1s int\u00e9zet\u00fcnkben t\u00f6rt\u00e9njen. Kezel\u00e9seink c\u00e9lja, hogy cs\u00f6kkents\u00fck az ism\u00e9tl\u0151d\u0151 bev\u00e9rz\u00e9sek \u00e1ltal okozott \u00edz\u00fcleti k\u00e1rosod\u00e1sokat, valamint gy\u00f3gy\u00edtsuk a m\u00e1r l\u00e9trej\u00f6tt mozg\u00e1skorl\u00e1tozotts\u00e1got. Eddigi tev\u00e9kenys\u00e9g\u00fcnk sor\u00e1n a v\u00e9rz\u00e9keny betegek sz\u00e9les k\u00f6r\u00e9nek ny\u00fajthattunk \u00e9s a j\u00f6v\u0151ben is ny\u00fajtani sz\u00e1nd\u00e9kozunk ortop\u00e9diai ell\u00e1t\u00e1st.<\/p>\n<p style=\"text-align: justify\">Az ut\u00f3bbi h\u00fasz \u00e9vben nagy\u00edz\u00fcleti endoscopos \u00e9s felt\u00e1r\u00e1sos m\u0171t\u00e9teinkkel, prot\u00e9zis be\u00fcltet\u00e9sekkel t\u00f6bb mint 60 esetben siker\u00fclt a v\u00e9rz\u00e9keny gyermekek \u00e9s feln\u0151tt betegek panaszain enyh\u00edteni. Haemosztazeologusokkal kar\u00f6ltve a k\u00fclf\u00f6ldi sikereket is figyelemmel k\u00eds\u00e9rve folytatjuk gy\u00f3gy\u00edt\u00f3 t\u00f6rekv\u00e9seinket az Ortop\u00e9d Klinik\u00e1n.<\/p>\n<p style=\"text-align: justify\">\u00a0<\/p>\n","protected":false},"excerpt":{"rendered":"<p>A v\u00e9rz\u00e9keny betegek ell\u00e1t\u00e1s\u00e1t kiemelt feladatunknak tekintj\u00fck A hemof\u00edlia ritka betegs\u00e9g: el\u0151fordul\u00e1si gyakoris\u00e1ga 1 a 10 000-hez, a s\u00falyos fok\u00fa hemof\u00edli\u00e1\u00e9 pedig 1 a 16 000-hez. Magyarorsz\u00e1gon 2727 v\u00e9rz\u00e9keny beteg \u00e9l, ebb\u0151l 803 A-hemof\u00edli\u00e1s, 198 B-hemof\u00edli\u00e1s, 1306 von Willebrand beteg, \u00e9s 420 egy\u00e9b v\u00e9rz\u00e9si rendelleness\u00e9gben szenved\u0151 beteg. A betegs\u00e9g l\u00e9nyege a v\u00e9r alvad\u00e9konys\u00e1g\u00e1nak cs\u00f6kken\u00e9se, melynek &hellip;<\/p>\n","protected":false},"author":1,"featured_media":0,"parent":255,"menu_order":13,"comment_status":"closed","ping_status":"closed","template":"","meta":{"_acf_changed":false,"footnotes":""},"categories":[],"tags":[],"class_list":["post-264","page","type-page","status-publish","hentry"],"acf":[],"_links":{"self":[{"href":"https:\/\/semmelweis.hu\/ortopedklinika\/wp-json\/wp\/v2\/pages\/264","targetHints":{"allow":["GET"]}}],"collection":[{"href":"https:\/\/semmelweis.hu\/ortopedklinika\/wp-json\/wp\/v2\/pages"}],"about":[{"href":"https:\/\/semmelweis.hu\/ortopedklinika\/wp-json\/wp\/v2\/types\/page"}],"author":[{"embeddable":true,"href":"https:\/\/semmelweis.hu\/ortopedklinika\/wp-json\/wp\/v2\/users\/1"}],"replies":[{"embeddable":true,"href":"https:\/\/semmelweis.hu\/ortopedklinika\/wp-json\/wp\/v2\/comments?post=264"}],"version-history":[{"count":2,"href":"https:\/\/semmelweis.hu\/ortopedklinika\/wp-json\/wp\/v2\/pages\/264\/revisions"}],"predecessor-version":[{"id":2335,"href":"https:\/\/semmelweis.hu\/ortopedklinika\/wp-json\/wp\/v2\/pages\/264\/revisions\/2335"}],"up":[{"embeddable":true,"href":"https:\/\/semmelweis.hu\/ortopedklinika\/wp-json\/wp\/v2\/pages\/255"}],"wp:attachment":[{"href":"https:\/\/semmelweis.hu\/ortopedklinika\/wp-json\/wp\/v2\/media?parent=264"}],"wp:term":[{"taxonomy":"category","embeddable":true,"href":"https:\/\/semmelweis.hu\/ortopedklinika\/wp-json\/wp\/v2\/categories?post=264"},{"taxonomy":"post_tag","embeddable":true,"href":"https:\/\/semmelweis.hu\/ortopedklinika\/wp-json\/wp\/v2\/tags?post=264"}],"curies":[{"name":"wp","href":"https:\/\/api.w.org\/{rel}","templated":true}]}}