{"id":253,"date":"2016-01-26T00:00:00","date_gmt":"2016-01-25T23:00:00","guid":{"rendered":"http:\/\/semmelweis.hu\/ortopedklinika\/01_kapcsolat\/"},"modified":"2025-09-16T22:35:35","modified_gmt":"2025-09-16T20:35:35","slug":"kapcsolat","status":"publish","type":"page","link":"https:\/\/semmelweis.hu\/ortopedklinika\/kapcsolat\/","title":{"rendered":"Kapcsolat"},"content":{"rendered":"<p><strong><a href=\"https:\/\/semmelweis.hu\/ortopedklinika\/betegeknek\/betegelojegyzes\/\">Betegel\u0151jegyz\u00e9si lehet\u0151s\u00e9gek \u00e9s telefonos el\u00e9rhet\u0151s\u00e9gek \u2192<\/a><\/strong><\/p>\n<p style=\"font-weight: 400;text-align: justify\"><strong style=\"font-size: 1rem\"><span style=\"color: #993300\">Ambul\u00e1ns rendel\u00e9s\u00fcnkre \u00e9rkez\u0151ket a Semmelweis Egyetem Mer\u00e9nyi Guszt\u00e1v K\u00f3rh\u00e1z Telephely 27-es sz\u00e1m\u00fa \u00e9p\u00fclet\u00e9nek f\u00f6ldszintj\u00e9n v\u00e1rjuk.\u00a0<\/span><\/strong><\/p>\n<div class=\"gmail_default\">Az Ortop\u00e9diai Klinika tov\u00e1bbra is az eddigi <strong>06-1-459-1500<\/strong>-as, k\u00f6zponti telefonsz\u00e1mon \u00e9rhet\u0151 el. A betegel\u0151jegyz\u00e9s v\u00e1ltozatlanul a <strong>06-1-209-3355<\/strong>-\u00f6s telefonsz\u00e1mon h\u00edvhat\u00f3. Az Ortop\u00e9diai Klinika a D\u00e9l-pesti Centrumk\u00f3rh\u00e1z telefonsz\u00e1main nem \u00e9rhet\u0151 el!<\/div>\n<p style=\"font-weight: 400;text-align: justify\"><span style=\"font-size: 1rem\">\u00a0<\/span><\/p>\n<p><strong style=\"font-size: 1rem\"><span style=\"color: #993300\">Mozg\u00e1sszervi Rehabilit\u00e1ci\u00f3s R\u00e9szleg\u00fcnkre \u00e9rkez\u0151ket a Semmelweis Egyetem Mer\u00e9nyi Guszt\u00e1v K\u00f3rh\u00e1z Telephely 26-os sz\u00e1m\u00fa \u00e9p\u00fclet\u00e9ben v\u00e1rjuk.\u00a0<\/span><\/strong><\/p>\n<p style=\"font-weight: 400;text-align: justify\"><strong>Megk\u00f6zel\u00edthet\u0151s\u00e9g:\u00a0<\/strong><\/p>\n<p style=\"font-weight: 400;text-align: justify\">C\u00edm: 1097 Budapest, Gy\u00e1li \u00fat 17-19.<\/p>\n<p style=\"font-weight: 400;text-align: justify\"><a href=\"https:\/\/www.google.com\/maps\/dir\/47.4829406,19.0812853\/Gy%C3%A1li+%C3%BAt+19,+Budapest,+1097\/@47.47485,19.0843465,15.02z\/am=t\/data=!4m14!4m13!1m1!4e1!1m5!1m1!1s0x4741dd26235e6623:0x10096cce63727de2!2m2!1d19.1020934!2d47.4664831!2m3!6e0!7e2!8j1692604800!3e3?entry=ttu\">T\u00f6megk\u00f6zleked\u00e9s:\u00a0<\/a><\/p>\n<p style=\"font-weight: 400;text-align: justify\">Ecseri \u00fat M3-as metr\u00f3\u00e1llom\u00e1st\u00f3l a 181-es ASZ\u00d3DI \u00daT jelz\u00e9s\u0171, annak ir\u00e1ny\u00e1ba halad\u00f3 aut\u00f3busszal a Gy\u00e1li \u00fat meg\u00e1ll\u00f3ig.\u00a0<\/p>\n<p style=\"font-weight: 400;text-align: justify\"><a href=\"https:\/\/www.google.com\/maps\/dir\/47.4829406,19.0812853\/Gy%C3%A1li+%C3%BAt+19,+Budapest,+1097\/@47.4757902,19.0814257,15z\/data=!3m1!4b1!4m14!4m13!1m1!4e1!1m5!1m1!1s0x4741dd26235e6623:0x10096cce63727de2!2m2!1d19.1020934!2d47.4664831!2m3!6e0!7e2!8j1692604800!3e0?entry=ttu\">Szem\u00e9lyg\u00e9pj\u00e1rm\u0171:\u00a0<\/a><\/p>\n<p style=\"font-weight: 400;text-align: justify\">A Gy\u00e1li \u00fat a K\u00f6nyves K\u00e1lm\u00e1n krt. ir\u00e1ny\u00e1b\u00f3l a fel\u00fclj\u00e1r\u00f3n vagy d\u00e9li ir\u00e1nyb\u00f3l a METR\u00d3 \u00c1ruh\u00e1z fel\u0151l k\u00f6zel\u00edthet\u0151 meg.<\/p>\n<p style=\"font-weight: 400;text-align: justify\">GPS koordin\u00e1ta:\u00a047.466510, 19.102097<\/p>\n<p style=\"font-weight: 400\">\u00a0<\/p>\n<p>&nbsp;<\/p>\n<p><a href=\"https:\/\/semmelweis.hu\/ortopedklinika\/files\/2023\/08\/Ortopedia-ambulancia.jpg\"><img loading=\"lazy\" decoding=\"async\" class=\"alignnone  wp-image-3366\" src=\"https:\/\/semmelweis.hu\/ortopedklinika\/files\/2023\/08\/Ortopedia-ambulancia-400x323.jpg\" alt=\"\" width=\"570\" height=\"461\" srcset=\"https:\/\/semmelweis.hu\/ortopedklinika\/files\/2023\/08\/Ortopedia-ambulancia-400x323.jpg 400w, https:\/\/semmelweis.hu\/ortopedklinika\/files\/2023\/08\/Ortopedia-ambulancia-1024x828.jpg 1024w, https:\/\/semmelweis.hu\/ortopedklinika\/files\/2023\/08\/Ortopedia-ambulancia-768x621.jpg 768w, https:\/\/semmelweis.hu\/ortopedklinika\/files\/2023\/08\/Ortopedia-ambulancia-1536x1242.jpg 1536w, https:\/\/semmelweis.hu\/ortopedklinika\/files\/2023\/08\/Ortopedia-ambulancia-753x609.jpg 753w, https:\/\/semmelweis.hu\/ortopedklinika\/files\/2023\/08\/Ortopedia-ambulancia.jpg 1982w\" sizes=\"auto, (max-width: 570px) 100vw, 570px\" \/><\/a><\/p>\n<p><i><span style=\"font-weight: 400\">A mell\u00e9kelt k\u00e9p az al\u00e1bbi <\/span><\/i><a href=\"https:\/\/www.dpckorhaz.hu\/informaciok\/elerhetosegek\/merenyi-2\/\"><i><span style=\"font-weight: 400\">linken<\/span><\/i><\/a><i><span style=\"font-weight: 400\"> el\u00e9rhet\u0151 t\u00e1j\u00e9koztat\u00f3 nyom\u00e1n k\u00e9sz\u00fclt.\u00a0\u00a0<\/span><\/i><\/p>\n<p>&nbsp;<\/p>\n<div class=\"keretes w-100\">\n<p><strong>C\u00edm: 1082 Budapest, \u00dcll\u0151i \u00fat 78\/a.<br \/>\nPostac\u00edm:<\/strong>1085 Budapest, \u00dcll\u0151i u. 26. 1428 Budapest, Pf.2. <br \/>\nA bor\u00edt\u00e9kon c\u00edmzetk\u00e9nt t\u00fcntess\u00e9k fel az Ortop\u00e9diai Klinik\u00e1t.<\/p>\n<\/div>\n<ul style=\"list-style-type: square\">\n<li style=\"text-align: justify\">Az \u00e9p\u00fcletet <strong>az \u00dcll\u0151i \u00fatr\u00f3l ny\u00edl\u00f3 f\u0151bej\u00e1rat fel\u0151l k\u00f6zel\u00edthetik meg<\/strong>. A bej\u00e1ratn\u00e1l mozg\u00f3l\u00e9pcs\u0151 illetve lift vezet f\u00f6l az aul\u00e1ba.<\/li>\n<li style=\"text-align: justify\">Az aul\u00e1ban egyenesen tov\u00e1bbhaladva<strong>\u00a0tal\u00e1lhat\u00f3 a Betegfelv\u00e9teli Irod\u00e1nk<\/strong>.<\/li>\n<li style=\"text-align: justify\">A m\u00e1sodik emeleten tal\u00e1lhat\u00f3ak mind a gyermek, mind a feln\u0151tt ortop\u00e9diai betegell\u00e1t\u00e1st v\u00e9gz\u0151 oszt\u00e1lyok. Az emeletet a Betegfelv\u00e9teli Irod\u00e1t\u00f3l tov\u00e1bbhaladva tal\u00e1lhat\u00f3 liftekkel k\u00f6zel\u00edthetik meg.<\/li>\n<\/ul>\n\n<!-- iframe plugin v.4.9 wordpress.org\/plugins\/iframe\/ -->\n<iframe src=\"https:\/\/www.google.com\/maps\/embed?pb=!1m18!1m12!1m3!1d2696.384368444997!2d19.0795446156262!3d47.48242507917658!2m3!1f0!2f0!3f0!3m2!1i1024!2i768!4f13.1!3m3!1m2!1s0x4741dcfaec58fc89%3A0xf42e8194c6960690!2zQnVkYXBlc3QsIMOcbGzFkWkgw7p0IDc4YSwgMTA4Mg!5e0!3m2!1sen!2shu!4v1651832128664!5m2!1sen!2shu\" width=\"100%\" height=\"450\" style=\"border:0;\" allowfullscreen loading=\"lazy\" referrerpolicy=\"no-referrer-when-downgrade\" scrolling=\"yes\" class=\"iframe-class\" frameborder=\"0\"><\/iframe>\n\n","protected":false},"excerpt":{"rendered":"<p><a href=\"https:\/\/semmelweis.hu\/ortopedklinika\/betegeknek\/betegelojegyzes\/\">Betegel\u0151jegyz\u00e9si lehet\u0151s\u00e9gek \u00e9s telefonos el\u00e9rhet\u0151s\u00e9gek \u2192<\/a> Ambul\u00e1ns rendel\u00e9s\u00fcnkre \u00e9rkez\u0151ket a Semmelweis Egyetem Mer\u00e9nyi Guszt\u00e1v K\u00f3rh\u00e1z Telephely 27-es sz\u00e1m\u00fa \u00e9p\u00fclet\u00e9nek f\u00f6ldszintj\u00e9n v\u00e1rjuk.\u00a0 Az Ortop\u00e9diai Klinika tov\u00e1bbra is az eddigi 06-1-459-1500-as, k\u00f6zponti telefonsz\u00e1mon \u00e9rhet\u0151 el. A betegel\u0151jegyz\u00e9s v\u00e1ltozatlanul a 06-1-209-3355-\u00f6s telefonsz\u00e1mon h\u00edvhat\u00f3. Az Ortop\u00e9diai Klinika a D\u00e9l-pesti Centrumk\u00f3rh\u00e1z telefonsz\u00e1main nem \u00e9rhet\u0151 el! \u00a0 Mozg\u00e1sszervi Rehabilit\u00e1ci\u00f3s R\u00e9szleg\u00fcnkre \u00e9rkez\u0151ket a Semmelweis Egyetem Mer\u00e9nyi Guszt\u00e1v K\u00f3rh\u00e1z &hellip;<\/p>\n","protected":false},"author":158,"featured_media":0,"parent":0,"menu_order":8,"comment_status":"closed","ping_status":"closed","template":"","meta":{"_acf_changed":false,"footnotes":""},"categories":[],"tags":[],"class_list":["post-253","page","type-page","status-publish","hentry"],"acf":[],"_links":{"self":[{"href":"https:\/\/semmelweis.hu\/ortopedklinika\/wp-json\/wp\/v2\/pages\/253","targetHints":{"allow":["GET"]}}],"collection":[{"href":"https:\/\/semmelweis.hu\/ortopedklinika\/wp-json\/wp\/v2\/pages"}],"about":[{"href":"https:\/\/semmelweis.hu\/ortopedklinika\/wp-json\/wp\/v2\/types\/page"}],"author":[{"embeddable":true,"href":"https:\/\/semmelweis.hu\/ortopedklinika\/wp-json\/wp\/v2\/users\/158"}],"replies":[{"embeddable":true,"href":"https:\/\/semmelweis.hu\/ortopedklinika\/wp-json\/wp\/v2\/comments?post=253"}],"version-history":[{"count":11,"href":"https:\/\/semmelweis.hu\/ortopedklinika\/wp-json\/wp\/v2\/pages\/253\/revisions"}],"predecessor-version":[{"id":3539,"href":"https:\/\/semmelweis.hu\/ortopedklinika\/wp-json\/wp\/v2\/pages\/253\/revisions\/3539"}],"wp:attachment":[{"href":"https:\/\/semmelweis.hu\/ortopedklinika\/wp-json\/wp\/v2\/media?parent=253"}],"wp:term":[{"taxonomy":"category","embeddable":true,"href":"https:\/\/semmelweis.hu\/ortopedklinika\/wp-json\/wp\/v2\/categories?post=253"},{"taxonomy":"post_tag","embeddable":true,"href":"https:\/\/semmelweis.hu\/ortopedklinika\/wp-json\/wp\/v2\/tags?post=253"}],"curies":[{"name":"wp","href":"https:\/\/api.w.org\/{rel}","templated":true}]}}