{"id":252,"date":"2016-01-26T00:00:00","date_gmt":"2016-01-25T23:00:00","guid":{"rendered":"http:\/\/semmelweis.hu\/ortopedklinika\/?page_id=252"},"modified":"2022-05-06T13:29:52","modified_gmt":"2022-05-06T11:29:52","slug":"kutatas","status":"publish","type":"page","link":"https:\/\/semmelweis.hu\/ortopedklinika\/kutatas\/","title":{"rendered":"Kutat\u00e1si tev\u00e9kenys\u00e9g\u00fcnk"},"content":{"rendered":"<div id=\"orvoslistaelem\">\n<div class=\"olistaTXTnincskep\">\n<div id=\"orvoslistaelem\" style=\"text-align: justify;\">\n<div style=\"clear: both;\">\n<div class=\"olistaTXTnincskep\" style=\"text-align: justify;\">\n<h4 style=\"text-align: justify;\"><strong>A legt\u00f6bbet publik\u00e1l\u00f3 mozg\u00e1sszervi seb\u00e9szeti int\u00e9zet<\/strong><\/h4>\n<div class=\"projektTXT\" style=\"text-align: justify;\">\n<div id=\"tab_1_data\" class=\"tab_content\">\n<p>A Semmelweis Egyetem Ortop\u00e9d Klinik\u00e1ja az orsz\u00e1g mozg\u00e1sszervi seb\u00e9szeti int\u00e9zetei k\u00f6z\u00f6tt az egyik legjelent\u0151sebb kutat\u00f3k\u00f6zpont. A klinik\u00e1n dolgoz\u00f3 orvosok 60%-a rendelkezik PhD fokozattal, \u00e9s tov\u00e1bbi 30% jelenleg akt\u00edv PhD hallgat\u00f3. Klinik\u00e1nk dolgoz\u00f3i publik\u00e1lt\u00e1k az orsz\u00e1g mozg\u00e1sszervi seb\u00e9szeti int\u00e9zetei k\u00f6z\u00fcl a legt\u00f6bbet nemzetk\u00f6zi tudom\u00e1nyos foly\u00f3iratokban, legut\u00f3bb 2011-ben 15 db eredeti k\u00f6zlem\u00e9nyt. T\u00f6bb k\u00f6nyv illetve k\u00f6nyvfejezet is klinik\u00e1nk munk\u00e1ja, amelyb\u0151l kiemelend\u0151 <a href=\"http:\/\/www.springer.com\/medicine\/orthopedics\/book\/978-3-540-85560-6\" target=\"_blank\" rel=\"noopener\">az amerikai Mayo-Klinik\u00e1val k\u00f6z\u00f6sen szerkesztett, az ortop\u00e9dia teljess\u00e9g\u00e9t fel\u00f6lel\u0151 angol nyelv\u0171 k\u00e9zik\u00f6nyv, a Color Atlas of Clinical Orthopedics<\/a>.\u00a0<\/p>\n<div class=\"keretes w-100\">\n<h4><strong>Kutat\u00e1si Profilok<\/strong><\/h4>\n<p>Kutat\u00e1si ter\u00fcleteink h\u00e1rom f\u0151 t\u00e9ma k\u00f6r\u00e9 csoportos\u00edthat\u00f3ak:<br \/>\n1, A v\u00e9gtagokon el\u0151fordul\u00f3 csont \u00e9s l\u00e1gyr\u00e9sztumorok kutat\u00e1sa<br \/>\n2, A mozg\u00e1s biomechanikai jellemz\u0151i bele\u00e9rtve a n\u00f6veked\u00e9ssel kapcsolatos kutat\u00e1sokat is<br \/>\n3, Sejtes ter\u00e1pi\u00e1k kutat\u00e1sa, \u0151ssejtek felhaszn\u00e1l\u00e1sa csont\u00e1t\u00fcltet\u00e9sben<\/p>\n<p>Klinik\u00e1nkon m\u0171k\u00f6dik az orsz\u00e1g 4 csontbankja k\u00f6z\u00fcl az egyik, ahol m\u0171t\u00e9ti anyagb\u00f3l sz\u00e1rmaz\u00f3 combfejeket k\u00e9sz\u00edt\u00fcnk el\u0151 be\u00fcltet\u00e9sre. Ezen k\u00edv\u00fcl folyamatos munkakapcsolatban vagyunk a gy\u0151ri Nyugat-Magyarorsz\u00e1gi Sz\u00f6vetbankkal amennyiben speci\u00e1lis ig\u00e9nyek kiel\u00e9g\u00edt\u00e9s\u00e9re van sz\u00fcks\u00e9g.<\/p>\n<\/div>\n<h4><strong>Tudom\u00e1nyos m\u0171helymunka<\/strong><\/h4>\n<p>Szerda d\u00e9lut\u00e1nonk\u00e9nt klinik\u00e1nk munkat\u00e1rsai \u00e9s a gyakorlatot n\u00e1lunk v\u00e9gz\u0151 rezidensek aktu\u00e1lis tudom\u00e1nyos k\u00e9rd\u00e9sekr\u0151l \u00e9s neh\u00e9z esetek megold\u00e1s\u00e1r\u00f3l tartanak megbesz\u00e9l\u00e9st. Minden h\u00f3nap els\u0151 szerd\u00e1j\u00e1n k\u00fcls\u0151 el\u0151ad\u00f3t h\u00edvunk meg, amely lehet\u0151s\u00e9get teremt interdiszciplin\u00e1ris eszmecser\u00e9re, kooper\u00e1ci\u00f3s kutat\u00e1sok ind\u00edt\u00e1s\u00e1ra. Ezen alkalmak nyitottak, sz\u00edvesen l\u00e1tjuk az \u00e9rdekl\u0151d\u0151 szakmabelieket is, az aktu\u00e1lis programok list\u00e1ja megtekinthet\u0151 itt (link m\u00e9g nem tudom hova)<\/p>\n<h4><strong>Ut\u00e1np\u00f3tl\u00e1s nevel\u00e9s<\/strong><\/h4>\n<p>Klinik\u00e1nak vezeti a Semmelweis Egyetem doktori iskol\u00e1j\u00e1nak \u201cmozg\u00e1sszervi ter\u00e1pi\u00e1k\u201d PhD programj\u00e1t, illetve akt\u00edv di\u00e1kk\u00f6ri tev\u00e9kenys\u00e9get folytat, amelyek r\u00e9szletesen az oktat\u00e1s men\u00fcpont alatt tal\u00e1lhat\u00f3ak.<\/p>\n<div id=\"orvoslistaelem\" style=\"text-align: justify;\">\n<div style=\"clear: both;\">\n<div class=\"olistaTXTnincskep\" style=\"text-align: justify;\">\n<h4><strong><a href=\"https:\/\/semmelweis.hu\/ortopedklinika\/kutatas\/klinikai-vizsgalatok\/\">Klinikai vizsg\u00e1latok<\/a><\/strong><\/h4>\n<div class=\"olistaTXTnincskep\">\n<p>Betekint\u00e9s a klinik\u00e1nkon bel\u00fcl foly\u00f3, \u00faj vizsg\u00e1lati m\u00f3dszerekkel foglalkoz\u00f3 kutat\u00e1sokba.<\/p>\n<\/div>\n<\/div>\n<\/div>\n<\/div>\n<div id=\"orvoslistaelem\" style=\"text-align: justify;\">\n<h4><strong><a href=\"https:\/\/semmelweis.hu\/ortopedklinika\/kutatas\/csontbank\/\">Csontbank<\/a><\/strong><\/h4>\n<div class=\"olistaTXTnincskep\">\n<p>Az ortop\u00e9diai m\u0171t\u00e9tekn\u00e9l irodalmi adatok szerint a beavatkoz\u00e1soknak k\u00f6zel 10%-\u00e1ban alkalmaznak csonttranszplant\u00e1ci\u00f3t. Klinik\u00e1nkon ez \u00e9ves szinten sz\u00e1zas nagys\u00e1grend\u0171 \u00e9rt\u00e9ket k\u00e9pvisel. A felhaszn\u00e1lt csont lehet autol\u00f3g, azaz saj\u00e1t szervezetb\u0151l nyert transzplant\u00e1tum, azonban az ut\u00f3bbi \u00e9vekben a vil\u00e1gon mind t\u00f6bb helyen j\u00f6ttek l\u00e9tre \u2013 a fokoz\u00f3d\u00f3 ig\u00e9nyek kiel\u00e9g\u00edt\u00e9s\u00e9re &#8211; a homol\u00f3g csonttranszplant\u00e1tumokat biztos\u00edt\u00f3, standard feldolgoz\u00e1si elj\u00e1r\u00e1sokkal dolgoz\u00f3 csontbankok.<\/p>\n<\/div>\n<\/div>\n<\/div>\n<\/div>\n<div style=\"clear: both; text-align: justify;\">\u00a0<\/div>\n<\/div>\n<\/div>\n<\/div>\n<\/div>\n<\/div>\n","protected":false},"excerpt":{"rendered":"<p>A legt\u00f6bbet publik\u00e1l\u00f3 mozg\u00e1sszervi seb\u00e9szeti int\u00e9zet A Semmelweis Egyetem Ortop\u00e9d Klinik\u00e1ja az orsz\u00e1g mozg\u00e1sszervi seb\u00e9szeti int\u00e9zetei k\u00f6z\u00f6tt az egyik legjelent\u0151sebb kutat\u00f3k\u00f6zpont. A klinik\u00e1n dolgoz\u00f3 orvosok 60%-a rendelkezik PhD fokozattal, \u00e9s tov\u00e1bbi 30% jelenleg akt\u00edv PhD hallgat\u00f3. Klinik\u00e1nk dolgoz\u00f3i publik\u00e1lt\u00e1k az orsz\u00e1g mozg\u00e1sszervi seb\u00e9szeti int\u00e9zetei k\u00f6z\u00fcl a legt\u00f6bbet nemzetk\u00f6zi tudom\u00e1nyos foly\u00f3iratokban, legut\u00f3bb 2011-ben 15 db eredeti &hellip;<\/p>\n","protected":false},"author":158,"featured_media":0,"parent":0,"menu_order":5,"comment_status":"closed","ping_status":"closed","template":"","meta":{"_acf_changed":false,"footnotes":""},"categories":[],"tags":[],"class_list":["post-252","page","type-page","status-publish","hentry"],"acf":[],"_links":{"self":[{"href":"https:\/\/semmelweis.hu\/ortopedklinika\/wp-json\/wp\/v2\/pages\/252","targetHints":{"allow":["GET"]}}],"collection":[{"href":"https:\/\/semmelweis.hu\/ortopedklinika\/wp-json\/wp\/v2\/pages"}],"about":[{"href":"https:\/\/semmelweis.hu\/ortopedklinika\/wp-json\/wp\/v2\/types\/page"}],"author":[{"embeddable":true,"href":"https:\/\/semmelweis.hu\/ortopedklinika\/wp-json\/wp\/v2\/users\/158"}],"replies":[{"embeddable":true,"href":"https:\/\/semmelweis.hu\/ortopedklinika\/wp-json\/wp\/v2\/comments?post=252"}],"version-history":[{"count":10,"href":"https:\/\/semmelweis.hu\/ortopedklinika\/wp-json\/wp\/v2\/pages\/252\/revisions"}],"predecessor-version":[{"id":2881,"href":"https:\/\/semmelweis.hu\/ortopedklinika\/wp-json\/wp\/v2\/pages\/252\/revisions\/2881"}],"wp:attachment":[{"href":"https:\/\/semmelweis.hu\/ortopedklinika\/wp-json\/wp\/v2\/media?parent=252"}],"wp:term":[{"taxonomy":"category","embeddable":true,"href":"https:\/\/semmelweis.hu\/ortopedklinika\/wp-json\/wp\/v2\/categories?post=252"},{"taxonomy":"post_tag","embeddable":true,"href":"https:\/\/semmelweis.hu\/ortopedklinika\/wp-json\/wp\/v2\/tags?post=252"}],"curies":[{"name":"wp","href":"https:\/\/api.w.org\/{rel}","templated":true}]}}