{"id":251,"date":"2016-01-26T00:00:00","date_gmt":"2016-01-25T23:00:00","guid":{"rendered":"http:\/\/semmelweis.hu\/ortopedklinika\/03_oktatas-8\/"},"modified":"2022-03-30T22:55:16","modified_gmt":"2022-03-30T20:55:16","slug":"tovabbkepzo-kurzusok","status":"publish","type":"page","link":"https:\/\/semmelweis.hu\/ortopedklinika\/oktatas\/szakorvosok-szamara\/tovabbkepzo-kurzusok\/","title":{"rendered":"Tov\u00e1bbk\u00e9pz\u0151 kurzusok"},"content":{"rendered":"<div id=\"tabContainer\">\u00a0<\/div>\n<div class=\"projektTXT\">\n<div id=\"tab_1_data\" class=\"tab_content\">\n<p style=\"text-align: justify\">Klinik\u00e1nk megalakul\u00e1sa \u00f3ta kiemelt szerepet j\u00e1tszott a hazai valamint k\u00fclf\u00f6ldi szakorvosjel\u00f6ltek tov\u00e1bb\u00e1 szakorvosok tov\u00e1bbk\u00e9pz\u00e9s\u00e9ben. \u00c9vente t\u00f6bb alkalommal rendez\u00fcnk ortop\u00e9d, traumatol\u00f3gus, rheumatol\u00f3gus \u00e9s csal\u00e1dorvosok sz\u00e1m\u00e1ra egy vagy t\u00f6bb napos tov\u00e1bbk\u00e9pz\u00e9seket, melyekre egyre nagyobb sz\u00e1mban jelentkeznek az eml\u00edtett szakter\u00fcleteken dolgoz\u00f3 koll\u00e9g\u00e1k. Megh\u00edvott el\u0151ad\u00e1sokkal rendezz\u00fck k\u00e9t\u00e9vente az \u201eOrtop\u00e9diai m\u0171t\u00e9ttan\u201d tanfolyamunkat, amelynek keret\u00e9ben cadaver gyakorlatot is tartunk. Szint\u00e9n rendk\u00edv\u00fcl n\u00e9pszer\u0171 az egy hetes ortop\u00e9diai szintetart\u00f3 tanfolyam, melyen rendszerint 60-80 koll\u00e9ga vesz r\u00e9szt. Nagy az \u00e9rdekl\u0151d\u00e9s a k\u00fcl\u00f6nb\u00f6z\u0151 szubspecialit\u00e1sok ir\u00e1nt is; \u00edgy a v\u00e1llseb\u00e9szet, degenerat\u00edv gerincbetegs\u00e9gek, l\u00e1bbetegs\u00e9gek, csontdaganatok diagnosztik\u00e1ja \u00e9s kezel\u00e9se t\u00e9m\u00e1j\u00fa egynapos konferenci\u00e1kon jelent\u0151s sz\u00e1m\u00fa r\u00e9sztvev\u0151 volt.<\/p>\n<\/div>\n<\/div>\n<div class=\"projektTXT\">\n<div id=\"tab_2_data\" class=\"tab_content\">\n<p>&nbsp;<\/p>\n<\/div>\n<p><script>\/\/ <\/script><\/div>\n<div style=\"clear: both\">\u00a0<\/div>\n","protected":false},"excerpt":{"rendered":"<p>\u00a0 Klinik\u00e1nk megalakul\u00e1sa \u00f3ta kiemelt szerepet j\u00e1tszott a hazai valamint k\u00fclf\u00f6ldi szakorvosjel\u00f6ltek tov\u00e1bb\u00e1 szakorvosok tov\u00e1bbk\u00e9pz\u00e9s\u00e9ben. \u00c9vente t\u00f6bb alkalommal rendez\u00fcnk ortop\u00e9d, traumatol\u00f3gus, rheumatol\u00f3gus \u00e9s csal\u00e1dorvosok sz\u00e1m\u00e1ra egy vagy t\u00f6bb napos tov\u00e1bbk\u00e9pz\u00e9seket, melyekre egyre nagyobb sz\u00e1mban jelentkeznek az eml\u00edtett szakter\u00fcleteken dolgoz\u00f3 koll\u00e9g\u00e1k. Megh\u00edvott el\u0151ad\u00e1sokkal rendezz\u00fck k\u00e9t\u00e9vente az \u201eOrtop\u00e9diai m\u0171t\u00e9ttan\u201d tanfolyamunkat, amelynek keret\u00e9ben cadaver gyakorlatot is tartunk. Szint\u00e9n &hellip;<\/p>\n","protected":false},"author":158,"featured_media":0,"parent":248,"menu_order":2,"comment_status":"closed","ping_status":"closed","template":"","meta":{"_acf_changed":false,"footnotes":""},"categories":[],"tags":[],"class_list":["post-251","page","type-page","status-publish","hentry"],"acf":[],"_links":{"self":[{"href":"https:\/\/semmelweis.hu\/ortopedklinika\/wp-json\/wp\/v2\/pages\/251","targetHints":{"allow":["GET"]}}],"collection":[{"href":"https:\/\/semmelweis.hu\/ortopedklinika\/wp-json\/wp\/v2\/pages"}],"about":[{"href":"https:\/\/semmelweis.hu\/ortopedklinika\/wp-json\/wp\/v2\/types\/page"}],"author":[{"embeddable":true,"href":"https:\/\/semmelweis.hu\/ortopedklinika\/wp-json\/wp\/v2\/users\/158"}],"replies":[{"embeddable":true,"href":"https:\/\/semmelweis.hu\/ortopedklinika\/wp-json\/wp\/v2\/comments?post=251"}],"version-history":[{"count":8,"href":"https:\/\/semmelweis.hu\/ortopedklinika\/wp-json\/wp\/v2\/pages\/251\/revisions"}],"predecessor-version":[{"id":1786,"href":"https:\/\/semmelweis.hu\/ortopedklinika\/wp-json\/wp\/v2\/pages\/251\/revisions\/1786"}],"up":[{"embeddable":true,"href":"https:\/\/semmelweis.hu\/ortopedklinika\/wp-json\/wp\/v2\/pages\/248"}],"wp:attachment":[{"href":"https:\/\/semmelweis.hu\/ortopedklinika\/wp-json\/wp\/v2\/media?parent=251"}],"wp:term":[{"taxonomy":"category","embeddable":true,"href":"https:\/\/semmelweis.hu\/ortopedklinika\/wp-json\/wp\/v2\/categories?post=251"},{"taxonomy":"post_tag","embeddable":true,"href":"https:\/\/semmelweis.hu\/ortopedklinika\/wp-json\/wp\/v2\/tags?post=251"}],"curies":[{"name":"wp","href":"https:\/\/api.w.org\/{rel}","templated":true}]}}