{"id":2470,"date":"2022-02-23T18:42:34","date_gmt":"2022-02-23T17:42:34","guid":{"rendered":"https:\/\/semmelweis.hu\/ortopedklinika\/?page_id=2470"},"modified":"2022-05-22T13:31:27","modified_gmt":"2022-05-22T11:31:27","slug":"alapitvanyunk","status":"publish","type":"page","link":"https:\/\/semmelweis.hu\/ortopedklinika\/bemutatas\/alapitvanyunk\/","title":{"rendered":"Alap\u00edtv\u00e1nyunk"},"content":{"rendered":"<p style=\"text-align: center\"><strong>SEMMELWEIS ALAP\u00cdTV\u00c1NY A MAGYARORSZ\u00c1GI ORTOP\u00c9DIA FEJLESZT\u00c9S\u00c9\u00c9RT<\/strong><\/p>\n<p style=\"text-align: justify\">C\u00e9lunk az Ortop\u00e9diai Klinik\u00e1n folytatott gy\u00f3gy\u00edt\u00f3-megel\u0151z\u0151 tev\u00e9kenys\u00e9g seg\u00edt\u00e9se, a klinik\u00e1n ell\u00e1tott betegek magas sz\u00ednvonal\u00fa, a kor k\u00f6vetelm\u00e9nyeinek megfelel\u0151 szint\u0171 kezel\u00e9se, gy\u00f3gy\u00edt\u00e1sa.<\/p>\n<p>K\u00e9rj\u00fck, hogy ad\u00f3ja 1%-\u00e1val t\u00e1mogassa munk\u00e1nkat, seg\u00edtsen el\u00e9rni c\u00e9ljainkat!<\/p>\n<p><strong>Ad\u00f3sz\u00e1munk: 19652571-1-43<\/strong><br \/>\n<strong>Banksz\u00e1mlasz\u00e1munk: 10700024-02811703-51100005 (CIB BANK)<\/strong><\/p>\n","protected":false},"excerpt":{"rendered":"<p>SEMMELWEIS ALAP\u00cdTV\u00c1NY A MAGYARORSZ\u00c1GI ORTOP\u00c9DIA FEJLESZT\u00c9S\u00c9\u00c9RT<br \/>\nC\u00e9lunk az Ortop\u00e9diai Klinik\u00e1n folytatott gy\u00f3gy\u00edt\u00f3-megel\u0151z\u0151 tev\u00e9kenys\u00e9g seg\u00edt\u00e9se, a klinik\u00e1n ell\u00e1tott betegek magas sz\u00ednvonal\u00fa, a kor k\u00f6vetelm\u00e9nyeinek megfelel\u0151 szint\u0171 kezel\u00e9se, gy\u00f3gy\u00edt\u00e1sa.<br \/>\nK\u00e9rj\u00fck, hogy ad\u00f3ja 1%-\u00e1val t\u00e1mogassa munk\u00e1nkat, seg\u00edtsen el\u00e9rni c\u00e9ljainkat!<br \/>\nAd\u00f3sz\u00e1munk: 19652571-1-43<br \/>\nBanksz\u00e1mlasz\u00e1munk: 10700024-02811703-51100005 (CIB BANK)<\/p>\n","protected":false},"author":101831,"featured_media":0,"parent":237,"menu_order":2,"comment_status":"closed","ping_status":"closed","template":"","meta":{"_acf_changed":false,"footnotes":""},"categories":[],"tags":[],"class_list":["post-2470","page","type-page","status-publish","hentry"],"acf":[],"_links":{"self":[{"href":"https:\/\/semmelweis.hu\/ortopedklinika\/wp-json\/wp\/v2\/pages\/2470","targetHints":{"allow":["GET"]}}],"collection":[{"href":"https:\/\/semmelweis.hu\/ortopedklinika\/wp-json\/wp\/v2\/pages"}],"about":[{"href":"https:\/\/semmelweis.hu\/ortopedklinika\/wp-json\/wp\/v2\/types\/page"}],"author":[{"embeddable":true,"href":"https:\/\/semmelweis.hu\/ortopedklinika\/wp-json\/wp\/v2\/users\/101831"}],"replies":[{"embeddable":true,"href":"https:\/\/semmelweis.hu\/ortopedklinika\/wp-json\/wp\/v2\/comments?post=2470"}],"version-history":[{"count":2,"href":"https:\/\/semmelweis.hu\/ortopedklinika\/wp-json\/wp\/v2\/pages\/2470\/revisions"}],"predecessor-version":[{"id":3028,"href":"https:\/\/semmelweis.hu\/ortopedklinika\/wp-json\/wp\/v2\/pages\/2470\/revisions\/3028"}],"up":[{"embeddable":true,"href":"https:\/\/semmelweis.hu\/ortopedklinika\/wp-json\/wp\/v2\/pages\/237"}],"wp:attachment":[{"href":"https:\/\/semmelweis.hu\/ortopedklinika\/wp-json\/wp\/v2\/media?parent=2470"}],"wp:term":[{"taxonomy":"category","embeddable":true,"href":"https:\/\/semmelweis.hu\/ortopedklinika\/wp-json\/wp\/v2\/categories?post=2470"},{"taxonomy":"post_tag","embeddable":true,"href":"https:\/\/semmelweis.hu\/ortopedklinika\/wp-json\/wp\/v2\/tags?post=2470"}],"curies":[{"name":"wp","href":"https:\/\/api.w.org\/{rel}","templated":true}]}}