{"id":246,"date":"2016-01-26T00:00:00","date_gmt":"2016-01-25T23:00:00","guid":{"rendered":"http:\/\/semmelweis.hu\/ortopedklinika\/03_oktatas-4\/"},"modified":"2025-02-05T22:27:06","modified_gmt":"2025-02-05T21:27:06","slug":"rektori-palyamunka","status":"publish","type":"page","link":"https:\/\/semmelweis.hu\/ortopedklinika\/oktatas\/rektori-palyamunka\/","title":{"rendered":"Rektori p\u00e1lyamunka"},"content":{"rendered":"<div class=\"responsive-tabs\">\n<h2 class=\"tabtitle\">Inform\u00e1ci\u00f3k<\/h2>\n<div class=\"tabcontent\">\n\n<p>A 2024\/25-as tan\u00e9vre vonatkoz\u00f3 p\u00e1ly\u00e1zati ki\u00edr\u00e1st annak megjelen\u00e9se ut\u00e1n k\u00f6zz\u00e9tessz\u00fck honlapunkon.<\/p>\n<p style=\"text-align: justify\">Tov\u00e1bbi inform\u00e1ci\u00f3k az al\u00e1bbi linken \u00e9rhet\u0151k el: <a href=\"https:\/\/semmelweis.hu\/tdk\/rektori-palyamunka-cimek-2022-2023\/\">TDK Honlap<\/a><\/p>\n\n<\/div><h2 class=\"tabtitle\">C\u00edmlista<\/h2>\n<div class=\"tabcontent\">\n\n<h3 style=\"text-align: justify\">2024-2025. tan\u00e9v<\/h3>\n<p style=\"text-align: justify\">\u00a0<strong>1. Korszer\u0171 elvek a v\u00e1ll\u00edz\u00fcleti degenerat\u00edv betegs\u00e9gek seb\u00e9szeti \u00e9s konzervat\u00edv ell\u00e1t\u00e1sa sor\u00e1n<br \/>\n<\/strong>T\u00e9mavezet\u0151: Dr. Antal Imre egyetemi adjunktus<\/p>\n<p style=\"text-align: justify\"><strong>2. A haemophilia ortop\u00e9diai vonatkoz\u00e1sai<br \/>\n<\/strong>T\u00e9mavezet\u0151: Dr. Bartha Lajos egyetemi adjunktus<\/p>\n<p style=\"text-align: justify\"><strong>3. Az arthroscopia ny\u00fajtotta lehet\u0151s\u00e9gek<br \/>\n<\/strong>T\u00e9mavezet\u0151: Dr. Bartha Lajos egyetemi adjunktus<\/p>\n<p style=\"text-align: justify\"><strong>4. T\u00e9rdiz\u00fcleti l\u00e1gyr\u00e9szs\u00e9r\u00fcl\u00e9sek \u00e9s kezel\u00e9si lehet\u0151s\u00e9geik<br \/>\n<\/strong>T\u00e9mavezet\u0151: Dr. Bartha Lajos egyetemi adjunktus<\/p>\n<p style=\"text-align: justify\"><strong>5. T\u00e9rdiz\u00fcleti betegs\u00e9gek diagnosztik\u00e1ja<br \/>\n<\/strong>T\u00e9mavezet\u0151: Dr. Bartha Lajos egyetemi adjunktus<\/p>\n<p style=\"text-align: justify\"><strong>6. A seb\u00e9szi navig\u00e1ci\u00f3 lehet\u0151s\u00e9gei a t\u00e9rdarthroplastic\u00e1ban<br \/>\n<\/strong>T\u00e9mavezet\u0151: Dr. Bejek Zolt\u00e1n egyetemi docens<\/p>\n<p style=\"text-align: justify\"><strong>7. A t\u00e9rd \u00e9s cs\u00edp\u0151\u00edz\u00fclet biomechanikai elv\u00e1ltoz\u00e1sainak jelent\u0151s\u00e9gei a coxarthrosis kialakul\u00e1s\u00e1ban<br \/>\n<\/strong>T\u00e9mavezet\u0151: Dr. Bejek Zolt\u00e1n egyetemi docens<\/p>\n<p style=\"text-align: justify\"><strong>8. Az arthroplastic\u00e1k helye az \u00edz\u00fcleti betegs\u00e9gek kezel\u00e9s\u00e9ben<br \/>\n<\/strong>T\u00e9mavezet\u0151: Dr. Bejek Zolt\u00e1n egyetemi docens<\/p>\n<p style=\"text-align: justify\"><strong>9. Cs\u00edp\u0151\u00edz\u00fcleti arthroplastic\u00e1k szeptikus sz\u00f6v\u0151dm\u00e9nyei<br \/>\n<\/strong>T\u00e9mavezet\u0151: Dr. Bejek Zolt\u00e1n egyetemi docens\u00a0<\/p>\n<p style=\"text-align: justify\"><strong>10. Protetiz\u00e1lt betegek j\u00e1r\u00e1sanal\u00edzise<br \/>\n<\/strong>T\u00e9mavezet\u0151: Dr. Bejek Zolt\u00e1n egyetemi docens<\/p>\n<p style=\"text-align: justify\"><strong>11. Implant\u00e1tum migr\u00e1ci\u00f3 az endoprotetik\u00e1ban<br \/>\n<\/strong>T\u00e9mavezet\u0151: Dr. Bejek Zolt\u00e1n egyetemi docens<\/p>\n<p style=\"text-align: justify\"><strong>12. A velesz\u00fcletett dongal\u00e1b deformit\u00e1s kezel\u00e9se a Ponseti m\u00f3dszer szerint<br \/>\n<\/strong>T\u00e9mavezet\u0151: Dr. Domos Gyula egyetemi tan\u00e1rseg\u00e9d, Dr. Terebessy Tam\u00e1s egyetemi docens<\/p>\n<p style=\"text-align: justify\"><strong>\u00a0<\/strong><strong>13. A Perthes betegs\u00e9g konzervat\u00edv \u00e9s m\u0171t\u00e9ti kezel\u00e9s\u00e9nek eredm\u00e9nyess\u00e9ge<br \/>\n<\/strong>T\u00e9mavezet\u0151: Dr. Domos Gyula egyetemi tan\u00e1rseg\u00e9d<\/p>\n<p style=\"text-align: justify\"><strong>14. A gyermekkori gerincbetegs\u00e9gek sz\u0171r\u0151vizsg\u00e1lata, a prevenci\u00f3 \u00e9s kezel\u00e9s lehet\u0151s\u00e9gei<br \/>\n<\/strong>T\u00e9mavezet\u0151: Dr. Horv\u00e1th Nikolett egyetemi tan\u00e1rseg\u00e9d<\/p>\n<p style=\"text-align: justify\"><strong>15. Gyermekkori als\u00f3 v\u00e9gtagi tengelydeformit\u00e1sok korrekci\u00f3s lehet\u0151s\u00e9gei ir\u00e1ny\u00edtott n\u00f6veked\u00e9ssel<br \/>\n<\/strong>T\u00e9mavezet\u0151: Dr. Horv\u00e1th Nikolett egyetemi tan\u00e1rseg\u00e9d<\/p>\n<p style=\"text-align: justify\"><strong>16. Fibrosus dysplasia, egy\u00e9b\u00a0<\/strong><strong>tumorszer\u0171 csontelv\u00e1ltoz\u00e1sok<br \/>\n<\/strong>T\u00e9mavezet\u0151: Dr. Kiss J\u00e1nos egyetemi adjunktus<\/p>\n<p style=\"text-align: justify\"><strong>17. Csontok \u00e1tt\u00e9ti daganatainak seb\u00e9szi kezel\u00e9se<br \/>\n<\/strong>T\u00e9mavezet\u0151: Dr. Kiss J\u00e1nos egyetemi adjunktus, Dr. Perlaky Tam\u00e1s egyetemi tan\u00e1rseg\u00e9d<\/p>\n<p style=\"text-align: justify\"><strong>18. L\u00e1gyr\u00e9sztumorok klinikopathol\u00f3gi\u00e1ja, kezel\u00e9si elvek<br \/>\n<\/strong>T\u00e9mavezet\u0151: Dr. Kiss J\u00e1nos egyetemi adjunktus, Dr. Antal Imre egyetemi adjunktus, Dr. Perlaky tam\u00e1s egyetemi tan\u00e1rseg\u00e9d<\/p>\n<p style=\"text-align: justify\"><strong>19. A gyermekkori cs\u00edp\u0151iz\u00fcleti betegs\u00e9gek differenci\u00e1ldiagn\u00f3zisa<br \/>\n<\/strong>T\u00e9mavezet\u0151: Dr. Kiss S\u00e1ndor egyetemi adjunktus<\/p>\n<p style=\"text-align: justify\"><strong>20. A gyermekkori cs\u00edp\u0151\u00edz\u00fcleti betegs\u00e9gek szerepe a coxarthrosis kialakul\u00e1s\u00e1ban<br \/>\n<\/strong>T\u00e9mavezet\u0151: Dr. Kiss S\u00e1ndor egyetemi adjunktus<\/p>\n<p style=\"text-align: justify\"><strong>21. A velesz\u00fcletett cs\u00edp\u0151ficam megel\u0151z\u00e9se, korai felismer\u00e9se \u00e9s kezel\u00e9se<br \/>\n<\/strong>T\u00e9mavezet\u0151: Dr. Kiss S\u00e1ndor egyetemi adjunktus, Dr Domos Gyula egyetemi\u00a0tan\u00e1rseg\u00e9d<\/p>\n<p style=\"text-align: justify\"><strong>22. A v\u00e9gtaghossz k\u00fcl\u00f6nbs\u00e9g korrekci\u00f3j\u00e1nak lehet\u0151s\u00e9gei <br \/>\n<\/strong>T\u00e9mavezet\u0151: Dr. Kiss S\u00e1ndor egyetemi adjunktus, Dr Domos Gyula egyetemi\u00a0tan\u00e1rseg\u00e9d<\/p>\n<p style=\"text-align: justify\"><strong>23. A cs\u00edp\u0151prot\u00e9zis be\u00fcltet\u00e9s sz\u00f6v\u0151dm\u00e9nyei \u00e9s azok elker\u00fcl\u00e9s\u00e9nek lehet\u0151s\u00e9gei<br \/>\n<\/strong>T\u00e9mavezet\u0151: Dr. Skaliczki G\u00e1bor egyetemi docens<\/p>\n<p style=\"text-align: justify\"><strong>24. Modern diagnosztikus \u00e9s ter\u00e1pi\u00e1s lehet\u0151s\u00e9gek a v\u00e1ll\u00edz\u00fcleti betegs\u00e9gek kezel\u00e9s\u00e9ben<br \/>\n<\/strong>T\u00e9mavezet\u0151: Dr. Skaliczki G\u00e1bor egyetemi docens<\/p>\n<p style=\"text-align: justify\"><strong>25. A coxarthrosis kezel\u00e9s\u00e9nek m\u0171t\u00e9ti lehet\u0151s\u00e9gei<br \/>\n<\/strong>T\u00e9mavezet\u0151: Dr. Szendr\u0151i Mikl\u00f3s egyetemi tan\u00e1r<\/p>\n<p style=\"text-align: justify\"><strong>26. Mozg\u00e1sszervi daganatok diagnosztik\u00e1ja<br \/>\n<\/strong>T\u00e9mavezet\u0151: Dr. Szendr\u0151i Mikl\u00f3s egyetemi tan\u00e1r<\/p>\n<p style=\"text-align: justify\"><strong>27. Mozg\u00e1sszervi daganatok korszer\u0171 seb\u00e9szi ter\u00e1pi\u00e1ja<br \/>\n<\/strong>T\u00e9mavezet\u0151: Dr. Szendr\u0151i Mikl\u00f3s egyetemi tan\u00e1r<\/p>\n<p style=\"text-align: justify\"><strong>28. T\u00e9rd\u00edz\u00fcleti rev\u00edzi\u00f3s arthroplastik\u00e1k<br \/>\n<\/strong>T\u00e9mavezet\u0151: Dr. Szendr\u0151i Mikl\u00f3s egyetemi tan\u00e1r<\/p>\n<p style=\"text-align: justify\"><strong>29. A juvenilis osteochondrosisok etiol\u00f3gi\u00e1ja, el\u0151fordul\u00e1sa \u00e9s kezel\u00e9si elvei<br \/>\n<\/strong>T\u00e9mavezet\u0151: Dr. Sz\u0151ke Gy\u00f6rgy egyetemi tan\u00e1r<\/p>\n<p style=\"text-align: justify\"><strong>30. A v\u00e9gtagfejl\u0151d\u00e9si rendelleness\u00e9gek kezel\u00e9se<br \/>\n<\/strong>T\u00e9mavezet\u0151: Dr. Sz\u0151ke Gy\u00f6rgy egyetemi tan\u00e1r\u00a0<\/p>\n<p style=\"text-align: justify\"><strong>31. Csontfejl\u0151d\u00e9s \u00e9s remodell\u00e1ci\u00f3 csontbetegs\u00e9gekben<br \/>\n<\/strong>T\u00e9mavezet\u0151: Dr. Sz\u0151ke Gy\u00f6rgy egyetemi tan\u00e1r<\/p>\n<p style=\"text-align: justify\"><strong>32. Infantilis cerebralis paresis diagnosztik\u00e1ja \u00e9s kezel\u00e9se<br \/>\n<\/strong>T\u00e9mavezet\u0151: Dr. Terebessy Tam\u00e1s egyetemi docens<\/p>\n<p style=\"text-align: justify\"><strong>33. J\u00e1r\u00e1sanalitikai vizsg\u00e1latok szerepe az ortop\u00e9diai k\u00f3rk\u00e9pekben<br \/>\n<\/strong>T\u00e9mavezet\u0151: Dr. Terebessy Tam\u00e1s egyetemi docens<\/p>\n\n<\/div><h2 class=\"tabtitle\">D\u00edjazottak<\/h2>\n<div class=\"tabcontent\">\n\n<h3 style=\"text-align: justify\"><span style=\"font-size: 18pt\">2020 \u00a0\u00a0\u00a0\u00a0<\/span>\u00a0\u00a0\u00a0\u00a0\u00a0\u00a0<\/h3>\n<p style=\"text-align: justify\">II. d\u00edj<br \/>\n<strong>Herg\u00e1r Luca SE \u00c1OK V.<br \/>\n<\/strong><em>A k\u00e9t pont diszkrimin\u00e1ci\u00f3 szerepe a fels\u0151 v\u00e9gtagi alag\u00fat szindr\u00f3m\u00e1kban<br \/>\n<\/em>T\u00e9mavezet\u0151: dr. Hetth\u00e9ssy Judit<\/p>\n<p style=\"text-align: justify\">Dics\u00e9ret<br \/>\n<strong>Stubnya Bence SE \u00c1OK VI.<br \/>\n<\/strong><em>Felt\u00e1r\u00e1s m\u00f3dj\u00e1nak hat\u00e1sa a k\u00f6zvetlen posztoperat\u00edv id\u0151szakra teljes felsz\u00ednp\u00f3tl\u00f3 t\u00e9rdprot\u00e9zis be\u00fcltet\u00e9se eset\u00e9n<br \/>\n<\/em>T\u00e9mavezet\u0151: dr. Bejek Zolt\u00e1n<\/p>\n<hr \/>\n<h3 style=\"text-align: justify\"><span style=\"font-size: 18pt\">2018 \u00a0\u00a0<\/span>\u00a0\u00a0\u00a0\u00a0\u00a0\u00a0\u00a0\u00a0<\/h3>\n<p style=\"text-align: justify\">Dics\u00e9ret<br \/>\n<strong>G\u00e1l Domonkos SE \u00c1OK V.<br \/>\n<\/strong><em>A cs\u00edp\u0151prot\u00e9zis be\u00fcltet\u00e9s\u00e9nek sz\u00f6v\u0151dm\u00e9nyei \u00e9s azok elker\u00fcls\u00e9s\u00e9nek lehet\u0151s\u00e9gei<br \/>\n<\/em>T\u00e9mavezet\u0151: dr. Skaliczki G\u00e1bor, dr. Sallai Imre<\/p>\n<hr \/>\n<h3 style=\"text-align: justify\"><span style=\"font-size: 18pt\">2016 \u00a0\u00a0\u00a0\u00a0\u00a0<\/span>\u00a0\u00a0\u00a0\u00a0\u00a0<\/h3>\n<p style=\"text-align: justify\">Dics\u00e9ret<br \/>\n<strong>Bauer D\u00f3ra SE \u00c1OK V.<br \/>\n<\/strong><em>V\u00e1llartroszk\u00f3pi\u00e1val szerzett 10 \u00e9ves tapasztalat a biztons\u00e1g, sz\u00f6v\u0151dm\u00e9nyek \u00e9s a finansz\u00edrozotts\u00e1g szempontj\u00e1b\u00f3l<br \/>\n<\/em>T\u00e9mavezet\u0151: dr. Skaliczki G\u00e1bor<\/p>\n<hr \/>\n<h3 style=\"text-align: justify\"><span style=\"font-size: 18pt\">2014 \u00a0\u00a0\u00a0\u00a0<\/span>\u00a0\u00a0\u00a0\u00a0\u00a0\u00a0<\/h3>\n<p style=\"text-align: justify\">II. d\u00edj.<br \/>\n<strong>Gresits Orsolya SE \u00c1OK VI.<br \/>\n<\/strong><em>A velesz\u00fcletett dongal\u00e1b deformit\u00e1s kezel\u00e9se a Ponseti m\u00f3dszer szerint<br \/>\n<\/em>T\u00e9mavezet\u0151: dr. Domos Gyula, dr. Terebessy Tam\u00e1s<\/p>\n<hr \/>\n<h3 style=\"text-align: justify\"><span style=\"font-size: 18pt\">2013 \u00a0\u00a0\u00a0\u00a0\u00a0\u00a0\u00a0\u00a0\u00a0\u00a0<\/span><\/h3>\n<p style=\"text-align: justify\">Dics\u00e9ret<br \/>\n<strong>Sallai Imre SE \u00c1OK V.<br \/>\n<\/strong><em style=\"font-size: 1rem\">Korszer\u0171 elvek a v\u00e1ll\u00edz\u00fcleti degenerat\u00edv betegs\u00e9gek seb\u00e9szeti \u00e9s konzervat\u00edv ell\u00e1t\u00e1sa sor\u00e1n. Arthroscopos rot\u00e1tork\u00f6peny rekonstrukci\u00f3 prospekt\u00edv vizsg\u00e1lata.<br \/>\n<\/em>T\u00e9mavezet\u0151: dr. Skaliczki G\u00e1bor<\/p>\n<hr \/>\n<h3 style=\"text-align: justify\"><span style=\"font-size: 18pt\">2011 \u00a0\u00a0\u00a0\u00a0\u00a0\u00a0\u00a0\u00a0\u00a0\u00a0<\/span><\/h3>\n<p style=\"text-align: justify\">I. d\u00edj<br \/>\n<strong>V\u00e9gv\u00e1ri D\u00f3ra SE \u00c1OK VI.<br \/>\n<\/strong><em>A crouch gait korrig\u00e1l\u00e1sa hamstring hosszabb\u00edt\u00e1ssal spasticus diplegias Little-k\u00f3ros gyermekekn\u00e9l<br \/>\n<\/em>T\u00e9mavezet\u0151: dr. Terebessy Tam\u00e1s, dr. Thomas Dreher<\/p>\n<hr \/>\n<h3 style=\"text-align: justify\"><span style=\"font-size: 18pt\">2009 \u00a0\u00a0\u00a0\u00a0\u00a0\u00a0\u00a0\u00a0<\/span>\u00a0\u00a0<\/h3>\n<p style=\"text-align: justify\">III. d\u00edj<br \/>\n<strong>G\u00e1ti Nikolett SE \u00c1OK V.<br \/>\n<\/strong><em>\u00c9letmin\u0151s\u00e9g \u00e9s funkcion\u00e1lis eredm\u00e9nyek szeptikus t\u00e9rdprot\u00e9zis lazul\u00e1s miatt v\u00e9gzett rev\u00edzi\u00f3s m\u0171t\u00e9tek ut\u00e1n<br \/>\n<\/em>T\u00e9mavezet\u0151: dr. Skaliczki G\u00e1bor<\/p>\n<\/div><\/div>\n","protected":false},"excerpt":{"rendered":"<p>A 2024\/25-as tan\u00e9vre vonatkoz\u00f3 p\u00e1ly\u00e1zati ki\u00edr\u00e1st annak megjelen\u00e9se ut\u00e1n k\u00f6zz\u00e9tessz\u00fck honlapunkon. Tov\u00e1bbi inform\u00e1ci\u00f3k az al\u00e1bbi linken \u00e9rhet\u0151k el: <a href=\"https:\/\/semmelweis.hu\/tdk\/rektori-palyamunka-cimek-2022-2023\/\">TDK Honlap<\/a> 2024-2025. tan\u00e9v \u00a01. Korszer\u0171 elvek a v\u00e1ll\u00edz\u00fcleti degenerat\u00edv betegs\u00e9gek seb\u00e9szeti \u00e9s konzervat\u00edv ell\u00e1t\u00e1sa sor\u00e1n T\u00e9mavezet\u0151: Dr. Antal Imre egyetemi adjunktus 2. A haemophilia ortop\u00e9diai vonatkoz\u00e1sai T\u00e9mavezet\u0151: Dr. Bartha Lajos egyetemi adjunktus 3. Az arthroscopia ny\u00fajtotta lehet\u0151s\u00e9gek T\u00e9mavezet\u0151: &hellip;<\/p>\n","protected":false},"author":158,"featured_media":0,"parent":3241,"menu_order":4,"comment_status":"closed","ping_status":"closed","template":"","meta":{"_acf_changed":false,"footnotes":""},"categories":[],"tags":[],"class_list":["post-246","page","type-page","status-publish","hentry"],"acf":[],"_links":{"self":[{"href":"https:\/\/semmelweis.hu\/ortopedklinika\/wp-json\/wp\/v2\/pages\/246","targetHints":{"allow":["GET"]}}],"collection":[{"href":"https:\/\/semmelweis.hu\/ortopedklinika\/wp-json\/wp\/v2\/pages"}],"about":[{"href":"https:\/\/semmelweis.hu\/ortopedklinika\/wp-json\/wp\/v2\/types\/page"}],"author":[{"embeddable":true,"href":"https:\/\/semmelweis.hu\/ortopedklinika\/wp-json\/wp\/v2\/users\/158"}],"replies":[{"embeddable":true,"href":"https:\/\/semmelweis.hu\/ortopedklinika\/wp-json\/wp\/v2\/comments?post=246"}],"version-history":[{"count":11,"href":"https:\/\/semmelweis.hu\/ortopedklinika\/wp-json\/wp\/v2\/pages\/246\/revisions"}],"predecessor-version":[{"id":3493,"href":"https:\/\/semmelweis.hu\/ortopedklinika\/wp-json\/wp\/v2\/pages\/246\/revisions\/3493"}],"up":[{"embeddable":true,"href":"https:\/\/semmelweis.hu\/ortopedklinika\/wp-json\/wp\/v2\/pages\/3241"}],"wp:attachment":[{"href":"https:\/\/semmelweis.hu\/ortopedklinika\/wp-json\/wp\/v2\/media?parent=246"}],"wp:term":[{"taxonomy":"category","embeddable":true,"href":"https:\/\/semmelweis.hu\/ortopedklinika\/wp-json\/wp\/v2\/categories?post=246"},{"taxonomy":"post_tag","embeddable":true,"href":"https:\/\/semmelweis.hu\/ortopedklinika\/wp-json\/wp\/v2\/tags?post=246"}],"curies":[{"name":"wp","href":"https:\/\/api.w.org\/{rel}","templated":true}]}}