{"id":245,"date":"2016-01-26T00:00:00","date_gmt":"2016-01-25T23:00:00","guid":{"rendered":"http:\/\/semmelweis.hu\/ortopedklinika\/03_oktatas-3\/"},"modified":"2025-03-04T00:36:43","modified_gmt":"2025-03-03T23:36:43","slug":"tdk-temak","status":"publish","type":"page","link":"https:\/\/semmelweis.hu\/ortopedklinika\/tdk-transzlacios-medicina-program-2\/tdk-temak\/","title":{"rendered":"TDK t\u00e9m\u00e1k"},"content":{"rendered":"<h4 style=\"text-align: center\"><strong>A TDK \u00e9s klinikai munk\u00e1ra a\u00a0 <a href=\"mailto:tdk.ortopedklinika@gmail.com\" target=\"_blank\" rel=\"noopener noreferrer\">tdk.se.ortopedia@gmail.com<\/a> e-mail c\u00edmen lehet jelentkezni!<\/strong><\/h4>\n<h2>2024-2025. tan\u00e9v<\/h2>\n<p style=\"text-align: justify\"><strong>1. Rot\u00e1tork\u00f6peny szakad\u00e1s etiol\u00f3giai t\u00e9nyez\u0151i \u00e9s kezel\u00e9si elvei<br \/>\n<\/strong>T\u00e9mavezet\u0151: Dr. Antal Imre egyetemi adjunktus, Dr. Skaliczki G\u00e1bor egyetemi docens<\/p>\n<p style=\"text-align: justify\"><strong>2. V\u00e1llbetegs\u00e9gek korszer\u0171 diagnosztik\u00e1ja \u00e9s ell\u00e1t\u00e1sa<br \/>\n<\/strong>T\u00e9mavezet\u0151: Dr. Antal Imre egyetemi adjunktus, Dr. Skaliczki G\u00e1bor egyetemi docens<\/p>\n<p style=\"text-align: justify\"><strong>3. V\u00e1ll\u00edz\u00fcleti instabilt\u00e1s diagnosztik\u00e1ja \u00e9s kezel\u00e9se<br \/>\n<\/strong>T\u00e9mavezet\u0151: Dr. Antal Imre egyetemi adjunktus, Dr. Skaliczki G\u00e1bor egyetemi docens<\/p>\n<p style=\"text-align: justify\"><strong>4. A haemophilia ortop\u00e9diai vonatkoz\u00e1sai<br \/>\n<\/strong>T\u00e9mavezet\u0151: Dr. Bartha Lajos egyetemi adjunktus<\/p>\n<p style=\"text-align: justify\"><strong>5. Az arthroscopia ny\u00fajtotta lehet\u0151s\u00e9gek<br \/>\n<\/strong>T\u00e9mavezet\u0151: Dr. Bartha Lajos egyetemi adjunktus<\/p>\n<p style=\"text-align: justify\"><strong>6. T\u00e9rdiz\u00fcleti instabilit\u00e1s k\u00f6vetkezm\u00e9nyei \u00e9s kezel\u00e9si lehet\u0151s\u00e9gei<br \/>\n<\/strong>T\u00e9mavezet\u0151: Dr. Bartha Lajos egyetemi adjunktus<\/p>\n<p style=\"text-align: justify\"><strong>7. T\u00e9rdiz\u00fcleti betegs\u00e9gek diagnosztik\u00e1ja<br \/>\n<\/strong>T\u00e9mavezet\u0151: Dr. Bartha Lajos egyetemi adjunktus<\/p>\n<p style=\"text-align: justify\"><strong>8. <\/strong><strong>A seb\u00e9szi navig\u00e1ci\u00f3 lehet\u0151s\u00e9gei a t\u00e9rdarthroplastic\u00e1ban<br \/>\n<\/strong>T\u00e9mavezet\u0151: Dr. Bejek Zolt\u00e1n egyetemi adjunktus<\/p>\n<p style=\"text-align: justify\"><strong>9. A t\u00e9rd \u00e9s cs\u00edp\u0151\u00edz\u00fclet biomechanikai elv\u00e1ltoz\u00e1sainak jelent\u0151s\u00e9gei a coxarthrosis kialakul\u00e1s\u00e1ban<br \/>\n<\/strong>T\u00e9mavezet\u0151: Dr. Bejek Zolt\u00e1n egyetemi docens<\/p>\n<p style=\"text-align: justify\"><strong>10. Az arthroplastic\u00e1k helye az \u00edz\u00fcleti betegs\u00e9gek kezel\u00e9s\u00e9ben<br \/>\n<\/strong>T\u00e9mavezet\u0151: Dr. Bejek Zolt\u00e1n egyetemi docens<\/p>\n<p style=\"text-align: justify\"><strong>11. Protetiz\u00e1lt betegek j\u00e1r\u00e1sanal\u00edzise<br \/>\n<\/strong>T\u00e9mavezet\u0151: Dr. Bejek Zolt\u00e1n docens<\/p>\n<p style=\"text-align: justify\"><strong>12. Implant\u00e1tum migr\u00e1ci\u00f3 az endoprotetik\u00e1ban<br \/>\n<\/strong>T\u00e9mavezet\u0151: Dr. Bejek Zolt\u00e1n egyetemi docens<\/p>\n<p style=\"text-align: justify\"><strong>13. T\u00e9rd\u00edz\u00fcleti rev\u00edzi\u00f3s arthroplastik\u00e1k<br \/>\n<\/strong>T\u00e9mavezet\u0151: Dr. Bejek Zolt\u00e1n egyetemi docens<\/p>\n<p style=\"text-align: justify\"><strong>14. A Perthes betegs\u00e9g konzervat\u00edv \u00e9s m\u0171t\u00e9ti kezel\u00e9s\u00e9nek eredm\u00e9nyess\u00e9ge<br \/>\n<\/strong>T\u00e9mavezet\u0151: Dr. Domos Gyula egyetemi tan\u00e1rseg\u00e9d<\/p>\n<p><strong>15. A modern v\u00e9gtaghosszabb\u00edt\u00f3 elj\u00e1r\u00e1sok eredm\u00e9nyess\u00e9g\u00e9nek vizsg\u00e1lata<br \/>\n<\/strong>T\u00e9mavezet\u0151: Dr. Domos Gyula egyetemi tan\u00e1rseg\u00e9d<\/p>\n<p style=\"text-align: justify\"><strong>16. Transzl\u00e1ci\u00f3s kulcspontok a radiol\u00f3gia \u00e9s a k\u00e9zseb\u00e9szet k\u00f6z\u00f6tt<br \/>\n<\/strong>T\u00e9mavezet\u0151: Dr. Herg\u00e1r Luca, Dr. Szak\u00e1cs No\u00e9mi klinikai szakorvos<\/p>\n<p><strong>17. A k\u00e9z ortop\u00e9diai betegs\u00e9gei<br \/>\n<\/strong>T\u00e9mavezet\u0151: Dr. Hetth\u00e9ssy Judit R\u00e9ka PhD<\/p>\n<p><strong>18. A\u00a0kez rehabilit\u00e1ci\u00f3ja<br \/>\n<\/strong>T\u00e9mavezet\u0151: Dr. Hetth\u00e9ssy Judit R\u00e9ka PhD<\/p>\n<p><strong>19. Alag\u00fatszindr\u00f3m\u00e1k a fels\u0151 v\u00e9gtagon<br \/>\n<\/strong>T\u00e9mavezet\u0151: Dr. Hetth\u00e9ssy Judit R\u00e9ka PhD<\/p>\n<p><strong>20. Combfejnecrosis etiol\u00f3giai t\u00e9nyez\u0151i, kezel\u00e9si elvei<br \/>\n<\/strong>T\u00e9mavezet\u0151: Dr. Holnapy Gergely egyetemi adjunktus<\/p>\n<p><strong>21. A gyermekkori gerincbetegs\u00e9gek sz\u0171r\u0151vizsg\u00e1lata, a prevenci\u00f3 \u00e9s kezel\u00e9s lehet\u0151s\u00e9gei<br \/>\n<\/strong>T\u00e9mavezet\u0151: Dr. Horv\u00e1th Nikolett egyetemi tan\u00e1rseg\u00e9d<\/p>\n<p><strong>22. Gyermekkori als\u00f3 v\u00e9gtagi tengelydeformit\u00e1sok korrekci\u00f3s lehet\u0151s\u00e9gei ir\u00e1ny\u00edtott n\u00f6veked\u00e9ssel<br \/>\n<\/strong>T\u00e9mavezet\u0151: Dr. Horv\u00e1th Nikolett egyetemi tan\u00e1rseg\u00e9d<\/p>\n<p><strong>23. Fibrosus dysplasia, egy\u00e9b tumorszer\u0171 csontelv\u00e1ltoz\u00e1sok<br \/>\n<\/strong>T\u00e9mavezet\u0151: Dr. Kiss J\u00e1nos egyetemi adjunktus<\/p>\n<p><strong>24. L\u00e1gyr\u00e9sztumorok klinikopathol\u00f3gi\u00e1ja, kezel\u00e9si elvek<br \/>\n<\/strong>T\u00e9mavezet\u0151: Dr. Kiss J\u00e1nos egyetemi adjunktus, Dr. Antal Imre egyetemi adjunktus, Dr. Perlaky Tam\u00e1s egyetemi tan\u00e1rseg\u00e9d<\/p>\n<p><strong>25. Csontok \u00e1tt\u00e9ti daganatainak seb\u00e9szi kezel\u00e9se<br \/>\n<\/strong>T\u00e9mavezet\u0151: Dr. Kiss J\u00e1nos egyetemi adjunktus, Dr. Perlaky Tam\u00e1s egyetemi tan\u00e1rseg\u00e9d<\/p>\n<p><strong>26. A gyermekkori cs\u00edp\u0151iz\u00fcleti betegs\u00e9gek differenci\u00e1ldiagn\u00f3zisa<br \/>\n<\/strong>T\u00e9mavezet\u0151: Dr. Kiss S\u00e1ndor egyetemi adjunktus<\/p>\n<p><strong>27. A velesz\u00fcletett cs\u00edp\u0151ficam megel\u0151z\u00e9se, korai felismer\u00e9se \u00e9s kezel\u00e9se<br \/>\n<\/strong>T\u00e9mavezet\u0151: Dr. Kiss S\u00e1ndor egyetemi adjunktus, Dr Domos Gyula egyetemi tan\u00e1rseg\u00e9d<\/p>\n<p><strong>28. A v\u00e9gtaghossz k\u00fcl\u00f6nbs\u00e9g korrekci\u00f3j\u00e1nak lehet\u0151s\u00e9gei<br \/>\n<\/strong>T\u00e9mavezet\u0151: Dr. Kiss S\u00e1ndor egyetemi adjunktus, Dr Domos Gyula egyetemi tan\u00e1rseg\u00e9d, dr. Szab\u00f3 Mikl\u00f3s klinikai szakorvos<\/p>\n<p><strong>29. A k\u00fcl\u00f6nb\u00f6z\u0151 injekci\u00f3s ter\u00e1pi\u00e1k biztons\u00e1goss\u00e1g\u00e1nak \u00e9s hat\u00e9konys\u00e1g\u00e1nak \u00f6sszehasonl\u00edt\u00e1sa r\u00e9szleges rot\u00e1tork\u00f6peny szakad\u00e1s eset\u00e9n.<br \/>\n<\/strong>T\u00e9mavezet\u0151: Dr. Skaliczki G\u00e1bor egyetemi docens, Dr. Weninger Viktor klinikai orvos<\/p>\n<p><strong>30. Periprotetikus fert\u0151z\u00e9sek megel\u0151z\u00e9se, diagnosztik\u00e1ja, ell\u00e1t\u00e1sa<br \/>\n<\/strong>T\u00e9mavezet\u0151: Dr. Skaliczki G\u00e1bor egyetemi docens<\/p>\n<p style=\"text-align: justify\"><strong>31. Peroxidos b\u0151rk\u00e9sz\u00edtm\u00e9nyek alkalmaz\u00e1sa, a Cutibacterium acnes el\u0151fordul\u00e1s\u00e1nak cs\u00f6kkent\u00e9s\u00e9re, a v\u00e1ll\u00edz\u00fclet k\u00f6r\u00fcli b\u0151r\u00f6n.\u00a0<br \/>\n<\/strong>T\u00e9mavezet\u0151: Dr. Skaliczki G\u00e1bor egyetemi docens, Dr. Weninger Viktor klinikai orvos<\/p>\n<p style=\"text-align: justify\"><strong>32. A<\/strong><strong>\u00a0prot\u00e9zisbe\u00fcltet\u00e9sek ut\u00e1ni funkci\u00f3 \u00e9s implant\u00e1tum t\u00fal\u00e9l\u00e9s vizsg\u00e1lata<br \/>\n<\/strong>T\u00e9mavezet\u0151: Dr. Skaliczki G\u00e1bor egyetemi docens<\/p>\n<p style=\"text-align: justify\"><strong>33. <\/strong><strong>A velesz\u00fcletett dongal\u00e1b kezel\u00e9se a Ponseti m\u00f3dszer szerint<br \/>\n<\/strong>T\u00e9mavezet\u0151: Dr. Szab\u00f3 Mikl\u00f3s klinikai szakorvos<\/p>\n<p><strong>34. <b>Ultrahang vizsg\u00e1lata velesz\u00fcletett dongal\u00e1b deformit\u00e1sn\u00e1l.<br \/>\n<\/b><\/strong>T\u00e9mavezet\u0151: Dr. Szab\u00f3 Mikl\u00f3s klinikai szakorvos<\/p>\n<p><strong><b>35. Alaki v\u00e1ltoz\u00e1sok a tibi\u00e1n lemezes n\u00f6veked\u00e9sg\u00e1tl\u00e1st k\u00f6vet<\/b><b>\u0151<\/b><b>en<br \/>\n<\/b><\/strong><span style=\"font-size: 1rem\">T\u00e9mavezet\u0151: Dr. Szab\u00f3 Mikl\u00f3s klinikai szakorvos<\/span><\/p>\n<p class=\"tab_content\"><b>36. Nyolcas lemezes n\u00f6veked\u00e9sg\u00e1tl\u00e1s hat\u00e9konys\u00e1g vizsg\u00e1lata az als\u00f3 v\u00e9gtagon<br \/>\n<\/b><span style=\"font-size: 1rem\">T\u00e9mavezet\u0151: Dr. Szab\u00f3 Mikl\u00f3s klinikai szakorvos<\/span><\/p>\n<p class=\"tab_content\"><strong style=\"font-size: 1rem\">37. Carpalis instabilit\u00e1sok diagnosztik\u00e1ja, ell\u00e1t\u00e1sa<br \/>\n<\/strong>T\u00e9mavezet\u0151: Dr. Szak\u00e1cs No\u00e9mi klinikai szakorvos<\/p>\n<p style=\"text-align: justify\"><strong>38. A<\/strong> <strong>k\u00e9z ortop\u00e9diai megbeteged\u00e9sei<br \/>\n<\/strong>T\u00e9mavezet\u0151: Dr. Szak\u00e1cs No\u00e9mi klinikai szakorvos<\/p>\n<p style=\"text-align: justify\"><strong>39. A k\u00e9z tumorainak diagnosztik\u00e1ja, ell\u00e1t\u00e1sa<br \/>\n<\/strong>T\u00e9mavezet\u0151: Dr. Szak\u00e1cs No\u00e9mi klinikai szakorvos<\/p>\n<p style=\"text-align: justify\"><strong>40. <\/strong><strong>Alag\u00fat szindr\u00f3m\u00e1k<br \/>\n<\/strong>T\u00e9mavezet\u0151: Dr. Szak\u00e1cs No\u00e9mi klinikai szakorvos<\/p>\n<p style=\"text-align: justify\"><strong>41. <\/strong><strong>Enchondrom\u00e1k a k\u00e9zen<br \/>\n<\/strong>T\u00e9mavezet\u0151: Dr. Szak\u00e1cs No\u00e9mi klinikai szakorvos<\/p>\n<p><strong>42. Minim\u00e1l invazv ell\u00e1t\u00e1si technik\u00e1k a k\u00e9zseb\u00e9szetben &#8211; Csukl\u00f3arthroscopia<br \/>\n<\/strong>T\u00e9mavezet\u0151: Dr. Szak\u00e1cs No\u00e9mi klinikai szakorvos<\/p>\n<p style=\"text-align: justify\"><strong>43. Mozg\u00e1smegtart\u00f3 m\u00f3dszerek a csukl\u00f3 \u00e9s k\u00e9z arthrosisainak ell\u00e1t\u00e1s\u00e1ban<br \/>\n<\/strong>T\u00e9mavezet\u0151: Dr. Szak\u00e1cs No\u00e9mi klinikai szakorvos<\/p>\n<p><strong>44. A coxarthrosis kezel\u00e9s\u00e9nek m\u0171t\u00e9ti lehet\u0151s\u00e9gei<br \/>\n<\/strong>T\u00e9mavezet\u0151: Dr. Szendr\u0151i Mikl\u00f3s egyetemi tan\u00e1r<\/p>\n<p><strong>45. Mozg\u00e1sszervi daganatok diagnosztik\u00e1ja<br \/>\n<\/strong>T\u00e9mavezet\u0151: Dr. Szendr\u0151i Mikl\u00f3s egyetemi tan\u00e1r, Dr. Perlaky Tam\u00e1s egyetemi tan\u00e1rseg\u00e9d<\/p>\n<p><strong>46. Mozg\u00e1sszervi daganatok korszer\u0171 seb\u00e9szi ter\u00e1pi\u00e1ja<br \/>\n<\/strong>T\u00e9mavezet\u0151: Dr. Szendr\u0151i Mikl\u00f3s egyetemi tan\u00e1r, Dr. Perlaky Tam\u00e1s egyetemi tan\u00e1rseg\u00e9d<\/p>\n<p><strong>47. A juvenilis osteochondrosisok etiol\u00f3gi\u00e1ja, el\u0151fordul\u00e1sa \u00e9s kezel\u00e9si elvei<br \/>\n<\/strong>T\u00e9mavezet\u0151: Dr. Sz\u0151ke Gy\u00f6rgy egyetemi tan\u00e1r<\/p>\n<p><strong>48. A v\u00e9gtagfejl\u0151d\u00e9si rendelleness\u00e9gek kezel\u00e9se<br \/>\n<\/strong>T\u00e9mavezet\u0151: Dr. Sz\u0151ke Gy\u00f6rgy egyetemi tan\u00e1r<\/p>\n<p><strong>49. Csontfejl\u0151d\u00e9s \u00e9s remodell\u00e1ci\u00f3 csontbetegs\u00e9gekben<br \/>\n<\/strong>T\u00e9mavezet\u0151: Dr. Sz\u0151ke Gy\u00f6rgy egyetemi tan\u00e1r<\/p>\n<p><strong>50. Infantilis cerebralis paresis diagnosztik\u00e1ja \u00e9s kezel\u00e9se<br \/>\n<\/strong>T\u00e9mavezet\u0151: Dr. Terebessy Tam\u00e1s egyetemi adjunktus<\/p>\n<p><strong>51. J\u00e1r\u00e1sanalitikai vizsg\u00e1latok diabeteses neuropathi\u00e1ban<br \/>\n<\/strong>T\u00e9mavezet\u0151: Dr. Terebessy Tam\u00e1s egyetemi adjunktus<\/p>\n<p><strong>52. J\u00e1r\u00e1sanalitikai vizsg\u00e1latok obliterat\u00edv \u00e9rbetegs\u00e9gekben<br \/>\n<\/strong>T\u00e9mavezet\u0151: Dr. Terebessy Tam\u00e1s egyetemi adjunktus<\/p>\n<p><strong>53. V\u00e9gtagmegtart\u00f3 tumorendoprot\u00e9zis be\u00fcltet\u00e9s ut\u00e1ni j\u00e1r\u00e1sanal\u00edtikai vizsg\u00e1latok<br \/>\n<\/strong>T\u00e9mavezet\u0151: Dr. Terebessy Tam\u00e1s egyetemi adjunktus<\/p>\n<p><b>54. A k\u00e9z ortop\u00e9diai megbeteged\u00e9sei<br \/>\n<\/b>T\u00e9mavezet\u0151: Dr. Kaszap Bal\u00e1zs<\/p>\n<p><b>55. A l\u00e9zerter\u00e1pia ortop\u00e9diai alkalmaz\u00e1sa<br \/>\n<\/b>T\u00e9mavezet\u0151: Dr. Kaszap Bal\u00e1zs<\/p>\n<p><b>56. A l\u00e9zerter\u00e1pia k\u00e9zseb\u00e9szeti alkalmaz\u00e1sa<br \/>\n<\/b>T\u00e9mavezet\u0151: Dr. Kaszap Bal\u00e1zs<\/p>\n<p><b>57. Az okostelefonok t\u00falzott haszn\u00e1lat\u00e1val \u00f6sszef\u00fcgg\u0151 mozg\u00e1sszervi probl\u00e9m\u00e1k<br \/>\n<\/b>T\u00e9mavezet\u0151: Dr. Kaszap Bal\u00e1zs<\/p>\n<p><b>58. Multicentrikus klinikai tanulm\u00e1nyok adatmanagement-je a k\u00e9zseb\u00e9szetben<br \/>\n<\/b>T\u00e9mavezet\u0151: Dr. Kaszap Bal\u00e1zs<\/p>\n<p><b>59. 3D nyomtatott fantomok fejleszt\u00e9se biomechanikai tanulm\u00e1nyokhoz \u00e9s m\u0171t\u00e9ttechnikai tr\u00e9ningekhez a k\u00e9zseb\u00e9szetben<br \/>\n<\/b>T\u00e9mavezet\u0151: Dr. Kaszap Bal\u00e1zs, t\u00e1rst\u00e9mavezet\u0151 Dr. \u00c9ltes P\u00e9ter<\/p>\n<p><b>60. A proxim\u00e1lis interphalange\u00e1lis \u00edz\u00fclet modern endoprotetik\u00e1ja<\/b><\/p>\n<p>T\u00e9mavezet\u0151: Dr. Kaszap Bal\u00e1zs<b><\/b><\/p>\n","protected":false},"excerpt":{"rendered":"<p>A TDK \u00e9s klinikai munk\u00e1ra a\u00a0 <a href=\"mailto:tdk.ortopedklinika@gmail.com\" target=\"_blank\" rel=\"noopener noreferrer\">tdk.se.ortopedia@gmail.com<\/a> e-mail c\u00edmen lehet jelentkezni! 2024-2025. tan\u00e9v 1. Rot\u00e1tork\u00f6peny szakad\u00e1s etiol\u00f3giai t\u00e9nyez\u0151i \u00e9s kezel\u00e9si elvei T\u00e9mavezet\u0151: Dr. Antal Imre egyetemi adjunktus, Dr. Skaliczki G\u00e1bor egyetemi docens 2. V\u00e1llbetegs\u00e9gek korszer\u0171 diagnosztik\u00e1ja \u00e9s ell\u00e1t\u00e1sa T\u00e9mavezet\u0151: Dr. Antal Imre egyetemi adjunktus, Dr. Skaliczki G\u00e1bor egyetemi docens 3. V\u00e1ll\u00edz\u00fcleti instabilt\u00e1s diagnosztik\u00e1ja \u00e9s kezel\u00e9se T\u00e9mavezet\u0151: &hellip;<\/p>\n","protected":false},"author":158,"featured_media":0,"parent":2166,"menu_order":3,"comment_status":"closed","ping_status":"closed","template":"","meta":{"_acf_changed":false,"footnotes":""},"categories":[],"tags":[],"class_list":["post-245","page","type-page","status-publish","hentry"],"acf":[],"_links":{"self":[{"href":"https:\/\/semmelweis.hu\/ortopedklinika\/wp-json\/wp\/v2\/pages\/245","targetHints":{"allow":["GET"]}}],"collection":[{"href":"https:\/\/semmelweis.hu\/ortopedklinika\/wp-json\/wp\/v2\/pages"}],"about":[{"href":"https:\/\/semmelweis.hu\/ortopedklinika\/wp-json\/wp\/v2\/types\/page"}],"author":[{"embeddable":true,"href":"https:\/\/semmelweis.hu\/ortopedklinika\/wp-json\/wp\/v2\/users\/158"}],"replies":[{"embeddable":true,"href":"https:\/\/semmelweis.hu\/ortopedklinika\/wp-json\/wp\/v2\/comments?post=245"}],"version-history":[{"count":12,"href":"https:\/\/semmelweis.hu\/ortopedklinika\/wp-json\/wp\/v2\/pages\/245\/revisions"}],"predecessor-version":[{"id":3510,"href":"https:\/\/semmelweis.hu\/ortopedklinika\/wp-json\/wp\/v2\/pages\/245\/revisions\/3510"}],"up":[{"embeddable":true,"href":"https:\/\/semmelweis.hu\/ortopedklinika\/wp-json\/wp\/v2\/pages\/2166"}],"wp:attachment":[{"href":"https:\/\/semmelweis.hu\/ortopedklinika\/wp-json\/wp\/v2\/media?parent=245"}],"wp:term":[{"taxonomy":"category","embeddable":true,"href":"https:\/\/semmelweis.hu\/ortopedklinika\/wp-json\/wp\/v2\/categories?post=245"},{"taxonomy":"post_tag","embeddable":true,"href":"https:\/\/semmelweis.hu\/ortopedklinika\/wp-json\/wp\/v2\/tags?post=245"}],"curies":[{"name":"wp","href":"https:\/\/api.w.org\/{rel}","templated":true}]}}