{"id":244,"date":"2016-01-26T00:00:00","date_gmt":"2016-01-25T23:00:00","guid":{"rendered":"http:\/\/semmelweis.hu\/ortopedklinika\/03_oktatas-2\/"},"modified":"2022-03-30T22:59:39","modified_gmt":"2022-03-30T20:59:39","slug":"doktori-cimlista","status":"publish","type":"page","link":"https:\/\/semmelweis.hu\/ortopedklinika\/phd-kepzes\/doktori-cimlista\/","title":{"rendered":"PhD k\u00e9pz\u00e9s t\u00edpusok"},"content":{"rendered":"<p>&nbsp;<\/p>\n<p>A Semmelweis Egyetemen a doktori (PhD) k\u00e9pz\u00e9s k\u00e9t form\u00e1ban t\u00f6rt\u00e9nik:<\/p>\n<p>1.) <a href=\"https:\/\/semmelweis.hu\/phd\/\">Doktori (PhD) k\u00e9pz\u00e9s a Doktori Iskol\u00e1ban<\/a><\/p>\n<p>2.)\u00a0<a href=\"https:\/\/semmelweis.hu\/tmk\/\">Doktori (PhD) k\u00e9pz\u00e9s a Transzl\u00e1ci\u00f3s Medicina Programban<\/a><\/p>\n<p>&nbsp;<\/p>\n<blockquote class=\"wp-embedded-content\" data-secret=\"ZPqwy5Cqyf\"><p><a href=\"https:\/\/semmelweis.hu\/phd\/2021\/04\/12\/tajekoztato-a-semmelweis-egyetemen-folyo-doktori-phd-kepzesekrol\/\">T\u00e1j\u00e9koztat\u00f3  a doktori (PhD) k\u00e9pz\u00e9sekr\u0151l<\/a><\/p><\/blockquote>\n<p><iframe loading=\"lazy\" class=\"wp-embedded-content\" sandbox=\"allow-scripts\" security=\"restricted\" style=\"position: absolute; clip: rect(1px, 1px, 1px, 1px);\" title=\"&#8220;T\u00e1j\u00e9koztat\u00f3  a doktori (PhD) k\u00e9pz\u00e9sekr\u0151l&#8221; &#8212; Doktori Iskol\u00e1k\" src=\"https:\/\/semmelweis.hu\/phd\/2021\/04\/12\/tajekoztato-a-semmelweis-egyetemen-folyo-doktori-phd-kepzesekrol\/embed\/#?secret=ZPqwy5Cqyf\" data-secret=\"ZPqwy5Cqyf\" width=\"600\" height=\"338\" frameborder=\"0\" marginwidth=\"0\" marginheight=\"0\" scrolling=\"no\"><\/iframe><\/p>\n<p>&nbsp;<\/p>\n<p>&nbsp;<\/p>\n<p>&nbsp;<\/p>\n<p>&nbsp;<\/p>\n<p>&nbsp;<\/p>\n","protected":false},"excerpt":{"rendered":"<p>&nbsp;<br \/>\nA Semmelweis Egyetemen a doktori (PhD) k\u00e9pz\u00e9s k\u00e9t form\u00e1ban t\u00f6rt\u00e9nik:<br \/>\n1.) <a href=\"https:\/\/semmelweis.hu\/phd\/\">Doktori (PhD) k\u00e9pz\u00e9s a Doktori Iskol\u00e1ban<\/a><br \/>\n2.)\u00a0<a href=\"https:\/\/semmelweis.hu\/tmk\/\">Doktori (PhD) k\u00e9pz\u00e9s a Transzl\u00e1ci\u00f3s Medicina Programban<\/a><br \/>\n&nbsp;<br \/>\n<a href=\"https:\/\/semmelweis.hu\/phd\/2021\/04\/12\/tajekoztato-a-semmelweis-egyetemen-folyo-doktori-phd-kepzesekrol\/\">T\u00e1j\u00e9koztat\u00f3  a doktori (PhD) k\u00e9pz\u00e9sekr\u0151l<\/a><\/p>\n<p>&nbsp;<br \/>\n&nbsp;<br \/>\n&nbsp;<br \/>\n&nbsp;<br \/>\n&nbsp;<\/p>\n","protected":false},"author":158,"featured_media":0,"parent":2161,"menu_order":1,"comment_status":"closed","ping_status":"closed","template":"","meta":{"_acf_changed":false,"footnotes":""},"categories":[],"tags":[],"class_list":["post-244","page","type-page","status-publish","hentry"],"acf":[],"_links":{"self":[{"href":"https:\/\/semmelweis.hu\/ortopedklinika\/wp-json\/wp\/v2\/pages\/244","targetHints":{"allow":["GET"]}}],"collection":[{"href":"https:\/\/semmelweis.hu\/ortopedklinika\/wp-json\/wp\/v2\/pages"}],"about":[{"href":"https:\/\/semmelweis.hu\/ortopedklinika\/wp-json\/wp\/v2\/types\/page"}],"author":[{"embeddable":true,"href":"https:\/\/semmelweis.hu\/ortopedklinika\/wp-json\/wp\/v2\/users\/158"}],"replies":[{"embeddable":true,"href":"https:\/\/semmelweis.hu\/ortopedklinika\/wp-json\/wp\/v2\/comments?post=244"}],"version-history":[{"count":10,"href":"https:\/\/semmelweis.hu\/ortopedklinika\/wp-json\/wp\/v2\/pages\/244\/revisions"}],"predecessor-version":[{"id":2188,"href":"https:\/\/semmelweis.hu\/ortopedklinika\/wp-json\/wp\/v2\/pages\/244\/revisions\/2188"}],"up":[{"embeddable":true,"href":"https:\/\/semmelweis.hu\/ortopedklinika\/wp-json\/wp\/v2\/pages\/2161"}],"wp:attachment":[{"href":"https:\/\/semmelweis.hu\/ortopedklinika\/wp-json\/wp\/v2\/media?parent=244"}],"wp:term":[{"taxonomy":"category","embeddable":true,"href":"https:\/\/semmelweis.hu\/ortopedklinika\/wp-json\/wp\/v2\/categories?post=244"},{"taxonomy":"post_tag","embeddable":true,"href":"https:\/\/semmelweis.hu\/ortopedklinika\/wp-json\/wp\/v2\/tags?post=244"}],"curies":[{"name":"wp","href":"https:\/\/api.w.org\/{rel}","templated":true}]}}