{"id":240,"date":"2016-01-26T00:00:00","date_gmt":"2016-01-25T23:00:00","guid":{"rendered":"http:\/\/semmelweis.hu\/ortopedklinika\/02_varolista\/"},"modified":"2025-06-14T01:41:06","modified_gmt":"2025-06-13T23:41:06","slug":"varolista-szabalyzat","status":"publish","type":"page","link":"https:\/\/semmelweis.hu\/ortopedklinika\/betegeknek\/varolista-szabalyzat\/","title":{"rendered":"Klinikai V\u00e1r\u00f3lista Szab\u00e1lyzata"},"content":{"rendered":"<p><a href=\"https:\/\/semmelweis.hu\/ortopedklinika\/files\/2022\/05\/varolistaszabalyzat.doc\">V\u00e1r\u00f3lista Szab\u00e1lyzat let\u00f6lt\u00e9se (word.docx)<\/a><\/p>\n<p style=\"text-align: justify\">A Semmelweis Egyetem Szen\u00e1tus\u00e1nak 24\/2007 (II.22.) sz. hat\u00e1rozata \u00e9rtelm\u00e9ben az Egyetemi V\u00e1r\u00f3lista Szab\u00e1lyzatban foglaltaknak megfelel\u0151en az Ortop\u00e9diai Klinika a k\u00f6vetkez\u0151 Klinikai V\u00e1r\u00f3lista Szab\u00e1lyzatot alkotta meg:<\/p>\n<p style=\"text-align: justify\" align=\"center\">1.<br \/>\nAz Klinikai V\u00e1r\u00f3lista a betegell\u00e1t\u00e1s sorrendj\u00e9t meghat\u00e1roz\u00f3 jegyz\u00e9k, amely a 2. pontban r\u00e9szletezett m\u0171t\u00e9tek meghat\u00e1rozott sorrend szerinti elv\u00e9gz\u00e9se \u00e9rdek\u00e9ben ker\u00fcl kialak\u00edt\u00e1sra \u00e9s az Egyetem honlapj\u00e1n publik\u00e1l\u00e1sra.<\/p>\n<p style=\"text-align: justify\" align=\"center\">2.<br \/>\nA V\u00e1r\u00f3list\u00e1ra azon biztos\u00edtottak (betegek) ker\u00fclnek, akik m\u0171t\u00e9ti el\u0151jegyz\u00e9si id\u0151pontot kaptak az Ortop\u00e9diai Klinik\u00e1n szakrendel\u00e9st v\u00e9gz\u0151 szakorvosokt\u00f3l az al\u00e1bbi m\u0171t\u00e9tekre:<br \/>\na. cs\u00edp\u0151 arthroplasztika \u00e9s rev\u00edzi\u00f3 (cs\u00edp\u0151 v\u00e1r\u00f3lista)<br \/>\nb. t\u00e9rd arthroplasztika \u00e9s rev\u00edzi\u00f3 (t\u00e9rd v\u00e1r\u00f3lista)<br \/>\nc. boka arthroplasztika \u00e9s rev\u00edzi\u00f3 (boka v\u00e1r\u00f3lista)<br \/>\nd. v\u00e1ll arthroplasztika \u00e9s rev\u00edzi\u00f3 (v\u00e1ll v\u00e1r\u00f3lista)<br \/>\ne. k\u00f6ny\u00f6k arthroplasztika \u00e9s rev\u00edzi\u00f3 (k\u00f6ny\u00f6k v\u00e1r\u00f3lista)<\/p>\n<p style=\"text-align: justify\" align=\"center\">3.<br \/>\nAmennyiben a biztos\u00edtott eg\u00e9szs\u00e9gi \u00e1llapota nem indokolja az azonnali ell\u00e1t\u00e1st \u00e9s a Klinika betegell\u00e1t\u00e1si kapacit\u00e1sai (\u00e1gysz\u00e1m) ezt sz\u00fcks\u00e9gess\u00e9 teszik, vagy ha a biztos\u00edtott r\u00e9sz\u00e9re az adott h\u00f3napban az OEP nem ny\u00fajt finansz\u00edroz\u00e1st a teljes\u00edtm\u00e9ny volumen korl\u00e1t (TVK) felett a Klinika a 2. pontban r\u00f6gz\u00edtett m\u0171t\u00e9tek elv\u00e9gz\u00e9s\u00e9t v\u00e1r\u00f3list\u00e1k alapj\u00e1n teljes\u00edtik.<\/p>\n<p style=\"text-align: justify\" align=\"center\">4.<br \/>\n<span data-sheets-root=\"1\">A m\u0171t\u00e9ti v\u00e1r\u00f3lista \u00f6ssze\u00e1ll\u00edt\u00e1sa az Ortop\u00e9diai Klinika r\u00e9sz\u00e9r\u0151l a mindenkori jogszab\u00e1lyok \u00e9s a NEAK (Nemzeti Eg\u00e9szs\u00e9gbiztos\u00edt\u00e1si Alapkezel\u0151) \u00e1ltal meghat\u00e1rozott keretek \u00e9s szab\u00e1lyoz\u00e1sok szerint t\u00f6rt\u00e9nik.<\/span><\/p>\n<p style=\"text-align: justify\" align=\"center\">5.<br \/>\nA v\u00e1r\u00f3list\u00e1ra a biztos\u00edtottakat \u00e9rkez\u00e9si sorrendben kell felvenni, ett\u0151l csak az e Szab\u00e1lyzat 8. \u00e9s 9. pontj\u00e1ban r\u00f6gz\u00edtett esetekben \u00e9s m\u00f3don lehet elt\u00e9rni, a megfelel\u0151 indok(ok) egy\u00e9rtelm\u0171 megjel\u00f6l\u00e9s\u00e9vel. Ha v\u00e1ltoz\u00e1s \u00e1ll be a biztos\u00edtott V\u00e1r\u00f3list\u00e1n elfoglalt hely\u00e9t illet\u0151en, a beteget a felv\u00e9tel sor\u00e1n, \u00e1ltala megadott el\u00e9rhet\u0151s\u00e9gei egyik\u00e9n keress\u00fck.<\/p>\n<p style=\"text-align: justify\" align=\"center\">6.<br \/>\nA V\u00e1r\u00f3lista az adott m\u0171t\u00e9tre besorolt biztos\u00edtottak szem\u00e9lyazonos\u00edt\u00f3 adatait tartalmazza: csal\u00e1di \u00e9s ut\u00f3n\u00e9v, sz\u00fclet\u00e9si d\u00e1tum, TAJ, MedSol \u00e1ltal gener\u00e1lt k\u00f6zponti betegazonos\u00edt\u00f3 (KBA) sz\u00e1m. Ehhez hozz\u00e1 kell rendelni az ell\u00e1t\u00e1sra jogosults\u00e1g sorrendj\u00e9t, illetve a m\u0171t\u00e9ti befekv\u00e9s v\u00e1rhat\u00f3 id\u0151pontj\u00e1t, amely azonban a 3. pontban foglaltakt\u00f3l f\u00fcgg\u0151en v\u00e1ltozhat \u2013 erre a m\u0171t\u00e9tre el\u0151jegyzett beteget figyelmeztetni kell. A V\u00e1r\u00f3list\u00e1n szerepl\u0151 adatokat \u00e9s a biztos\u00edtottak egy\u00e9b adatait az Adatv\u00e9delmi T\u00f6rv\u00e9nynek \u00e9s az Egyetem Adatv\u00e9delmi Szab\u00e1lyzat\u00e1nak megfelel\u0151en kell kezelni. A biztos\u00edtottak a publikus internetes oldalon k\u00f6zz\u00e9tett V\u00e1r\u00f3list\u00e1n a KBA sz\u00e1m alapj\u00e1n k\u00f6vethetik nyomon a m\u0171t\u00e9t elv\u00e9gz\u00e9s\u00e9nek v\u00e1rhat\u00f3 sorrendj\u00e9t \u00e9s id\u0151pontj\u00e1t. A KBA sz\u00e1mot a m\u0171t\u00e9tre el\u0151jegyzett beteggel \u00edr\u00e1sban k\u00f6z\u00f6lni kel (ambul\u00e1ns lap form\u00e1j\u00e1ban).<\/p>\n<p style=\"text-align: justify\" align=\"center\">7.<br \/>\nA Klinikai V\u00e1r\u00f3lista az egyes szakrendel\u00e9st v\u00e9gz\u0151 el\u0151jegyz\u0151 szakorvosok m\u0171t\u00e9ti el\u0151jegyz\u00e9seit tartalmazza. A m\u0171t\u00e9teket v\u00e9gz\u0151 orvosok m\u0171t\u00e9ti leterhelts\u00e9ge nem egyforma, ez\u00e9rt a biztos\u00edtottak v\u00e1r\u00f3list\u00e1ra ker\u00fcl\u00e9se egyes orvosok eset\u00e9ben ar\u00e1nytalanul t\u00e1voli id\u0151pontot jelenthet (10-12 h\u00f3napos v\u00e1rakoz\u00e1s). Ezt a biztos\u00edtottal a m\u0171t\u00e9ti el\u0151jegyz\u00e9skor k\u00f6z\u00f6lni kell, \u00e9s fel kell aj\u00e1nlani kor\u00e1bbi m\u0171t\u00e9ti lehet\u0151s\u00e9get m\u00e1s szakrendel\u00e9st v\u00e9gz\u0151 orvosn\u00e1l. Amennyiben a biztos\u00edtott ezzel a lehet\u0151s\u00e9ggel nem \u00e9l, r\u00e1utal\u00f3 magatart\u00e1s\u00e1val elfogadja a v\u00e1r\u00f3list\u00e1ra ker\u00fcl\u00e9st \u00e9s az ott elfoglalt poz\u00edci\u00f3j\u00e1t.<\/p>\n<p style=\"text-align: justify\" align=\"center\">8.<br \/>\nA biztos\u00edtottak V\u00e1r\u00f3list\u00e1n elfoglalt helye az al\u00e1bbi esetekben <strong>sorolhat\u00f3 h\u00e1tr\u00e9bb <\/strong>(teh\u00e1t id\u0151ben k\u00e9s\u0151bbre):<br \/>\na. adott h\u00f3napban TVK t\u00fall\u00e9p\u00e9se,<br \/>\nb. implant\u00e1tum keret gazd\u00e1lkod\u00e1s t\u00fall\u00e9p\u00e9se,<br \/>\nc. adott \u00e1gysz\u00e1mon elhelyezhet\u0151 betegek sz\u00e1m\u00e1nak t\u00fall\u00e9p\u00e9se,<br \/>\nd. s\u00fcrg\u0151ss\u00e9gi esetek els\u0151bbs\u00e9ge,<br \/>\ne. a biztos\u00edtott \u00e1ltal\u00e1nos belgy\u00f3gy\u00e1szati \u00e1llapota, kivizsg\u00e1l\u00e1s\u00e1nak hi\u00e1nyoss\u00e1gai miatt, amit az aneszteziol\u00f3giai ambulanci\u00e1n \u00e1llap\u00edtottak meg,<br \/>\nf. technikai jelleg\u0171 akad\u00e1lyok (pl. m\u0171t\u0151 m\u0171szaki \u00e1llapota),<br \/>\ng. az e\u00fc. szem\u00e9lyzet l\u00e9tsz\u00e1m\u00e1b\u00f3l ad\u00f3d\u00f3 akad\u00e1lyok (pl. j\u00e1rv\u00e1nyos megbeteged\u00e9s),<br \/>\nh. vis maior kateg\u00f3ri\u00e1ba sorolhat\u00f3 esem\u00e9ny (pl. elemi k\u00e1r).<\/p>\n<p style=\"text-align: justify\" align=\"center\">9.<br \/>\nA biztos\u00edtottak V\u00e1r\u00f3list\u00e1n elfoglalt helye az al\u00e1bbi esetekben <strong>sorolhat\u00f3 el\u0151r\u00e9bb<\/strong> (teh\u00e1t id\u0151ben kor\u00e1bbra):<br \/>\na. sz\u00f6v\u0151dm\u00e9ny fell\u00e9p\u00e9s\u00e9nek fenyeget\u0151 vesz\u00e9lye (csont t\u00f6r\u00e9se, beroppan\u00e1sa, implant\u00e1tum mechanikai \u00e1rtalma, \u00e9rs\u00e9r\u00fcl\u00e9s vesz\u00e9lye, stb.),<br \/>\nb. heveny fert\u0151z\u00e9ses (szeptikus) \u00e1llapot,<br \/>\nc. s\u00fcrg\u0151s sz\u00fcks\u00e9g esete, \u00e9letet vesz\u00e9lyeztet\u0151 \u00e1llapot,<br \/>\nd. gyors \u00e1llapotroml\u00e1ssal j\u00e1r\u00f3 k\u00f3rk\u00e9pek, melyet a kezel\u0151orvos \u00e1llap\u00edt meg,<br \/>\ne. egy\u00e9b el\u0151re nem l\u00e1that\u00f3 s\u00fcrg\u0151ss\u00e9g ell\u00e1t\u00e1st indokol\u00f3 \u00e1llapot.<\/p>\n<p style=\"text-align: justify\" align=\"center\">10.<br \/>\nA V\u00e1r\u00f3lista Szab\u00e1lyzat gyakorlati megval\u00f3s\u00edt\u00e1s\u00e1r\u00f3l k\u00fcl\u00f6n V\u00e9grehajt\u00e1si Utas\u00edt\u00e1s rendelkezik.<\/p>\n<p style=\"text-align: justify\">Budapest,\u00a0 2022<\/p>\n<p style=\"text-align: right\">Prof. Dr. Sz\u0151ke Gy\u00f6rgy<br \/>\nKlinika igazgat\u00f3<\/p>\n<p style=\"text-align: justify\">\u00a0<\/p>\n","protected":false},"excerpt":{"rendered":"<p><a href=\"https:\/\/semmelweis.hu\/ortopedklinika\/files\/2022\/05\/varolistaszabalyzat.doc\">V\u00e1r\u00f3lista Szab\u00e1lyzat let\u00f6lt\u00e9se (word.docx)<\/a> A Semmelweis Egyetem Szen\u00e1tus\u00e1nak 24\/2007 (II.22.) sz. hat\u00e1rozata \u00e9rtelm\u00e9ben az Egyetemi V\u00e1r\u00f3lista Szab\u00e1lyzatban foglaltaknak megfelel\u0151en az Ortop\u00e9diai Klinika a k\u00f6vetkez\u0151 Klinikai V\u00e1r\u00f3lista Szab\u00e1lyzatot alkotta meg: 1. Az Klinikai V\u00e1r\u00f3lista a betegell\u00e1t\u00e1s sorrendj\u00e9t meghat\u00e1roz\u00f3 jegyz\u00e9k, amely a 2. pontban r\u00e9szletezett m\u0171t\u00e9tek meghat\u00e1rozott sorrend szerinti elv\u00e9gz\u00e9se \u00e9rdek\u00e9ben ker\u00fcl kialak\u00edt\u00e1sra \u00e9s az Egyetem honlapj\u00e1n publik\u00e1l\u00e1sra. 2. A V\u00e1r\u00f3list\u00e1ra &hellip;<\/p>\n","protected":false},"author":158,"featured_media":0,"parent":421,"menu_order":3,"comment_status":"closed","ping_status":"closed","template":"","meta":{"_acf_changed":false,"footnotes":""},"categories":[],"tags":[],"class_list":["post-240","page","type-page","status-publish","hentry"],"acf":[],"_links":{"self":[{"href":"https:\/\/semmelweis.hu\/ortopedklinika\/wp-json\/wp\/v2\/pages\/240","targetHints":{"allow":["GET"]}}],"collection":[{"href":"https:\/\/semmelweis.hu\/ortopedklinika\/wp-json\/wp\/v2\/pages"}],"about":[{"href":"https:\/\/semmelweis.hu\/ortopedklinika\/wp-json\/wp\/v2\/types\/page"}],"author":[{"embeddable":true,"href":"https:\/\/semmelweis.hu\/ortopedklinika\/wp-json\/wp\/v2\/users\/158"}],"replies":[{"embeddable":true,"href":"https:\/\/semmelweis.hu\/ortopedklinika\/wp-json\/wp\/v2\/comments?post=240"}],"version-history":[{"count":11,"href":"https:\/\/semmelweis.hu\/ortopedklinika\/wp-json\/wp\/v2\/pages\/240\/revisions"}],"predecessor-version":[{"id":3533,"href":"https:\/\/semmelweis.hu\/ortopedklinika\/wp-json\/wp\/v2\/pages\/240\/revisions\/3533"}],"up":[{"embeddable":true,"href":"https:\/\/semmelweis.hu\/ortopedklinika\/wp-json\/wp\/v2\/pages\/421"}],"wp:attachment":[{"href":"https:\/\/semmelweis.hu\/ortopedklinika\/wp-json\/wp\/v2\/media?parent=240"}],"wp:term":[{"taxonomy":"category","embeddable":true,"href":"https:\/\/semmelweis.hu\/ortopedklinika\/wp-json\/wp\/v2\/categories?post=240"},{"taxonomy":"post_tag","embeddable":true,"href":"https:\/\/semmelweis.hu\/ortopedklinika\/wp-json\/wp\/v2\/tags?post=240"}],"curies":[{"name":"wp","href":"https:\/\/api.w.org\/{rel}","templated":true}]}}