{"id":237,"date":"2016-01-26T00:00:00","date_gmt":"2016-01-25T23:00:00","guid":{"rendered":"http:\/\/semmelweis.hu\/ortopedklinika\/ortopedklinika-semmelweis\/"},"modified":"2025-02-05T13:36:18","modified_gmt":"2025-02-05T12:36:18","slug":"bemutatas","status":"publish","type":"page","link":"https:\/\/semmelweis.hu\/ortopedklinika\/bemutatas\/","title":{"rendered":"Klinik\u00e1nk bemutat\u00e1sa"},"content":{"rendered":"<p style=\"text-align: justify\"><a href=\"https:\/\/semmelweis.hu\/ortopedklinika\/files\/2022\/03\/prof-Szcke-GyErgy-scaled.jpg\"><img loading=\"lazy\" decoding=\"async\" class=\"alignright wp-image-2543 \" src=\"https:\/\/semmelweis.hu\/ortopedklinika\/files\/2022\/03\/prof-Szcke-GyErgy-762x1024.jpg\" alt=\"\" width=\"298\" height=\"401\" srcset=\"https:\/\/semmelweis.hu\/ortopedklinika\/files\/2022\/03\/prof-Szcke-GyErgy-762x1024.jpg 762w, https:\/\/semmelweis.hu\/ortopedklinika\/files\/2022\/03\/prof-Szcke-GyErgy-223x300.jpg 223w, https:\/\/semmelweis.hu\/ortopedklinika\/files\/2022\/03\/prof-Szcke-GyErgy-768x1032.jpg 768w, https:\/\/semmelweis.hu\/ortopedklinika\/files\/2022\/03\/prof-Szcke-GyErgy-1143x1536.jpg 1143w, https:\/\/semmelweis.hu\/ortopedklinika\/files\/2022\/03\/prof-Szcke-GyErgy-1525x2048.jpg 1525w, https:\/\/semmelweis.hu\/ortopedklinika\/files\/2022\/03\/prof-Szcke-GyErgy-scaled.jpg 1906w\" sizes=\"auto, (max-width: 298px) 100vw, 298px\" \/><\/a>Klinik\u00e1nk Magyarorsz\u00e1g legnagyobb \u00e9s egyik legjelent\u0151sebb ortop\u00e9diai int\u00e9zm\u00e9nye a maga t\u00f6bb, mint 70 \u00e9ves m\u00faltj\u00e1val. Tev\u00e9kenys\u00e9g\u00fcnk lefedi az ortop\u00e9diai szinte valamennyi ter\u00fclet\u00e9t. H\u00e1rmas feladatunk az oktat\u00e1s, a kutat\u00e1s \u00e9s a betegell\u00e1t\u00e1s.\u00a0<\/p>\n<p style=\"text-align: justify\">A<span style=\"color: #333333;font-family: Georgia, 'Times New Roman', 'Bitstream Charter', Times, serif\">z ortop\u00e9diai tansz\u00e9ket 1951-ben hozt\u00e1k l\u00e9tre a <\/span>Semmelweis Egyetem jogel\u0151dj\u00e9n. 1957-ig dr. Zinner N\u00e1ndor, 1957-t\u0151l 1980-ig dr. Glauber Andor, majd 1980-t\u00f3l 1995-ig dr. V\u00edzkelety Tibor, azt k\u00f6vet\u0151en 1995-t\u0151l 2017-ig dr. Szendr\u0151i Mikl\u00f3s voltak a tansz\u00e9k vezet\u0151i.<\/p>\n<p style=\"text-align: justify\">Klinik\u00e1nk a legsz\u00e9lesebb ortop\u00e9diai profillal rendelkez\u0151 egyetemi tansz\u00e9k. \u00c9vente k\u00f6zel 4000 m\u0171t\u00e9tet v\u00e9gz\u00fcnk \u00e9s kb. 40.000 beteget l\u00e1tunk el ambulanci\u00e1nkon. Magyar, angol \u00e9s n\u00e9met nyelven oktatjuk a IV. \u00e9vfolyamos orvostanhallgat\u00f3kat, valamint a gy\u00f3gytorn\u00e1sz hallgat\u00f3kat. Az egyetem Doktori Iskol\u00e1j\u00e1ban a PhD k\u00e9pz\u00e9sben is r\u00e9szt vesz\u00fcnk \u00f6n\u00e1ll\u00f3 mozg\u00e1sszervi kutat\u00e1si programmal 2000. \u00f3ta, melyet dr. Szendr\u0151i Mikl\u00f3s professzor\u00a0 vezet.<\/p>\n<p style=\"text-align: justify\">Hagyom\u00e1nyosan j\u00f3 kapcsolataink vannak nemzetk\u00f6zi ortop\u00e9diai szervezetekkel, mint a SICOT \u00e9s az EFORT. B\u00fcszk\u00e9k vagyunk arra, hogy a Klinika orvosai hosszabb-r\u00f6videbb id\u0151t elt\u00f6lthettek k\u00fclf\u00f6ldi t\u00e1rsint\u00e9zm\u00e9nyekben, egyetemeken, \u00e9s ennek k\u00f6sz\u00f6nhet\u0151en sz\u00e9lesk\u00f6r\u0171 nemzetk\u00f6zi egy\u00fcttm\u0171k\u00f6d\u00e9si lehet\u0151s\u00e9geink vannak, mint p\u00e9ld\u00e1ul a b\u00e9csi, a heidelbergi, a m\u00fcncheni, a bristoli egyetemekkel, vagy a hamburgi, nottinghami klinik\u00e1kkal. Szakorvosk\u00e9pz\u00e9s keret\u00e9n bel\u00fcl rendszeresen \u00e9rkeznek hozz\u00e1nk tov\u00e1bbk\u00e9pz\u00e9s c\u00e9lj\u00e1b\u00f3l koll\u00e9g\u00e1k Szlov\u00e1ki\u00e1b\u00f3l, Rom\u00e1ni\u00e1b\u00f3l, Indon\u00e9zi\u00e1b\u00f3l \u00e9s Ir\u00e1nb\u00f3l.<\/p>\n<p style=\"text-align: justify\">Honlapunkon szeretn\u00e9nk bemutatni, hogy a komoly hagyom\u00e1nyokkal rendelkez\u0151 Ortop\u00e9diai Klinika milyen kih\u00edv\u00e1sokkal n\u00e9z szembe a 21. sz\u00e1zadban.<\/p>\n<p style=\"text-align: justify\">Dr. Sz\u0151ke Gy\u00f6rgy<br \/>\negyetemi tan\u00e1r<br \/>\nigazgat\u00f3<\/p>\n","protected":false},"excerpt":{"rendered":"<p>Az 1951-ben alap\u00edtott Ortop\u00e9diai Klinika Magyarorsz\u00e1g egyik legkiemelked\u0151bb int\u00e9zm\u00e9nye. Klinik\u00e1nkon a betegell\u00e1t\u00e1s mellett sz\u00e1mos kutat\u00e1s, magyar illetve nemzetk\u00f6zi gradu\u00e1lis-, \u00e9s szakk\u00e9pz\u00e9s is zajlik. T\u00f6bb, mint 160 \u00e1gyon gy\u00f3gy\u00edtjuk betegeinket a legmagasabb szakmai odafigyel\u00e9ssel. Vezet\u0151 profiljaink a mozg\u00e1sszervi tumorseb\u00e9szet, a gyermekortop\u00e9dia, a primer \u00e9s rev\u00edzi\u00f3s protetika, valamint a mozg\u00e1sszervi rehabilit\u00e1ci\u00f3. A fentieken t\u00fal kiemelked\u0151 l\u00e1bseb\u00e9sz, k\u00e9zseb\u00e9sz \u00e9s artroszk\u00f3pos specialist\u00e1ink gondoskodnak betegeinkr\u0151l. <\/p>\n","protected":false},"author":158,"featured_media":2808,"parent":0,"menu_order":0,"comment_status":"closed","ping_status":"closed","template":"","meta":{"_acf_changed":false,"footnotes":""},"categories":[],"tags":[],"class_list":["post-237","page","type-page","status-publish","has-post-thumbnail","hentry"],"acf":[],"_links":{"self":[{"href":"https:\/\/semmelweis.hu\/ortopedklinika\/wp-json\/wp\/v2\/pages\/237","targetHints":{"allow":["GET"]}}],"collection":[{"href":"https:\/\/semmelweis.hu\/ortopedklinika\/wp-json\/wp\/v2\/pages"}],"about":[{"href":"https:\/\/semmelweis.hu\/ortopedklinika\/wp-json\/wp\/v2\/types\/page"}],"author":[{"embeddable":true,"href":"https:\/\/semmelweis.hu\/ortopedklinika\/wp-json\/wp\/v2\/users\/158"}],"replies":[{"embeddable":true,"href":"https:\/\/semmelweis.hu\/ortopedklinika\/wp-json\/wp\/v2\/comments?post=237"}],"version-history":[{"count":11,"href":"https:\/\/semmelweis.hu\/ortopedklinika\/wp-json\/wp\/v2\/pages\/237\/revisions"}],"predecessor-version":[{"id":3486,"href":"https:\/\/semmelweis.hu\/ortopedklinika\/wp-json\/wp\/v2\/pages\/237\/revisions\/3486"}],"wp:featuredmedia":[{"embeddable":true,"href":"https:\/\/semmelweis.hu\/ortopedklinika\/wp-json\/wp\/v2\/media\/2808"}],"wp:attachment":[{"href":"https:\/\/semmelweis.hu\/ortopedklinika\/wp-json\/wp\/v2\/media?parent=237"}],"wp:term":[{"taxonomy":"category","embeddable":true,"href":"https:\/\/semmelweis.hu\/ortopedklinika\/wp-json\/wp\/v2\/categories?post=237"},{"taxonomy":"post_tag","embeddable":true,"href":"https:\/\/semmelweis.hu\/ortopedklinika\/wp-json\/wp\/v2\/tags?post=237"}],"curies":[{"name":"wp","href":"https:\/\/api.w.org\/{rel}","templated":true}]}}