{"id":2274,"date":"2022-02-10T16:45:26","date_gmt":"2022-02-10T15:45:26","guid":{"rendered":"https:\/\/semmelweis.hu\/ortopedklinika\/?page_id=2274"},"modified":"2022-03-30T23:05:16","modified_gmt":"2022-03-30T21:05:16","slug":"doktorandusz-kivalosagi-dij","status":"publish","type":"page","link":"https:\/\/semmelweis.hu\/ortopedklinika\/phd-kepzes\/palyazatok-dijak\/doktorandusz-kivalosagi-dij\/","title":{"rendered":"Doktorandusz Kiv\u00e1l\u00f3s\u00e1gi D\u00edj"},"content":{"rendered":"<blockquote class=\"wp-embedded-content\" data-secret=\"b6cc2pe4o6\"><p><a href=\"https:\/\/semmelweis.hu\/phd\/2021\/09\/17\/palyazat-doktorandusz-kivalosagi-dijra-barati-kor-3\/\">P\u00e1ly\u00e1zat Doktorandusz Kiv\u00e1l\u00f3s\u00e1gi D\u00edjra (Bar\u00e1ti K\u00f6r)<\/a><\/p><\/blockquote>\n<p><iframe loading=\"lazy\" class=\"wp-embedded-content\" sandbox=\"allow-scripts\" security=\"restricted\" style=\"position: absolute; clip: rect(1px, 1px, 1px, 1px);\" title=\"&#8220;P\u00e1ly\u00e1zat Doktorandusz Kiv\u00e1l\u00f3s\u00e1gi D\u00edjra (Bar\u00e1ti K\u00f6r)&#8221; &#8212; Doktori Iskol\u00e1k\" src=\"https:\/\/semmelweis.hu\/phd\/2021\/09\/17\/palyazat-doktorandusz-kivalosagi-dijra-barati-kor-3\/embed\/#?secret=b6cc2pe4o6\" data-secret=\"b6cc2pe4o6\" width=\"600\" height=\"338\" frameborder=\"0\" marginwidth=\"0\" marginheight=\"0\" scrolling=\"no\"><\/iframe><\/p>\n","protected":false},"excerpt":{"rendered":"<p><a href=\"https:\/\/semmelweis.hu\/phd\/2021\/09\/17\/palyazat-doktorandusz-kivalosagi-dijra-barati-kor-3\/\">P\u00e1ly\u00e1zat Doktorandusz Kiv\u00e1l\u00f3s\u00e1gi D\u00edjra (Bar\u00e1ti K\u00f6r)<\/a><\/p>\n","protected":false},"author":101896,"featured_media":0,"parent":2232,"menu_order":3,"comment_status":"closed","ping_status":"closed","template":"","meta":{"_acf_changed":false,"footnotes":""},"categories":[],"tags":[],"class_list":["post-2274","page","type-page","status-publish","hentry"],"acf":[],"_links":{"self":[{"href":"https:\/\/semmelweis.hu\/ortopedklinika\/wp-json\/wp\/v2\/pages\/2274","targetHints":{"allow":["GET"]}}],"collection":[{"href":"https:\/\/semmelweis.hu\/ortopedklinika\/wp-json\/wp\/v2\/pages"}],"about":[{"href":"https:\/\/semmelweis.hu\/ortopedklinika\/wp-json\/wp\/v2\/types\/page"}],"author":[{"embeddable":true,"href":"https:\/\/semmelweis.hu\/ortopedklinika\/wp-json\/wp\/v2\/users\/101896"}],"replies":[{"embeddable":true,"href":"https:\/\/semmelweis.hu\/ortopedklinika\/wp-json\/wp\/v2\/comments?post=2274"}],"version-history":[{"count":2,"href":"https:\/\/semmelweis.hu\/ortopedklinika\/wp-json\/wp\/v2\/pages\/2274\/revisions"}],"predecessor-version":[{"id":2280,"href":"https:\/\/semmelweis.hu\/ortopedklinika\/wp-json\/wp\/v2\/pages\/2274\/revisions\/2280"}],"up":[{"embeddable":true,"href":"https:\/\/semmelweis.hu\/ortopedklinika\/wp-json\/wp\/v2\/pages\/2232"}],"wp:attachment":[{"href":"https:\/\/semmelweis.hu\/ortopedklinika\/wp-json\/wp\/v2\/media?parent=2274"}],"wp:term":[{"taxonomy":"category","embeddable":true,"href":"https:\/\/semmelweis.hu\/ortopedklinika\/wp-json\/wp\/v2\/categories?post=2274"},{"taxonomy":"post_tag","embeddable":true,"href":"https:\/\/semmelweis.hu\/ortopedklinika\/wp-json\/wp\/v2\/tags?post=2274"}],"curies":[{"name":"wp","href":"https:\/\/api.w.org\/{rel}","templated":true}]}}