{"id":2272,"date":"2022-02-10T16:45:26","date_gmt":"2022-02-10T15:45:26","guid":{"rendered":"https:\/\/semmelweis.hu\/ortopedklinika\/?page_id=2272"},"modified":"2022-03-30T23:16:24","modified_gmt":"2022-03-30T21:16:24","slug":"md-phd-palyazat","status":"publish","type":"page","link":"https:\/\/semmelweis.hu\/ortopedklinika\/phd-kepzes\/palyazatok-dijak\/md-phd-palyazat\/","title":{"rendered":"MD-PhD p\u00e1ly\u00e1zat"},"content":{"rendered":"<blockquote class=\"wp-embedded-content\" data-secret=\"iflfcNW6jk\"><p><a href=\"https:\/\/semmelweis.hu\/phd\/2021\/12\/16\/md-phd-palyazati-felhivas\/\">MD-PhD p\u00e1ly\u00e1zati felh\u00edv\u00e1s<\/a><\/p><\/blockquote>\n<p><iframe loading=\"lazy\" class=\"wp-embedded-content\" sandbox=\"allow-scripts\" security=\"restricted\" style=\"position: absolute; clip: rect(1px, 1px, 1px, 1px);\" title=\"&#8220;MD-PhD p\u00e1ly\u00e1zati felh\u00edv\u00e1s&#8221; &#8212; Doktori Iskol\u00e1k\" src=\"https:\/\/semmelweis.hu\/phd\/2021\/12\/16\/md-phd-palyazati-felhivas\/embed\/#?secret=iflfcNW6jk\" data-secret=\"iflfcNW6jk\" width=\"600\" height=\"338\" frameborder=\"0\" marginwidth=\"0\" marginheight=\"0\" scrolling=\"no\"><\/iframe><\/p>\n","protected":false},"excerpt":{"rendered":"<p><a href=\"https:\/\/semmelweis.hu\/phd\/2021\/12\/16\/md-phd-palyazati-felhivas\/\">MD-PhD p\u00e1ly\u00e1zati felh\u00edv\u00e1s<\/a><\/p>\n","protected":false},"author":101896,"featured_media":0,"parent":2232,"menu_order":4,"comment_status":"closed","ping_status":"closed","template":"","meta":{"_acf_changed":false,"footnotes":""},"categories":[],"tags":[],"class_list":["post-2272","page","type-page","status-publish","hentry"],"acf":[],"_links":{"self":[{"href":"https:\/\/semmelweis.hu\/ortopedklinika\/wp-json\/wp\/v2\/pages\/2272","targetHints":{"allow":["GET"]}}],"collection":[{"href":"https:\/\/semmelweis.hu\/ortopedklinika\/wp-json\/wp\/v2\/pages"}],"about":[{"href":"https:\/\/semmelweis.hu\/ortopedklinika\/wp-json\/wp\/v2\/types\/page"}],"author":[{"embeddable":true,"href":"https:\/\/semmelweis.hu\/ortopedklinika\/wp-json\/wp\/v2\/users\/101896"}],"replies":[{"embeddable":true,"href":"https:\/\/semmelweis.hu\/ortopedklinika\/wp-json\/wp\/v2\/comments?post=2272"}],"version-history":[{"count":2,"href":"https:\/\/semmelweis.hu\/ortopedklinika\/wp-json\/wp\/v2\/pages\/2272\/revisions"}],"predecessor-version":[{"id":2281,"href":"https:\/\/semmelweis.hu\/ortopedklinika\/wp-json\/wp\/v2\/pages\/2272\/revisions\/2281"}],"up":[{"embeddable":true,"href":"https:\/\/semmelweis.hu\/ortopedklinika\/wp-json\/wp\/v2\/pages\/2232"}],"wp:attachment":[{"href":"https:\/\/semmelweis.hu\/ortopedklinika\/wp-json\/wp\/v2\/media?parent=2272"}],"wp:term":[{"taxonomy":"category","embeddable":true,"href":"https:\/\/semmelweis.hu\/ortopedklinika\/wp-json\/wp\/v2\/categories?post=2272"},{"taxonomy":"post_tag","embeddable":true,"href":"https:\/\/semmelweis.hu\/ortopedklinika\/wp-json\/wp\/v2\/tags?post=2272"}],"curies":[{"name":"wp","href":"https:\/\/api.w.org\/{rel}","templated":true}]}}