{"id":2233,"date":"2022-02-10T15:46:22","date_gmt":"2022-02-10T14:46:22","guid":{"rendered":"https:\/\/semmelweis.hu\/ortopedklinika\/?page_id=2233"},"modified":"2025-02-05T22:34:20","modified_gmt":"2025-02-05T21:34:20","slug":"palyazatok-dijak-2","status":"publish","type":"page","link":"https:\/\/semmelweis.hu\/ortopedklinika\/oktatas\/szakorvosok-szamara\/palyazatok-dijak-2\/","title":{"rendered":"P\u00e1ly\u00e1zatok, d\u00edjak"},"content":{"rendered":"<p>&nbsp;<\/p>\n<p><a href=\"https:\/\/semmelweis.hu\/ortopedklinika\/szakorvosok-szamara\/zinner-palyazat\/\">Zinner N\u00e1ndor P\u00e1ly\u00e1zat<\/a><\/p>\n<p><a href=\"https:\/\/semmelweis.hu\/ortopedklinika\/kivalosagi-lista-kerpel-fronius-odon-tehetseggondozo-program\/\">Kerpel Fronius \u00d6d\u00f6n Tehets\u00e9ggondoz\u00f3 Program<\/a><\/p>\n<p><a href=\"https:\/\/semmelweis.hu\/ortopedklinika\/efort-visiting-fellowship\/\">EFORT Fellowships<\/a><\/p>\n<p><a href=\"https:\/\/semmelweis.hu\/ortopedklinika\/epos-visiting-fellowship\/\">EPOS Travelling Fellowship<\/a><\/p>\n<p><a href=\"https:\/\/semmelweis.hu\/ortopedklinika\/erasmus-plus-palyazat\/\">Erasmus Plus p\u00e1ly\u00e1zat<\/a><\/p>\n<p>&nbsp;<\/p>\n","protected":false},"excerpt":{"rendered":"<p>&nbsp;<br \/>\n<a href=\"https:\/\/semmelweis.hu\/ortopedklinika\/szakorvosok-szamara\/zinner-palyazat\/\">Zinner N\u00e1ndor P\u00e1ly\u00e1zat<\/a><br \/>\n<a href=\"https:\/\/semmelweis.hu\/ortopedklinika\/kivalosagi-lista-kerpel-fronius-odon-tehetseggondozo-program\/\">Kerpel Fronius \u00d6d\u00f6n Tehets\u00e9ggondoz\u00f3 Program<\/a><br \/>\n<a href=\"https:\/\/semmelweis.hu\/ortopedklinika\/efort-visiting-fellowship\/\">EFORT Fellowships<\/a><br \/>\n<a href=\"https:\/\/semmelweis.hu\/ortopedklinika\/epos-visiting-fellowship\/\">EPOS Travelling Fellowship<\/a><br \/>\n<a href=\"https:\/\/semmelweis.hu\/ortopedklinika\/erasmus-plus-palyazat\/\">Erasmus Plus p\u00e1ly\u00e1zat<\/a><br \/>\n&nbsp;<\/p>\n","protected":false},"author":101896,"featured_media":0,"parent":248,"menu_order":3,"comment_status":"closed","ping_status":"closed","template":"","meta":{"_acf_changed":false,"footnotes":""},"categories":[],"tags":[],"class_list":["post-2233","page","type-page","status-publish","hentry"],"acf":[],"_links":{"self":[{"href":"https:\/\/semmelweis.hu\/ortopedklinika\/wp-json\/wp\/v2\/pages\/2233","targetHints":{"allow":["GET"]}}],"collection":[{"href":"https:\/\/semmelweis.hu\/ortopedklinika\/wp-json\/wp\/v2\/pages"}],"about":[{"href":"https:\/\/semmelweis.hu\/ortopedklinika\/wp-json\/wp\/v2\/types\/page"}],"author":[{"embeddable":true,"href":"https:\/\/semmelweis.hu\/ortopedklinika\/wp-json\/wp\/v2\/users\/101896"}],"replies":[{"embeddable":true,"href":"https:\/\/semmelweis.hu\/ortopedklinika\/wp-json\/wp\/v2\/comments?post=2233"}],"version-history":[{"count":7,"href":"https:\/\/semmelweis.hu\/ortopedklinika\/wp-json\/wp\/v2\/pages\/2233\/revisions"}],"predecessor-version":[{"id":3496,"href":"https:\/\/semmelweis.hu\/ortopedklinika\/wp-json\/wp\/v2\/pages\/2233\/revisions\/3496"}],"up":[{"embeddable":true,"href":"https:\/\/semmelweis.hu\/ortopedklinika\/wp-json\/wp\/v2\/pages\/248"}],"wp:attachment":[{"href":"https:\/\/semmelweis.hu\/ortopedklinika\/wp-json\/wp\/v2\/media?parent=2233"}],"wp:term":[{"taxonomy":"category","embeddable":true,"href":"https:\/\/semmelweis.hu\/ortopedklinika\/wp-json\/wp\/v2\/categories?post=2233"},{"taxonomy":"post_tag","embeddable":true,"href":"https:\/\/semmelweis.hu\/ortopedklinika\/wp-json\/wp\/v2\/tags?post=2233"}],"curies":[{"name":"wp","href":"https:\/\/api.w.org\/{rel}","templated":true}]}}