{"id":2191,"date":"2022-02-02T23:32:13","date_gmt":"2022-02-02T22:32:13","guid":{"rendered":"https:\/\/semmelweis.hu\/ortopedklinika\/?page_id=2191"},"modified":"2022-03-30T22:59:51","modified_gmt":"2022-03-30T20:59:51","slug":"phd-program","status":"publish","type":"page","link":"https:\/\/semmelweis.hu\/ortopedklinika\/phd-kepzes\/phd-program\/","title":{"rendered":"PhD program"},"content":{"rendered":"<p style=\"text-align: justify\"><strong>Semmelweis Egyetem Klinikai Orvostudom\u00e1nyok Doktori Iskola<\/strong><\/p>\n<p style=\"text-align: justify\"><strong>A t\u00e1maszt\u00f3 \u00e9s mozgat\u00f3 szervrendszer m\u0171k\u00f6d\u00e9s\u00e9nek fiziol\u00f3gi\u00e1ja (2\/8-as) doktori program<\/strong><\/p>\n<p style=\"text-align: justify\"><strong>Programvezet\u0151: Dr. Szendr\u0151i Mikl\u00f3s<br \/>\n<\/strong>Semmelweis Egyetem, Ortop\u00e9diai Klinika<\/p>\n<p style=\"text-align: justify\">A program c\u00e9lja az ortop\u00e9dia, traumatol\u00f3gia \u00e1s reumatol\u00f3gia ter\u00fclet\u00e9n foly\u00f3 kutat\u00e1sok r\u00e9v\u00e9n a betegs\u00e9gek jobb megismer\u00e9se \u00e9s ezekben j\u00e1rtas kutat\u00f3 \u00e9s gy\u00f3gy\u00edt\u00f3 szakemberek k\u00e9pz\u00e9se. A programban els\u0151sorban klinikai, molekul\u00e1ris \u00e9s biomechanikai kutat\u00e1sok folynak.<\/p>\n<p style=\"text-align: justify\"><a href=\"https:\/\/semmelweis.hu\/ortopedklinika\/a-program-temavezetoi\/\">A program t\u00e9mavezet\u0151i<\/a><\/p>\n<p style=\"text-align: justify\"><a href=\"https:\/\/semmelweis.hu\/ortopedklinika\/a-programban-fokozatot-szerzett-hallgatok-listaja\/\">A programban PhD fokozatot szerzett hallgat\u00f3k list\u00e1ja<\/a><\/p>\n<p style=\"text-align: justify\">\u00a0<\/p>\n","protected":false},"excerpt":{"rendered":"<p>Semmelweis Egyetem Klinikai Orvostudom\u00e1nyok Doktori Iskola A t\u00e1maszt\u00f3 \u00e9s mozgat\u00f3 szervrendszer m\u0171k\u00f6d\u00e9s\u00e9nek fiziol\u00f3gi\u00e1ja (2\/8-as) doktori program Programvezet\u0151: Dr. Szendr\u0151i Mikl\u00f3s Semmelweis Egyetem, Ortop\u00e9diai Klinika A program c\u00e9lja az ortop\u00e9dia, traumatol\u00f3gia \u00e1s reumatol\u00f3gia ter\u00fclet\u00e9n foly\u00f3 kutat\u00e1sok r\u00e9v\u00e9n a betegs\u00e9gek jobb megismer\u00e9se \u00e9s ezekben j\u00e1rtas kutat\u00f3 \u00e9s gy\u00f3gy\u00edt\u00f3 szakemberek k\u00e9pz\u00e9se. A programban els\u0151sorban klinikai, molekul\u00e1ris \u00e9s biomechanikai &hellip;<\/p>\n","protected":false},"author":101896,"featured_media":0,"parent":2161,"menu_order":2,"comment_status":"closed","ping_status":"closed","template":"","meta":{"_acf_changed":false,"footnotes":""},"categories":[],"tags":[],"class_list":["post-2191","page","type-page","status-publish","hentry"],"acf":[],"_links":{"self":[{"href":"https:\/\/semmelweis.hu\/ortopedklinika\/wp-json\/wp\/v2\/pages\/2191","targetHints":{"allow":["GET"]}}],"collection":[{"href":"https:\/\/semmelweis.hu\/ortopedklinika\/wp-json\/wp\/v2\/pages"}],"about":[{"href":"https:\/\/semmelweis.hu\/ortopedklinika\/wp-json\/wp\/v2\/types\/page"}],"author":[{"embeddable":true,"href":"https:\/\/semmelweis.hu\/ortopedklinika\/wp-json\/wp\/v2\/users\/101896"}],"replies":[{"embeddable":true,"href":"https:\/\/semmelweis.hu\/ortopedklinika\/wp-json\/wp\/v2\/comments?post=2191"}],"version-history":[{"count":8,"href":"https:\/\/semmelweis.hu\/ortopedklinika\/wp-json\/wp\/v2\/pages\/2191\/revisions"}],"predecessor-version":[{"id":2703,"href":"https:\/\/semmelweis.hu\/ortopedklinika\/wp-json\/wp\/v2\/pages\/2191\/revisions\/2703"}],"up":[{"embeddable":true,"href":"https:\/\/semmelweis.hu\/ortopedklinika\/wp-json\/wp\/v2\/pages\/2161"}],"wp:attachment":[{"href":"https:\/\/semmelweis.hu\/ortopedklinika\/wp-json\/wp\/v2\/media?parent=2191"}],"wp:term":[{"taxonomy":"category","embeddable":true,"href":"https:\/\/semmelweis.hu\/ortopedklinika\/wp-json\/wp\/v2\/categories?post=2191"},{"taxonomy":"post_tag","embeddable":true,"href":"https:\/\/semmelweis.hu\/ortopedklinika\/wp-json\/wp\/v2\/tags?post=2191"}],"curies":[{"name":"wp","href":"https:\/\/api.w.org\/{rel}","templated":true}]}}