{"id":2183,"date":"2022-02-02T23:15:40","date_gmt":"2022-02-02T22:15:40","guid":{"rendered":"https:\/\/semmelweis.hu\/ortopedklinika\/?page_id=2183"},"modified":"2025-02-05T22:40:00","modified_gmt":"2025-02-05T21:40:00","slug":"kutatasi-temak","status":"publish","type":"page","link":"https:\/\/semmelweis.hu\/ortopedklinika\/phd-kepzes\/kutatasi-temak\/","title":{"rendered":"PhD kutat\u00e1si t\u00e9m\u00e1k"},"content":{"rendered":"<p style=\"text-align: justify\"><strong>Semmelweis Egyetem Klinikai Orvostudom\u00e1nyok Doktori Iskola<\/strong><\/p>\n<p style=\"text-align: justify\"><strong>A t\u00e1maszt\u00f3 \u00e9s mozgat\u00f3 szervrendszer m\u0171k\u00f6d\u00e9s\u00e9nek fiziol\u00f3gi\u00e1ja (2\/8-as) doktori program<\/strong><\/p>\n<p>&nbsp;<\/p>\n<p style=\"text-align: justify\"><strong>Az Ortop\u00e9diai Klinika t\u00e9m\u00e1i<\/strong><\/p>\n<p style=\"text-align: justify\"><strong>2024-2025. tan\u00e9v<\/strong><\/p>\n<p style=\"text-align: justify\"><strong>\u00a0<\/strong><strong>\u00a0<\/strong><\/p>\n<p style=\"text-align: justify\"><strong>1. \u00c9p- \u00e9s mozg\u00e1sukban korl\u00e1tozott kajak-kenu sportol\u00f3k biomechanikai mozg\u00e1selemz\u00e9se-\u00e9s \u00f6sszehasonl\u00edt\u00f3 vizsg\u00e1lata<\/strong><\/p>\n<p style=\"text-align: justify\">T\u00e9mavezet\u0151: Dr. Bejek Zolt\u00e1n egyetemi docens<\/p>\n<p style=\"text-align: justify\"><strong>\u00a0<\/strong><\/p>\n<p style=\"text-align: justify\"><strong>2. T\u00e9rd\u00edz\u00fcleti arthroplastica rehabilit\u00e1ci\u00f3j\u00e1ra hat\u00f3 faktorok elemz\u00e9se biomechanikai vizsg\u00e1latokkal<\/strong><\/p>\n<p style=\"text-align: justify\">T\u00e9mavezet\u0151: Dr. Bejek Zolt\u00e1n egyetemi docens<\/p>\n<p style=\"text-align: justify\"><strong>\u00a0<\/strong><\/p>\n<p style=\"text-align: justify\"><strong>3. H\u00e1rom dimenzi\u00f3s tervez\u00e9s \u00e9s nyomtat\u00e1s egyedi implant\u00e1tumok fejleszt\u00e9se<\/strong><\/p>\n<p style=\"text-align: justify\">T\u00e9mavezet\u0151: Dr. Bejek Zolt\u00e1n egyetemi docens<\/p>\n<p>&nbsp;<\/p>\n<p style=\"text-align: justify\"><strong>4. Periprotetikus fert\u0151z\u00e9sek korszer\u0171 diagnosztik\u00e1ja \u00e9s ter\u00e1pi\u00e1ja<\/strong><\/p>\n<p style=\"text-align: justify\">T\u00e9mavezet\u0151: Dr. Skaliczki G\u00e1bor egyetemi docens<\/p>\n<p>&nbsp;<\/p>\n<p style=\"text-align: justify\"><strong>5. Artr\u00f3zis kialakul\u00e1sa \u00e9s seb\u00e9szeti kezel\u00e9se<\/strong><\/p>\n<p style=\"text-align: justify\">T\u00e9mavezet\u0151: Dr. Skaliczki G\u00e1bor egyetemi docens<\/p>\n<p>&nbsp;<\/p>\n<p style=\"text-align: justify\"><strong>6. A fels\u0151 v\u00e9gtagi mozg\u00e1sminta szerepe a v\u00e1ll\u00edz\u00fclet funkci\u00f3j\u00e1ban \u00e9s funkci\u00f3zavaraiban<\/strong><\/p>\n<p style=\"text-align: justify\">T\u00e9mavezet\u0151: Dr. Skaliczki G\u00e1bor egyetemi docens<\/p>\n<p>&nbsp;<\/p>\n<p style=\"text-align: justify\"><strong>7. Csontmetastasisok: prognosztikai faktorokt\u00f3l f\u00fcgg\u0151 seb\u00e9szi kezel\u00e9sek<\/strong><\/p>\n<p style=\"text-align: justify\">T\u00e9mavezet\u0151: Prof. Dr. Szendr\u0151i Mikl\u00f3s egyetemi tan\u00e1r<\/p>\n<p>&nbsp;<\/p>\n<p style=\"text-align: justify\"><strong>8. Recidiva k\u00e9szs\u00e9g, maligniz\u00e1ci\u00f3 k\u00e9rd\u00e9se \u00fagynevezett borderline csontdaganatokn\u00e1l<\/strong><\/p>\n<p style=\"text-align: justify\">T\u00e9mavezet\u0151: Prof. Dr. Szendr\u0151i Mikl\u00f3s egyetemi tan\u00e1r<\/p>\n<p>&nbsp;<\/p>\n<p style=\"text-align: justify\"><strong>9. Prognosztikai t\u00e9nyez\u0151k vizsg\u00e1lata egyes csontdaganatokn\u00e1l<\/strong><\/p>\n<p style=\"text-align: justify\">T\u00e9mavezet\u0151: Prof. Dr. Szendr\u0151i Mikl\u00f3s egyetemi tan\u00e1r<\/p>\n<p style=\"text-align: justify\"><strong>\u00a0<\/strong><\/p>\n<p style=\"text-align: justify\"><strong>10. Kiterjedt csontdefektusok p\u00f3tl\u00e1s\u00e1nak lehet\u0151s\u00e9gei, massziv osteochondr\u00e1lis homograftok, autograftok, endoprot\u00e9zisek \u00f6sszehasonl\u00edt\u00f3 vizsg\u00e1lata<\/strong><\/p>\n<p style=\"text-align: justify\">T\u00e9mavezet\u0151: Prof. Dr. Szendr\u0151i Mikl\u00f3s egyetemi tan\u00e1r<\/p>\n<p style=\"text-align: justify\"><strong>\u00a0<\/strong><\/p>\n<p style=\"text-align: justify\"><strong>11. Sz\u00f6veti \u00e9s kinetikai v\u00e1ltoz\u00e1sok mozg\u00e1sszervi betegs\u00e9gekben \u00e9s fejl\u0151d\u00e9si rendelleness\u00e9gekben<\/strong><\/p>\n<p style=\"text-align: justify\">T\u00e9mavezet\u0151: Prof. Dr. Sz\u0151ke Gy\u00f6rgy egyetemi tan\u00e1r<\/p>\n<p>&nbsp;<\/p>\n<p style=\"text-align: justify\"><strong>12. Mozg\u00e1sanal\u00edzis neuromuscularis \u00e9s musculoscelet\u00e1lis betegs\u00e9gekben<\/strong><\/p>\n<p style=\"text-align: justify\">T\u00e9mavezet\u0151: Dr. Terebessy Tam\u00e1s egyetemi docens<\/p>\n<p style=\"text-align: justify\">\u00a0<\/p>\n","protected":false},"excerpt":{"rendered":"<p>Semmelweis Egyetem Klinikai Orvostudom\u00e1nyok Doktori Iskola A t\u00e1maszt\u00f3 \u00e9s mozgat\u00f3 szervrendszer m\u0171k\u00f6d\u00e9s\u00e9nek fiziol\u00f3gi\u00e1ja (2\/8-as) doktori program &nbsp; Az Ortop\u00e9diai Klinika t\u00e9m\u00e1i 2024-2025. tan\u00e9v \u00a0\u00a0 1. \u00c9p- \u00e9s mozg\u00e1sukban korl\u00e1tozott kajak-kenu sportol\u00f3k biomechanikai mozg\u00e1selemz\u00e9se-\u00e9s \u00f6sszehasonl\u00edt\u00f3 vizsg\u00e1lata T\u00e9mavezet\u0151: Dr. Bejek Zolt\u00e1n egyetemi docens \u00a0 2. T\u00e9rd\u00edz\u00fcleti arthroplastica rehabilit\u00e1ci\u00f3j\u00e1ra hat\u00f3 faktorok elemz\u00e9se biomechanikai vizsg\u00e1latokkal T\u00e9mavezet\u0151: Dr. Bejek Zolt\u00e1n &hellip;<\/p>\n","protected":false},"author":101896,"featured_media":0,"parent":2161,"menu_order":3,"comment_status":"closed","ping_status":"closed","template":"","meta":{"_acf_changed":false,"footnotes":""},"categories":[],"tags":[],"class_list":["post-2183","page","type-page","status-publish","hentry"],"acf":[],"_links":{"self":[{"href":"https:\/\/semmelweis.hu\/ortopedklinika\/wp-json\/wp\/v2\/pages\/2183","targetHints":{"allow":["GET"]}}],"collection":[{"href":"https:\/\/semmelweis.hu\/ortopedklinika\/wp-json\/wp\/v2\/pages"}],"about":[{"href":"https:\/\/semmelweis.hu\/ortopedklinika\/wp-json\/wp\/v2\/types\/page"}],"author":[{"embeddable":true,"href":"https:\/\/semmelweis.hu\/ortopedklinika\/wp-json\/wp\/v2\/users\/101896"}],"replies":[{"embeddable":true,"href":"https:\/\/semmelweis.hu\/ortopedklinika\/wp-json\/wp\/v2\/comments?post=2183"}],"version-history":[{"count":9,"href":"https:\/\/semmelweis.hu\/ortopedklinika\/wp-json\/wp\/v2\/pages\/2183\/revisions"}],"predecessor-version":[{"id":3500,"href":"https:\/\/semmelweis.hu\/ortopedklinika\/wp-json\/wp\/v2\/pages\/2183\/revisions\/3500"}],"up":[{"embeddable":true,"href":"https:\/\/semmelweis.hu\/ortopedklinika\/wp-json\/wp\/v2\/pages\/2161"}],"wp:attachment":[{"href":"https:\/\/semmelweis.hu\/ortopedklinika\/wp-json\/wp\/v2\/media?parent=2183"}],"wp:term":[{"taxonomy":"category","embeddable":true,"href":"https:\/\/semmelweis.hu\/ortopedklinika\/wp-json\/wp\/v2\/categories?post=2183"},{"taxonomy":"post_tag","embeddable":true,"href":"https:\/\/semmelweis.hu\/ortopedklinika\/wp-json\/wp\/v2\/tags?post=2183"}],"curies":[{"name":"wp","href":"https:\/\/api.w.org\/{rel}","templated":true}]}}