{"id":2166,"date":"2022-01-29T17:46:58","date_gmt":"2022-01-29T16:46:58","guid":{"rendered":"https:\/\/semmelweis.hu\/ortopedklinika\/?page_id=2166"},"modified":"2025-09-16T23:30:10","modified_gmt":"2025-09-16T21:30:10","slug":"tdk-transzlacios-medicina-program-2","status":"publish","type":"page","link":"https:\/\/semmelweis.hu\/ortopedklinika\/tdk-transzlacios-medicina-program-2\/","title":{"rendered":"TDK"},"content":{"rendered":"<p style=\"text-align: justify\">Az Ortop\u00e9diai Klinika lelkes hallgat\u00f3k jelentkez\u00e9s\u00e9t v\u00e1rja a hagyom\u00e1nyos <a href=\"https:\/\/semmelweis.hu\/ortopedklinika\/gradualis-oktatas\/tdk-hallgatok-figyelmebe\/\">TDK<\/a> \u00e9s a <a href=\"https:\/\/semmelweis.hu\/tmk\/\">Transzl\u00e1ci\u00f3s Medicina Programon<\/a>\u00a0kereszt\u00fcl is.<\/p>\n<p data-start=\"142\" data-end=\"562\">Ha ebben a f\u00e9l\u00e9vben el\u0151sz\u00f6r jelentkezel hozz\u00e1nk tudom\u00e1nyos munk\u00e1ra \u2013 teh\u00e1t m\u00e9g nincs mentorod \u00e9s projekted \u2013, k\u00e9r\u00fcnk, hogy k\u00fcldj a <strong data-start=\"273\" data-end=\"302\"><a class=\"decorated-link cursor-pointer\" rel=\"noopener\">tulassay.eszter@gmail.com<\/a><\/strong> c\u00edmre egy r\u00f6vid bemutatkoz\u00f3 \u00f6n\u00e9letrajzot \u00e9s egy motiv\u00e1ci\u00f3s levelet. A lev\u00e9lben \u00edrd meg, mi\u00e9rt szeretn\u00e9l n\u00e1lunk dolgozni, \u00e9s melyik ter\u00fclet \u00e9rdekel legink\u00e1bb (<strong data-start=\"461\" data-end=\"558\">tumorseb\u00e9szet, gyermekortop\u00e9dia, t\u00e9rd- \u00e9s cs\u00edp\u0151seb\u00e9szet, v\u00e1llseb\u00e9szet vagy szeptikus seb\u00e9szet<\/strong>).<\/p>\n<p data-start=\"564\" data-end=\"707\">A be\u00e9rkezett anyagok alapj\u00e1n szem\u00e9lyes besz\u00e9lget\u00e9sre h\u00edvunk, ahol k\u00f6z\u00f6sen kiv\u00e1lasztjuk a hozz\u00e1d ill\u0151 tutort \u00e9s projektet a k\u00f6vetkez\u0151 f\u00e9l\u00e9vre.<\/p>\n<div style=\"text-align: justify\">\u00a0<\/div>\n<div style=\"text-align: justify\">\u00a0<\/div>\n<p><iframe loading=\"lazy\" title=\"Semmelweis Egyetem Transzl\u00e1ci\u00f3s Medicina K\u00f6zpont Project Student (TDK) Toborz\u00f3 2021. 08. 03.\" width=\"753\" height=\"424\" src=\"https:\/\/www.youtube.com\/embed\/3fdXgrXJAbA?feature=oembed\" frameborder=\"0\" allow=\"accelerometer; autoplay; clipboard-write; encrypted-media; gyroscope; picture-in-picture; web-share\" referrerpolicy=\"strict-origin-when-cross-origin\" allowfullscreen><\/iframe><\/p>\n<p style=\"text-align: justify\">\u00a0<\/p>\n<p style=\"text-align: justify\">\u00a0<\/p>\n","protected":false},"excerpt":{"rendered":"<p>Az Ortop\u00e9diai Klinika lelkes hallgat\u00f3k jelentkez\u00e9s\u00e9t v\u00e1rja a hagyom\u00e1nyos <a href=\"https:\/\/semmelweis.hu\/ortopedklinika\/gradualis-oktatas\/tdk-hallgatok-figyelmebe\/\">TDK<\/a> \u00e9s a <a href=\"https:\/\/semmelweis.hu\/tmk\/\">Transzl\u00e1ci\u00f3s Medicina Programon<\/a> \u00a0kereszt\u00fcl is. Ha ebben a f\u00e9l\u00e9vben el\u0151sz\u00f6r jelentkezel hozz\u00e1nk tudom\u00e1nyos munk\u00e1ra \u2013 teh\u00e1t m\u00e9g nincs mentorod \u00e9s projekted \u2013, k\u00e9r\u00fcnk, hogy k\u00fcldj a <a class=\"decorated-link cursor-pointer\" rel=\"noopener\">tulassay.eszter@gmail.com<\/a> c\u00edmre egy r\u00f6vid bemutatkoz\u00f3 \u00f6n\u00e9letrajzot \u00e9s egy motiv\u00e1ci\u00f3s levelet. A lev\u00e9lben \u00edrd meg, mi\u00e9rt szeretn\u00e9l n\u00e1lunk dolgozni, \u00e9s melyik ter\u00fclet \u00e9rdekel &hellip;<\/p>\n","protected":false},"author":101896,"featured_media":0,"parent":0,"menu_order":3,"comment_status":"closed","ping_status":"closed","template":"","meta":{"_acf_changed":false,"footnotes":""},"categories":[],"tags":[],"class_list":["post-2166","page","type-page","status-publish","hentry"],"acf":[],"_links":{"self":[{"href":"https:\/\/semmelweis.hu\/ortopedklinika\/wp-json\/wp\/v2\/pages\/2166","targetHints":{"allow":["GET"]}}],"collection":[{"href":"https:\/\/semmelweis.hu\/ortopedklinika\/wp-json\/wp\/v2\/pages"}],"about":[{"href":"https:\/\/semmelweis.hu\/ortopedklinika\/wp-json\/wp\/v2\/types\/page"}],"author":[{"embeddable":true,"href":"https:\/\/semmelweis.hu\/ortopedklinika\/wp-json\/wp\/v2\/users\/101896"}],"replies":[{"embeddable":true,"href":"https:\/\/semmelweis.hu\/ortopedklinika\/wp-json\/wp\/v2\/comments?post=2166"}],"version-history":[{"count":8,"href":"https:\/\/semmelweis.hu\/ortopedklinika\/wp-json\/wp\/v2\/pages\/2166\/revisions"}],"predecessor-version":[{"id":3542,"href":"https:\/\/semmelweis.hu\/ortopedklinika\/wp-json\/wp\/v2\/pages\/2166\/revisions\/3542"}],"wp:attachment":[{"href":"https:\/\/semmelweis.hu\/ortopedklinika\/wp-json\/wp\/v2\/media?parent=2166"}],"wp:term":[{"taxonomy":"category","embeddable":true,"href":"https:\/\/semmelweis.hu\/ortopedklinika\/wp-json\/wp\/v2\/categories?post=2166"},{"taxonomy":"post_tag","embeddable":true,"href":"https:\/\/semmelweis.hu\/ortopedklinika\/wp-json\/wp\/v2\/tags?post=2166"}],"curies":[{"name":"wp","href":"https:\/\/api.w.org\/{rel}","templated":true}]}}