{"id":2137,"date":"2021-10-19T17:12:11","date_gmt":"2021-10-19T15:12:11","guid":{"rendered":"https:\/\/semmelweis.hu\/ortopedklinika\/?page_id=2137"},"modified":"2022-05-10T19:59:24","modified_gmt":"2022-05-10T17:59:24","slug":"tdk-palyazatok","status":"publish","type":"page","link":"https:\/\/semmelweis.hu\/ortopedklinika\/tdk-transzlacios-medicina-program-2\/tdk-palyazatok\/","title":{"rendered":"TDK p\u00e1ly\u00e1zatok"},"content":{"rendered":"<p style=\"text-align: justify\"><a href=\"https:\/\/semmelweis.hu\/ortopedklinika\/publikacios-palyazat\/\"><span style=\"font-size: 14pt\">Publik\u00e1ci\u00f3s p\u00e1ly\u00e1zat<\/span><\/a><\/p>\n<p style=\"text-align: justify\"><a href=\"https:\/\/semmelweis.hu\/ortopedklinika\/pro-scientia-palyazat\/\"><span style=\"font-size: 14pt\">Pro Scientia p\u00e1ly\u00e1zat<\/span><\/a><\/p>\n<p style=\"text-align: justify\"><a href=\"https:\/\/semmelweis.hu\/ortopedklinika\/tdk-kivalo-diakkoros-palyazat\/\"><span style=\"font-size: 14pt\">A Semmelweis Egyetem Kiv\u00e1l\u00f3 Di\u00e1kk\u00f6r\u00f6se p\u00e1ly\u00e1zat <\/span><\/a><\/p>\n<p style=\"text-align: justify\"><span style=\"font-size: 14pt\"><a href=\"https:\/\/semmelweis.hu\/innovacio\/innovaciomenedzsment\/innovacios-dij\/\">Semmelweis Innov\u00e1ci\u00f3s D\u00edj<\/a> <\/span><\/p>\n<p style=\"text-align: justify\"><a href=\"https:\/\/semmelweis.hu\/kerpel\/\"><span style=\"font-size: 14pt\">Kerpel-Fronius \u00d6d\u00f6n Tehets\u00e9ggondoz\u00f3 Program<\/span><\/a><\/p>\n<p style=\"text-align: justify\"><a href=\"https:\/\/semmelweis.hu\/tdk\/hmaa-palyazat-2022\/\">HMAA p\u00e1ly\u00e1zat<\/a><\/p>\n","protected":false},"excerpt":{"rendered":"<p><a href=\"https:\/\/semmelweis.hu\/ortopedklinika\/publikacios-palyazat\/\">Publik\u00e1ci\u00f3s p\u00e1ly\u00e1zat<\/a><br \/>\n<a href=\"https:\/\/semmelweis.hu\/ortopedklinika\/pro-scientia-palyazat\/\">Pro Scientia p\u00e1ly\u00e1zat<\/a><br \/>\n<a href=\"https:\/\/semmelweis.hu\/ortopedklinika\/tdk-kivalo-diakkoros-palyazat\/\">A Semmelweis Egyetem Kiv\u00e1l\u00f3 Di\u00e1kk\u00f6r\u00f6se p\u00e1ly\u00e1zat <\/a><br \/>\n<a href=\"https:\/\/semmelweis.hu\/innovacio\/innovaciomenedzsment\/innovacios-dij\/\">Semmelweis Innov\u00e1ci\u00f3s D\u00edj<\/a><br \/>\n<a href=\"https:\/\/semmelweis.hu\/kerpel\/\">Kerpel-Fronius \u00d6d\u00f6n Tehets\u00e9ggondoz\u00f3 Program<\/a><br \/>\n<a href=\"https:\/\/semmelweis.hu\/tdk\/hmaa-palyazat-2022\/\">HMAA p\u00e1ly\u00e1zat<\/a><\/p>\n","protected":false},"author":101896,"featured_media":0,"parent":2166,"menu_order":7,"comment_status":"closed","ping_status":"closed","template":"","meta":{"_acf_changed":false,"footnotes":""},"categories":[],"tags":[],"class_list":["post-2137","page","type-page","status-publish","hentry"],"acf":[],"_links":{"self":[{"href":"https:\/\/semmelweis.hu\/ortopedklinika\/wp-json\/wp\/v2\/pages\/2137","targetHints":{"allow":["GET"]}}],"collection":[{"href":"https:\/\/semmelweis.hu\/ortopedklinika\/wp-json\/wp\/v2\/pages"}],"about":[{"href":"https:\/\/semmelweis.hu\/ortopedklinika\/wp-json\/wp\/v2\/types\/page"}],"author":[{"embeddable":true,"href":"https:\/\/semmelweis.hu\/ortopedklinika\/wp-json\/wp\/v2\/users\/101896"}],"replies":[{"embeddable":true,"href":"https:\/\/semmelweis.hu\/ortopedklinika\/wp-json\/wp\/v2\/comments?post=2137"}],"version-history":[{"count":9,"href":"https:\/\/semmelweis.hu\/ortopedklinika\/wp-json\/wp\/v2\/pages\/2137\/revisions"}],"predecessor-version":[{"id":2921,"href":"https:\/\/semmelweis.hu\/ortopedklinika\/wp-json\/wp\/v2\/pages\/2137\/revisions\/2921"}],"up":[{"embeddable":true,"href":"https:\/\/semmelweis.hu\/ortopedklinika\/wp-json\/wp\/v2\/pages\/2166"}],"wp:attachment":[{"href":"https:\/\/semmelweis.hu\/ortopedklinika\/wp-json\/wp\/v2\/media?parent=2137"}],"wp:term":[{"taxonomy":"category","embeddable":true,"href":"https:\/\/semmelweis.hu\/ortopedklinika\/wp-json\/wp\/v2\/categories?post=2137"},{"taxonomy":"post_tag","embeddable":true,"href":"https:\/\/semmelweis.hu\/ortopedklinika\/wp-json\/wp\/v2\/tags?post=2137"}],"curies":[{"name":"wp","href":"https:\/\/api.w.org\/{rel}","templated":true}]}}