{"id":2133,"date":"2021-10-19T17:10:28","date_gmt":"2021-10-19T15:10:28","guid":{"rendered":"https:\/\/semmelweis.hu\/ortopedklinika\/?page_id=2133"},"modified":"2022-03-30T23:12:38","modified_gmt":"2022-03-30T21:12:38","slug":"tdk-kivalo-diakkoros-palyazat","status":"publish","type":"page","link":"https:\/\/semmelweis.hu\/ortopedklinika\/tdk-transzlacios-medicina-program-2\/tdk-palyazatok\/tdk-kivalo-diakkoros-palyazat\/","title":{"rendered":"A Semmelweis Egyetem Kiv\u00e1l\u00f3 Di\u00e1kk\u00f6r\u00f6se p\u00e1ly\u00e1zat"},"content":{"rendered":"<p style=\"text-align: justify\">A Semmelweis Egyetem Tudom\u00e1nyos Di\u00e1kk\u00f6ri Tan\u00e1csa p\u00e1ly\u00e1zatot hirdet a <strong>2020\/2021. tan\u00e9vben v\u00e9gzett hallgat\u00f3k r\u00e9sz\u00e9re<\/strong>\u00a0a &#8222;Semmelweis Egyetem Kiv\u00e1l\u00f3 Di\u00e1kk\u00f6r\u00f6se&#8221; c\u00edm elnyer\u00e9s\u00e9\u00e9rt.<\/p>\n<p style=\"text-align: justify\">A kit\u00fcntet\u00e9s c\u00e9lja az egyetemen \u00e9veken \u00e1t tart\u00f3 kiemelked\u0151 tudom\u00e1nyos munka elismer\u00e9se. A\u00a0kit\u00fcntet\u0151 c\u00edmet az egyetem Tudom\u00e1nyos Di\u00e1kk\u00f6ri Tan\u00e1csa a be\u00e9rkez\u0151 p\u00e1ly\u00e1zatok elb\u00edr\u00e1l\u00e1sa\u00a0ut\u00e1n \u00edt\u00e9li oda maximum tizenkett\u0151 hallgat\u00f3nak a kari reprezent\u00e1ci\u00f3t\u00f3l f\u00fcgg\u0151en.<\/p>\n<p style=\"text-align: justify\"><strong>A p\u00e1ly\u00e1zat p\u00e9nzd\u00edja:\u00a0<\/strong>brutt\u00f3 100.000,- forint.<\/p>\n<p style=\"text-align: justify\">A kit\u00fcntet\u00e9st a 2022. \u00e9vi egyetemi TDK Konferencia megnyit\u00f3j\u00e1n, 2022. febru\u00e1r 9-\u00e9n vehetik\u00a0\u00e1t a nyertesek.<\/p>\n<p style=\"text-align: justify\"><strong>A p\u00e1ly\u00e1zati jelentkez\u00e9si lap el\u00e9rhet\u0151s\u00e9ge:\u00a0<\/strong>https:\/\/forms.gle\/QLFyJ4Ah9M5FaVVr5<\/p>\n<p style=\"text-align: justify\"><strong>A p\u00e1ly\u00e1zati jelentkez\u00e9si lap kit\u00f6lt\u00e9si hat\u00e1rideje:<\/strong> 2021. november 15. 24h<\/p>\n<p style=\"text-align: justify\"><strong>P\u00e1ly\u00e1zati felt\u00e9telek:<\/strong><br \/>\n-a p\u00e1ly\u00e1z\u00f3 a Semmelweis Egyetem b\u00e1rmely kar\u00e1nak 2020\/2021. tan\u00e9vben v\u00e9gzett hallgat\u00f3ja\u00a0(BSc-n is)<br \/>\n-a hallgat\u00f3 kor\u00e1bban m\u00e9g nem p\u00e1ly\u00e1zta meg, illetve nyerte el a &#8222;Semmelweis Egyetem Kiv\u00e1l\u00f3\u00a0Di\u00e1kk\u00f6r\u00f6se&#8221; kit\u00fcntet\u00e9st.<\/p>\n<p style=\"text-align: justify\"><strong>A p\u00e1ly\u00e1zatnak tartalmaznia kell:<\/strong><br \/>\n&#8211; a kit\u00f6lt\u00f6tt p\u00e1ly\u00e1zati adatlapot<br \/>\n&#8211; a diploma m\u00e1solat\u00e1t<br \/>\n&#8211; a di\u00e1kk\u00f6r\u00f6s hallgat\u00f3 v\u00e1zlatos szakmai \u00f6n\u00e9letrajz\u00e1t (ebben k\u00fcl\u00f6n\u00f6sen: OTDK-n, TDK-<br \/>\nkonferenci\u00e1kon el\u00e9rt eredm\u00e9nyeit, rektori p\u00e1ly\u00e1zaton el\u00e9rt helyez\u00e9seit)<br \/>\n&#8211; az \u00f6n\u00e9letrajz mell\u00e9kletek\u00e9nt egy-egy m\u00e1solatot a megjelent tudom\u00e1nyos k\u00f6zlem\u00e9nyeinek 1.\u00a0oldal\u00e1r\u00f3l, valamint a tudom\u00e1nyos konferenci\u00e1kon \u00e9s f\u00f3rumokon elhangzott el\u0151ad\u00e1sainak,\u00a0bemutatott posztereinek absztraktj\u00e1r\u00f3l.<\/p>\n<p style=\"text-align: justify\"><strong>Bek\u00fcld\u00e9si c\u00edm:<\/strong> office.se.tdk@gmail.com<\/p>\n<p style=\"text-align: justify\"><strong>Bek\u00fcld\u00e9si hat\u00e1rid\u0151:<\/strong> 2021. november 15. 24h<\/p>\n<p style=\"text-align: justify\">\u00a0<\/p>\n","protected":false},"excerpt":{"rendered":"<p>A Semmelweis Egyetem Tudom\u00e1nyos Di\u00e1kk\u00f6ri Tan\u00e1csa p\u00e1ly\u00e1zatot hirdet a 2020\/2021. tan\u00e9vben v\u00e9gzett hallgat\u00f3k r\u00e9sz\u00e9re\u00a0a &#8222;Semmelweis Egyetem Kiv\u00e1l\u00f3 Di\u00e1kk\u00f6r\u00f6se&#8221; c\u00edm elnyer\u00e9s\u00e9\u00e9rt. A kit\u00fcntet\u00e9s c\u00e9lja az egyetemen \u00e9veken \u00e1t tart\u00f3 kiemelked\u0151 tudom\u00e1nyos munka elismer\u00e9se. A\u00a0kit\u00fcntet\u0151 c\u00edmet az egyetem Tudom\u00e1nyos Di\u00e1kk\u00f6ri Tan\u00e1csa a be\u00e9rkez\u0151 p\u00e1ly\u00e1zatok elb\u00edr\u00e1l\u00e1sa\u00a0ut\u00e1n \u00edt\u00e9li oda maximum tizenkett\u0151 hallgat\u00f3nak a kari reprezent\u00e1ci\u00f3t\u00f3l f\u00fcgg\u0151en. A p\u00e1ly\u00e1zat p\u00e9nzd\u00edja:\u00a0brutt\u00f3 &hellip;<\/p>\n","protected":false},"author":101896,"featured_media":0,"parent":2137,"menu_order":3,"comment_status":"closed","ping_status":"closed","template":"","meta":{"_acf_changed":false,"footnotes":""},"categories":[],"tags":[],"class_list":["post-2133","page","type-page","status-publish","hentry"],"acf":[],"_links":{"self":[{"href":"https:\/\/semmelweis.hu\/ortopedklinika\/wp-json\/wp\/v2\/pages\/2133","targetHints":{"allow":["GET"]}}],"collection":[{"href":"https:\/\/semmelweis.hu\/ortopedklinika\/wp-json\/wp\/v2\/pages"}],"about":[{"href":"https:\/\/semmelweis.hu\/ortopedklinika\/wp-json\/wp\/v2\/types\/page"}],"author":[{"embeddable":true,"href":"https:\/\/semmelweis.hu\/ortopedklinika\/wp-json\/wp\/v2\/users\/101896"}],"replies":[{"embeddable":true,"href":"https:\/\/semmelweis.hu\/ortopedklinika\/wp-json\/wp\/v2\/comments?post=2133"}],"version-history":[{"count":6,"href":"https:\/\/semmelweis.hu\/ortopedklinika\/wp-json\/wp\/v2\/pages\/2133\/revisions"}],"predecessor-version":[{"id":2436,"href":"https:\/\/semmelweis.hu\/ortopedklinika\/wp-json\/wp\/v2\/pages\/2133\/revisions\/2436"}],"up":[{"embeddable":true,"href":"https:\/\/semmelweis.hu\/ortopedklinika\/wp-json\/wp\/v2\/pages\/2137"}],"wp:attachment":[{"href":"https:\/\/semmelweis.hu\/ortopedklinika\/wp-json\/wp\/v2\/media?parent=2133"}],"wp:term":[{"taxonomy":"category","embeddable":true,"href":"https:\/\/semmelweis.hu\/ortopedklinika\/wp-json\/wp\/v2\/categories?post=2133"},{"taxonomy":"post_tag","embeddable":true,"href":"https:\/\/semmelweis.hu\/ortopedklinika\/wp-json\/wp\/v2\/tags?post=2133"}],"curies":[{"name":"wp","href":"https:\/\/api.w.org\/{rel}","templated":true}]}}