{"id":2083,"date":"2021-08-14T21:22:26","date_gmt":"2021-08-14T19:22:26","guid":{"rendered":"https:\/\/semmelweis.hu\/ortopedklinika\/?page_id=2083"},"modified":"2025-02-05T22:37:03","modified_gmt":"2025-02-05T21:37:03","slug":"tdk-transzlacios-medicina-program","status":"publish","type":"page","link":"https:\/\/semmelweis.hu\/ortopedklinika\/tdk-transzlacios-medicina-program-2\/tdk-transzlacios-medicina-program\/","title":{"rendered":"TDK munk\u00e1k"},"content":{"rendered":"<p style=\"text-align: justify\"><strong>A KLINIK\u00c1N AZ AL\u00c1BBI T\u00c9M\u00c1KBAN FOLYIK AKT\u00cdV TDK KUTAT\u00d3MUNKA<\/strong><\/p>\n<p style=\"text-align: justify\"><strong>2024-2025. tan\u00e9v II. f\u00e9l\u00e9v<br \/>\n<\/strong>Akt\u00edv TDK hallgat\u00f3k sz\u00e1ma: 20<\/p>\n<ul style=\"list-style-type: square\">\n<li style=\"text-align: justify\">\n<p><strong>M\u0171t\u00e9ttechnika \u00e9s perioperat\u00edv aneszt\u00e9zia hat\u00e1sai a korai posztoperat\u00edv id\u0151szakban<br \/>\n<\/strong>T\u00e9mavezet\u0151: Dr. Bejek Zolt\u00e1n<\/p>\n<\/li>\n<li style=\"text-align: justify\">\n<p><strong>A COVID fert\u0151z\u00e9s hat\u00e1sa az elekt\u00edv m\u0171t\u00e9tekre<br \/>\n<\/strong>T\u00e9mavezet\u0151: Dr. Bejek Zolt\u00e1n<\/p>\n<\/li>\n<li style=\"text-align: justify\">\n<p><strong>Sz\u00e1m\u00edt\u00f3g\u00e9pes navig\u00e1ci\u00f3 t\u00e9rdprot\u00e9zis be\u00fcltet\u00e9sn\u00e9l<br \/>\n<\/strong>T\u00e9mavezet\u0151: Dr. Bejek Zolt\u00e1n<\/p>\n<\/li>\n<li style=\"text-align: justify\">\n<p><strong>T\u00e9rd\u00edz\u00fcleti arthroplastica rehabilit\u00e1ci\u00f3j\u00e1ra hat\u00f3 faktorok elemz\u00e9se biomechanikai vizsg\u00e1latokkal<br \/>\n<\/strong>T\u00e9mavezet\u0151: Dr. Bejek Zolt\u00e1n<\/p>\n<\/li>\n<li style=\"text-align: justify\">\n<p><strong>A t\u00e9rd\u00edz\u00fcleti arthoplastica korai sz\u00f6v\u0151dm\u00e9nyeinek okai<br \/>\n<\/strong>T\u00e9mavezet\u0151: Dr. Bejek Zolt\u00e1n<\/p>\n<\/li>\n<li style=\"text-align: justify\">\n<p><strong>Csonthi\u00e1ny p\u00f3tl\u00e1s\u00e1nak megtervez\u00e9se 3D-s nyomtat\u00e1ssal<br \/>\n<\/strong>T\u00e9mavezet\u0151: Dr. Bejek Zolt\u00e1n<\/p>\n<\/li>\n<li style=\"text-align: justify\">\n<p><strong>A szelekt\u00edv \u00e9s univerz\u00e1lis ultrahangvizsg\u00e1lat eredm\u00e9nyess\u00e9ge csecsem\u0151k cs\u00edp\u0151sz\u0171r\u00e9s\u00e9ben<br \/>\n<\/strong>T\u00e9mavezet\u0151: Dr. Domos Gyula<\/p>\n<\/li>\n<li style=\"text-align: justify\">\n<p><strong>A cs\u00edp\u0151ficam kezel\u00e9s\u00e9nek saj\u00e1toss\u00e1gai fi\u00fakban<br \/>\n<\/strong>T\u00e9mavezet\u0151: Dr. Domos Gyula<\/p>\n<\/li>\n<li style=\"text-align: justify\">\n<p><strong>SE Ortop\u00e9diai Klinika l\u00e1gyr\u00e9sztumor regiszter\u00e9nek tudom\u00e1nyos feldolgoz\u00e1sa<br \/>\n<\/strong>T\u00e9mavezet\u0151: Dr. Drajk\u00f3 Bal\u00e1zs<\/p>\n<\/li>\n<li style=\"text-align: justify\">\n<p><strong>A k\u00e9z ortop\u00e9diai megbeteged\u00e9sei<br \/>\n<\/strong>T\u00e9mavezet\u0151: Dr. Hetth\u00e9ssy Judit<\/p>\n<\/li>\n<li style=\"text-align: justify\">\n<p><strong>Mozg\u00e1smegtart\u00f3 m\u00f3dszerek a csukl\u00f3 \u00e9s k\u00e9z arthrosisainak ell\u00e1t\u00e1s\u00e1ban<br \/>\n<\/strong>T\u00e9mavezet\u0151: Dr. Hetth\u00e9ssy Judit<\/p>\n<\/li>\n<li style=\"text-align: justify\">\n<p><strong>Neoadjuv\u00e1ns radioter\u00e1pia jelent\u0151s\u00e9ge malignus l\u00e1gyr\u00e9sztumorok ell\u00e1t\u00e1s\u00e1ban<br \/>\n<\/strong>T\u00e9mavezet\u0151: Dr. Perlaky Tam\u00e1s<\/p>\n<\/li>\n<li style=\"text-align: justify\">\n<p><strong>H\u00fagy\u00fati infekci\u00f3k szerepe a periprotetikus fert\u0151z\u00e9sek kialakul\u00e1s\u00e1ban<br \/>\n<\/strong>T\u00e9mavezet\u0151: Dr. Skaliczki G\u00e1bor<\/p>\n<\/li>\n<li style=\"text-align: justify\">\n<p><strong>Kr\u00f3nikus AC ficamok r\u00f6gz\u00edt\u00e9se LockDown implant\u00e1tummal<br \/>\n<\/strong>T\u00e9mavezet\u0151: Dr. Skaliczki G\u00e1bor<\/p>\n<\/li>\n<li style=\"text-align: justify\">\n<p><strong>Periprotetikus fert\u0151z\u00e9sek megel\u0151z\u00e9se, diagnosztik\u00e1ja, ell\u00e1t\u00e1sa<br \/>\n<\/strong>T\u00e9mavezet\u0151: Dr. Skaliczki G\u00e1bor<\/p>\n<\/li>\n<li style=\"text-align: justify\">\n<p><strong>A subacromialis impingementn\u00e9l v\u00e9gzett decompressio hossz\u00fat\u00e1v\u00fa eredm\u00e9nyeit hogyan befoly\u00e1solja a CSA<br \/>\n<\/strong>T\u00e9mavezet\u0151: Dr. Skaliczki G\u00e1bor<\/p>\n<\/li>\n<li style=\"text-align: justify\">\n<p><strong>T\u00e9rd\u00edz\u00fcleti arthroplastica rehabilit\u00e1ci\u00f3j\u00e1ra hat\u00f3 faktorok elemz\u00e9se biomechanikai vizsg\u00e1latokkal<br \/>\n<\/strong>T\u00e9mavezet\u0151: Dr. Stubnya Bence<\/p>\n<\/li>\n<li style=\"text-align: justify\">\n<p><strong>Constrained v\u00e1p\u00e1k felhaszn\u00e1l\u00e1sa proxim\u00e1lis femurrezekci\u00f3k ut\u00e1ni rekonstrukci\u00f3ban<br \/>\n<\/strong>T\u00e9mavezet\u0151: Dr. Szalay Kriszti\u00e1n<\/p>\n<\/li>\n<\/ul>\n","protected":false},"excerpt":{"rendered":"<p>A KLINIK\u00c1N AZ AL\u00c1BBI T\u00c9M\u00c1KBAN FOLYIK AKT\u00cdV TDK KUTAT\u00d3MUNKA 2024-2025. tan\u00e9v II. f\u00e9l\u00e9v Akt\u00edv TDK hallgat\u00f3k sz\u00e1ma: 20 M\u0171t\u00e9ttechnika \u00e9s perioperat\u00edv aneszt\u00e9zia hat\u00e1sai a korai posztoperat\u00edv id\u0151szakban T\u00e9mavezet\u0151: Dr. Bejek Zolt\u00e1n A COVID fert\u0151z\u00e9s hat\u00e1sa az elekt\u00edv m\u0171t\u00e9tekre T\u00e9mavezet\u0151: Dr. Bejek Zolt\u00e1n Sz\u00e1m\u00edt\u00f3g\u00e9pes navig\u00e1ci\u00f3 t\u00e9rdprot\u00e9zis be\u00fcltet\u00e9sn\u00e9l T\u00e9mavezet\u0151: Dr. Bejek Zolt\u00e1n T\u00e9rd\u00edz\u00fcleti arthroplastica rehabilit\u00e1ci\u00f3j\u00e1ra hat\u00f3 faktorok &hellip;<\/p>\n","protected":false},"author":101896,"featured_media":0,"parent":2166,"menu_order":4,"comment_status":"closed","ping_status":"closed","template":"","meta":{"_acf_changed":false,"footnotes":""},"categories":[],"tags":[],"class_list":["post-2083","page","type-page","status-publish","hentry"],"acf":[],"_links":{"self":[{"href":"https:\/\/semmelweis.hu\/ortopedklinika\/wp-json\/wp\/v2\/pages\/2083","targetHints":{"allow":["GET"]}}],"collection":[{"href":"https:\/\/semmelweis.hu\/ortopedklinika\/wp-json\/wp\/v2\/pages"}],"about":[{"href":"https:\/\/semmelweis.hu\/ortopedklinika\/wp-json\/wp\/v2\/types\/page"}],"author":[{"embeddable":true,"href":"https:\/\/semmelweis.hu\/ortopedklinika\/wp-json\/wp\/v2\/users\/101896"}],"replies":[{"embeddable":true,"href":"https:\/\/semmelweis.hu\/ortopedklinika\/wp-json\/wp\/v2\/comments?post=2083"}],"version-history":[{"count":10,"href":"https:\/\/semmelweis.hu\/ortopedklinika\/wp-json\/wp\/v2\/pages\/2083\/revisions"}],"predecessor-version":[{"id":3498,"href":"https:\/\/semmelweis.hu\/ortopedklinika\/wp-json\/wp\/v2\/pages\/2083\/revisions\/3498"}],"up":[{"embeddable":true,"href":"https:\/\/semmelweis.hu\/ortopedklinika\/wp-json\/wp\/v2\/pages\/2166"}],"wp:attachment":[{"href":"https:\/\/semmelweis.hu\/ortopedklinika\/wp-json\/wp\/v2\/media?parent=2083"}],"wp:term":[{"taxonomy":"category","embeddable":true,"href":"https:\/\/semmelweis.hu\/ortopedklinika\/wp-json\/wp\/v2\/categories?post=2083"},{"taxonomy":"post_tag","embeddable":true,"href":"https:\/\/semmelweis.hu\/ortopedklinika\/wp-json\/wp\/v2\/tags?post=2083"}],"curies":[{"name":"wp","href":"https:\/\/api.w.org\/{rel}","templated":true}]}}