{"id":2056,"date":"2021-05-04T18:39:37","date_gmt":"2021-05-04T16:39:37","guid":{"rendered":"https:\/\/semmelweis.hu\/ortopedklinika\/?page_id=2056"},"modified":"2022-03-30T23:12:30","modified_gmt":"2022-03-30T21:12:30","slug":"pro-scientia-palyazat","status":"publish","type":"page","link":"https:\/\/semmelweis.hu\/ortopedklinika\/tdk-transzlacios-medicina-program-2\/tdk-palyazatok\/pro-scientia-palyazat\/","title":{"rendered":"Pro Scientia p\u00e1ly\u00e1zat"},"content":{"rendered":"<div style=\"text-align: justify\">\u00a0<\/div>\n<div style=\"text-align: justify\">A hallgat\u00f3k sz\u00e1m\u00e1ra 2021. \u00e1prilis 26-t\u00f3l el\u00e9rhet\u0151 a Pro Scientia Arany\u00e9rem p\u00e1ly\u00e1zat beny\u00fajt\u00e1s\u00e1t szolg\u00e1l\u00f3 fel\u00fclet az OTDT online rendszerben.<\/div>\n<div style=\"text-align: justify\">\u00a0<\/div>\n<div style=\"text-align: justify\"><strong>Pro Scientia p\u00e1ly\u00e1zat beny\u00fajt\u00e1si hat\u00e1rideje: 2021. m\u00e1jus 26.<br \/>\n<\/strong><\/div>\n<div style=\"text-align: justify\">\u00a0<\/div>\n<div style=\"text-align: justify\">A p\u00e1ly\u00e1zattal kapcsolatos t\u00e1j\u00e9koztat\u00e1s itt tal\u00e1lhat\u00f3:<\/div>\n<div style=\"text-align: justify\"><a href=\"https:\/\/otdk.hu\/otdt\/kituntetesek\/pro-scientia-pro-arte-es-junior-pro-scientia-aranyerem-kituntetesek\" target=\"_blank\" rel=\"noopener noreferrer\">https:\/\/otdk.hu\/otdt\/kituntetesek\/pro-scientia-pro-arte-es-junior-pro-scientia-aranyerem-kituntetesek<\/a><\/div>\n<div style=\"text-align: justify\"><strong>\u00a0<\/strong><\/div>\n<div style=\"text-align: justify\"><b>A Pro Scientia Arany\u00e9remre az a hallgat\u00f3 p\u00e1ly\u00e1zhat, aki<\/b><\/div>\n<div style=\"text-align: justify\">&#8211; 2021-ben a XXXV. OTDK-n tagozati I. helyezett lett,<\/div>\n<div style=\"text-align: justify\"><strong>VAGY<\/strong><\/div>\n<div style=\"text-align: justify\">&#8211; 2019-ben a XXXIV. OTDK-n lett tagozati I. helyezett \u00e9s 2021-ben a XXXV. OTDK-n is r\u00e9szt vett \u00e9s bemutatta p\u00e1lyamunk\u00e1j\u00e1t. Ebben az esetben a k\u00e9t felt\u00e9telnek egy\u00fctt kell teljes\u00fclni, \u00e9s a hallgat\u00f3 a XXXV. OTDK-n el\u00e9rt eredm\u00e9ny\u00e9t\u0151l f\u00fcggetlen\u00fcl p\u00e1ly\u00e1zhat.<\/div>\n<div style=\"text-align: justify\">\u00a0<\/div>\n<div style=\"text-align: justify\"><strong>A p\u00e1ly\u00e1zat beny\u00fajt\u00e1s\u00e1hoz Dr. Szij\u00e1rt\u00f3 Attila TDT eln\u00f6k aj\u00e1nl\u00e1sa sz\u00fcks\u00e9ges<\/strong>.<\/div>\n<div style=\"text-align: justify\">FONTOS!!!!! A\u00a0<strong>hallgat\u00f3k \u00e1ltal el\u0151re elk\u00e9sz\u00edtett<\/strong>\u00a0aj\u00e1nl\u00f3 leveleket elektronikus \u00faton, word form\u00e1tumban v\u00e1rj\u00e1k az\u00a0<a href=\"mailto:office.se.tdk@gmail.com\" target=\"_blank\" rel=\"noopener noreferrer\">office.se.tdk@gmail.com<\/a>\u00a0email c\u00edmre legk\u00e9s\u0151bb 2021. m\u00e1jus 23. \u00e9jf\u00e9lig. Az al\u00e1\u00edrt dokumentumot digit\u00e1lisan juttatj\u00e1k vissza.<\/div>\n<div style=\"text-align: justify\">\u00a0<\/div>\n<div style=\"text-align: justify\">A p\u00e1ly\u00e1zatot kiz\u00e1r\u00f3lag elektronikusan kell beny\u00fajtani.<\/div>\n<div style=\"text-align: justify\"><strong>A Pro Scientia Arany\u00e9rem Szab\u00e1lyzata<\/strong><\/div>\n<div style=\"text-align: justify\"><a href=\"https:\/\/otdk.hu\/upload\/files\/1576066240_PSA_Szabalyzat_2019_09_06.pdf\" target=\"_blank\" rel=\"noopener noreferrer\">https:\/\/otdk.hu\/upload\/files\/1576066240_PSA_Szabalyzat_2019_09_06.pdf<\/a><\/div>\n<div style=\"text-align: justify\"><strong>A Pro Scientia Arany\u00e9rem p\u00e1ly\u00e1zat kit\u00f6lt\u00e9si \u00fatmutat\u00f3ja<\/strong><\/div>\n<div style=\"text-align: justify\"><u><a href=\"https:\/\/otdk.hu\/storage\/pages\/aktualis\/PSA_kitoltesi_utmutato_2021.pdf\" target=\"_blank\" rel=\"noopener noreferrer\">https:\/\/otdk.hu\/storage\/pages\/aktualis\/PSA_kitoltesi_utmutato_2021.pdf<\/a><br \/>\n<\/u><\/div>\n<div style=\"text-align: justify\">\u00a0<\/div>\n","protected":false},"excerpt":{"rendered":"<p>\u00a0 A hallgat\u00f3k sz\u00e1m\u00e1ra 2021. \u00e1prilis 26-t\u00f3l el\u00e9rhet\u0151 a Pro Scientia Arany\u00e9rem p\u00e1ly\u00e1zat beny\u00fajt\u00e1s\u00e1t szolg\u00e1l\u00f3 fel\u00fclet az OTDT online rendszerben. \u00a0 Pro Scientia p\u00e1ly\u00e1zat beny\u00fajt\u00e1si hat\u00e1rideje: 2021. m\u00e1jus 26. \u00a0 A p\u00e1ly\u00e1zattal kapcsolatos t\u00e1j\u00e9koztat\u00e1s itt tal\u00e1lhat\u00f3: <a href=\"https:\/\/otdk.hu\/otdt\/kituntetesek\/pro-scientia-pro-arte-es-junior-pro-scientia-aranyerem-kituntetesek\" target=\"_blank\" rel=\"noopener noreferrer\">https:\/\/otdk.hu\/otdt\/kituntetesek\/pro-scientia-pro-arte-es-junior-pro-scientia-aranyerem-kituntetesek<\/a> \u00a0 A Pro Scientia Arany\u00e9remre az a hallgat\u00f3 p\u00e1ly\u00e1zhat, aki &#8211; 2021-ben a XXXV. OTDK-n tagozati I. helyezett lett, &hellip;<\/p>\n","protected":false},"author":101896,"featured_media":0,"parent":2137,"menu_order":2,"comment_status":"closed","ping_status":"closed","template":"","meta":{"_acf_changed":false,"footnotes":""},"categories":[],"tags":[],"class_list":["post-2056","page","type-page","status-publish","hentry"],"acf":[],"_links":{"self":[{"href":"https:\/\/semmelweis.hu\/ortopedklinika\/wp-json\/wp\/v2\/pages\/2056","targetHints":{"allow":["GET"]}}],"collection":[{"href":"https:\/\/semmelweis.hu\/ortopedklinika\/wp-json\/wp\/v2\/pages"}],"about":[{"href":"https:\/\/semmelweis.hu\/ortopedklinika\/wp-json\/wp\/v2\/types\/page"}],"author":[{"embeddable":true,"href":"https:\/\/semmelweis.hu\/ortopedklinika\/wp-json\/wp\/v2\/users\/101896"}],"replies":[{"embeddable":true,"href":"https:\/\/semmelweis.hu\/ortopedklinika\/wp-json\/wp\/v2\/comments?post=2056"}],"version-history":[{"count":7,"href":"https:\/\/semmelweis.hu\/ortopedklinika\/wp-json\/wp\/v2\/pages\/2056\/revisions"}],"predecessor-version":[{"id":2376,"href":"https:\/\/semmelweis.hu\/ortopedklinika\/wp-json\/wp\/v2\/pages\/2056\/revisions\/2376"}],"up":[{"embeddable":true,"href":"https:\/\/semmelweis.hu\/ortopedklinika\/wp-json\/wp\/v2\/pages\/2137"}],"wp:attachment":[{"href":"https:\/\/semmelweis.hu\/ortopedklinika\/wp-json\/wp\/v2\/media?parent=2056"}],"wp:term":[{"taxonomy":"category","embeddable":true,"href":"https:\/\/semmelweis.hu\/ortopedklinika\/wp-json\/wp\/v2\/categories?post=2056"},{"taxonomy":"post_tag","embeddable":true,"href":"https:\/\/semmelweis.hu\/ortopedklinika\/wp-json\/wp\/v2\/tags?post=2056"}],"curies":[{"name":"wp","href":"https:\/\/api.w.org\/{rel}","templated":true}]}}