{"id":2017,"date":"2021-04-17T16:30:13","date_gmt":"2021-04-17T14:30:13","guid":{"rendered":"https:\/\/semmelweis.hu\/ortopedklinika\/?page_id=2017"},"modified":"2022-03-30T23:11:35","modified_gmt":"2022-03-30T21:11:35","slug":"otdk-dijazottak-listaja","status":"publish","type":"page","link":"https:\/\/semmelweis.hu\/ortopedklinika\/tdk-transzlacios-medicina-program-2\/tdk-konferencia\/otdk-dijazottak-listaja\/","title":{"rendered":"OTDK d\u00edjazottak list\u00e1ja"},"content":{"rendered":"<p>&nbsp;<\/p>\n<p style=\"text-align: justify\"><span style=\"font-size: 14pt\"><strong>2019<\/strong><\/span> \u00a0\u00a0\u00a0\u00a0\u00a0\u00a0\u00a0\u00a0\u00a0\u00a0\u00a0<\/p>\n<p style=\"text-align: justify\">K\u00fcl\u00f6nd\u00edj<\/p>\n<p style=\"text-align: justify\"><strong>G\u00e1l Domokos SE \u00c1OK V.<\/strong><\/p>\n<p style=\"text-align: justify\"><em>\u00daj m\u00f3dszer kidolgoz\u00e1sa az ortop\u00e9diai nagy\u00edz\u00fcleti implant\u00e1tumok k\u00f6r\u00fcl kialakult fert\u0151z\u00e9sek diagnosztik\u00e1j\u00e1ban<\/em><\/p>\n<p style=\"text-align: justify\">T\u00e9mavezet\u0151: dr. Sallai Imre, dr. Skaliczki G\u00e1bor<\/p>\n<hr \/>\n<p style=\"text-align: justify\"><span style=\"font-size: 14pt\"><strong>2017<\/strong><\/span> \u00a0\u00a0\u00a0\u00a0\u00a0\u00a0\u00a0\u00a0\u00a0\u00a0\u00a0<\/p>\n<p style=\"text-align: justify\">K\u00fcl\u00f6nd\u00edj<\/p>\n<p style=\"text-align: justify\"><strong>Ruscs\u00e1k Krisztina SE \u00c1OK VI.<\/strong><\/p>\n<p style=\"text-align: justify\"><em>Izomaktivit\u00e1s, \u00edz\u00fcleti nyomat\u00e9k \u00e9s talpnyom\u00e1s eloszl\u00e1s k\u00fcl\u00f6nb\u00f6z\u0151 fut\u00f3technik\u00e1kban<\/em><\/p>\n<p style=\"text-align: justify\">T\u00e9mavezet\u0151: dr. Terebessy Tam\u00e1s<\/p>\n<hr \/>\n<p style=\"text-align: justify\"><span style=\"font-size: 14pt\"><strong>2015<\/strong><\/span> \u00a0\u00a0\u00a0\u00a0\u00a0\u00a0\u00a0\u00a0\u00a0\u00a0\u00a0<\/p>\n<p style=\"text-align: justify\">II. d\u00edj.<\/p>\n<p style=\"text-align: justify\"><strong>Szij\u00e1rt\u00f3 Annam\u00e1ria SE \u00c1OK VI.<\/strong><\/p>\n<p style=\"text-align: justify\"><em>Als\u00f3 v\u00e9gtagi m\u0171t\u00e9ten \u00e9s gipszr\u00f6gz\u00edt\u00e9sen \u00e1tesett spasztikus gyermekek csonts\u0171r\u0171s\u00e9ge<\/em><\/p>\n<p style=\"text-align: justify\">T\u00e9mavezet\u0151: dr. Terebessy Tam\u00e1s<\/p>\n<hr \/>\n<p style=\"text-align: justify\"><span style=\"font-size: 14pt\"><strong>2013<\/strong><\/span>\u00a0\u00a0\u00a0\u00a0\u00a0\u00a0\u00a0\u00a0\u00a0\u00a0\u00a0\u00a0<\/p>\n<p style=\"text-align: justify\">III. d\u00edj.<\/p>\n<p style=\"text-align: justify\"><strong>Gresits Orsolya SE \u00c1OK V., Sallai Eszter SE \u00c1OK V.<\/strong><\/p>\n<p style=\"text-align: justify\"><em>Dongal\u00e1b regiszter<\/em><\/p>\n<p style=\"text-align: justify\">T\u00e9mavezet\u0151: dr. Terebessy Tam\u00e1s, dr. Domos Gyula<\/p>\n","protected":false},"excerpt":{"rendered":"<p>&nbsp; 2019 \u00a0\u00a0\u00a0\u00a0\u00a0\u00a0\u00a0\u00a0\u00a0\u00a0\u00a0 K\u00fcl\u00f6nd\u00edj G\u00e1l Domokos SE \u00c1OK V. \u00daj m\u00f3dszer kidolgoz\u00e1sa az ortop\u00e9diai nagy\u00edz\u00fcleti implant\u00e1tumok k\u00f6r\u00fcl kialakult fert\u0151z\u00e9sek diagnosztik\u00e1j\u00e1ban T\u00e9mavezet\u0151: dr. Sallai Imre, dr. Skaliczki G\u00e1bor 2017 \u00a0\u00a0\u00a0\u00a0\u00a0\u00a0\u00a0\u00a0\u00a0\u00a0\u00a0 K\u00fcl\u00f6nd\u00edj Ruscs\u00e1k Krisztina SE \u00c1OK VI. Izomaktivit\u00e1s, \u00edz\u00fcleti nyomat\u00e9k \u00e9s talpnyom\u00e1s eloszl\u00e1s k\u00fcl\u00f6nb\u00f6z\u0151 fut\u00f3technik\u00e1kban T\u00e9mavezet\u0151: dr. Terebessy Tam\u00e1s 2015 \u00a0\u00a0\u00a0\u00a0\u00a0\u00a0\u00a0\u00a0\u00a0\u00a0\u00a0 II. d\u00edj. Szij\u00e1rt\u00f3 Annam\u00e1ria SE \u00c1OK &hellip;<\/p>\n","protected":false},"author":101896,"featured_media":0,"parent":1987,"menu_order":4,"comment_status":"closed","ping_status":"closed","template":"","meta":{"_acf_changed":false,"footnotes":""},"categories":[],"tags":[],"class_list":["post-2017","page","type-page","status-publish","hentry"],"acf":[],"_links":{"self":[{"href":"https:\/\/semmelweis.hu\/ortopedklinika\/wp-json\/wp\/v2\/pages\/2017","targetHints":{"allow":["GET"]}}],"collection":[{"href":"https:\/\/semmelweis.hu\/ortopedklinika\/wp-json\/wp\/v2\/pages"}],"about":[{"href":"https:\/\/semmelweis.hu\/ortopedklinika\/wp-json\/wp\/v2\/types\/page"}],"author":[{"embeddable":true,"href":"https:\/\/semmelweis.hu\/ortopedklinika\/wp-json\/wp\/v2\/users\/101896"}],"replies":[{"embeddable":true,"href":"https:\/\/semmelweis.hu\/ortopedklinika\/wp-json\/wp\/v2\/comments?post=2017"}],"version-history":[{"count":6,"href":"https:\/\/semmelweis.hu\/ortopedklinika\/wp-json\/wp\/v2\/pages\/2017\/revisions"}],"predecessor-version":[{"id":2494,"href":"https:\/\/semmelweis.hu\/ortopedklinika\/wp-json\/wp\/v2\/pages\/2017\/revisions\/2494"}],"up":[{"embeddable":true,"href":"https:\/\/semmelweis.hu\/ortopedklinika\/wp-json\/wp\/v2\/pages\/1987"}],"wp:attachment":[{"href":"https:\/\/semmelweis.hu\/ortopedklinika\/wp-json\/wp\/v2\/media?parent=2017"}],"wp:term":[{"taxonomy":"category","embeddable":true,"href":"https:\/\/semmelweis.hu\/ortopedklinika\/wp-json\/wp\/v2\/categories?post=2017"},{"taxonomy":"post_tag","embeddable":true,"href":"https:\/\/semmelweis.hu\/ortopedklinika\/wp-json\/wp\/v2\/tags?post=2017"}],"curies":[{"name":"wp","href":"https:\/\/api.w.org\/{rel}","templated":true}]}}