{"id":2014,"date":"2021-04-17T16:30:12","date_gmt":"2021-04-17T14:30:12","guid":{"rendered":"https:\/\/semmelweis.hu\/ortopedklinika\/?page_id=2014"},"modified":"2023-02-21T21:11:10","modified_gmt":"2023-02-21T20:11:10","slug":"tdk-dijazottak-listaja","status":"publish","type":"page","link":"https:\/\/semmelweis.hu\/ortopedklinika\/tdk-transzlacios-medicina-program-2\/tdk-konferencia\/tdk-dijazottak-listaja\/","title":{"rendered":"TDK d\u00edjazottak list\u00e1ja"},"content":{"rendered":"<p style=\"text-align: justify\"><span style=\"font-size: 18pt\"><strong>2023<\/strong><\/span>\u00a0 \u00a0 \u00a0 \u00a0 \u00a0 \u00a0\u00a0<\/p>\n<p style=\"text-align: justify\">I. d\u00edj<\/p>\n<p style=\"text-align: justify\"><strong>B\u00e1r\u00e1ny Tam\u00e1s \u00c1OK V., Magyar Krist\u00f3f \u00c1OK V.<\/strong><\/p>\n<p style=\"text-align: justify\"><i>A cs\u00edp\u0151forg\u00e1spont helyzet\u00e9nek hat\u00e1sa az \u00e9letmin\u0151s\u00e9gre \u00e9s funkcionalit\u00e1sra a DDH miatt\u00a0prot\u00e9zisbe\u00fcltet\u00e9sen \u00e1tesett betegn\u00e9l<\/i><\/p>\n<p style=\"text-align: justify\">T\u00e9mavezet\u0151: dr. Skaliczki G\u00e1bor, dr. Vir\u00e1g-Tulassay Eszter<\/p>\n<p style=\"text-align: justify\">II. d\u00edj<\/p>\n<p style=\"text-align: justify\"><strong>Sz\u00e9p Bettina \u00c1OK IV.<\/strong><\/p>\n<p style=\"text-align: justify\"><i>Struktur\u00e1lt adatgy\u0171jt\u00e9ssel szerzett tapasztalataink idiopathi\u00e1s scoliosis miatt\u00a0<\/i><em>gondozott betegekn\u00e9l<\/em><\/p>\n<p style=\"text-align: justify\">T\u00e9mavezet\u0151: dr. Horv\u00e1th Nikoletta, dr. K\u0151v\u00e1ri Eszter<\/p>\n<p style=\"text-align: justify\">III. d\u00edj<\/p>\n<p style=\"text-align: justify\"><strong>Csan\u00e1di Petra \u00c1OK V.<\/strong><\/p>\n<p style=\"text-align: justify\"><em>Ultrahang vizsg\u00e1lata velesz\u00fcletett dongal\u00e1b deformit\u00e1sn\u00e1l<\/em><\/p>\n<p style=\"text-align: justify\">T\u00e9mavezet\u0151: dr. Szab\u00f3 Mikl\u00f3s K\u00e1roly<\/p>\n<hr \/>\n<p style=\"text-align: justify\"><span style=\"font-size: 18pt\"><strong>2<\/strong><\/span><span style=\"font-size: 18pt\"><strong>021<\/strong><\/span>\u00a0\u00a0\u00a0\u00a0\u00a0\u00a0\u00a0\u00a0\u00a0\u00a0\u00a0\u00a0<\/p>\n<p style=\"text-align: justify\">I. d\u00edj<\/p>\n<p style=\"text-align: justify\"><strong>Boros Rox\u00e1na Krisztina \u00c1OK VI.<\/strong><\/p>\n<p style=\"text-align: justify\"><em>A m\u00fbt\u00e9ti felt\u00e1r\u00e1s \u00e9s v\u00e9rtelens\u00e9g hat\u00e1sa a t\u00e9rd\u00edz\u00fcleti artroplasztika korai rehabilit\u00e1ci\u00f3ra<\/em><\/p>\n<p style=\"text-align: justify\">T\u00e9mavezet\u0151: dr. Bejek Zolt\u00e1n, dr. Stubnya Bence<\/p>\n<hr \/>\n<p style=\"text-align: justify\"><span style=\"font-size: 18pt\"><strong>2020<\/strong><\/span>\u00a0\u00a0\u00a0\u00a0\u00a0\u00a0\u00a0\u00a0\u00a0\u00a0\u00a0\u00a0<\/p>\n<p style=\"text-align: justify\">I. d\u00edj<\/p>\n<p style=\"text-align: justify\"><strong>Stubnya Bence SE \u00c1OK VI.<\/strong><\/p>\n<p style=\"text-align: justify\"><em>Felt\u00e1r\u00e1s m\u00f3dj\u00e1nak hat\u00e1sa a k\u00f6zvetlen posztoperat\u00edv id\u00f5szakra teljes felsz\u00ednp\u00f3tl\u00f3 t\u00e9rdprot\u00e9zis be\u00fcltet\u00e9se eset\u00e9n<\/em><\/p>\n<p style=\"text-align: justify\">T\u00e9mavezet\u0151: dr. Bejek Zolt\u00e1n<\/p>\n<hr \/>\n<p style=\"text-align: justify\"><span style=\"font-size: 18pt\"><strong>2019<\/strong><\/span>\u00a0\u00a0\u00a0\u00a0\u00a0\u00a0\u00a0\u00a0\u00a0\u00a0\u00a0\u00a0<\/p>\n<p style=\"text-align: justify\">I. d\u00edj<\/p>\n<p style=\"text-align: justify\"><strong>Herg\u00e1r Luca\u00a0 SE \u00c1OK IV.<\/strong><\/p>\n<p style=\"text-align: justify\"><em>A carp\u00e1lis alag\u00fatszindr\u00f3ma m\u0171t\u00e9ti kezel\u00e9s\u00e9nek eredm\u00e9nyei az \u00e9letkor, a nem \u00e9s a panaszok id\u0151tartam\u00e1nak f\u00fcggv\u00e9ny\u00e9ben<\/em><\/p>\n<p style=\"text-align: justify\">T\u00e9mavezet\u0151: dr. Hetth\u00e9ssy Judit R\u00e9ka<\/p>\n<p style=\"text-align: justify\">I. d\u00edj<\/p>\n<p style=\"text-align: justify\"><strong>Kiss Henrietta\u00a0 SE \u00c1OK V.<\/strong><\/p>\n<p style=\"text-align: justify\"><em>T\u00f6bbszint\u00fb Botox kezel\u00e9s hat\u00e1s\u00e1nak vizsg\u00e1lata ICP-s betegekn\u00e9l<\/em><\/p>\n<p style=\"text-align: justify\">T\u00e9mavezet\u0151: dr. Terebessy Tam\u00e1s<\/p>\n<hr \/>\n<p style=\"text-align: justify\"><span style=\"font-size: 18pt\"><strong>2018<\/strong><\/span>\u00a0\u00a0\u00a0\u00a0\u00a0\u00a0\u00a0\u00a0\u00a0\u00a0\u00a0\u00a0<\/p>\n<p style=\"text-align: justify\">I. d\u00edj<\/p>\n<p style=\"text-align: justify\"><strong>G\u00e1l Domokos SE \u00c1OK V.<\/strong><\/p>\n<p style=\"text-align: justify\"><em>\u00daj m\u00f3dszer kidolgoz\u00e1sa az ortop\u00e9diai nagy\u00edz\u00fcleti implant\u00e1tumok k\u00f6r\u00fcl kialakult fert\u00f5z\u00e9sek diagnosztik\u00e1j\u00e1ban \u00a0 \u00a0 \u00a0 \u00a0 \u00a0 \u00a0 \u00a0 \u00a0 \u00a0 \u00a0 \u00a0 \u00a0 \u00a0 \u00a0 \u00a0 \u00a0 \u00a0 \u00a0 \u00a0 \u00a0 \u00a0 \u00a0 \u00a0 \u00a0 \u00a0 \u00a0 \u00a0 \u00a0 \u00a0 \u00a0 \u00a0 \u00a0 \u00a0 \u00a0 \u00a0 \u00a0 \u00a0 \u00a0 \u00a0 \u00a0 \u00a0 \u00a0 \u00a0 \u00a0 \u00a0 <\/em><\/p>\n<p style=\"text-align: justify\">T\u00e9mavezet\u0151: dr. Sallai Imre, dr. Skaliczki G\u00e1bor<\/p>\n<p style=\"text-align: justify\">I. d\u00edj<\/p>\n<p style=\"text-align: justify\"><strong>L\u2019Aun\u00e9 Gerda Katalin SE \u00c1OK V.<\/strong><\/p>\n<p style=\"text-align: justify\"><em>Spasztikus paretikus j\u00e1r\u00e1sk\u00e9p javul\u00e1sa rugalmas ort\u00e9zis hat\u00e1s\u00e1ra<\/em><\/p>\n<p style=\"text-align: justify\">T\u00e9mavezet\u0151: dr. Terebessy Tam\u00e1s<\/p>\n<p style=\"text-align: justify\">II. d\u00edj<\/p>\n<p style=\"text-align: justify\"><strong>Boczk\u00f3 Zita Laura SE \u00c1OK V.<\/strong><\/p>\n<p style=\"text-align: justify\"><em>Konzervat\u00edvan vagy m\u00fbt\u00e9ti \u00faton? A velesz\u00fcletett cs\u00edp\u00f5ficam kezel\u00e9se 3 h\u00f3napos kor felett<\/em><\/p>\n<p style=\"text-align: justify\">T\u00e9mavezet\u0151: dr. Domos Gyula, dr. Kiss S\u00e1ndor<\/p>\n<hr \/>\n<p style=\"text-align: justify\"><span style=\"font-size: 18pt\"><strong>2017<\/strong><\/span>\u00a0\u00a0\u00a0\u00a0\u00a0\u00a0\u00a0\u00a0\u00a0\u00a0\u00a0\u00a0<\/p>\n<p style=\"text-align: justify\">I. d\u00edj<\/p>\n<p style=\"text-align: justify\"><strong>Ruscs\u00e1k Krisztina\u00a0 SE \u00c1OK VI.<\/strong><strong><br \/>\n<\/strong><\/p>\n<p style=\"text-align: justify\"><em>Izomaktivit\u00e1s, \u00edz\u00fcleti nyomat\u00e9k \u00e9s talpnyom\u00e1s eloszl\u00e1s k\u00fcl\u00f6nb\u00f6z\u0151 fut\u00f3technik\u00e1kban<\/em><\/p>\n<p style=\"text-align: justify\">T\u00e9mavezet\u0151: dr. Terebessy Tam\u00e1s<\/p>\n<p style=\"text-align: justify\">III. d\u00edj<\/p>\n<p style=\"text-align: justify\"><strong>Gerg\u00f3 G\u00e1bor\u00a0 SE \u00c1OK V.<\/strong><\/p>\n<p style=\"text-align: justify\"><em>A scoliosis Cheneau f\u0171z\u0151vel t\u00f6rt\u00e9nt kezel\u00e9s\u00e9nek eredm\u00e9nyei a Semmelweis Egyetem Ortop\u00e9diai Klinik\u00e1n<\/em><\/p>\n<p style=\"text-align: justify\">T\u00e9mavezet\u0151: dr. Horv\u00e1th Nikoletta<\/p>\n<hr \/>\n<p style=\"text-align: justify\"><span style=\"font-size: 18pt\"><strong>2016<\/strong><\/span>\u00a0\u00a0\u00a0\u00a0\u00a0\u00a0\u00a0\u00a0\u00a0\u00a0\u00a0\u00a0<\/p>\n<p style=\"text-align: justify\">II. d\u00edj<\/p>\n<p style=\"text-align: justify\"><strong>Csercsik Rita SE \u00c1OK VI.<\/strong><\/p>\n<p style=\"text-align: justify\"><em>Morton neuroma \u2013 Hogyan j\u00e1rjunk el?<\/em><\/p>\n<p style=\"text-align: justify\">T\u00e9mavezet\u0151: dr. Hetth\u00e9ssy Judit R\u00e9ka, dr. M\u00e1dy Ferenc<\/p>\n<p style=\"text-align: justify\">II. d\u00edj<\/p>\n<p style=\"text-align: justify\"><strong>Kov\u00e1cs Kriszti\u00e1n SE \u00c1OK VI.<\/strong><\/p>\n<p style=\"text-align: justify\"><em>Seb\u00e9szi sz\u00e9l jelent\u0151s\u00e9ge malignus l\u00e1gyr\u00e9sztumorok ell\u00e1t\u00e1sakor<\/em><\/p>\n<p style=\"text-align: justify\">T\u00e9mavezet\u0151: dr. Perlaky Tam\u00e1s<\/p>\n<hr \/>\n<p style=\"text-align: justify\"><span style=\"font-size: 18pt\"><strong>2015<\/strong><\/span>\u00a0\u00a0\u00a0\u00a0\u00a0\u00a0\u00a0\u00a0\u00a0\u00a0\u00a0\u00a0<\/p>\n<p style=\"text-align: justify\">I. d\u00edj<\/p>\n<p style=\"text-align: justify\"><strong>Szij\u00e1rt\u00f3 Annam\u00e1ria SE \u00c1OK VI.<\/strong><\/p>\n<p style=\"text-align: justify\"><em>Als\u00f3 v\u00e9gtagi m\u0171t\u00e9ten \u00e9s gipszr\u00f6gz\u00edt\u00e9sen \u00e1tesett spasztikus gyermekek csonts\u0171r\u0171s\u00e9ge<\/em><\/p>\n<p style=\"text-align: justify\">T\u00e9mavezet\u0151: dr. Terebessy Tam\u00e1s<\/p>\n<p style=\"text-align: justify\">II. d\u00edj<\/p>\n<p style=\"text-align: justify\"><strong>P\u00e1l Annam\u00e1ria Andrea <\/strong><strong>SE \u00c1OK V.<\/strong><\/p>\n<p style=\"text-align: justify\"><em>Preoperativ g\u00f3ckutat\u00e1s szerepe a \u00a0cs\u00edp\u0151iz\u00fcleti periprotetikus fert\u0151z\u00e9sek kialakul\u00e1s\u00e1ban<\/em><\/p>\n<p style=\"text-align: justify\">T\u00e9mavezet\u0151: dr. Skaliczki G\u00e1bor\u00a0\u00a0\u00a0\u00a0\u00a0\u00a0\u00a0\u00a0\u00a0\u00a0\u00a0\u00a0\u00a0\u00a0\u00a0\u00a0\u00a0\u00a0\u00a0\u00a0\u00a0\u00a0\u00a0\u00a0\u00a0\u00a0<\/p>\n<hr \/>\n<p style=\"text-align: justify\"><span style=\"font-size: 18pt\"><strong>2014<\/strong><\/span> \u00a0 \u00a0 \u00a0 \u00a0 \u00a0 \u00a0<\/p>\n<p style=\"text-align: justify\">II. d\u00edj<\/p>\n<p style=\"text-align: justify\"><strong>Szij\u00e1rt\u00f3 Annam\u00e1ria SE \u00c1OK V., Sallai Eszter SE \u00c1OK VI.<\/strong><\/p>\n<p style=\"text-align: justify\"><em>Als\u00f3 v\u00e9gtagi m\u0171t\u00e9ten \u00e9s gipszr\u00f6gz\u00edt\u00e9sen \u00e1tesett spasztikus gyermekek csonts\u0171r\u0171s\u00e9ge<\/em><\/p>\n<p style=\"text-align: justify\">T\u00e9mavezet\u0151: dr. Terebessy Tam\u00e1s, Gr\u00f3sz G\u00e1bor<\/p>\n<p style=\"text-align: justify\">III. d\u00edj<\/p>\n<p style=\"text-align: justify\"><strong>Sallai Imre SE \u00c1OK VI.<\/strong><\/p>\n<p style=\"text-align: justify\"><em>R\u00e9szleges rotatork\u00f6peny szakad\u00e1sok arthroscopos ell\u00e1t\u00e1s\u00e1nak eredm\u00e9nyei<\/em><\/p>\n<p style=\"text-align: justify\">T\u00e9mavezet\u0151: dr. Skaliczki G\u00e1bor, dr. Antal Imre<\/p>\n<hr \/>\n<p style=\"text-align: justify\"><span style=\"font-size: 18pt\"><strong>2013<\/strong><\/span>\u00a0\u00a0\u00a0\u00a0\u00a0\u00a0\u00a0\u00a0\u00a0\u00a0\u00a0\u00a0<\/p>\n<p style=\"text-align: justify\">I. d\u00edj<\/p>\n<p style=\"text-align: justify\"><strong>Gresits Orsolya SE \u00c1OK V., Sallai Eszter SE \u00c1OK V.<\/strong><\/p>\n<p style=\"text-align: justify\"><em>Dongal\u00e1b regiszter<\/em><\/p>\n<p style=\"text-align: justify\">T\u00e9mavezet\u0151: dr. Terebessy Tam\u00e1s, dr. Domos Gyula<\/p>\n<p style=\"text-align: justify\">II. d\u00edj<\/p>\n<p style=\"text-align: justify\"><strong>Sallai Imre SE \u00c1OK V.<\/strong><\/p>\n<p style=\"text-align: justify\"><em>Arthroscopos rot\u00e1tork\u00f6peny rekonstrukci\u00f3 ut\u00e1nvizsg\u00e1lata<\/em><\/p>\n<p style=\"text-align: justify\">T\u00e9mavezet\u0151: dr. Skaliczki G\u00e1bor, dr. Antal Imre<\/p>\n<p style=\"text-align: justify\">II. d\u00edj<\/p>\n<p style=\"text-align: justify\"><strong>Kiss L\u00e1szl\u00f3 SE \u00c1OK IV.<\/strong><\/p>\n<p style=\"text-align: justify\"><em>Pes calcaneovalgus vizsg\u00e1lata 3 dimenzi\u00f3s j\u00e1r\u00e1sanal\u00edzis seg\u00edts\u00e9g\u00e9vel<\/em><\/p>\n<p style=\"text-align: justify\">T\u00e9mavezet\u0151: dr. Terebessy Tam\u00e1s, dr. V\u00e9gv\u00e1ri D\u00f3ra<\/p>\n<p style=\"text-align: justify\">III. d\u00edj<\/p>\n<p style=\"text-align: justify\"><strong>Lauter Beatrix SE \u00c1OK VI.<\/strong><\/p>\n<p style=\"text-align: justify\"><em>Scoliosis vizsg\u00e1lata h\u00e1romdimenzi\u00f3s j\u00e1r\u00e1sanal\u00edzissel<\/em><\/p>\n<p style=\"text-align: justify\">T\u00e9mavezet\u0151: dr. Terebessy Tam\u00e1s<\/p>\n<hr \/>\n<p style=\"text-align: justify\"><span style=\"font-size: 18pt\"><strong>2012<\/strong><\/span>\u00a0\u00a0\u00a0\u00a0\u00a0\u00a0\u00a0\u00a0\u00a0\u00a0\u00a0\u00a0<\/p>\n<p style=\"text-align: justify\">II. d\u00edj<\/p>\n<p style=\"text-align: justify\"><strong>K\u0151v\u00e1ri\u00a0Eszter SE \u00c1OK VI., Koteczki \u00c1d\u00e1m SE \u00c1OK VI. <\/strong><\/p>\n<p style=\"text-align: justify\"><em>Rot\u00e1tork\u00f6peny rekonstrukci\u00f3 ut\u00e1ni k\u00f6z\u00e9pt\u00e1v\u00fa eredm\u00e9nyek<\/em><\/p>\n<p style=\"text-align: justify\">T\u00e9mavezet\u0151: dr. Skaliczki G\u00e1bor, dr. Antal Imre<\/p>\n<p style=\"text-align: justify\">III. d\u00edj<\/p>\n<p style=\"text-align: justify\"><strong>Zelei\u00a0Tam\u00e1s SE \u00c1OK VI., Klemencsics Istv\u00e1n SE \u00c1OK VI.<\/strong><\/p>\n<p style=\"text-align: justify\"><em>Subacromialis impingement szindr\u00f3ma miatt oper\u00e1lt betegek ultrahangos ut\u00e1nk\u00f6vet\u00e9ses vizsg\u00e1lata<\/em><\/p>\n<p style=\"text-align: justify\">T\u00e9mavezet\u0151: dr. Skaliczki G\u00e1bor<\/p>\n<hr \/>\n<p style=\"text-align: justify\"><span style=\"font-size: 18pt\"><strong>2011<\/strong><\/span>\u00a0\u00a0\u00a0\u00a0\u00a0\u00a0\u00a0\u00a0\u00a0\u00a0\u00a0\u00a0<\/p>\n<p style=\"text-align: justify\">II. d\u00edj<\/p>\n<p style=\"text-align: justify\"><strong>Csit\u00e1ri\u00a0Gerg\u0151 L\u00e1szl\u00f3 SE \u00c1OK V., Paksicza Lilla M\u00e1ria SE \u00c1OK V.<\/strong><\/p>\n<p style=\"text-align: justify\"><em>Idiop\u00e1ti\u00e1s scoliosis hat\u00e1sa a nagy\u00edz\u00fcletek helyzet\u00e9re<\/em><\/p>\n<p style=\"text-align: justify\">T\u00e9mavezet\u0151: dr. Holnapy Gergely, dr. Terebessy Tam\u00e1s<\/p>\n<hr \/>\n<p style=\"text-align: justify\"><span style=\"font-size: 18pt\"><strong>2009<\/strong><\/span>\u00a0\u00a0\u00a0\u00a0\u00a0\u00a0\u00a0\u00a0\u00a0\u00a0\u00a0\u00a0<\/p>\n<p style=\"text-align: justify\">II. d\u00edj<\/p>\n<p style=\"text-align: justify\"><strong>G\u00e1ti Nikolett SE \u00c1OK V.<\/strong><\/p>\n<p style=\"text-align: justify\"><em>\u00c9letmin\u0151s\u00e9g \u00e9s functionalis eredm\u00e9nyek szeptikus t\u00e9rdprot\u00e9zis lazul\u00e1s miatt v\u00e9gzett rev\u00edzi\u00f3s m\u0171t\u00e9tek ut\u00e1n<\/em><\/p>\n<p style=\"text-align: justify\">T\u00e9mavezet\u0151: dr. Skaliczki G\u00e1bor<\/p>\n<p style=\"text-align: justify\">II. d\u00edj<\/p>\n<p style=\"text-align: justify\"><strong>Magdabe G\u00e1bor SE \u00c1OK V.<\/strong><\/p>\n<p style=\"text-align: justify\"><em>Prognosztikai faktorok \u00e9s seb\u00e9szi ell\u00e1t\u00e1st k\u00f6vet\u0151 k\u00f6z\u00e9pt\u00e1v\u00fa ut\u00e1nk\u00f6vet\u00e9si eredm\u00e9nyek a SE Ortop\u00e9dai Klinika l\u00e1gyr\u00e9sz-sarcom\u00e1s beteganyag\u00e1ban<\/em><\/p>\n<p style=\"text-align: justify\">T\u00e9mavezet\u0151: dr. Kiss J\u00e1nos<\/p>\n<p style=\"text-align: justify\">\u00a0<\/p>\n","protected":false},"excerpt":{"rendered":"<p>2023\u00a0 \u00a0 \u00a0 \u00a0 \u00a0 \u00a0\u00a0 I. d\u00edj B\u00e1r\u00e1ny Tam\u00e1s \u00c1OK V., Magyar Krist\u00f3f \u00c1OK V. A cs\u00edp\u0151forg\u00e1spont helyzet\u00e9nek hat\u00e1sa az \u00e9letmin\u0151s\u00e9gre \u00e9s funkcionalit\u00e1sra a DDH miatt\u00a0prot\u00e9zisbe\u00fcltet\u00e9sen \u00e1tesett betegn\u00e9l T\u00e9mavezet\u0151: dr. Skaliczki G\u00e1bor, dr. Vir\u00e1g-Tulassay Eszter II. d\u00edj Sz\u00e9p Bettina \u00c1OK IV. Struktur\u00e1lt adatgy\u0171jt\u00e9ssel szerzett tapasztalataink idiopathi\u00e1s scoliosis miatt\u00a0gondozott betegekn\u00e9l T\u00e9mavezet\u0151: dr. Horv\u00e1th Nikoletta, dr. &hellip;<\/p>\n","protected":false},"author":101896,"featured_media":0,"parent":1987,"menu_order":2,"comment_status":"closed","ping_status":"closed","template":"","meta":{"_acf_changed":false,"footnotes":""},"categories":[],"tags":[],"class_list":["post-2014","page","type-page","status-publish","hentry"],"acf":[],"_links":{"self":[{"href":"https:\/\/semmelweis.hu\/ortopedklinika\/wp-json\/wp\/v2\/pages\/2014","targetHints":{"allow":["GET"]}}],"collection":[{"href":"https:\/\/semmelweis.hu\/ortopedklinika\/wp-json\/wp\/v2\/pages"}],"about":[{"href":"https:\/\/semmelweis.hu\/ortopedklinika\/wp-json\/wp\/v2\/types\/page"}],"author":[{"embeddable":true,"href":"https:\/\/semmelweis.hu\/ortopedklinika\/wp-json\/wp\/v2\/users\/101896"}],"replies":[{"embeddable":true,"href":"https:\/\/semmelweis.hu\/ortopedklinika\/wp-json\/wp\/v2\/comments?post=2014"}],"version-history":[{"count":7,"href":"https:\/\/semmelweis.hu\/ortopedklinika\/wp-json\/wp\/v2\/pages\/2014\/revisions"}],"predecessor-version":[{"id":3293,"href":"https:\/\/semmelweis.hu\/ortopedklinika\/wp-json\/wp\/v2\/pages\/2014\/revisions\/3293"}],"up":[{"embeddable":true,"href":"https:\/\/semmelweis.hu\/ortopedklinika\/wp-json\/wp\/v2\/pages\/1987"}],"wp:attachment":[{"href":"https:\/\/semmelweis.hu\/ortopedklinika\/wp-json\/wp\/v2\/media?parent=2014"}],"wp:term":[{"taxonomy":"category","embeddable":true,"href":"https:\/\/semmelweis.hu\/ortopedklinika\/wp-json\/wp\/v2\/categories?post=2014"},{"taxonomy":"post_tag","embeddable":true,"href":"https:\/\/semmelweis.hu\/ortopedklinika\/wp-json\/wp\/v2\/tags?post=2014"}],"curies":[{"name":"wp","href":"https:\/\/api.w.org\/{rel}","templated":true}]}}